{"id":135067,"date":"2026-01-27T21:44:32","date_gmt":"2026-01-27T20:44:32","guid":{"rendered":"https:\/\/new.visit-montenegro.com\/atrakcije\/valdanos\/"},"modified":"2026-02-22T17:12:21","modified_gmt":"2026-02-22T16:12:21","slug":"valdanos","status":"publish","type":"page","link":"https:\/\/www.visit-montenegro.com\/me\/destinacije\/ulcinj\/atrakcije\/valdanos\/","title":{"rendered":"Valdanos"},"content":{"rendered":"\n<p>Valdanos je istorijska uvalu blizu Ulcinja u Crnoj Gori, poznata po svojim drevnim maslinicima, gusarskoj istoriji i \u0161ljun\u010danoj pla\u017ei. Nudi plivanje, sun\u010danje i mogu\u0107nosti za istra\u017eivanje, uklju\u010duju\u0107i podvodna istra\u017eivanja i posjetu istorijskom svjetioniku.<\/p>\n\n<hr class=\"wp-block-separator has-alpha-channel-opacity\" \/>\n\n<h2 class=\"wp-block-heading\">Istorija i prirodno okru\u017eenje Valdanosa<\/h2>\n\n<p>Jedan ili vi\u0161e dana va\u0161eg odmora morate posvetiti posjeti uvale <strong>Valdanos<\/strong> i evo razloga. Uvala <strong>Valdanos<\/strong> je samo pet kilometara sjeverozapadno od Ulcinja. Nekada je bila glavna luka ulcinjskih gusara i mjesto mnogih pomorskih bitaka. Dobro informisani ljudi tvrde da ova uvala krije ostatke potopljenih brodova iz gr\u010dkog i rimskog perioda, kao i iz srednjeg vijeka.<\/p>\n\n<p>Smje\u0161tena izme\u0111u dva brda Mavrijan i Mendre, uvala <strong>Valdanos<\/strong> je pravo uto\u010di\u0161te maslina. Zbog \u010dinjenice da u ovoj uvali ima 80.000 maslina, za <a href=\"https:\/\/www.visit-montenegro.com\/me\/destinacije\/ulcinj\/\">Ulcinj<\/a> se \u010desto ka\u017ee da ima maslinarsku klimu. U pore\u0111enju sa drugim uvalama, ova je za\u0161ti\u0107ena od ju\u017enih i sjevernih vjetrova, i \u010desto je slu\u017eila kao skloni\u0161te. Uvalu sa svih strana okru\u017euju maslinici. Dobri poznavaoci ovog podru\u010dja ka\u017eu da neke masline poti\u010du iz vremena anti\u010dke Gr\u010dke, dok se za ve\u0107inu stabala smatra da su stara do 300 godina. Masline su uvijek na ovim prostorima predstavljale robu jednaku zlatu. Maslinovo ulje iz podru\u010dja Ulcinja u amforama i vr\u010devima je trgova\u010dkim kanalima stizalo do Venecije, Rima, Kaira, Skadra, Skoplja, Duklje i Prizrena\u2026<\/p>\n\n<h2 class=\"wp-block-heading\">Geografija i infrastruktura<\/h2>\n\n<p>Od morske obale do samog grada, uvala <strong>Valdanos<\/strong> je duga 5 kilometara. Du\u017e ruba uvale je poplo\u010dan put, koji se s jedne strane povezuje sa autoputem Ulcinj \u2013 <a href=\"https:\/\/www.visit-montenegro.com\/me\/destinacije\/bar\/\">Bar<\/a>, a s druge je povezan sa gradskim ulicama. U jugoisto\u010dnom uglu uvale je manji pristani\u0161ni mol za \u010damce, jahte i \u010damce na vesla. Postoje tragovi urbanizacije, ali do sada nije bilo arheolo\u0161kih istra\u017eivanja. Pored same obale su ostaci manje crkve, za koju ljudi vjeruju da su je izgradili Grci.<\/p>\n\n<p>Rti, koji \u0161tite uvalu <strong>Valdanos<\/strong>, naglo se spu\u0161taju i tonu duboko u more. Tu se nalazi vrlo lijepo ure\u0111ena pla\u017ea, napravljena od ve\u0107eg \u0161ljunka. U pozadini je pla\u017ea obrasla makijom i borovom \u0161umom. Duga je 600 metara i prosje\u010dno \u0161iroka 20 metara. Pored pla\u017ee se nalaze restoran, sportski tereni i pla\u017eni bar.<\/p>\n\n<h2 class=\"wp-block-heading\">Aktivnosti i mogu\u0107nosti istra\u017eivanja<\/h2>\n\n<p>Oni turisti koji zbog mira i poziva prirode odlu\u010de provesti dio svog odmora u uvali <strong>Valdanos<\/strong>, sigurno ne\u0107e pogrije\u0161iti, jer pored plivanja, sun\u010danja, odmora u hladu 100-godi\u0161njih maslina, lako mogu do\u0107i do prilike za kampovanje, obilazak okolnih rtova, istra\u017eivanje cijele uvale kao pravi: arheolozi, planinski speleolozi, botani\u010dari\u2026<\/p>\n\n<p>Pored u\u017eivanja u idealnoj hladovini maslinika, plivanja u \u010distoj, azurno plavoj vodi, u uvali <strong>Valdanos<\/strong> mo\u017eete, ba\u0161 kao pravi &#8220;anti\u010dki lovac&#8221;, istra\u017eivati podvodno, tra\u017ee\u0107i olupine brodova ili dive\u0107i se raznolikom morskom svijetu. Tako\u0111e, ako \u017eelite, mo\u017eete oti\u0107i do rta Mendre, na kojem se nalazi najstariji svjetionik u Crnoj Gori.<\/p>\n\n<h3 class=\"wp-block-heading\">Iskustvo svjetionika<\/h3>\n\n<p>U maloj ku\u0107i napravljenoj prije 20 godina za starog \u010duvara svjetionika i njegovu \u017eenu, mo\u017eete uz pa\u017eljivost doma\u0107ina saznati neke detalje o \u017eivotu \u010duvara svjetionika, o moru, emocijama, koje pogled na &#8220;otvoreno plavo more&#8221; budi\u2026<\/p>\n","protected":false},"excerpt":{"rendered":"<p>Otkrijte Valdanos, istorijsku uvalu blizu Ulcinja sa drevnim maslinicima i \u0161ljun\u010danom pla\u017eom. Savr\u0161ena za plivanje, istra\u017eivanje gusarske istorije i posjetu najstarijem svjetioniku u Crnoj Gori. Idealno za ljubitelje prirode i traga\u010de avantura.<\/p>\n","protected":false},"author":1,"featured_media":135068,"parent":135042,"menu_order":0,"comment_status":"closed","ping_status":"closed","template":"","meta":{"_yoast_wpseo_focuskw":"Valdanos","_yoast_wpseo_metadesc":"Istra\u017eite Valdanos, istorijsku uvalu u Crnoj Gori sa drevnim maslinama, gusarskom istorijom i \u0161ljun\u010danom pla\u017eom. Savr\u0161ena za plivanje, sun\u010danje i avanturu.","_kad_post_transparent":"","_kad_post_title":"","_kad_post_layout":"","_kad_post_sidebar_id":"","_kad_post_content_style":"","_kad_post_vertical_padding":"","_kad_post_feature":"","_kad_post_feature_position":"","_kad_post_header":false,"_kad_post_footer":false,"_kad_post_classname":"","iawp_total_views":16,"footnotes":""},"tags":[],"class_list":["post-135067","page","type-page","status-publish","has-post-thumbnail","hentry"],"yoast_head":"<!-- This site is optimized with the Yoast SEO plugin v27.3 - https:\/\/yoast.com\/product\/yoast-seo-wordpress\/ -->\n<title>Valdanos - Visit Montenegro<\/title>\n<meta name=\"description\" content=\"Istra\u017eite Valdanos, istorijsku uvalu u Crnoj Gori sa drevnim maslinama, gusarskom istorijom i \u0161ljun\u010danom pla\u017eom. Savr\u0161ena za plivanje, sun\u010danje i avanturu.\" \/>\n<meta name=\"robots\" content=\"index, follow, max-snippet:-1, max-image-preview:large, max-video-preview:-1\" \/>\n<link rel=\"canonical\" href=\"https:\/\/www.visit-montenegro.com\/me\/destinacije\/ulcinj\/atrakcije\/valdanos\/\" \/>\n<meta property=\"og:locale\" content=\"en_US\" \/>\n<meta property=\"og:type\" content=\"article\" \/>\n<meta property=\"og:title\" content=\"Valdanos - Visit Montenegro\" \/>\n<meta property=\"og:description\" content=\"Istra\u017eite Valdanos, istorijsku uvalu u Crnoj Gori sa drevnim maslinama, gusarskom istorijom i \u0161ljun\u010danom pla\u017eom. Savr\u0161ena za plivanje, sun\u010danje i avanturu.\" \/>\n<meta property=\"og:url\" content=\"https:\/\/www.visit-montenegro.com\/me\/destinacije\/ulcinj\/atrakcije\/valdanos\/\" \/>\n<meta property=\"og:site_name\" content=\"Visit Montenegro\" \/>\n<meta property=\"article:publisher\" content=\"https:\/\/www.facebook.com\/visitmontenegro\" \/>\n<meta property=\"article:modified_time\" content=\"2026-02-22T16:12:21+00:00\" \/>\n<meta property=\"og:image\" content=\"https:\/\/www.visit-montenegro.com\/wp-content\/uploads\/2026\/01\/ulcinj-valdanos-olive-trees-scaled.jpg\" \/>\n\t<meta property=\"og:image:width\" content=\"1600\" \/>\n\t<meta property=\"og:image:height\" content=\"1068\" \/>\n\t<meta property=\"og:image:type\" content=\"image\/jpeg\" \/>\n<meta name=\"twitter:card\" content=\"summary_large_image\" \/>\n<meta name=\"twitter:site\" content=\"@visitmontenegro\" \/>\n<meta name=\"twitter:label1\" content=\"Est. reading time\" \/>\n\t<meta name=\"twitter:data1\" content=\"3 minutes\" \/>\n<script type=\"application\/ld+json\" class=\"yoast-schema-graph\">{\"@context\":\"https:\\\/\\\/schema.org\",\"@graph\":[{\"@type\":\"WebPage\",\"@id\":\"https:\\\/\\\/www.visit-montenegro.com\\\/me\\\/destinacije\\\/ulcinj\\\/atrakcije\\\/valdanos\\\/\",\"url\":\"https:\\\/\\\/www.visit-montenegro.com\\\/me\\\/destinacije\\\/ulcinj\\\/atrakcije\\\/valdanos\\\/\",\"name\":\"Valdanos - Visit Montenegro\",\"isPartOf\":{\"@id\":\"https:\\\/\\\/www.visit-montenegro.com\\\/me\\\/#website\"},\"primaryImageOfPage\":{\"@id\":\"https:\\\/\\\/www.visit-montenegro.com\\\/me\\\/destinacije\\\/ulcinj\\\/atrakcije\\\/valdanos\\\/#primaryimage\"},\"image\":{\"@id\":\"https:\\\/\\\/www.visit-montenegro.com\\\/me\\\/destinacije\\\/ulcinj\\\/atrakcije\\\/valdanos\\\/#primaryimage\"},\"thumbnailUrl\":\"https:\\\/\\\/www.visit-montenegro.com\\\/wp-content\\\/uploads\\\/2026\\\/01\\\/ulcinj-valdanos-olive-trees-scaled.jpg\",\"datePublished\":\"2026-01-27T20:44:32+00:00\",\"dateModified\":\"2026-02-22T16:12:21+00:00\",\"description\":\"Istra\u017eite Valdanos, istorijsku uvalu u Crnoj Gori sa drevnim maslinama, gusarskom istorijom i \u0161ljun\u010danom pla\u017eom. Savr\u0161ena za plivanje, sun\u010danje i avanturu.\",\"breadcrumb\":{\"@id\":\"https:\\\/\\\/www.visit-montenegro.com\\\/me\\\/destinacije\\\/ulcinj\\\/atrakcije\\\/valdanos\\\/#breadcrumb\"},\"inLanguage\":\"sr-Latn-ME\",\"potentialAction\":[{\"@type\":\"ReadAction\",\"target\":[\"https:\\\/\\\/www.visit-montenegro.com\\\/me\\\/destinacije\\\/ulcinj\\\/atrakcije\\\/valdanos\\\/\"]}]},{\"@type\":\"ImageObject\",\"inLanguage\":\"sr-Latn-ME\",\"@id\":\"https:\\\/\\\/www.visit-montenegro.com\\\/me\\\/destinacije\\\/ulcinj\\\/atrakcije\\\/valdanos\\\/#primaryimage\",\"url\":\"https:\\\/\\\/www.visit-montenegro.com\\\/wp-content\\\/uploads\\\/2026\\\/01\\\/ulcinj-valdanos-olive-trees-scaled.jpg\",\"contentUrl\":\"https:\\\/\\\/www.visit-montenegro.com\\\/wp-content\\\/uploads\\\/2026\\\/01\\\/ulcinj-valdanos-olive-trees-scaled.jpg\",\"width\":1600,\"height\":1068,\"caption\":\"Masline u jesen u Valdanosu, Ulcinj, Crna Gora\"},{\"@type\":\"BreadcrumbList\",\"@id\":\"https:\\\/\\\/www.visit-montenegro.com\\\/me\\\/destinacije\\\/ulcinj\\\/atrakcije\\\/valdanos\\\/#breadcrumb\",\"itemListElement\":[{\"@type\":\"ListItem\",\"position\":1,\"name\":\"Home\",\"item\":\"https:\\\/\\\/www.visit-montenegro.com\\\/me\\\/pocetna\\\/\"},{\"@type\":\"ListItem\",\"position\":2,\"name\":\"Turisti\u010dke destinacije u Crnoj Gori\",\"item\":\"https:\\\/\\\/www.visit-montenegro.com\\\/me\\\/destinacije\\\/\"},{\"@type\":\"ListItem\",\"position\":3,\"name\":\"Ulcinj\",\"item\":\"https:\\\/\\\/www.visit-montenegro.com\\\/me\\\/destinacije\\\/ulcinj\\\/\"},{\"@type\":\"ListItem\",\"position\":4,\"name\":\"Atrakcije Ulcinja\",\"item\":\"https:\\\/\\\/www.visit-montenegro.com\\\/me\\\/destinacije\\\/ulcinj\\\/atrakcije\\\/\"},{\"@type\":\"ListItem\",\"position\":5,\"name\":\"Valdanos\"}]},{\"@type\":\"WebSite\",\"@id\":\"https:\\\/\\\/www.visit-montenegro.com\\\/me\\\/#website\",\"url\":\"https:\\\/\\\/www.visit-montenegro.com\\\/me\\\/\",\"name\":\"Visit Montenegro\",\"description\":\"Breathtaking beauty\",\"publisher\":{\"@id\":\"https:\\\/\\\/www.visit-montenegro.com\\\/me\\\/#organization\"},\"potentialAction\":[{\"@type\":\"SearchAction\",\"target\":{\"@type\":\"EntryPoint\",\"urlTemplate\":\"https:\\\/\\\/www.visit-montenegro.com\\\/me\\\/?s={search_term_string}\"},\"query-input\":{\"@type\":\"PropertyValueSpecification\",\"valueRequired\":true,\"valueName\":\"search_term_string\"}}],\"inLanguage\":\"sr-Latn-ME\"},{\"@type\":\"Organization\",\"@id\":\"https:\\\/\\\/www.visit-montenegro.com\\\/me\\\/#organization\",\"name\":\"Visit Montenegro\",\"url\":\"https:\\\/\\\/www.visit-montenegro.com\\\/me\\\/\",\"logo\":{\"@type\":\"ImageObject\",\"inLanguage\":\"sr-Latn-ME\",\"@id\":\"https:\\\/\\\/www.visit-montenegro.com\\\/me\\\/#\\\/schema\\\/logo\\\/image\\\/\",\"url\":\"https:\\\/\\\/www.visit-montenegro.com\\\/wp-content\\\/uploads\\\/2017\\\/10\\\/logo-amp.png\",\"contentUrl\":\"https:\\\/\\\/www.visit-montenegro.com\\\/wp-content\\\/uploads\\\/2017\\\/10\\\/logo-amp.png\",\"width\":190,\"height\":36,\"caption\":\"Visit Montenegro\"},\"image\":{\"@id\":\"https:\\\/\\\/www.visit-montenegro.com\\\/me\\\/#\\\/schema\\\/logo\\\/image\\\/\"},\"sameAs\":[\"https:\\\/\\\/www.facebook.com\\\/visitmontenegro\",\"https:\\\/\\\/x.com\\\/visitmontenegro\",\"https:\\\/\\\/www.instagram.com\\\/visit_montenegro\\\/\",\"https:\\\/\\\/www.youtube.com\\\/user\\\/VisitMontenegro\"]}]}<\/script>\n<!-- \/ Yoast SEO plugin. -->","yoast_head_json":{"title":"Valdanos - Visit Montenegro","description":"Istra\u017eite Valdanos, istorijsku uvalu u Crnoj Gori sa drevnim maslinama, gusarskom istorijom i \u0161ljun\u010danom pla\u017eom. Savr\u0161ena za plivanje, sun\u010danje i avanturu.","robots":{"index":"index","follow":"follow","max-snippet":"max-snippet:-1","max-image-preview":"max-image-preview:large","max-video-preview":"max-video-preview:-1"},"canonical":"https:\/\/www.visit-montenegro.com\/me\/destinacije\/ulcinj\/atrakcije\/valdanos\/","og_locale":"en_US","og_type":"article","og_title":"Valdanos - Visit Montenegro","og_description":"Istra\u017eite Valdanos, istorijsku uvalu u Crnoj Gori sa drevnim maslinama, gusarskom istorijom i \u0161ljun\u010danom pla\u017eom. Savr\u0161ena za plivanje, sun\u010danje i avanturu.","og_url":"https:\/\/www.visit-montenegro.com\/me\/destinacije\/ulcinj\/atrakcije\/valdanos\/","og_site_name":"Visit Montenegro","article_publisher":"https:\/\/www.facebook.com\/visitmontenegro","article_modified_time":"2026-02-22T16:12:21+00:00","og_image":[{"width":1600,"height":1068,"url":"https:\/\/www.visit-montenegro.com\/wp-content\/uploads\/2026\/01\/ulcinj-valdanos-olive-trees-scaled.jpg","type":"image\/jpeg"}],"twitter_card":"summary_large_image","twitter_site":"@visitmontenegro","twitter_misc":{"Est. reading time":"3 minutes"},"schema":{"@context":"https:\/\/schema.org","@graph":[{"@type":"WebPage","@id":"https:\/\/www.visit-montenegro.com\/me\/destinacije\/ulcinj\/atrakcije\/valdanos\/","url":"https:\/\/www.visit-montenegro.com\/me\/destinacije\/ulcinj\/atrakcije\/valdanos\/","name":"Valdanos - Visit Montenegro","isPartOf":{"@id":"https:\/\/www.visit-montenegro.com\/me\/#website"},"primaryImageOfPage":{"@id":"https:\/\/www.visit-montenegro.com\/me\/destinacije\/ulcinj\/atrakcije\/valdanos\/#primaryimage"},"image":{"@id":"https:\/\/www.visit-montenegro.com\/me\/destinacije\/ulcinj\/atrakcije\/valdanos\/#primaryimage"},"thumbnailUrl":"https:\/\/www.visit-montenegro.com\/wp-content\/uploads\/2026\/01\/ulcinj-valdanos-olive-trees-scaled.jpg","datePublished":"2026-01-27T20:44:32+00:00","dateModified":"2026-02-22T16:12:21+00:00","description":"Istra\u017eite Valdanos, istorijsku uvalu u Crnoj Gori sa drevnim maslinama, gusarskom istorijom i \u0161ljun\u010danom pla\u017eom. Savr\u0161ena za plivanje, sun\u010danje i avanturu.","breadcrumb":{"@id":"https:\/\/www.visit-montenegro.com\/me\/destinacije\/ulcinj\/atrakcije\/valdanos\/#breadcrumb"},"inLanguage":"sr-Latn-ME","potentialAction":[{"@type":"ReadAction","target":["https:\/\/www.visit-montenegro.com\/me\/destinacije\/ulcinj\/atrakcije\/valdanos\/"]}]},{"@type":"ImageObject","inLanguage":"sr-Latn-ME","@id":"https:\/\/www.visit-montenegro.com\/me\/destinacije\/ulcinj\/atrakcije\/valdanos\/#primaryimage","url":"https:\/\/www.visit-montenegro.com\/wp-content\/uploads\/2026\/01\/ulcinj-valdanos-olive-trees-scaled.jpg","contentUrl":"https:\/\/www.visit-montenegro.com\/wp-content\/uploads\/2026\/01\/ulcinj-valdanos-olive-trees-scaled.jpg","width":1600,"height":1068,"caption":"Masline u jesen u Valdanosu, Ulcinj, Crna Gora"},{"@type":"BreadcrumbList","@id":"https:\/\/www.visit-montenegro.com\/me\/destinacije\/ulcinj\/atrakcije\/valdanos\/#breadcrumb","itemListElement":[{"@type":"ListItem","position":1,"name":"Home","item":"https:\/\/www.visit-montenegro.com\/me\/pocetna\/"},{"@type":"ListItem","position":2,"name":"Turisti\u010dke destinacije u Crnoj Gori","item":"https:\/\/www.visit-montenegro.com\/me\/destinacije\/"},{"@type":"ListItem","position":3,"name":"Ulcinj","item":"https:\/\/www.visit-montenegro.com\/me\/destinacije\/ulcinj\/"},{"@type":"ListItem","position":4,"name":"Atrakcije Ulcinja","item":"https:\/\/www.visit-montenegro.com\/me\/destinacije\/ulcinj\/atrakcije\/"},{"@type":"ListItem","position":5,"name":"Valdanos"}]},{"@type":"WebSite","@id":"https:\/\/www.visit-montenegro.com\/me\/#website","url":"https:\/\/www.visit-montenegro.com\/me\/","name":"Visit Montenegro","description":"Breathtaking beauty","publisher":{"@id":"https:\/\/www.visit-montenegro.com\/me\/#organization"},"potentialAction":[{"@type":"SearchAction","target":{"@type":"EntryPoint","urlTemplate":"https:\/\/www.visit-montenegro.com\/me\/?s={search_term_string}"},"query-input":{"@type":"PropertyValueSpecification","valueRequired":true,"valueName":"search_term_string"}}],"inLanguage":"sr-Latn-ME"},{"@type":"Organization","@id":"https:\/\/www.visit-montenegro.com\/me\/#organization","name":"Visit Montenegro","url":"https:\/\/www.visit-montenegro.com\/me\/","logo":{"@type":"ImageObject","inLanguage":"sr-Latn-ME","@id":"https:\/\/www.visit-montenegro.com\/me\/#\/schema\/logo\/image\/","url":"https:\/\/www.visit-montenegro.com\/wp-content\/uploads\/2017\/10\/logo-amp.png","contentUrl":"https:\/\/www.visit-montenegro.com\/wp-content\/uploads\/2017\/10\/logo-amp.png","width":190,"height":36,"caption":"Visit Montenegro"},"image":{"@id":"https:\/\/www.visit-montenegro.com\/me\/#\/schema\/logo\/image\/"},"sameAs":["https:\/\/www.facebook.com\/visitmontenegro","https:\/\/x.com\/visitmontenegro","https:\/\/www.instagram.com\/visit_montenegro\/","https:\/\/www.youtube.com\/user\/VisitMontenegro"]}]}},"translations":[],"_links":{"self":[{"href":"https:\/\/www.visit-montenegro.com\/me\/wp-json\/wp\/v2\/pages\/135067","targetHints":{"allow":["GET"]}}],"collection":[{"href":"https:\/\/www.visit-montenegro.com\/me\/wp-json\/wp\/v2\/pages"}],"about":[{"href":"https:\/\/www.visit-montenegro.com\/me\/wp-json\/wp\/v2\/types\/page"}],"author":[{"embeddable":true,"href":"https:\/\/www.visit-montenegro.com\/me\/wp-json\/wp\/v2\/users\/1"}],"replies":[{"embeddable":true,"href":"https:\/\/www.visit-montenegro.com\/me\/wp-json\/wp\/v2\/comments?post=135067"}],"version-history":[{"count":0,"href":"https:\/\/www.visit-montenegro.com\/me\/wp-json\/wp\/v2\/pages\/135067\/revisions"}],"up":[{"embeddable":true,"href":"https:\/\/www.visit-montenegro.com\/me\/wp-json\/wp\/v2\/pages\/135042"}],"wp:featuredmedia":[{"embeddable":true,"href":"https:\/\/www.visit-montenegro.com\/me\/wp-json\/wp\/v2\/media\/135068"}],"wp:attachment":[{"href":"https:\/\/www.visit-montenegro.com\/me\/wp-json\/wp\/v2\/media?parent=135067"}],"wp:term":[{"taxonomy":"post_tag","embeddable":true,"href":"https:\/\/www.visit-montenegro.com\/me\/wp-json\/wp\/v2\/tags?post=135067"}],"curies":[{"name":"wp","href":"https:\/\/api.w.org\/{rel}","templated":true}]}}