{"id":135072,"date":"2026-01-27T21:44:32","date_gmt":"2026-01-27T20:44:32","guid":{"rendered":"https:\/\/new.visit-montenegro.com\/info\/"},"modified":"2026-02-22T17:12:21","modified_gmt":"2026-02-22T16:12:21","slug":"info","status":"publish","type":"page","link":"https:\/\/www.visit-montenegro.com\/me\/destinacije\/ulcinj\/info\/","title":{"rendered":"Vi\u0161e o Ulcinju"},"content":{"rendered":"\n<p><a href=\"https:\/\/www.visit-montenegro.com\/me\/destinacije\/ulcinj\/\">Ulcinj<\/a> je istorijski obalski grad u Crnoj Gori, poznat po svojim dugim pje\u0161\u010danim pla\u017eama, bogatom kulturnom naslje\u0111u koje spaja isto\u010dne i zapadne uticaje, i \u017eivopisnoj sceni kupovine ukorijenjenoj u pomorskim tradicijama.<\/p>\n\n<hr class=\"wp-block-separator has-alpha-channel-opacity\"\/>\n\n<div class=\"wp-block-query is-layout-flow wp-block-query-is-layout-flow\"><ul class=\"wp-block-post-template is-layout-flow wp-block-post-template-is-layout-flow\"><li class=\"wp-block-post post-133895 page type-page status-publish has-post-thumbnail hentry tag-destination-hotels\">\n<h2 class=\"wp-block-post-title\"><a href=\"https:\/\/www.visit-montenegro.com\/me\/destinacije\/ulcinj\/info\/hoteli\/\" target=\"_self\" >Hoteli u Ulcinju<\/a><\/h2>\n\n<figure class=\"alignwide wp-block-post-featured-image\"><a href=\"https:\/\/www.visit-montenegro.com\/me\/destinacije\/ulcinj\/info\/hoteli\/\" target=\"_self\"  ><img loading=\"lazy\" decoding=\"async\" width=\"1600\" height=\"1067\" src=\"https:\/\/www.visit-montenegro.com\/wp-content\/uploads\/2026\/02\/Depositphotos_639669476_L-scaled.jpg\" class=\"attachment-post-thumbnail size-post-thumbnail wp-post-image\" alt=\"Hoteli u Ulcinju\" style=\"object-fit:cover;\" srcset=\"https:\/\/www.visit-montenegro.com\/wp-content\/uploads\/2026\/02\/Depositphotos_639669476_L-scaled.jpg 1600w, https:\/\/www.visit-montenegro.com\/wp-content\/uploads\/2026\/02\/Depositphotos_639669476_L-300x200.jpg 300w, https:\/\/www.visit-montenegro.com\/wp-content\/uploads\/2026\/02\/Depositphotos_639669476_L-1024x683.jpg 1024w, https:\/\/www.visit-montenegro.com\/wp-content\/uploads\/2026\/02\/Depositphotos_639669476_L-768x512.jpg 768w, https:\/\/www.visit-montenegro.com\/wp-content\/uploads\/2026\/02\/Depositphotos_639669476_L-1536x1025.jpg 1536w\" sizes=\"auto, (max-width: 1600px) 100vw, 1600px\" \/><\/a><\/figure>\n\n<div class=\"wp-block-post-excerpt\"><p class=\"wp-block-post-excerpt__excerpt\">Istra\u017eite hotele u Ulcinju za smje\u0161taj uz pla\u017eu i kulturna iskustva u Crnoj Gori.<\/p><p class=\"wp-block-post-excerpt__more-text\"><a class=\"wp-block-post-excerpt__more-link\" href=\"https:\/\/www.visit-montenegro.com\/me\/destinacije\/ulcinj\/info\/hoteli\/\"><strong>Pro\u010ditajte vi\u0161e<\/strong><\/a><\/p><\/div>\n\n\n<hr class=\"wp-block-separator has-css-opacity\" style=\"margin-top:var(--wp--preset--spacing--70);margin-bottom:var(--wp--preset--spacing--70)\"\/>\n\n<\/li><li class=\"wp-block-post post-134796 page type-page status-publish has-post-thumbnail hentry\">\n<h2 class=\"wp-block-post-title\"><a href=\"https:\/\/www.visit-montenegro.com\/me\/destinacije\/ulcinj\/info\/kupovina-2\/\" target=\"_self\" >Kupovina u Ulcinju<\/a><\/h2>\n\n<figure class=\"alignwide wp-block-post-featured-image\"><a href=\"https:\/\/www.visit-montenegro.com\/me\/destinacije\/ulcinj\/info\/kupovina-2\/\" target=\"_self\"  ><img loading=\"lazy\" decoding=\"async\" width=\"1600\" height=\"1067\" src=\"https:\/\/www.visit-montenegro.com\/wp-content\/uploads\/2026\/02\/Depositphotos_153048182_XL-scaled.jpg\" class=\"attachment-post-thumbnail size-post-thumbnail wp-post-image\" alt=\"Kupovina u Ulcinju\" style=\"object-fit:cover;\" srcset=\"https:\/\/www.visit-montenegro.com\/wp-content\/uploads\/2026\/02\/Depositphotos_153048182_XL-scaled.jpg 1600w, https:\/\/www.visit-montenegro.com\/wp-content\/uploads\/2026\/02\/Depositphotos_153048182_XL-300x200.jpg 300w, https:\/\/www.visit-montenegro.com\/wp-content\/uploads\/2026\/02\/Depositphotos_153048182_XL-1024x683.jpg 1024w, https:\/\/www.visit-montenegro.com\/wp-content\/uploads\/2026\/02\/Depositphotos_153048182_XL-768x512.jpg 768w, https:\/\/www.visit-montenegro.com\/wp-content\/uploads\/2026\/02\/Depositphotos_153048182_XL-1536x1024.jpg 1536w, https:\/\/www.visit-montenegro.com\/wp-content\/uploads\/2026\/02\/Depositphotos_153048182_XL-2048x1365.jpg 2048w\" sizes=\"auto, (max-width: 1600px) 100vw, 1600px\" \/><\/a><\/figure>\n\n<div class=\"wp-block-post-excerpt\"><p class=\"wp-block-post-excerpt__excerpt\">Otkrijte \u017eivopisnu me\u0161avinu tradicije i modernosti u kupovini u Ulcinju. Od autenti\u010dnih suvenira i u\u017eurbanih pijaca do \u0161ik butika, nudi jedinstveno kulturno iskustvo za svakog putnika.<\/p><p class=\"wp-block-post-excerpt__more-text\"><a class=\"wp-block-post-excerpt__more-link\" href=\"https:\/\/www.visit-montenegro.com\/me\/destinacije\/ulcinj\/info\/kupovina-2\/\"><strong>Pro\u010ditajte vi\u0161e<\/strong><\/a><\/p><\/div>\n\n\n<hr class=\"wp-block-separator has-css-opacity\" style=\"margin-top:var(--wp--preset--spacing--70);margin-bottom:var(--wp--preset--spacing--70)\"\/>\n\n<\/li><li class=\"wp-block-post post-134811 page type-page status-publish has-post-thumbnail hentry\">\n<h2 class=\"wp-block-post-title\"><a href=\"https:\/\/www.visit-montenegro.com\/me\/destinacije\/ulcinj\/info\/istorija\/\" target=\"_self\" >Istorija Ulcinja<\/a><\/h2>\n\n<figure class=\"alignwide wp-block-post-featured-image\"><a href=\"https:\/\/www.visit-montenegro.com\/me\/destinacije\/ulcinj\/info\/istorija\/\" target=\"_self\"  ><img loading=\"lazy\" decoding=\"async\" width=\"1200\" height=\"709\" src=\"https:\/\/www.visit-montenegro.com\/wp-content\/uploads\/2026\/01\/ulcinj-old-town-1200x709.jpg\" class=\"attachment-post-thumbnail size-post-thumbnail wp-post-image\" alt=\"Istorija Ulcinja\" style=\"object-fit:cover;\" srcset=\"https:\/\/www.visit-montenegro.com\/wp-content\/uploads\/2026\/01\/ulcinj-old-town-1200x709.jpg 1200w, https:\/\/www.visit-montenegro.com\/wp-content\/uploads\/2026\/01\/ulcinj-old-town-300x177.jpg 300w, https:\/\/www.visit-montenegro.com\/wp-content\/uploads\/2026\/01\/ulcinj-old-town-1024x605.jpg 1024w, https:\/\/www.visit-montenegro.com\/wp-content\/uploads\/2026\/01\/ulcinj-old-town-768x454.jpg 768w, https:\/\/www.visit-montenegro.com\/wp-content\/uploads\/2026\/01\/ulcinj-old-town-1536x907.jpg 1536w, https:\/\/www.visit-montenegro.com\/wp-content\/uploads\/2026\/01\/ulcinj-old-town-scaled.jpg 1600w\" sizes=\"auto, (max-width: 1200px) 100vw, 1200px\" \/><\/a><\/figure>\n\n<div class=\"wp-block-post-excerpt\"><p class=\"wp-block-post-excerpt__excerpt\">Istra\u017eite bogatu istoriju Ulcinja, obalnog grada starijeg od 2000 godina, gdje su se sukobljavale isto\u010dne i zapadne kulture. Od ilirskih po\u010detaka do mleta\u010dke i osmanske vladavine, otkrijte njegove gusarske legende i modernu transformaciju u \u017eivahnu turisti\u010dku destinaciju.<\/p><p class=\"wp-block-post-excerpt__more-text\"><a class=\"wp-block-post-excerpt__more-link\" href=\"https:\/\/www.visit-montenegro.com\/me\/destinacije\/ulcinj\/info\/istorija\/\"><strong>Pro\u010ditajte vi\u0161e<\/strong><\/a><\/p><\/div>\n\n\n<hr class=\"wp-block-separator has-css-opacity\" style=\"margin-top:var(--wp--preset--spacing--70);margin-bottom:var(--wp--preset--spacing--70)\"\/>\n\n<\/li><li class=\"wp-block-post post-135077 page type-page status-publish has-post-thumbnail hentry\">\n<h2 class=\"wp-block-post-title\"><a href=\"https:\/\/www.visit-montenegro.com\/me\/destinacije\/ulcinj\/info\/plaze\/\" target=\"_self\" >Pla\u017ee Ulcinja<\/a><\/h2>\n\n<figure class=\"alignwide wp-block-post-featured-image\"><a href=\"https:\/\/www.visit-montenegro.com\/me\/destinacije\/ulcinj\/info\/plaze\/\" target=\"_self\"  ><img loading=\"lazy\" decoding=\"async\" width=\"1200\" height=\"800\" src=\"https:\/\/www.visit-montenegro.com\/wp-content\/uploads\/2026\/01\/ulcinj-long-beach-01-1200x800.jpg\" class=\"attachment-post-thumbnail size-post-thumbnail wp-post-image\" alt=\"Pla\u017ee Ulcinja\" style=\"object-fit:cover;\" srcset=\"https:\/\/www.visit-montenegro.com\/wp-content\/uploads\/2026\/01\/ulcinj-long-beach-01-1200x800.jpg 1200w, https:\/\/www.visit-montenegro.com\/wp-content\/uploads\/2026\/01\/ulcinj-long-beach-01-300x200.jpg 300w, https:\/\/www.visit-montenegro.com\/wp-content\/uploads\/2026\/01\/ulcinj-long-beach-01-1024x683.jpg 1024w, https:\/\/www.visit-montenegro.com\/wp-content\/uploads\/2026\/01\/ulcinj-long-beach-01-768x512.jpg 768w, https:\/\/www.visit-montenegro.com\/wp-content\/uploads\/2026\/01\/ulcinj-long-beach-01-1536x1024.jpg 1536w, https:\/\/www.visit-montenegro.com\/wp-content\/uploads\/2026\/01\/ulcinj-long-beach-01-scaled.jpg 1600w\" sizes=\"auto, (max-width: 1200px) 100vw, 1200px\" \/><\/a><\/figure>\n\n<div class=\"wp-block-post-excerpt\"><p class=\"wp-block-post-excerpt__excerpt\">Otkrijte zadivljuju\u0107e pla\u017ee Ulcinja sa jedinstvenim, bra\u0161nastim pijeskom i toplim, \u010distim morem. Od \u010duvene Velike pla\u017ee do skrivenih uvala, istra\u017eite za\u0161to se ovi primorski dragulji nazivaju &#8220;raj na Zemlji&#8221; za turiste i porodice.<\/p><p class=\"wp-block-post-excerpt__more-text\"><a class=\"wp-block-post-excerpt__more-link\" href=\"https:\/\/www.visit-montenegro.com\/me\/destinacije\/ulcinj\/info\/plaze\/\"><strong>Pro\u010ditajte vi\u0161e<\/strong><\/a><\/p><\/div>\n\n\n<hr class=\"wp-block-separator has-css-opacity\" style=\"margin-top:var(--wp--preset--spacing--70);margin-bottom:var(--wp--preset--spacing--70)\"\/>\n\n<\/li><\/ul><\/div>\n","protected":false},"excerpt":{"rendered":"<p>Istra\u017eite bogatu historiju Ulcinja, zadivljuju\u0107e pje\u0161\u010dane pla\u017ee i \u017eivopisnu scenu kupovine. Ovaj vodi\u010d nudi uvide u jedan od najstarijih obalskih gradova Crne Gore, koji spaja isto\u010dne i zapadne kulture za jedinstveno putni\u010dko iskustvo.<\/p>\n","protected":false},"author":1,"featured_media":135043,"parent":135082,"menu_order":0,"comment_status":"closed","ping_status":"closed","template":"","meta":{"_yoast_wpseo_focuskw":"Vi\u0161e o Ulcinju","_yoast_wpseo_metadesc":"Otkrijte drevnu historiju Ulcinja, prekrasne pla\u017ee i tradicije kupovine. Planirajte svoj put u ovaj crnogorski obalski biser uz na\u0161 detaljan vodi\u010d.","_kad_post_transparent":"","_kad_post_title":"","_kad_post_layout":"","_kad_post_sidebar_id":"","_kad_post_content_style":"","_kad_post_vertical_padding":"","_kad_post_feature":"","_kad_post_feature_position":"","_kad_post_header":false,"_kad_post_footer":false,"_kad_post_classname":"","iawp_total_views":8,"footnotes":""},"tags":[],"class_list":["post-135072","page","type-page","status-publish","has-post-thumbnail","hentry"],"yoast_head":"<!-- This site is optimized with the Yoast SEO plugin v27.3 - https:\/\/yoast.com\/product\/yoast-seo-wordpress\/ -->\n<title>Vi\u0161e o Ulcinju - Visit Montenegro<\/title>\n<meta name=\"description\" content=\"Otkrijte drevnu historiju Ulcinja, prekrasne pla\u017ee i tradicije kupovine. Planirajte svoj put u ovaj crnogorski obalski biser uz na\u0161 detaljan vodi\u010d.\" \/>\n<meta name=\"robots\" content=\"index, follow, max-snippet:-1, max-image-preview:large, max-video-preview:-1\" \/>\n<link rel=\"canonical\" href=\"https:\/\/www.visit-montenegro.com\/me\/destinacije\/ulcinj\/info\/\" \/>\n<meta property=\"og:locale\" content=\"en_US\" \/>\n<meta property=\"og:type\" content=\"article\" \/>\n<meta property=\"og:title\" content=\"Vi\u0161e o Ulcinju - Visit Montenegro\" \/>\n<meta property=\"og:description\" content=\"Otkrijte drevnu historiju Ulcinja, prekrasne pla\u017ee i tradicije kupovine. Planirajte svoj put u ovaj crnogorski obalski biser uz na\u0161 detaljan vodi\u010d.\" \/>\n<meta property=\"og:url\" content=\"https:\/\/www.visit-montenegro.com\/me\/destinacije\/ulcinj\/info\/\" \/>\n<meta property=\"og:site_name\" content=\"Visit Montenegro\" \/>\n<meta property=\"article:publisher\" content=\"https:\/\/www.facebook.com\/visitmontenegro\" \/>\n<meta property=\"article:modified_time\" content=\"2026-02-22T16:12:21+00:00\" \/>\n<meta property=\"og:image\" content=\"https:\/\/www.visit-montenegro.com\/wp-content\/uploads\/2026\/01\/ulcinj-aerial-scaled.jpg\" \/>\n\t<meta property=\"og:image:width\" content=\"1600\" \/>\n\t<meta property=\"og:image:height\" content=\"1067\" \/>\n\t<meta property=\"og:image:type\" content=\"image\/jpeg\" \/>\n<meta name=\"twitter:card\" content=\"summary_large_image\" \/>\n<meta name=\"twitter:site\" content=\"@visitmontenegro\" \/>\n<script type=\"application\/ld+json\" class=\"yoast-schema-graph\">{\"@context\":\"https:\\\/\\\/schema.org\",\"@graph\":[{\"@type\":\"WebPage\",\"@id\":\"https:\\\/\\\/www.visit-montenegro.com\\\/me\\\/destinacije\\\/ulcinj\\\/info\\\/\",\"url\":\"https:\\\/\\\/www.visit-montenegro.com\\\/me\\\/destinacije\\\/ulcinj\\\/info\\\/\",\"name\":\"Vi\u0161e o Ulcinju - Visit Montenegro\",\"isPartOf\":{\"@id\":\"https:\\\/\\\/www.visit-montenegro.com\\\/me\\\/#website\"},\"primaryImageOfPage\":{\"@id\":\"https:\\\/\\\/www.visit-montenegro.com\\\/me\\\/destinacije\\\/ulcinj\\\/info\\\/#primaryimage\"},\"image\":{\"@id\":\"https:\\\/\\\/www.visit-montenegro.com\\\/me\\\/destinacije\\\/ulcinj\\\/info\\\/#primaryimage\"},\"thumbnailUrl\":\"https:\\\/\\\/www.visit-montenegro.com\\\/wp-content\\\/uploads\\\/2026\\\/01\\\/ulcinj-aerial-scaled.jpg\",\"datePublished\":\"2026-01-27T20:44:32+00:00\",\"dateModified\":\"2026-02-22T16:12:21+00:00\",\"description\":\"Otkrijte drevnu historiju Ulcinja, prekrasne pla\u017ee i tradicije kupovine. Planirajte svoj put u ovaj crnogorski obalski biser uz na\u0161 detaljan vodi\u010d.\",\"breadcrumb\":{\"@id\":\"https:\\\/\\\/www.visit-montenegro.com\\\/me\\\/destinacije\\\/ulcinj\\\/info\\\/#breadcrumb\"},\"inLanguage\":\"sr-Latn-ME\",\"potentialAction\":[{\"@type\":\"ReadAction\",\"target\":[\"https:\\\/\\\/www.visit-montenegro.com\\\/me\\\/destinacije\\\/ulcinj\\\/info\\\/\"]}]},{\"@type\":\"ImageObject\",\"inLanguage\":\"sr-Latn-ME\",\"@id\":\"https:\\\/\\\/www.visit-montenegro.com\\\/me\\\/destinacije\\\/ulcinj\\\/info\\\/#primaryimage\",\"url\":\"https:\\\/\\\/www.visit-montenegro.com\\\/wp-content\\\/uploads\\\/2026\\\/01\\\/ulcinj-aerial-scaled.jpg\",\"contentUrl\":\"https:\\\/\\\/www.visit-montenegro.com\\\/wp-content\\\/uploads\\\/2026\\\/01\\\/ulcinj-aerial-scaled.jpg\",\"width\":1600,\"height\":1067,\"caption\":\"Pogled iz zraka na stari grad Ulcinja - najju\u017eniji grad Crne Gore.\"},{\"@type\":\"BreadcrumbList\",\"@id\":\"https:\\\/\\\/www.visit-montenegro.com\\\/me\\\/destinacije\\\/ulcinj\\\/info\\\/#breadcrumb\",\"itemListElement\":[{\"@type\":\"ListItem\",\"position\":1,\"name\":\"Home\",\"item\":\"https:\\\/\\\/www.visit-montenegro.com\\\/me\\\/pocetna\\\/\"},{\"@type\":\"ListItem\",\"position\":2,\"name\":\"Turisti\u010dke destinacije u Crnoj Gori\",\"item\":\"https:\\\/\\\/www.visit-montenegro.com\\\/me\\\/destinacije\\\/\"},{\"@type\":\"ListItem\",\"position\":3,\"name\":\"Ulcinj\",\"item\":\"https:\\\/\\\/www.visit-montenegro.com\\\/me\\\/destinacije\\\/ulcinj\\\/\"},{\"@type\":\"ListItem\",\"position\":4,\"name\":\"Vi\u0161e o Ulcinju\"}]},{\"@type\":\"WebSite\",\"@id\":\"https:\\\/\\\/www.visit-montenegro.com\\\/me\\\/#website\",\"url\":\"https:\\\/\\\/www.visit-montenegro.com\\\/me\\\/\",\"name\":\"Visit Montenegro\",\"description\":\"Breathtaking beauty\",\"publisher\":{\"@id\":\"https:\\\/\\\/www.visit-montenegro.com\\\/me\\\/#organization\"},\"potentialAction\":[{\"@type\":\"SearchAction\",\"target\":{\"@type\":\"EntryPoint\",\"urlTemplate\":\"https:\\\/\\\/www.visit-montenegro.com\\\/me\\\/?s={search_term_string}\"},\"query-input\":{\"@type\":\"PropertyValueSpecification\",\"valueRequired\":true,\"valueName\":\"search_term_string\"}}],\"inLanguage\":\"sr-Latn-ME\"},{\"@type\":\"Organization\",\"@id\":\"https:\\\/\\\/www.visit-montenegro.com\\\/me\\\/#organization\",\"name\":\"Visit Montenegro\",\"url\":\"https:\\\/\\\/www.visit-montenegro.com\\\/me\\\/\",\"logo\":{\"@type\":\"ImageObject\",\"inLanguage\":\"sr-Latn-ME\",\"@id\":\"https:\\\/\\\/www.visit-montenegro.com\\\/me\\\/#\\\/schema\\\/logo\\\/image\\\/\",\"url\":\"https:\\\/\\\/www.visit-montenegro.com\\\/wp-content\\\/uploads\\\/2017\\\/10\\\/logo-amp.png\",\"contentUrl\":\"https:\\\/\\\/www.visit-montenegro.com\\\/wp-content\\\/uploads\\\/2017\\\/10\\\/logo-amp.png\",\"width\":190,\"height\":36,\"caption\":\"Visit Montenegro\"},\"image\":{\"@id\":\"https:\\\/\\\/www.visit-montenegro.com\\\/me\\\/#\\\/schema\\\/logo\\\/image\\\/\"},\"sameAs\":[\"https:\\\/\\\/www.facebook.com\\\/visitmontenegro\",\"https:\\\/\\\/x.com\\\/visitmontenegro\",\"https:\\\/\\\/www.instagram.com\\\/visit_montenegro\\\/\",\"https:\\\/\\\/www.youtube.com\\\/user\\\/VisitMontenegro\"]}]}<\/script>\n<!-- \/ Yoast SEO plugin. -->","yoast_head_json":{"title":"Vi\u0161e o Ulcinju - Visit Montenegro","description":"Otkrijte drevnu historiju Ulcinja, prekrasne pla\u017ee i tradicije kupovine. Planirajte svoj put u ovaj crnogorski obalski biser uz na\u0161 detaljan vodi\u010d.","robots":{"index":"index","follow":"follow","max-snippet":"max-snippet:-1","max-image-preview":"max-image-preview:large","max-video-preview":"max-video-preview:-1"},"canonical":"https:\/\/www.visit-montenegro.com\/me\/destinacije\/ulcinj\/info\/","og_locale":"en_US","og_type":"article","og_title":"Vi\u0161e o Ulcinju - Visit Montenegro","og_description":"Otkrijte drevnu historiju Ulcinja, prekrasne pla\u017ee i tradicije kupovine. Planirajte svoj put u ovaj crnogorski obalski biser uz na\u0161 detaljan vodi\u010d.","og_url":"https:\/\/www.visit-montenegro.com\/me\/destinacije\/ulcinj\/info\/","og_site_name":"Visit Montenegro","article_publisher":"https:\/\/www.facebook.com\/visitmontenegro","article_modified_time":"2026-02-22T16:12:21+00:00","og_image":[{"width":1600,"height":1067,"url":"https:\/\/www.visit-montenegro.com\/wp-content\/uploads\/2026\/01\/ulcinj-aerial-scaled.jpg","type":"image\/jpeg"}],"twitter_card":"summary_large_image","twitter_site":"@visitmontenegro","schema":{"@context":"https:\/\/schema.org","@graph":[{"@type":"WebPage","@id":"https:\/\/www.visit-montenegro.com\/me\/destinacije\/ulcinj\/info\/","url":"https:\/\/www.visit-montenegro.com\/me\/destinacije\/ulcinj\/info\/","name":"Vi\u0161e o Ulcinju - Visit Montenegro","isPartOf":{"@id":"https:\/\/www.visit-montenegro.com\/me\/#website"},"primaryImageOfPage":{"@id":"https:\/\/www.visit-montenegro.com\/me\/destinacije\/ulcinj\/info\/#primaryimage"},"image":{"@id":"https:\/\/www.visit-montenegro.com\/me\/destinacije\/ulcinj\/info\/#primaryimage"},"thumbnailUrl":"https:\/\/www.visit-montenegro.com\/wp-content\/uploads\/2026\/01\/ulcinj-aerial-scaled.jpg","datePublished":"2026-01-27T20:44:32+00:00","dateModified":"2026-02-22T16:12:21+00:00","description":"Otkrijte drevnu historiju Ulcinja, prekrasne pla\u017ee i tradicije kupovine. Planirajte svoj put u ovaj crnogorski obalski biser uz na\u0161 detaljan vodi\u010d.","breadcrumb":{"@id":"https:\/\/www.visit-montenegro.com\/me\/destinacije\/ulcinj\/info\/#breadcrumb"},"inLanguage":"sr-Latn-ME","potentialAction":[{"@type":"ReadAction","target":["https:\/\/www.visit-montenegro.com\/me\/destinacije\/ulcinj\/info\/"]}]},{"@type":"ImageObject","inLanguage":"sr-Latn-ME","@id":"https:\/\/www.visit-montenegro.com\/me\/destinacije\/ulcinj\/info\/#primaryimage","url":"https:\/\/www.visit-montenegro.com\/wp-content\/uploads\/2026\/01\/ulcinj-aerial-scaled.jpg","contentUrl":"https:\/\/www.visit-montenegro.com\/wp-content\/uploads\/2026\/01\/ulcinj-aerial-scaled.jpg","width":1600,"height":1067,"caption":"Pogled iz zraka na stari grad Ulcinja - najju\u017eniji grad Crne Gore."},{"@type":"BreadcrumbList","@id":"https:\/\/www.visit-montenegro.com\/me\/destinacije\/ulcinj\/info\/#breadcrumb","itemListElement":[{"@type":"ListItem","position":1,"name":"Home","item":"https:\/\/www.visit-montenegro.com\/me\/pocetna\/"},{"@type":"ListItem","position":2,"name":"Turisti\u010dke destinacije u Crnoj Gori","item":"https:\/\/www.visit-montenegro.com\/me\/destinacije\/"},{"@type":"ListItem","position":3,"name":"Ulcinj","item":"https:\/\/www.visit-montenegro.com\/me\/destinacije\/ulcinj\/"},{"@type":"ListItem","position":4,"name":"Vi\u0161e o Ulcinju"}]},{"@type":"WebSite","@id":"https:\/\/www.visit-montenegro.com\/me\/#website","url":"https:\/\/www.visit-montenegro.com\/me\/","name":"Visit Montenegro","description":"Breathtaking beauty","publisher":{"@id":"https:\/\/www.visit-montenegro.com\/me\/#organization"},"potentialAction":[{"@type":"SearchAction","target":{"@type":"EntryPoint","urlTemplate":"https:\/\/www.visit-montenegro.com\/me\/?s={search_term_string}"},"query-input":{"@type":"PropertyValueSpecification","valueRequired":true,"valueName":"search_term_string"}}],"inLanguage":"sr-Latn-ME"},{"@type":"Organization","@id":"https:\/\/www.visit-montenegro.com\/me\/#organization","name":"Visit Montenegro","url":"https:\/\/www.visit-montenegro.com\/me\/","logo":{"@type":"ImageObject","inLanguage":"sr-Latn-ME","@id":"https:\/\/www.visit-montenegro.com\/me\/#\/schema\/logo\/image\/","url":"https:\/\/www.visit-montenegro.com\/wp-content\/uploads\/2017\/10\/logo-amp.png","contentUrl":"https:\/\/www.visit-montenegro.com\/wp-content\/uploads\/2017\/10\/logo-amp.png","width":190,"height":36,"caption":"Visit Montenegro"},"image":{"@id":"https:\/\/www.visit-montenegro.com\/me\/#\/schema\/logo\/image\/"},"sameAs":["https:\/\/www.facebook.com\/visitmontenegro","https:\/\/x.com\/visitmontenegro","https:\/\/www.instagram.com\/visit_montenegro\/","https:\/\/www.youtube.com\/user\/VisitMontenegro"]}]}},"translations":[],"_links":{"self":[{"href":"https:\/\/www.visit-montenegro.com\/me\/wp-json\/wp\/v2\/pages\/135072","targetHints":{"allow":["GET"]}}],"collection":[{"href":"https:\/\/www.visit-montenegro.com\/me\/wp-json\/wp\/v2\/pages"}],"about":[{"href":"https:\/\/www.visit-montenegro.com\/me\/wp-json\/wp\/v2\/types\/page"}],"author":[{"embeddable":true,"href":"https:\/\/www.visit-montenegro.com\/me\/wp-json\/wp\/v2\/users\/1"}],"replies":[{"embeddable":true,"href":"https:\/\/www.visit-montenegro.com\/me\/wp-json\/wp\/v2\/comments?post=135072"}],"version-history":[{"count":0,"href":"https:\/\/www.visit-montenegro.com\/me\/wp-json\/wp\/v2\/pages\/135072\/revisions"}],"up":[{"embeddable":true,"href":"https:\/\/www.visit-montenegro.com\/me\/wp-json\/wp\/v2\/pages\/135082"}],"wp:featuredmedia":[{"embeddable":true,"href":"https:\/\/www.visit-montenegro.com\/me\/wp-json\/wp\/v2\/media\/135043"}],"wp:attachment":[{"href":"https:\/\/www.visit-montenegro.com\/me\/wp-json\/wp\/v2\/media?parent=135072"}],"wp:term":[{"taxonomy":"post_tag","embeddable":true,"href":"https:\/\/www.visit-montenegro.com\/me\/wp-json\/wp\/v2\/tags?post=135072"}],"curies":[{"name":"wp","href":"https:\/\/api.w.org\/{rel}","templated":true}]}}