{"id":135082,"date":"2026-01-27T21:44:32","date_gmt":"2026-01-27T20:44:32","guid":{"rendered":"https:\/\/new.visit-montenegro.com\/destinacije\/ulcinj\/"},"modified":"2026-02-23T11:52:20","modified_gmt":"2026-02-23T10:52:20","slug":"ulcinj","status":"publish","type":"page","link":"https:\/\/www.visit-montenegro.com\/me\/destinacije\/ulcinj\/","title":{"rendered":"Ulcinj"},"content":{"rendered":"\n<p>Ulcinj je najju\u017eniji grad na obali Crne Gore, turisti\u010dki centar sa prirodnim \u010dudima poput Velike Pla\u017ee (13km pla\u017ee), ostrva <a href=\"https:\/\/www.visit-montenegro.com\/me\/destinacije\/ulcinj\/atrakcije\/ada-bojana\/\">Ada Bojana<\/a>, zaliva <a href=\"https:\/\/www.visit-montenegro.com\/me\/destinacije\/ulcinj\/atrakcije\/valdanos\/\">Valdanos<\/a> sa maslinama i istorijskim starim gradom punim restorana i galerija. <strong>Ulcinj<\/strong> je destinacija koju morate posjetiti.<\/p>\n\n<hr class=\"wp-block-separator has-alpha-channel-opacity\"\/>\n\n<h2 class=\"wp-block-heading\">Pla\u017ee i prirodne atrakcije<\/h2>\n\n<p>Kada se govori o pla\u017eama, <strong>Ulcinj<\/strong> je poznat izvan granica Crne Gore po svojim dugim, predivnim obalama sa finim, bra\u0161nastim pijeskom. Obala se prote\u017ee 33km, uklju\u010duju\u0107i 18km pla\u017ea, sa 15km pje\u0161\u010danih dionica. Me\u0111u oko 25 pla\u017ea, isti\u010du se pje\u0161\u010dane poput Velike Pla\u017ee, Male Pla\u017ee, Ade Bojane, Borovih \u0160uma i Valdanosa.<\/p>\n\n<p>Posjetioci hrle u <strong>Ulcinj<\/strong> zbog sunca, mora i pje\u0161\u010danih pla\u017ea, koje se \u010desto nazivaju &#8220;Bo\u017eje pla\u017ee&#8221; zbog toplog, sivkastog pijeska. Toplo, bistro more ima 56 metara prozirnosti, najvi\u0161e na Jadranu, a blaga primorska klima \u010dini ga neodoljivim za turiste.<\/p>\n\n<h2 class=\"wp-block-heading\">Istorija i kulturno naslje\u0111e<\/h2>\n\n<p>Istorijski, <strong>Ulcinj<\/strong> je jedan od najstarijih gradova na jadranskoj obali, za koji se vjeruje da je stariji od 2.000 godina. Kulture Istoka i Zapada su se ovdje sudarile, ostavljaju\u0107i bogato istorijsko naslje\u0111e koje se osje\u0107a na svakom koraku. Doista, tragovi naselja datiraju prije 5. vijeka p.n.e., a vjeruje se da su ga osnovali Iliri za vrijeme vrhunca slobodne ilirske dr\u017eave.<\/p>\n\n<figure class=\"wp-block-image size-large\"><img loading=\"lazy\" decoding=\"async\" width=\"1024\" height=\"605\" src=\"https:\/\/www.visit-montenegro.com\/wp-content\/uploads\/2026\/01\/ulcinj-old-town-1024x605.jpg\" alt=\"\" class=\"wp-image-36237\" srcset=\"https:\/\/www.visit-montenegro.com\/wp-content\/uploads\/2026\/01\/ulcinj-old-town-1024x605.jpg 1024w, https:\/\/www.visit-montenegro.com\/wp-content\/uploads\/2026\/01\/ulcinj-old-town-300x177.jpg 300w, https:\/\/www.visit-montenegro.com\/wp-content\/uploads\/2026\/01\/ulcinj-old-town-768x454.jpg 768w, https:\/\/www.visit-montenegro.com\/wp-content\/uploads\/2026\/01\/ulcinj-old-town-1536x907.jpg 1536w, https:\/\/www.visit-montenegro.com\/wp-content\/uploads\/2026\/01\/ulcinj-old-town-1200x709.jpg 1200w, https:\/\/www.visit-montenegro.com\/wp-content\/uploads\/2026\/01\/ulcinj-old-town-scaled.jpg 1600w\" sizes=\"auto, (max-width: 1024px) 100vw, 1024px\" \/><figcaption class=\"wp-element-caption\">Stari grad Ulcinja, Crna Gora<\/figcaption><\/figure>\n\n<p>Prvobitno nazvan Kolhinijum po Kolhidijancima, plemenu gr\u010dkog porijekla za koje se smatra da je osnovalo staro <strong>Ulcinjsko<\/strong> jezero, istorija grada dodaje dubinu njegovoj privla\u010dnosti.<\/p>\n\n<h2 class=\"wp-block-heading\">Geografija i lokacija<\/h2>\n\n<p>Smje\u0161ten u najju\u017enijem dijelu jadranske obale, u jugoisto\u010dnoj Crnoj Gori, <strong>Ulcinj<\/strong> pripada marginalnoj subtropskoj zoni evropskog Mediterana zbog svojih izuzetnih prirodnih i geografskih karakteristika.<\/p>\n\n<p>Njegov ju\u017eni dio se prote\u017ee 30 kilometara do Jadranskog mora, sa rijekom Bojanom na istoku. \u0160tavi\u0161e, Sasko jezero le\u017ei u centralnom dijelu, a planinski masiv Rumije \u0161titi <strong>Ulcinj<\/strong> u zalivu.<\/p>\n\n<hr class=\"wp-block-separator has-alpha-channel-opacity\"\/>\n\n<div class=\"wp-block-columns is-layout-flex wp-container-core-columns-is-layout-9d6595d7 wp-block-columns-is-layout-flex\">\n<div class=\"wp-block-column is-layout-flow wp-block-column-is-layout-flow\">\n<div class=\"wp-block-group\"><div class=\"wp-block-group__inner-container is-layout-constrained wp-block-group-is-layout-constrained\">\n<h3 class=\"wp-block-heading\">Otkrijte skrivene dragulje Ulcinja<\/h3>\n\n\n\n<p>Istra\u017eite najikoni\u010dnije znamenitosti, istorijske lokalitete i mjesta koja morate vidjeti, a koja \u010dine ovu destinaciju jedinstvenom.<\/p>\n\n\n\n<div class=\"wp-block-buttons is-layout-flex wp-block-buttons-is-layout-flex\">\n<div class=\"wp-block-button\"><a class=\"wp-block-button__link wp-element-button\" href=\"https:\/\/www.visit-montenegro.com\/me\/destinacije\/ulcinj\/atrakcije\/\">Atrakcije Ulcinja<\/a><\/div>\n<\/div>\n<\/div><\/div>\n<\/div>\n\n\n\n<div class=\"wp-block-column is-layout-flow wp-block-column-is-layout-flow\">\n<div class=\"wp-block-group\"><div class=\"wp-block-group__inner-container is-layout-constrained wp-block-group-is-layout-constrained\">\n<h3 class=\"wp-block-heading\">Saznajte vi\u0161e o Ulcinju<\/h3>\n\n\n\n<p>Zaronite dublje u lokalnu kulturu, istoriju i prakti\u010dne savjete za putovanje kako biste se pripremili za svoje predstoje\u0107e putovanje.<\/p>\n<\/div><\/div>\n\n\n\n<div class=\"wp-block-buttons is-layout-flex wp-block-buttons-is-layout-flex\">\n<div class=\"wp-block-button\"><a class=\"wp-block-button__link wp-element-button\" href=\"https:\/\/www.visit-montenegro.com\/me\/destinacije\/ulcinj\/info\/\">Vi\u0161e o Ulcinju<\/a><\/div>\n<\/div>\n<\/div>\n<\/div>\n","protected":false},"excerpt":{"rendered":"<p>Otkrijte Ulcinj, najju\u017eniji primorski grad Crne Gore, poznat po svojim predivnim pje\u0161\u010danim pla\u017eama poput Velike Pla\u017ee i Ade Bojane. Sa preko 2.000 godina istorije i jedinstvenom mje\u0161avinom kultura, nudi sunce, more i bogato naslje\u0111e u slikovitom mediteranskom okru\u017eenju.<\/p>\n","protected":false},"author":1,"featured_media":135043,"parent":134092,"menu_order":0,"comment_status":"closed","ping_status":"closed","template":"","meta":{"_yoast_wpseo_focuskw":"Ulcinj","_yoast_wpseo_metadesc":"Istra\u017eite Ulcinjeve pje\u0161\u010dane pla\u017ee, istorijski stari grad i mediteranski \u0161arm. Planirajte svoj put u ju\u017eni dragulj Crne Gore uz na\u0161 vodi\u010d do atrakcija i vi\u0161e.","_kad_post_transparent":"","_kad_post_title":"","_kad_post_layout":"","_kad_post_sidebar_id":"","_kad_post_content_style":"","_kad_post_vertical_padding":"","_kad_post_feature":"","_kad_post_feature_position":"","_kad_post_header":false,"_kad_post_footer":false,"_kad_post_classname":"","iawp_total_views":93,"footnotes":""},"tags":[2295,594],"class_list":["post-135082","page","type-page","status-publish","has-post-thumbnail","hentry","tag-coast-destination","tag-destination"],"yoast_head":"<!-- This site is optimized with the Yoast SEO plugin v27.3 - https:\/\/yoast.com\/product\/yoast-seo-wordpress\/ -->\n<title>Ulcinj - Visit Montenegro<\/title>\n<meta name=\"description\" content=\"Istra\u017eite Ulcinjeve pje\u0161\u010dane pla\u017ee, istorijski stari grad i mediteranski \u0161arm. Planirajte svoj put u ju\u017eni dragulj Crne Gore uz na\u0161 vodi\u010d do atrakcija i vi\u0161e.\" \/>\n<meta name=\"robots\" content=\"index, follow, max-snippet:-1, max-image-preview:large, max-video-preview:-1\" \/>\n<link rel=\"canonical\" href=\"https:\/\/www.visit-montenegro.com\/me\/destinacije\/ulcinj\/\" \/>\n<meta property=\"og:locale\" content=\"en_US\" \/>\n<meta property=\"og:type\" content=\"article\" \/>\n<meta property=\"og:title\" content=\"Ulcinj - Visit Montenegro\" \/>\n<meta property=\"og:description\" content=\"Istra\u017eite Ulcinjeve pje\u0161\u010dane pla\u017ee, istorijski stari grad i mediteranski \u0161arm. Planirajte svoj put u ju\u017eni dragulj Crne Gore uz na\u0161 vodi\u010d do atrakcija i vi\u0161e.\" \/>\n<meta property=\"og:url\" content=\"https:\/\/www.visit-montenegro.com\/me\/destinacije\/ulcinj\/\" \/>\n<meta property=\"og:site_name\" content=\"Visit Montenegro\" \/>\n<meta property=\"article:publisher\" content=\"https:\/\/www.facebook.com\/visitmontenegro\" \/>\n<meta property=\"article:modified_time\" content=\"2026-02-23T10:52:20+00:00\" \/>\n<meta property=\"og:image\" content=\"https:\/\/www.visit-montenegro.com\/wp-content\/uploads\/2026\/01\/ulcinj-aerial-scaled.jpg\" \/>\n\t<meta property=\"og:image:width\" content=\"1600\" \/>\n\t<meta property=\"og:image:height\" content=\"1067\" \/>\n\t<meta property=\"og:image:type\" content=\"image\/jpeg\" \/>\n<meta name=\"twitter:card\" content=\"summary_large_image\" \/>\n<meta name=\"twitter:site\" content=\"@visitmontenegro\" \/>\n<meta name=\"twitter:label1\" content=\"Est. reading time\" \/>\n\t<meta name=\"twitter:data1\" content=\"2 minutes\" \/>\n<script type=\"application\/ld+json\" class=\"yoast-schema-graph\">{\"@context\":\"https:\\\/\\\/schema.org\",\"@graph\":[{\"@type\":\"WebPage\",\"@id\":\"https:\\\/\\\/www.visit-montenegro.com\\\/me\\\/destinacije\\\/ulcinj\\\/\",\"url\":\"https:\\\/\\\/www.visit-montenegro.com\\\/me\\\/destinacije\\\/ulcinj\\\/\",\"name\":\"Ulcinj - Visit Montenegro\",\"isPartOf\":{\"@id\":\"https:\\\/\\\/www.visit-montenegro.com\\\/me\\\/#website\"},\"primaryImageOfPage\":{\"@id\":\"https:\\\/\\\/www.visit-montenegro.com\\\/me\\\/destinacije\\\/ulcinj\\\/#primaryimage\"},\"image\":{\"@id\":\"https:\\\/\\\/www.visit-montenegro.com\\\/me\\\/destinacije\\\/ulcinj\\\/#primaryimage\"},\"thumbnailUrl\":\"https:\\\/\\\/www.visit-montenegro.com\\\/wp-content\\\/uploads\\\/2026\\\/01\\\/ulcinj-aerial-scaled.jpg\",\"datePublished\":\"2026-01-27T20:44:32+00:00\",\"dateModified\":\"2026-02-23T10:52:20+00:00\",\"description\":\"Istra\u017eite Ulcinjeve pje\u0161\u010dane pla\u017ee, istorijski stari grad i mediteranski \u0161arm. Planirajte svoj put u ju\u017eni dragulj Crne Gore uz na\u0161 vodi\u010d do atrakcija i vi\u0161e.\",\"breadcrumb\":{\"@id\":\"https:\\\/\\\/www.visit-montenegro.com\\\/me\\\/destinacije\\\/ulcinj\\\/#breadcrumb\"},\"inLanguage\":\"sr-Latn-ME\",\"potentialAction\":[{\"@type\":\"ReadAction\",\"target\":[\"https:\\\/\\\/www.visit-montenegro.com\\\/me\\\/destinacije\\\/ulcinj\\\/\"]}]},{\"@type\":\"ImageObject\",\"inLanguage\":\"sr-Latn-ME\",\"@id\":\"https:\\\/\\\/www.visit-montenegro.com\\\/me\\\/destinacije\\\/ulcinj\\\/#primaryimage\",\"url\":\"https:\\\/\\\/www.visit-montenegro.com\\\/wp-content\\\/uploads\\\/2026\\\/01\\\/ulcinj-aerial-scaled.jpg\",\"contentUrl\":\"https:\\\/\\\/www.visit-montenegro.com\\\/wp-content\\\/uploads\\\/2026\\\/01\\\/ulcinj-aerial-scaled.jpg\",\"width\":1600,\"height\":1067,\"caption\":\"Pogled iz zraka na stari grad Ulcinja - najju\u017eniji grad Crne Gore.\"},{\"@type\":\"BreadcrumbList\",\"@id\":\"https:\\\/\\\/www.visit-montenegro.com\\\/me\\\/destinacije\\\/ulcinj\\\/#breadcrumb\",\"itemListElement\":[{\"@type\":\"ListItem\",\"position\":1,\"name\":\"Home\",\"item\":\"https:\\\/\\\/www.visit-montenegro.com\\\/me\\\/pocetna\\\/\"},{\"@type\":\"ListItem\",\"position\":2,\"name\":\"Turisti\u010dke destinacije u Crnoj Gori\",\"item\":\"https:\\\/\\\/www.visit-montenegro.com\\\/me\\\/destinacije\\\/\"},{\"@type\":\"ListItem\",\"position\":3,\"name\":\"Ulcinj\"}]},{\"@type\":\"WebSite\",\"@id\":\"https:\\\/\\\/www.visit-montenegro.com\\\/me\\\/#website\",\"url\":\"https:\\\/\\\/www.visit-montenegro.com\\\/me\\\/\",\"name\":\"Visit Montenegro\",\"description\":\"Breathtaking beauty\",\"publisher\":{\"@id\":\"https:\\\/\\\/www.visit-montenegro.com\\\/me\\\/#organization\"},\"potentialAction\":[{\"@type\":\"SearchAction\",\"target\":{\"@type\":\"EntryPoint\",\"urlTemplate\":\"https:\\\/\\\/www.visit-montenegro.com\\\/me\\\/?s={search_term_string}\"},\"query-input\":{\"@type\":\"PropertyValueSpecification\",\"valueRequired\":true,\"valueName\":\"search_term_string\"}}],\"inLanguage\":\"sr-Latn-ME\"},{\"@type\":\"Organization\",\"@id\":\"https:\\\/\\\/www.visit-montenegro.com\\\/me\\\/#organization\",\"name\":\"Visit Montenegro\",\"url\":\"https:\\\/\\\/www.visit-montenegro.com\\\/me\\\/\",\"logo\":{\"@type\":\"ImageObject\",\"inLanguage\":\"sr-Latn-ME\",\"@id\":\"https:\\\/\\\/www.visit-montenegro.com\\\/me\\\/#\\\/schema\\\/logo\\\/image\\\/\",\"url\":\"https:\\\/\\\/www.visit-montenegro.com\\\/wp-content\\\/uploads\\\/2017\\\/10\\\/logo-amp.png\",\"contentUrl\":\"https:\\\/\\\/www.visit-montenegro.com\\\/wp-content\\\/uploads\\\/2017\\\/10\\\/logo-amp.png\",\"width\":190,\"height\":36,\"caption\":\"Visit Montenegro\"},\"image\":{\"@id\":\"https:\\\/\\\/www.visit-montenegro.com\\\/me\\\/#\\\/schema\\\/logo\\\/image\\\/\"},\"sameAs\":[\"https:\\\/\\\/www.facebook.com\\\/visitmontenegro\",\"https:\\\/\\\/x.com\\\/visitmontenegro\",\"https:\\\/\\\/www.instagram.com\\\/visit_montenegro\\\/\",\"https:\\\/\\\/www.youtube.com\\\/user\\\/VisitMontenegro\"]}]}<\/script>\n<!-- \/ Yoast SEO plugin. -->","yoast_head_json":{"title":"Ulcinj - Visit Montenegro","description":"Istra\u017eite Ulcinjeve pje\u0161\u010dane pla\u017ee, istorijski stari grad i mediteranski \u0161arm. Planirajte svoj put u ju\u017eni dragulj Crne Gore uz na\u0161 vodi\u010d do atrakcija i vi\u0161e.","robots":{"index":"index","follow":"follow","max-snippet":"max-snippet:-1","max-image-preview":"max-image-preview:large","max-video-preview":"max-video-preview:-1"},"canonical":"https:\/\/www.visit-montenegro.com\/me\/destinacije\/ulcinj\/","og_locale":"en_US","og_type":"article","og_title":"Ulcinj - Visit Montenegro","og_description":"Istra\u017eite Ulcinjeve pje\u0161\u010dane pla\u017ee, istorijski stari grad i mediteranski \u0161arm. Planirajte svoj put u ju\u017eni dragulj Crne Gore uz na\u0161 vodi\u010d do atrakcija i vi\u0161e.","og_url":"https:\/\/www.visit-montenegro.com\/me\/destinacije\/ulcinj\/","og_site_name":"Visit Montenegro","article_publisher":"https:\/\/www.facebook.com\/visitmontenegro","article_modified_time":"2026-02-23T10:52:20+00:00","og_image":[{"width":1600,"height":1067,"url":"https:\/\/www.visit-montenegro.com\/wp-content\/uploads\/2026\/01\/ulcinj-aerial-scaled.jpg","type":"image\/jpeg"}],"twitter_card":"summary_large_image","twitter_site":"@visitmontenegro","twitter_misc":{"Est. reading time":"2 minutes"},"schema":{"@context":"https:\/\/schema.org","@graph":[{"@type":"WebPage","@id":"https:\/\/www.visit-montenegro.com\/me\/destinacije\/ulcinj\/","url":"https:\/\/www.visit-montenegro.com\/me\/destinacije\/ulcinj\/","name":"Ulcinj - Visit Montenegro","isPartOf":{"@id":"https:\/\/www.visit-montenegro.com\/me\/#website"},"primaryImageOfPage":{"@id":"https:\/\/www.visit-montenegro.com\/me\/destinacije\/ulcinj\/#primaryimage"},"image":{"@id":"https:\/\/www.visit-montenegro.com\/me\/destinacije\/ulcinj\/#primaryimage"},"thumbnailUrl":"https:\/\/www.visit-montenegro.com\/wp-content\/uploads\/2026\/01\/ulcinj-aerial-scaled.jpg","datePublished":"2026-01-27T20:44:32+00:00","dateModified":"2026-02-23T10:52:20+00:00","description":"Istra\u017eite Ulcinjeve pje\u0161\u010dane pla\u017ee, istorijski stari grad i mediteranski \u0161arm. Planirajte svoj put u ju\u017eni dragulj Crne Gore uz na\u0161 vodi\u010d do atrakcija i vi\u0161e.","breadcrumb":{"@id":"https:\/\/www.visit-montenegro.com\/me\/destinacije\/ulcinj\/#breadcrumb"},"inLanguage":"sr-Latn-ME","potentialAction":[{"@type":"ReadAction","target":["https:\/\/www.visit-montenegro.com\/me\/destinacije\/ulcinj\/"]}]},{"@type":"ImageObject","inLanguage":"sr-Latn-ME","@id":"https:\/\/www.visit-montenegro.com\/me\/destinacije\/ulcinj\/#primaryimage","url":"https:\/\/www.visit-montenegro.com\/wp-content\/uploads\/2026\/01\/ulcinj-aerial-scaled.jpg","contentUrl":"https:\/\/www.visit-montenegro.com\/wp-content\/uploads\/2026\/01\/ulcinj-aerial-scaled.jpg","width":1600,"height":1067,"caption":"Pogled iz zraka na stari grad Ulcinja - najju\u017eniji grad Crne Gore."},{"@type":"BreadcrumbList","@id":"https:\/\/www.visit-montenegro.com\/me\/destinacije\/ulcinj\/#breadcrumb","itemListElement":[{"@type":"ListItem","position":1,"name":"Home","item":"https:\/\/www.visit-montenegro.com\/me\/pocetna\/"},{"@type":"ListItem","position":2,"name":"Turisti\u010dke destinacije u Crnoj Gori","item":"https:\/\/www.visit-montenegro.com\/me\/destinacije\/"},{"@type":"ListItem","position":3,"name":"Ulcinj"}]},{"@type":"WebSite","@id":"https:\/\/www.visit-montenegro.com\/me\/#website","url":"https:\/\/www.visit-montenegro.com\/me\/","name":"Visit Montenegro","description":"Breathtaking beauty","publisher":{"@id":"https:\/\/www.visit-montenegro.com\/me\/#organization"},"potentialAction":[{"@type":"SearchAction","target":{"@type":"EntryPoint","urlTemplate":"https:\/\/www.visit-montenegro.com\/me\/?s={search_term_string}"},"query-input":{"@type":"PropertyValueSpecification","valueRequired":true,"valueName":"search_term_string"}}],"inLanguage":"sr-Latn-ME"},{"@type":"Organization","@id":"https:\/\/www.visit-montenegro.com\/me\/#organization","name":"Visit Montenegro","url":"https:\/\/www.visit-montenegro.com\/me\/","logo":{"@type":"ImageObject","inLanguage":"sr-Latn-ME","@id":"https:\/\/www.visit-montenegro.com\/me\/#\/schema\/logo\/image\/","url":"https:\/\/www.visit-montenegro.com\/wp-content\/uploads\/2017\/10\/logo-amp.png","contentUrl":"https:\/\/www.visit-montenegro.com\/wp-content\/uploads\/2017\/10\/logo-amp.png","width":190,"height":36,"caption":"Visit Montenegro"},"image":{"@id":"https:\/\/www.visit-montenegro.com\/me\/#\/schema\/logo\/image\/"},"sameAs":["https:\/\/www.facebook.com\/visitmontenegro","https:\/\/x.com\/visitmontenegro","https:\/\/www.instagram.com\/visit_montenegro\/","https:\/\/www.youtube.com\/user\/VisitMontenegro"]}]}},"translations":[],"_links":{"self":[{"href":"https:\/\/www.visit-montenegro.com\/me\/wp-json\/wp\/v2\/pages\/135082","targetHints":{"allow":["GET"]}}],"collection":[{"href":"https:\/\/www.visit-montenegro.com\/me\/wp-json\/wp\/v2\/pages"}],"about":[{"href":"https:\/\/www.visit-montenegro.com\/me\/wp-json\/wp\/v2\/types\/page"}],"author":[{"embeddable":true,"href":"https:\/\/www.visit-montenegro.com\/me\/wp-json\/wp\/v2\/users\/1"}],"replies":[{"embeddable":true,"href":"https:\/\/www.visit-montenegro.com\/me\/wp-json\/wp\/v2\/comments?post=135082"}],"version-history":[{"count":0,"href":"https:\/\/www.visit-montenegro.com\/me\/wp-json\/wp\/v2\/pages\/135082\/revisions"}],"up":[{"embeddable":true,"href":"https:\/\/www.visit-montenegro.com\/me\/wp-json\/wp\/v2\/pages\/134092"}],"wp:featuredmedia":[{"embeddable":true,"href":"https:\/\/www.visit-montenegro.com\/me\/wp-json\/wp\/v2\/media\/135043"}],"wp:attachment":[{"href":"https:\/\/www.visit-montenegro.com\/me\/wp-json\/wp\/v2\/media?parent=135082"}],"wp:term":[{"taxonomy":"post_tag","embeddable":true,"href":"https:\/\/www.visit-montenegro.com\/me\/wp-json\/wp\/v2\/tags?post=135082"}],"curies":[{"name":"wp","href":"https:\/\/api.w.org\/{rel}","templated":true}]}}