{"id":135095,"date":"2026-01-27T21:44:31","date_gmt":"2026-01-27T20:44:31","guid":{"rendered":"https:\/\/new.visit-montenegro.com\/destinacije\/budva\/atrakcije\/sveti-stefan\/"},"modified":"2026-02-22T17:12:22","modified_gmt":"2026-02-22T16:12:22","slug":"sveti-stefan","status":"publish","type":"page","link":"https:\/\/www.visit-montenegro.com\/me\/destinacije\/budva\/atrakcije\/sveti-stefan\/","title":{"rendered":"Sveti Stefan"},"content":{"rendered":"\n<p><strong>Sveti Stefan<\/strong> je moderno ljetovali\u0161te u Crnoj Gori, poznato po elitnom turizmu i glamuroznoj istoriji. Prvobitno odbrambeno mjesto za pleme Pastrovi\u0107a u 15. vijeku, karakteri\u0161u ga uske ulice, trgovi, crkve i hoteli u mediteranskom stilu.<\/p>\n\n<hr class=\"wp-block-separator has-alpha-channel-opacity\"\/>\n\n<h2 class=\"wp-block-heading\">Istorija i transformacija Svetog Stefana<\/h2>\n\n<p>Ostrvo <strong>Sveti Stefan<\/strong> je danas najpoznatije kao moderno ljetovali\u0161te. Pje\u0161\u010danim prevojem je povezano sa kopnom, a takva ostrva, koja su danas vrlo rijetka, nazivaju se &#8220;tombolo&#8221;. \u010cuveno pleme Pastrovi\u0107i je koristilo ovo mjesto u pro\u0161losti, ta\u010dnije tokom XV vijeka za odbranu od neprijatelja. Danas, to mjesto nas podsje\u0107a na to kroz topovske otvore i topove koji su sa\u010duvani kao uspomena na pro\u0161la vremena. Unutra\u0161njost grada \u010dine krivudave, uske ulice. Tako\u0111e imamo slikovite trgove, 3 crkve, a hotelski apartmani se nalaze u elegantnim ku\u0107ama izgra\u0111enim u mediteranskom stilu.<\/p>\n\n<figure class=\"wp-block-image size-full\"><img loading=\"lazy\" decoding=\"async\" width=\"1024\" height=\"600\" src=\"https:\/\/www.visit-montenegro.com\/wp-content\/uploads\/2016\/04\/Sv.Stefan.jpg\" alt=\"\" class=\"wp-image-29166\" srcset=\"https:\/\/www.visit-montenegro.com\/wp-content\/uploads\/2016\/04\/Sv.Stefan.jpg 1024w, https:\/\/www.visit-montenegro.com\/wp-content\/uploads\/2016\/04\/Sv.Stefan-300x176.jpg 300w, https:\/\/www.visit-montenegro.com\/wp-content\/uploads\/2016\/04\/Sv.Stefan-768x450.jpg 768w\" sizes=\"auto, (max-width: 1024px) 100vw, 1024px\" \/><figcaption class=\"wp-element-caption\">fotografija uz dozvolu <a href=\"https:\/\/www.instagram.com\/earthy_colors_\/\" target=\"_blank\">@earthy_colors_<\/a><\/figcaption><\/figure>\n\n<p><strong>Sveti Stefan<\/strong> je ljetovali\u0161te za elitne turiste i za turiste koji \u017eude za glamurozno\u0161\u0107u. Kada je krajem 1940-ih donesena odluka da se ovo mjesto pretvori u turisti\u010dki objekat, zapo\u010delo je stvaranje nove istorije za <strong>Sveti Stefan<\/strong>. Njegova slava od tada do danas svijetu je predstavljena od strane glumaca kao \u0161to su <strong>Sofia Loren i Carlo Bruni<\/strong>, kao i predsednici ve\u0107ine zemalja svijeta, pjeva\u010di, nau\u010dnici i mnogi drugi. Engleska <strong>princeza Margaret<\/strong> je boravila, kao i <strong>italijanski kralj Umberto II od Savoje<\/strong>, poznati svjetski glumci poput: <strong>Kirk Douglas<\/strong>, <strong>Doris Day<\/strong>, <strong>Geraldine Chaplin<\/strong>, <strong>Sidney Poatie<\/strong>, <strong>Richard Vidmark<\/strong>, <strong>Sylvester Stallone<\/strong>, <strong>Jeremy Irons<\/strong>&#8230; Poznati knji\u017eevnici Andre Marlow i Alberto Moravia tako\u0111e su boravili u <strong>Svetom Stefanu<\/strong>, kao i sovjetski astronaut Yuri Gagarin, poznati \u0161ahovski majstor Robert Fisher, kao i najljep\u0161e \u017eene na svijetu Claudia Shifer. Ve\u0107ina pomenutih &#8220;okrunjenih glava&#8221; boravila je u vili 118, koja je deo hotelskog kompleksa &#8220;Sveti Stefan&#8221;. Za tu ekskluzivnu vilu, cijena boravka se dogovara sa zakupcem. Po\u010detna cijena je 1.500 evra dnevno.<\/p>\n\n<p>Godine 1972, <strong>Sveti Stefan<\/strong> je dobio nagradu &#8220;Zlatna jabuka&#8221;, kao najekskluzivnije ljetovali\u0161te na svijetu. U njegovoj neposrednoj blizini nalazi se biv\u0161a kraljevska ljetna rezidencija, koja je danas hotel Milocer.<\/p>\n\n<h2 class=\"wp-block-heading\">Hotel Milocer i njegovo prirodno okru\u017eenje<\/h2>\n\n<p>Hotel Milocer je potpuno okru\u017een borovim \u0161umama. U neposrednoj blizini je predivan park, koji \u010dine aleje borova, uredno ure\u0111eni manji parkovi sa raznim cvije\u0107em, dvije pla\u017ee, \u0161etali\u0161te koje du\u017e manjeg brda vodi do hotela <strong>Sveti Stefan<\/strong>. Poseban do\u017eivljaj predstavlja ru\u010dak ili ve\u010dera u otvorenom restoranu hotela, koji je izgra\u0111en od najfinijeg bijelog kamena.<\/p>\n\n<figure class=\"wp-block-image size-large\"><img loading=\"lazy\" decoding=\"async\" width=\"1024\" height=\"678\" src=\"https:\/\/www.visit-montenegro.com\/wp-content\/uploads\/2026\/01\/budva-king-beach-1024x678.jpg\" alt=\"\" class=\"wp-image-36007\" srcset=\"https:\/\/www.visit-montenegro.com\/wp-content\/uploads\/2026\/01\/budva-king-beach-1024x678.jpg 1024w, https:\/\/www.visit-montenegro.com\/wp-content\/uploads\/2026\/01\/budva-king-beach-300x199.jpg 300w, https:\/\/www.visit-montenegro.com\/wp-content\/uploads\/2026\/01\/budva-king-beach-768x508.jpg 768w, https:\/\/www.visit-montenegro.com\/wp-content\/uploads\/2026\/01\/budva-king-beach-1536x1017.jpg 1536w, https:\/\/www.visit-montenegro.com\/wp-content\/uploads\/2026\/01\/budva-king-beach-1200x794.jpg 1200w, https:\/\/www.visit-montenegro.com\/wp-content\/uploads\/2026\/01\/budva-king-beach-scaled.jpg 1600w\" sizes=\"auto, (max-width: 1024px) 100vw, 1024px\" \/><figcaption class=\"wp-element-caption\">Ugodna pla\u017ea je skrivena me\u0111u stijenama izme\u0111u Petrovca i Re\u017eevi\u0107a, najbolji na\u010din da do\u0111ete ovdje je da iznajmite \u010damac i u\u017eivate u ti\u0161ini i privatnosti, Crna Gora.<\/figcaption><\/figure>\n\n<p>Takvo prirodno okru\u017eenje, kao \u0161to je okru\u017eenje Milocera, idealno je za odmor turista sa profinjenim ukusom. To je savr\u0161eno mjesto za ljubitelje odmira u miru, koji remeti samo cvrkut neke ptice ili \u017eubor pliva\u010da.<\/p>\n","protected":false},"excerpt":{"rendered":"<p>Otkrijte Sveti Stefan, elitno ljetovali\u0161te u Crnoj Gori sa bogatom istorijom i glamuroznom pro\u0161lo\u0161\u0107u. Istra\u017eite njegovu transformaciju od odbrambenog mjesta do luksuzne destinacije, koju pose\u0107uju poznate li\u010dnosti i kraljevske porodice. Saznajte o obli\u017enjem Hotelu Milocer i njegovom mirnom prirodnom okru\u017eenju za opu\u0161taju\u0107i odmor.<\/p>\n","protected":false},"author":1,"featured_media":135096,"parent":134050,"menu_order":0,"comment_status":"closed","ping_status":"closed","template":"","meta":{"_yoast_wpseo_focuskw":"Sveti Stefan","_yoast_wpseo_metadesc":"Istra\u017eite Sveti Stefan, ekskluzivno ljetovali\u0161te u Crnoj Gori sa istorijskim \u0161armom i privla\u010dno\u0161\u0107u za poznate li\u010dnosti. Otkrijte njegovu transformaciju, luksuzne vile i mirni Hotel Milocer za glamurozno putovanje.","_kad_post_transparent":"","_kad_post_title":"","_kad_post_layout":"","_kad_post_sidebar_id":"","_kad_post_content_style":"","_kad_post_vertical_padding":"","_kad_post_feature":"","_kad_post_feature_position":"","_kad_post_header":false,"_kad_post_footer":false,"_kad_post_classname":"","iawp_total_views":13,"footnotes":""},"tags":[140,52,139,62,141,76],"class_list":["post-135095","page","type-page","status-publish","has-post-thumbnail","hentry","tag-crna-gora","tag-montenegro","tag-news","tag-tourism","tag-travel","tag-visit"],"yoast_head":"<!-- This site is optimized with the Yoast SEO plugin v27.3 - https:\/\/yoast.com\/product\/yoast-seo-wordpress\/ -->\n<title>Sveti Stefan - Visit Montenegro<\/title>\n<meta name=\"description\" content=\"Istra\u017eite Sveti Stefan, ekskluzivno ljetovali\u0161te u Crnoj Gori sa istorijskim \u0161armom i privla\u010dno\u0161\u0107u za poznate li\u010dnosti. Otkrijte njegovu transformaciju, luksuzne vile i mirni Hotel Milocer za glamurozno putovanje.\" \/>\n<meta name=\"robots\" content=\"index, follow, max-snippet:-1, max-image-preview:large, max-video-preview:-1\" \/>\n<link rel=\"canonical\" href=\"https:\/\/www.visit-montenegro.com\/me\/destinacije\/budva\/atrakcije\/sveti-stefan\/\" \/>\n<meta property=\"og:locale\" content=\"en_US\" \/>\n<meta property=\"og:type\" content=\"article\" \/>\n<meta property=\"og:title\" content=\"Sveti Stefan - Visit Montenegro\" \/>\n<meta property=\"og:description\" content=\"Istra\u017eite Sveti Stefan, ekskluzivno ljetovali\u0161te u Crnoj Gori sa istorijskim \u0161armom i privla\u010dno\u0161\u0107u za poznate li\u010dnosti. Otkrijte njegovu transformaciju, luksuzne vile i mirni Hotel Milocer za glamurozno putovanje.\" \/>\n<meta property=\"og:url\" content=\"https:\/\/www.visit-montenegro.com\/me\/destinacije\/budva\/atrakcije\/sveti-stefan\/\" \/>\n<meta property=\"og:site_name\" content=\"Visit Montenegro\" \/>\n<meta property=\"article:publisher\" content=\"https:\/\/www.facebook.com\/visitmontenegro\" \/>\n<meta property=\"article:modified_time\" content=\"2026-02-22T16:12:22+00:00\" \/>\n<meta property=\"og:image\" content=\"https:\/\/www.visit-montenegro.com\/wp-content\/uploads\/2026\/01\/sveti-stefan-drone-scaled.jpg\" \/>\n\t<meta property=\"og:image:width\" content=\"1600\" \/>\n\t<meta property=\"og:image:height\" content=\"1067\" \/>\n\t<meta property=\"og:image:type\" content=\"image\/jpeg\" \/>\n<meta name=\"twitter:card\" content=\"summary_large_image\" \/>\n<meta name=\"twitter:site\" content=\"@visitmontenegro\" \/>\n<meta name=\"twitter:label1\" content=\"Est. reading time\" \/>\n\t<meta name=\"twitter:data1\" content=\"2 minutes\" \/>\n<script type=\"application\/ld+json\" class=\"yoast-schema-graph\">{\"@context\":\"https:\\\/\\\/schema.org\",\"@graph\":[{\"@type\":\"WebPage\",\"@id\":\"https:\\\/\\\/www.visit-montenegro.com\\\/me\\\/destinacije\\\/budva\\\/atrakcije\\\/sveti-stefan\\\/\",\"url\":\"https:\\\/\\\/www.visit-montenegro.com\\\/me\\\/destinacije\\\/budva\\\/atrakcije\\\/sveti-stefan\\\/\",\"name\":\"Sveti Stefan - Visit Montenegro\",\"isPartOf\":{\"@id\":\"https:\\\/\\\/www.visit-montenegro.com\\\/me\\\/#website\"},\"primaryImageOfPage\":{\"@id\":\"https:\\\/\\\/www.visit-montenegro.com\\\/me\\\/destinacije\\\/budva\\\/atrakcije\\\/sveti-stefan\\\/#primaryimage\"},\"image\":{\"@id\":\"https:\\\/\\\/www.visit-montenegro.com\\\/me\\\/destinacije\\\/budva\\\/atrakcije\\\/sveti-stefan\\\/#primaryimage\"},\"thumbnailUrl\":\"https:\\\/\\\/www.visit-montenegro.com\\\/wp-content\\\/uploads\\\/2026\\\/01\\\/sveti-stefan-drone-scaled.jpg\",\"datePublished\":\"2026-01-27T20:44:31+00:00\",\"dateModified\":\"2026-02-22T16:12:22+00:00\",\"description\":\"Istra\u017eite Sveti Stefan, ekskluzivno ljetovali\u0161te u Crnoj Gori sa istorijskim \u0161armom i privla\u010dno\u0161\u0107u za poznate li\u010dnosti. Otkrijte njegovu transformaciju, luksuzne vile i mirni Hotel Milocer za glamurozno putovanje.\",\"breadcrumb\":{\"@id\":\"https:\\\/\\\/www.visit-montenegro.com\\\/me\\\/destinacije\\\/budva\\\/atrakcije\\\/sveti-stefan\\\/#breadcrumb\"},\"inLanguage\":\"sr-Latn-ME\",\"potentialAction\":[{\"@type\":\"ReadAction\",\"target\":[\"https:\\\/\\\/www.visit-montenegro.com\\\/me\\\/destinacije\\\/budva\\\/atrakcije\\\/sveti-stefan\\\/\"]}]},{\"@type\":\"ImageObject\",\"inLanguage\":\"sr-Latn-ME\",\"@id\":\"https:\\\/\\\/www.visit-montenegro.com\\\/me\\\/destinacije\\\/budva\\\/atrakcije\\\/sveti-stefan\\\/#primaryimage\",\"url\":\"https:\\\/\\\/www.visit-montenegro.com\\\/wp-content\\\/uploads\\\/2026\\\/01\\\/sveti-stefan-drone-scaled.jpg\",\"contentUrl\":\"https:\\\/\\\/www.visit-montenegro.com\\\/wp-content\\\/uploads\\\/2026\\\/01\\\/sveti-stefan-drone-scaled.jpg\",\"width\":1600,\"height\":1067,\"caption\":\"Pogled odozgo na ostrvo sa zgradama na suncu\"},{\"@type\":\"BreadcrumbList\",\"@id\":\"https:\\\/\\\/www.visit-montenegro.com\\\/me\\\/destinacije\\\/budva\\\/atrakcije\\\/sveti-stefan\\\/#breadcrumb\",\"itemListElement\":[{\"@type\":\"ListItem\",\"position\":1,\"name\":\"Home\",\"item\":\"https:\\\/\\\/www.visit-montenegro.com\\\/me\\\/pocetna\\\/\"},{\"@type\":\"ListItem\",\"position\":2,\"name\":\"Turisti\u010dke destinacije u Crnoj Gori\",\"item\":\"https:\\\/\\\/www.visit-montenegro.com\\\/me\\\/destinacije\\\/\"},{\"@type\":\"ListItem\",\"position\":3,\"name\":\"Budva\",\"item\":\"https:\\\/\\\/www.visit-montenegro.com\\\/me\\\/destinacije\\\/budva\\\/\"},{\"@type\":\"ListItem\",\"position\":4,\"name\":\"Atrakcije Budve\",\"item\":\"https:\\\/\\\/www.visit-montenegro.com\\\/me\\\/destinations\\\/budva\\\/attractions\\\/\"},{\"@type\":\"ListItem\",\"position\":5,\"name\":\"Sveti Stefan\"}]},{\"@type\":\"WebSite\",\"@id\":\"https:\\\/\\\/www.visit-montenegro.com\\\/me\\\/#website\",\"url\":\"https:\\\/\\\/www.visit-montenegro.com\\\/me\\\/\",\"name\":\"Visit Montenegro\",\"description\":\"Breathtaking beauty\",\"publisher\":{\"@id\":\"https:\\\/\\\/www.visit-montenegro.com\\\/me\\\/#organization\"},\"potentialAction\":[{\"@type\":\"SearchAction\",\"target\":{\"@type\":\"EntryPoint\",\"urlTemplate\":\"https:\\\/\\\/www.visit-montenegro.com\\\/me\\\/?s={search_term_string}\"},\"query-input\":{\"@type\":\"PropertyValueSpecification\",\"valueRequired\":true,\"valueName\":\"search_term_string\"}}],\"inLanguage\":\"sr-Latn-ME\"},{\"@type\":\"Organization\",\"@id\":\"https:\\\/\\\/www.visit-montenegro.com\\\/me\\\/#organization\",\"name\":\"Visit Montenegro\",\"url\":\"https:\\\/\\\/www.visit-montenegro.com\\\/me\\\/\",\"logo\":{\"@type\":\"ImageObject\",\"inLanguage\":\"sr-Latn-ME\",\"@id\":\"https:\\\/\\\/www.visit-montenegro.com\\\/me\\\/#\\\/schema\\\/logo\\\/image\\\/\",\"url\":\"https:\\\/\\\/www.visit-montenegro.com\\\/wp-content\\\/uploads\\\/2017\\\/10\\\/logo-amp.png\",\"contentUrl\":\"https:\\\/\\\/www.visit-montenegro.com\\\/wp-content\\\/uploads\\\/2017\\\/10\\\/logo-amp.png\",\"width\":190,\"height\":36,\"caption\":\"Visit Montenegro\"},\"image\":{\"@id\":\"https:\\\/\\\/www.visit-montenegro.com\\\/me\\\/#\\\/schema\\\/logo\\\/image\\\/\"},\"sameAs\":[\"https:\\\/\\\/www.facebook.com\\\/visitmontenegro\",\"https:\\\/\\\/x.com\\\/visitmontenegro\",\"https:\\\/\\\/www.instagram.com\\\/visit_montenegro\\\/\",\"https:\\\/\\\/www.youtube.com\\\/user\\\/VisitMontenegro\"]}]}<\/script>\n<!-- \/ Yoast SEO plugin. -->","yoast_head_json":{"title":"Sveti Stefan - Visit Montenegro","description":"Istra\u017eite Sveti Stefan, ekskluzivno ljetovali\u0161te u Crnoj Gori sa istorijskim \u0161armom i privla\u010dno\u0161\u0107u za poznate li\u010dnosti. Otkrijte njegovu transformaciju, luksuzne vile i mirni Hotel Milocer za glamurozno putovanje.","robots":{"index":"index","follow":"follow","max-snippet":"max-snippet:-1","max-image-preview":"max-image-preview:large","max-video-preview":"max-video-preview:-1"},"canonical":"https:\/\/www.visit-montenegro.com\/me\/destinacije\/budva\/atrakcije\/sveti-stefan\/","og_locale":"en_US","og_type":"article","og_title":"Sveti Stefan - Visit Montenegro","og_description":"Istra\u017eite Sveti Stefan, ekskluzivno ljetovali\u0161te u Crnoj Gori sa istorijskim \u0161armom i privla\u010dno\u0161\u0107u za poznate li\u010dnosti. Otkrijte njegovu transformaciju, luksuzne vile i mirni Hotel Milocer za glamurozno putovanje.","og_url":"https:\/\/www.visit-montenegro.com\/me\/destinacije\/budva\/atrakcije\/sveti-stefan\/","og_site_name":"Visit Montenegro","article_publisher":"https:\/\/www.facebook.com\/visitmontenegro","article_modified_time":"2026-02-22T16:12:22+00:00","og_image":[{"width":1600,"height":1067,"url":"https:\/\/www.visit-montenegro.com\/wp-content\/uploads\/2026\/01\/sveti-stefan-drone-scaled.jpg","type":"image\/jpeg"}],"twitter_card":"summary_large_image","twitter_site":"@visitmontenegro","twitter_misc":{"Est. reading time":"2 minutes"},"schema":{"@context":"https:\/\/schema.org","@graph":[{"@type":"WebPage","@id":"https:\/\/www.visit-montenegro.com\/me\/destinacije\/budva\/atrakcije\/sveti-stefan\/","url":"https:\/\/www.visit-montenegro.com\/me\/destinacije\/budva\/atrakcije\/sveti-stefan\/","name":"Sveti Stefan - Visit Montenegro","isPartOf":{"@id":"https:\/\/www.visit-montenegro.com\/me\/#website"},"primaryImageOfPage":{"@id":"https:\/\/www.visit-montenegro.com\/me\/destinacije\/budva\/atrakcije\/sveti-stefan\/#primaryimage"},"image":{"@id":"https:\/\/www.visit-montenegro.com\/me\/destinacije\/budva\/atrakcije\/sveti-stefan\/#primaryimage"},"thumbnailUrl":"https:\/\/www.visit-montenegro.com\/wp-content\/uploads\/2026\/01\/sveti-stefan-drone-scaled.jpg","datePublished":"2026-01-27T20:44:31+00:00","dateModified":"2026-02-22T16:12:22+00:00","description":"Istra\u017eite Sveti Stefan, ekskluzivno ljetovali\u0161te u Crnoj Gori sa istorijskim \u0161armom i privla\u010dno\u0161\u0107u za poznate li\u010dnosti. Otkrijte njegovu transformaciju, luksuzne vile i mirni Hotel Milocer za glamurozno putovanje.","breadcrumb":{"@id":"https:\/\/www.visit-montenegro.com\/me\/destinacije\/budva\/atrakcije\/sveti-stefan\/#breadcrumb"},"inLanguage":"sr-Latn-ME","potentialAction":[{"@type":"ReadAction","target":["https:\/\/www.visit-montenegro.com\/me\/destinacije\/budva\/atrakcije\/sveti-stefan\/"]}]},{"@type":"ImageObject","inLanguage":"sr-Latn-ME","@id":"https:\/\/www.visit-montenegro.com\/me\/destinacije\/budva\/atrakcije\/sveti-stefan\/#primaryimage","url":"https:\/\/www.visit-montenegro.com\/wp-content\/uploads\/2026\/01\/sveti-stefan-drone-scaled.jpg","contentUrl":"https:\/\/www.visit-montenegro.com\/wp-content\/uploads\/2026\/01\/sveti-stefan-drone-scaled.jpg","width":1600,"height":1067,"caption":"Pogled odozgo na ostrvo sa zgradama na suncu"},{"@type":"BreadcrumbList","@id":"https:\/\/www.visit-montenegro.com\/me\/destinacije\/budva\/atrakcije\/sveti-stefan\/#breadcrumb","itemListElement":[{"@type":"ListItem","position":1,"name":"Home","item":"https:\/\/www.visit-montenegro.com\/me\/pocetna\/"},{"@type":"ListItem","position":2,"name":"Turisti\u010dke destinacije u Crnoj Gori","item":"https:\/\/www.visit-montenegro.com\/me\/destinacije\/"},{"@type":"ListItem","position":3,"name":"Budva","item":"https:\/\/www.visit-montenegro.com\/me\/destinacije\/budva\/"},{"@type":"ListItem","position":4,"name":"Atrakcije Budve","item":"https:\/\/www.visit-montenegro.com\/me\/destinations\/budva\/attractions\/"},{"@type":"ListItem","position":5,"name":"Sveti Stefan"}]},{"@type":"WebSite","@id":"https:\/\/www.visit-montenegro.com\/me\/#website","url":"https:\/\/www.visit-montenegro.com\/me\/","name":"Visit Montenegro","description":"Breathtaking beauty","publisher":{"@id":"https:\/\/www.visit-montenegro.com\/me\/#organization"},"potentialAction":[{"@type":"SearchAction","target":{"@type":"EntryPoint","urlTemplate":"https:\/\/www.visit-montenegro.com\/me\/?s={search_term_string}"},"query-input":{"@type":"PropertyValueSpecification","valueRequired":true,"valueName":"search_term_string"}}],"inLanguage":"sr-Latn-ME"},{"@type":"Organization","@id":"https:\/\/www.visit-montenegro.com\/me\/#organization","name":"Visit Montenegro","url":"https:\/\/www.visit-montenegro.com\/me\/","logo":{"@type":"ImageObject","inLanguage":"sr-Latn-ME","@id":"https:\/\/www.visit-montenegro.com\/me\/#\/schema\/logo\/image\/","url":"https:\/\/www.visit-montenegro.com\/wp-content\/uploads\/2017\/10\/logo-amp.png","contentUrl":"https:\/\/www.visit-montenegro.com\/wp-content\/uploads\/2017\/10\/logo-amp.png","width":190,"height":36,"caption":"Visit Montenegro"},"image":{"@id":"https:\/\/www.visit-montenegro.com\/me\/#\/schema\/logo\/image\/"},"sameAs":["https:\/\/www.facebook.com\/visitmontenegro","https:\/\/x.com\/visitmontenegro","https:\/\/www.instagram.com\/visit_montenegro\/","https:\/\/www.youtube.com\/user\/VisitMontenegro"]}]}},"translations":[],"_links":{"self":[{"href":"https:\/\/www.visit-montenegro.com\/me\/wp-json\/wp\/v2\/pages\/135095","targetHints":{"allow":["GET"]}}],"collection":[{"href":"https:\/\/www.visit-montenegro.com\/me\/wp-json\/wp\/v2\/pages"}],"about":[{"href":"https:\/\/www.visit-montenegro.com\/me\/wp-json\/wp\/v2\/types\/page"}],"author":[{"embeddable":true,"href":"https:\/\/www.visit-montenegro.com\/me\/wp-json\/wp\/v2\/users\/1"}],"replies":[{"embeddable":true,"href":"https:\/\/www.visit-montenegro.com\/me\/wp-json\/wp\/v2\/comments?post=135095"}],"version-history":[{"count":0,"href":"https:\/\/www.visit-montenegro.com\/me\/wp-json\/wp\/v2\/pages\/135095\/revisions"}],"up":[{"embeddable":true,"href":"https:\/\/www.visit-montenegro.com\/me\/wp-json\/wp\/v2\/pages\/134050"}],"wp:featuredmedia":[{"embeddable":true,"href":"https:\/\/www.visit-montenegro.com\/me\/wp-json\/wp\/v2\/media\/135096"}],"wp:attachment":[{"href":"https:\/\/www.visit-montenegro.com\/me\/wp-json\/wp\/v2\/media?parent=135095"}],"wp:term":[{"taxonomy":"post_tag","embeddable":true,"href":"https:\/\/www.visit-montenegro.com\/me\/wp-json\/wp\/v2\/tags?post=135095"}],"curies":[{"name":"wp","href":"https:\/\/api.w.org\/{rel}","templated":true}]}}