{"id":135121,"date":"2026-01-27T21:44:31","date_gmt":"2026-01-27T20:44:31","guid":{"rendered":"https:\/\/new.visit-montenegro.com\/destinacije\/budva\/info\/nocni-klubovi\/"},"modified":"2026-02-23T14:14:21","modified_gmt":"2026-02-23T13:14:21","slug":"nocni-klubovi","status":"publish","type":"page","link":"https:\/\/www.visit-montenegro.com\/me\/destinacije\/budva\/info\/nocni-klubovi\/","title":{"rendered":"No\u0107ni klubovi u Budvi"},"content":{"rendered":"\n<p>No\u0107ni \u017eivot u Budvi nudi \u017eivopisne klubove za sve uzraste, sa regionalnim pop zvijezdama, modernim ambijentom i ljubaznim osobljem du\u017e Budvanske rivijere. Pravo klabing se odvija izvan Starog grada, sa opcijama od indie pla\u017enih mjesta do velikih otvorenih klubova sa plesa\u010dima i happy hour-om.<\/p>\n\n<p><a href=\"https:\/\/www.visit-montenegro.com\/me\/destinacije\/budva\/\">Budva<\/a> je poznata po svom no\u0107nom \u017eivotu i garantuje dobru zabavu i za mla\u0111e i za starije. Na Budvanskoj rivijeri, tokom ljeta, ima mnogo poznatih <strong>no\u0107nih klubova u Budvi<\/strong> i diskoteka sa ugodnom atmosferom, muzikom, modernim ambijentom i ljubaznim osobljem, koje goste gotovo sve pop muzi\u010dke zvijezde iz regiona.<\/p>\n\n<p>Pravo klabing se uglavnom odvija izvan Starog grada. Neke pla\u017ee mogu imati lokalna mjesta za dru\u017eenje na dokovima sa muzikom ako volite indie mjesta. Me\u0111utim, ako ste zainteresovani za otvorene klubove sa plesa\u010dima i happy hour-om, evo gdje \u0107ete i\u0107i: Pro\u0161etajte glavnom ulicom du\u017e Slovenske pla\u017ee i na\u0107i \u0107ete glavne turisti\u010dke atrakcije. Tu je i zatvoreni klub Trocadero blizu banke du\u017e tog puta, koji radi do 5 ujutro.<\/p>\n\n<h2 class=\"wp-block-heading\">5 najboljih no\u0107nih klubova u Budvi<\/h2>\n\n<p>Evo liste 5 najboljih <strong>no\u0107nih klubova u Budvi<\/strong>:<\/p>\n\n<h3 class=\"wp-block-heading\">Top Hill<\/h3>\n\n<p>Malo je ljubitelja no\u0107nog \u017eivota koji su ostali u Budvi bez posjete \u010duvenoj diskoteci \u201cTop Hill\u201d, koja, prema svom enterijeru i opremi, uklju\u010duju\u0107i kapacitet od 5000 ljudi, spada me\u0111u najljep\u0161e <strong>no\u0107ne klubove u Budvi<\/strong> na Balkanu. Kao i \u010dinjenica da je 2012. godine progla\u0161ena najboljim no\u0107nim klubom na svijetu. Me\u0111utim, nalazi se na vrhu brda blizu Budve, pa je malo hoda ako ste u Starom gradu, ali ako krenete u 10 ili 11, vrijedi. Vi\u0161e na: <a href=\"https:\/\/www.tophill.me\" target=\"_blank\" rel=\"noreferrer noopener nofollow\">tophill.me<\/a><\/p>\n\n<h3 class=\"wp-block-heading\">Sparta<\/h3>\n\n<p>Sparta se nalazi u srcu Budve, koja je jedno od najpresti\u017enijih turisti\u010dkih destinacija u Crnoj Gori. Ovo je, bez sumnje, jedan od najekskluzivnijih <strong>no\u0107nih klubova u Budvi<\/strong> i najbolje opremljenih u regionu. Kao takav, klub Sparta pru\u017ea najbolju zabavu do kasnih sati za vi\u0161e od 600 ljudi. Vru\u0107a atmosfera sa elektronskom, R&#8217;n&#8217;B i house muzikom, moderni svjetlosni efekti, autenti\u010dni enterijer, visokoprofesionalno osoblje i nastupi svjetski poznatih DJ-eva su neki od faktora koji \u010dine Spartu jednim od najpoznatijih klubova u Budvi. Vi\u0161e na <a href=\"https:\/\/www.facebook.com\/sparta.budva\/\" target=\"_blank\" rel=\"noreferrer noopener nofollow\">Facebook stranica Sparta<\/a><\/p>\n\n<h3 class=\"wp-block-heading\">Hacienda<\/h3>\n\n<p>Mjesto sa odli\u010dnom zabavom, latino i elektronskim zvukom sa \u010duvenim koktelima. Koktel <a href=\"https:\/\/www.visit-montenegro.com\/me\/destinacije\/bar\/\">bar<\/a> \u201cHacienda\u201d predstavlja omiljeno mjesto mladih i onih koji se tako osje\u0107aju. Kokteli, kubanska muzika, latino plesa\u010di, DJ nastupi i jedinstvena atmosfera u fantasti\u010dnom ambijentu gradskog parka \u010dine \u201cHaciendu\u201d sjajnim mjestom, bilo da ste ljubitelj popodnevnih kulinarskih u\u017eitaka ili ludih zabava do ranih jutarnjih sati. Vi\u0161e na: <a href=\"https:\/\/www.facebook.com\/srce.budve\/\" target=\"_blank\" rel=\"noreferrer noopener nofollow\">Facebook stranica Hacienda<\/a><\/p>\n","protected":false},"excerpt":{"rendered":"<p>Otkrijte 5 najboljih no\u0107nih klubova u Budvi, od kultnog Top Hilla do \u017eivopisnog Trocadera. Do\u017eivite vrhunsku zabavu, regionalne zvijezde i nezaboravne \u017eurke u sredi\u0161tu no\u0107nog \u017eivota Crne Gore.<\/p>\n","protected":false},"author":1,"featured_media":135122,"parent":134172,"menu_order":0,"comment_status":"closed","ping_status":"closed","template":"","meta":{"_yoast_wpseo_focuskw":"No\u0107ni klubovi u Budvi","_yoast_wpseo_metadesc":"Istra\u017eite vrhunske no\u0107ne klubove u Budvi: Top Hill, Trocadero, Sparta, Hacienda i Paris. Prona\u0111ite \u017eurke, regionalne zvijezde i najbolji no\u0107ni \u017eivot u Crnoj Gori.","_kad_post_transparent":"","_kad_post_title":"","_kad_post_layout":"","_kad_post_sidebar_id":"","_kad_post_content_style":"","_kad_post_vertical_padding":"","_kad_post_feature":"","_kad_post_feature_position":"","_kad_post_header":false,"_kad_post_footer":false,"_kad_post_classname":"","iawp_total_views":12,"footnotes":""},"tags":[140,52,139,62,141,76],"class_list":["post-135121","page","type-page","status-publish","has-post-thumbnail","hentry","tag-crna-gora","tag-montenegro","tag-news","tag-tourism","tag-travel","tag-visit"],"yoast_head":"<!-- This site is optimized with the Yoast SEO plugin v27.3 - https:\/\/yoast.com\/product\/yoast-seo-wordpress\/ -->\n<title>No\u0107ni klubovi u Budvi - Visit Montenegro<\/title>\n<meta name=\"description\" content=\"Istra\u017eite vrhunske no\u0107ne klubove u Budvi: Top Hill, Trocadero, Sparta, Hacienda i Paris. Prona\u0111ite \u017eurke, regionalne zvijezde i najbolji no\u0107ni \u017eivot u Crnoj Gori.\" \/>\n<meta name=\"robots\" content=\"index, follow, max-snippet:-1, max-image-preview:large, max-video-preview:-1\" \/>\n<link rel=\"canonical\" href=\"https:\/\/www.visit-montenegro.com\/me\/destinacije\/budva\/info\/nocni-klubovi\/\" \/>\n<meta property=\"og:locale\" content=\"en_US\" \/>\n<meta property=\"og:type\" content=\"article\" \/>\n<meta property=\"og:title\" content=\"No\u0107ni klubovi u Budvi - Visit Montenegro\" \/>\n<meta property=\"og:description\" content=\"Istra\u017eite vrhunske no\u0107ne klubove u Budvi: Top Hill, Trocadero, Sparta, Hacienda i Paris. Prona\u0111ite \u017eurke, regionalne zvijezde i najbolji no\u0107ni \u017eivot u Crnoj Gori.\" \/>\n<meta property=\"og:url\" content=\"https:\/\/www.visit-montenegro.com\/me\/destinacije\/budva\/info\/nocni-klubovi\/\" \/>\n<meta property=\"og:site_name\" content=\"Visit Montenegro\" \/>\n<meta property=\"article:publisher\" content=\"https:\/\/www.facebook.com\/visitmontenegro\" \/>\n<meta property=\"article:modified_time\" content=\"2026-02-23T13:14:21+00:00\" \/>\n<meta property=\"og:image\" content=\"https:\/\/www.visit-montenegro.com\/wp-content\/uploads\/2026\/01\/night-club-03-scaled.jpg\" \/>\n\t<meta property=\"og:image:width\" content=\"1600\" \/>\n\t<meta property=\"og:image:height\" content=\"1066\" \/>\n\t<meta property=\"og:image:type\" content=\"image\/jpeg\" \/>\n<meta name=\"twitter:card\" content=\"summary_large_image\" \/>\n<meta name=\"twitter:site\" content=\"@visitmontenegro\" \/>\n<meta name=\"twitter:label1\" content=\"Est. reading time\" \/>\n\t<meta name=\"twitter:data1\" content=\"2 minutes\" \/>\n<script type=\"application\/ld+json\" class=\"yoast-schema-graph\">{\"@context\":\"https:\\\/\\\/schema.org\",\"@graph\":[{\"@type\":\"WebPage\",\"@id\":\"https:\\\/\\\/www.visit-montenegro.com\\\/me\\\/destinacije\\\/budva\\\/info\\\/nocni-klubovi\\\/\",\"url\":\"https:\\\/\\\/www.visit-montenegro.com\\\/me\\\/destinacije\\\/budva\\\/info\\\/nocni-klubovi\\\/\",\"name\":\"No\u0107ni klubovi u Budvi - Visit Montenegro\",\"isPartOf\":{\"@id\":\"https:\\\/\\\/www.visit-montenegro.com\\\/me\\\/#website\"},\"primaryImageOfPage\":{\"@id\":\"https:\\\/\\\/www.visit-montenegro.com\\\/me\\\/destinacije\\\/budva\\\/info\\\/nocni-klubovi\\\/#primaryimage\"},\"image\":{\"@id\":\"https:\\\/\\\/www.visit-montenegro.com\\\/me\\\/destinacije\\\/budva\\\/info\\\/nocni-klubovi\\\/#primaryimage\"},\"thumbnailUrl\":\"https:\\\/\\\/www.visit-montenegro.com\\\/wp-content\\\/uploads\\\/2026\\\/01\\\/night-club-03-scaled.jpg\",\"datePublished\":\"2026-01-27T20:44:31+00:00\",\"dateModified\":\"2026-02-23T13:14:21+00:00\",\"description\":\"Istra\u017eite vrhunske no\u0107ne klubove u Budvi: Top Hill, Trocadero, Sparta, Hacienda i Paris. Prona\u0111ite \u017eurke, regionalne zvijezde i najbolji no\u0107ni \u017eivot u Crnoj Gori.\",\"breadcrumb\":{\"@id\":\"https:\\\/\\\/www.visit-montenegro.com\\\/me\\\/destinacije\\\/budva\\\/info\\\/nocni-klubovi\\\/#breadcrumb\"},\"inLanguage\":\"sr-Latn-ME\",\"potentialAction\":[{\"@type\":\"ReadAction\",\"target\":[\"https:\\\/\\\/www.visit-montenegro.com\\\/me\\\/destinacije\\\/budva\\\/info\\\/nocni-klubovi\\\/\"]}]},{\"@type\":\"ImageObject\",\"inLanguage\":\"sr-Latn-ME\",\"@id\":\"https:\\\/\\\/www.visit-montenegro.com\\\/me\\\/destinacije\\\/budva\\\/info\\\/nocni-klubovi\\\/#primaryimage\",\"url\":\"https:\\\/\\\/www.visit-montenegro.com\\\/wp-content\\\/uploads\\\/2026\\\/01\\\/night-club-03-scaled.jpg\",\"contentUrl\":\"https:\\\/\\\/www.visit-montenegro.com\\\/wp-content\\\/uploads\\\/2026\\\/01\\\/night-club-03-scaled.jpg\",\"width\":1600,\"height\":1066,\"caption\":\"Slika lijepih djevojaka koje ple\u0161u sa svojim de\u010dkima u no\u0107nom klubu\"},{\"@type\":\"BreadcrumbList\",\"@id\":\"https:\\\/\\\/www.visit-montenegro.com\\\/me\\\/destinacije\\\/budva\\\/info\\\/nocni-klubovi\\\/#breadcrumb\",\"itemListElement\":[{\"@type\":\"ListItem\",\"position\":1,\"name\":\"Home\",\"item\":\"https:\\\/\\\/www.visit-montenegro.com\\\/me\\\/pocetna\\\/\"},{\"@type\":\"ListItem\",\"position\":2,\"name\":\"Turisti\u010dke destinacije u Crnoj Gori\",\"item\":\"https:\\\/\\\/www.visit-montenegro.com\\\/me\\\/destinacije\\\/\"},{\"@type\":\"ListItem\",\"position\":3,\"name\":\"Budva\",\"item\":\"https:\\\/\\\/www.visit-montenegro.com\\\/me\\\/destinacije\\\/budva\\\/\"},{\"@type\":\"ListItem\",\"position\":4,\"name\":\"Vi\u0161e o Budvi\",\"item\":\"https:\\\/\\\/www.visit-montenegro.com\\\/me\\\/destinacije\\\/budva\\\/info\\\/\"},{\"@type\":\"ListItem\",\"position\":5,\"name\":\"No\u0107ni klubovi u Budvi\"}]},{\"@type\":\"WebSite\",\"@id\":\"https:\\\/\\\/www.visit-montenegro.com\\\/me\\\/#website\",\"url\":\"https:\\\/\\\/www.visit-montenegro.com\\\/me\\\/\",\"name\":\"Visit Montenegro\",\"description\":\"Breathtaking beauty\",\"publisher\":{\"@id\":\"https:\\\/\\\/www.visit-montenegro.com\\\/me\\\/#organization\"},\"potentialAction\":[{\"@type\":\"SearchAction\",\"target\":{\"@type\":\"EntryPoint\",\"urlTemplate\":\"https:\\\/\\\/www.visit-montenegro.com\\\/me\\\/?s={search_term_string}\"},\"query-input\":{\"@type\":\"PropertyValueSpecification\",\"valueRequired\":true,\"valueName\":\"search_term_string\"}}],\"inLanguage\":\"sr-Latn-ME\"},{\"@type\":\"Organization\",\"@id\":\"https:\\\/\\\/www.visit-montenegro.com\\\/me\\\/#organization\",\"name\":\"Visit Montenegro\",\"url\":\"https:\\\/\\\/www.visit-montenegro.com\\\/me\\\/\",\"logo\":{\"@type\":\"ImageObject\",\"inLanguage\":\"sr-Latn-ME\",\"@id\":\"https:\\\/\\\/www.visit-montenegro.com\\\/me\\\/#\\\/schema\\\/logo\\\/image\\\/\",\"url\":\"https:\\\/\\\/www.visit-montenegro.com\\\/wp-content\\\/uploads\\\/2017\\\/10\\\/logo-amp.png\",\"contentUrl\":\"https:\\\/\\\/www.visit-montenegro.com\\\/wp-content\\\/uploads\\\/2017\\\/10\\\/logo-amp.png\",\"width\":190,\"height\":36,\"caption\":\"Visit Montenegro\"},\"image\":{\"@id\":\"https:\\\/\\\/www.visit-montenegro.com\\\/me\\\/#\\\/schema\\\/logo\\\/image\\\/\"},\"sameAs\":[\"https:\\\/\\\/www.facebook.com\\\/visitmontenegro\",\"https:\\\/\\\/x.com\\\/visitmontenegro\",\"https:\\\/\\\/www.instagram.com\\\/visit_montenegro\\\/\",\"https:\\\/\\\/www.youtube.com\\\/user\\\/VisitMontenegro\"]}]}<\/script>\n<!-- \/ Yoast SEO plugin. -->","yoast_head_json":{"title":"No\u0107ni klubovi u Budvi - Visit Montenegro","description":"Istra\u017eite vrhunske no\u0107ne klubove u Budvi: Top Hill, Trocadero, Sparta, Hacienda i Paris. Prona\u0111ite \u017eurke, regionalne zvijezde i najbolji no\u0107ni \u017eivot u Crnoj Gori.","robots":{"index":"index","follow":"follow","max-snippet":"max-snippet:-1","max-image-preview":"max-image-preview:large","max-video-preview":"max-video-preview:-1"},"canonical":"https:\/\/www.visit-montenegro.com\/me\/destinacije\/budva\/info\/nocni-klubovi\/","og_locale":"en_US","og_type":"article","og_title":"No\u0107ni klubovi u Budvi - Visit Montenegro","og_description":"Istra\u017eite vrhunske no\u0107ne klubove u Budvi: Top Hill, Trocadero, Sparta, Hacienda i Paris. Prona\u0111ite \u017eurke, regionalne zvijezde i najbolji no\u0107ni \u017eivot u Crnoj Gori.","og_url":"https:\/\/www.visit-montenegro.com\/me\/destinacije\/budva\/info\/nocni-klubovi\/","og_site_name":"Visit Montenegro","article_publisher":"https:\/\/www.facebook.com\/visitmontenegro","article_modified_time":"2026-02-23T13:14:21+00:00","og_image":[{"width":1600,"height":1066,"url":"https:\/\/www.visit-montenegro.com\/wp-content\/uploads\/2026\/01\/night-club-03-scaled.jpg","type":"image\/jpeg"}],"twitter_card":"summary_large_image","twitter_site":"@visitmontenegro","twitter_misc":{"Est. reading time":"2 minutes"},"schema":{"@context":"https:\/\/schema.org","@graph":[{"@type":"WebPage","@id":"https:\/\/www.visit-montenegro.com\/me\/destinacije\/budva\/info\/nocni-klubovi\/","url":"https:\/\/www.visit-montenegro.com\/me\/destinacije\/budva\/info\/nocni-klubovi\/","name":"No\u0107ni klubovi u Budvi - Visit Montenegro","isPartOf":{"@id":"https:\/\/www.visit-montenegro.com\/me\/#website"},"primaryImageOfPage":{"@id":"https:\/\/www.visit-montenegro.com\/me\/destinacije\/budva\/info\/nocni-klubovi\/#primaryimage"},"image":{"@id":"https:\/\/www.visit-montenegro.com\/me\/destinacije\/budva\/info\/nocni-klubovi\/#primaryimage"},"thumbnailUrl":"https:\/\/www.visit-montenegro.com\/wp-content\/uploads\/2026\/01\/night-club-03-scaled.jpg","datePublished":"2026-01-27T20:44:31+00:00","dateModified":"2026-02-23T13:14:21+00:00","description":"Istra\u017eite vrhunske no\u0107ne klubove u Budvi: Top Hill, Trocadero, Sparta, Hacienda i Paris. Prona\u0111ite \u017eurke, regionalne zvijezde i najbolji no\u0107ni \u017eivot u Crnoj Gori.","breadcrumb":{"@id":"https:\/\/www.visit-montenegro.com\/me\/destinacije\/budva\/info\/nocni-klubovi\/#breadcrumb"},"inLanguage":"sr-Latn-ME","potentialAction":[{"@type":"ReadAction","target":["https:\/\/www.visit-montenegro.com\/me\/destinacije\/budva\/info\/nocni-klubovi\/"]}]},{"@type":"ImageObject","inLanguage":"sr-Latn-ME","@id":"https:\/\/www.visit-montenegro.com\/me\/destinacije\/budva\/info\/nocni-klubovi\/#primaryimage","url":"https:\/\/www.visit-montenegro.com\/wp-content\/uploads\/2026\/01\/night-club-03-scaled.jpg","contentUrl":"https:\/\/www.visit-montenegro.com\/wp-content\/uploads\/2026\/01\/night-club-03-scaled.jpg","width":1600,"height":1066,"caption":"Slika lijepih djevojaka koje ple\u0161u sa svojim de\u010dkima u no\u0107nom klubu"},{"@type":"BreadcrumbList","@id":"https:\/\/www.visit-montenegro.com\/me\/destinacije\/budva\/info\/nocni-klubovi\/#breadcrumb","itemListElement":[{"@type":"ListItem","position":1,"name":"Home","item":"https:\/\/www.visit-montenegro.com\/me\/pocetna\/"},{"@type":"ListItem","position":2,"name":"Turisti\u010dke destinacije u Crnoj Gori","item":"https:\/\/www.visit-montenegro.com\/me\/destinacije\/"},{"@type":"ListItem","position":3,"name":"Budva","item":"https:\/\/www.visit-montenegro.com\/me\/destinacije\/budva\/"},{"@type":"ListItem","position":4,"name":"Vi\u0161e o Budvi","item":"https:\/\/www.visit-montenegro.com\/me\/destinacije\/budva\/info\/"},{"@type":"ListItem","position":5,"name":"No\u0107ni klubovi u Budvi"}]},{"@type":"WebSite","@id":"https:\/\/www.visit-montenegro.com\/me\/#website","url":"https:\/\/www.visit-montenegro.com\/me\/","name":"Visit Montenegro","description":"Breathtaking beauty","publisher":{"@id":"https:\/\/www.visit-montenegro.com\/me\/#organization"},"potentialAction":[{"@type":"SearchAction","target":{"@type":"EntryPoint","urlTemplate":"https:\/\/www.visit-montenegro.com\/me\/?s={search_term_string}"},"query-input":{"@type":"PropertyValueSpecification","valueRequired":true,"valueName":"search_term_string"}}],"inLanguage":"sr-Latn-ME"},{"@type":"Organization","@id":"https:\/\/www.visit-montenegro.com\/me\/#organization","name":"Visit Montenegro","url":"https:\/\/www.visit-montenegro.com\/me\/","logo":{"@type":"ImageObject","inLanguage":"sr-Latn-ME","@id":"https:\/\/www.visit-montenegro.com\/me\/#\/schema\/logo\/image\/","url":"https:\/\/www.visit-montenegro.com\/wp-content\/uploads\/2017\/10\/logo-amp.png","contentUrl":"https:\/\/www.visit-montenegro.com\/wp-content\/uploads\/2017\/10\/logo-amp.png","width":190,"height":36,"caption":"Visit Montenegro"},"image":{"@id":"https:\/\/www.visit-montenegro.com\/me\/#\/schema\/logo\/image\/"},"sameAs":["https:\/\/www.facebook.com\/visitmontenegro","https:\/\/x.com\/visitmontenegro","https:\/\/www.instagram.com\/visit_montenegro\/","https:\/\/www.youtube.com\/user\/VisitMontenegro"]}]}},"translations":[],"_links":{"self":[{"href":"https:\/\/www.visit-montenegro.com\/me\/wp-json\/wp\/v2\/pages\/135121","targetHints":{"allow":["GET"]}}],"collection":[{"href":"https:\/\/www.visit-montenegro.com\/me\/wp-json\/wp\/v2\/pages"}],"about":[{"href":"https:\/\/www.visit-montenegro.com\/me\/wp-json\/wp\/v2\/types\/page"}],"author":[{"embeddable":true,"href":"https:\/\/www.visit-montenegro.com\/me\/wp-json\/wp\/v2\/users\/1"}],"replies":[{"embeddable":true,"href":"https:\/\/www.visit-montenegro.com\/me\/wp-json\/wp\/v2\/comments?post=135121"}],"version-history":[{"count":0,"href":"https:\/\/www.visit-montenegro.com\/me\/wp-json\/wp\/v2\/pages\/135121\/revisions"}],"up":[{"embeddable":true,"href":"https:\/\/www.visit-montenegro.com\/me\/wp-json\/wp\/v2\/pages\/134172"}],"wp:featuredmedia":[{"embeddable":true,"href":"https:\/\/www.visit-montenegro.com\/me\/wp-json\/wp\/v2\/media\/135122"}],"wp:attachment":[{"href":"https:\/\/www.visit-montenegro.com\/me\/wp-json\/wp\/v2\/media?parent=135121"}],"wp:term":[{"taxonomy":"post_tag","embeddable":true,"href":"https:\/\/www.visit-montenegro.com\/me\/wp-json\/wp\/v2\/tags?post=135121"}],"curies":[{"name":"wp","href":"https:\/\/api.w.org\/{rel}","templated":true}]}}