{"id":135126,"date":"2026-01-27T21:44:31","date_gmt":"2026-01-27T20:44:31","guid":{"rendered":"https:\/\/new.visit-montenegro.com\/destinacije\/budva\/info\/kupovina\/"},"modified":"2026-02-22T17:12:23","modified_gmt":"2026-02-22T16:12:23","slug":"kupovina","status":"publish","type":"page","link":"https:\/\/www.visit-montenegro.com\/me\/destinacije\/budva\/info\/kupovina\/","title":{"rendered":"Kupovina u Budvi"},"content":{"rendered":"\n<p><a href=\"https:\/\/www.visit-montenegro.com\/me\/destinacije\/budva\/\">Budva<\/a> nudi brojne kvalitetne mogu\u0107nosti za kupovinu, pri \u010demu je veliki tr\u017eni centar TQ Plaza jedna od najpopularnijih opcija. <strong>Kupovina u Budvi<\/strong> zadovoljava razli\u010dite ukuse, od vrhunskih brendova do lokalnih suvenira.<\/p>\n\n<hr class=\"wp-block-separator has-alpha-channel-opacity\"\/>\n\n<h2 class=\"wp-block-heading\">TQ Plaza: Vrhunska shopping destinacija<\/h2>\n\n<p>Postoji mnogo mjesta u Budvi gdje mo\u017eete obaviti kvalitetnu kupovinu, ali jedna od najpopularnijih opcija je veliki tr\u017eni centar pod nazivom <strong>TQ Plaza<\/strong>. Shodno tome, ovaj centar pru\u017ea sveobuhvatno retail iskustvo za posjetioce.<\/p>\n\n<p>Tr\u017eni centar TQ Plaza vam nudi mogu\u0107nost da provedete dan \u0161etaju\u0107i i kupuju\u0107i u nekim od brojnih retail objekata, gdje mo\u017eete prona\u0107i proizvode najpoznatijih svjetskih brendova, izbor sportske opreme, kozmeti\u010dke proizvode, aksesoare, nakit, de\u010diji izbor i igra\u010dke. Saznajte vi\u0161e na <a href=\"https:\/\/www.tqplaza.net\" target=\"_blank\" rel=\"noreferrer noopener nofollow\">tqplaza.net<\/a>.<\/p>\n\n<figure class=\"wp-block-image size-large\"><img loading=\"lazy\" decoding=\"async\" width=\"1024\" height=\"683\" src=\"https:\/\/www.visit-montenegro.com\/wp-content\/uploads\/2026\/02\/tq-1024x683.jpg\" alt=\"\" class=\"wp-image-133703\" srcset=\"https:\/\/www.visit-montenegro.com\/wp-content\/uploads\/2026\/02\/tq-1024x683.jpg 1024w, https:\/\/www.visit-montenegro.com\/wp-content\/uploads\/2026\/02\/tq-300x200.jpg 300w, https:\/\/www.visit-montenegro.com\/wp-content\/uploads\/2026\/02\/tq-768x512.jpg 768w, https:\/\/www.visit-montenegro.com\/wp-content\/uploads\/2026\/02\/tq.jpg 1080w\" sizes=\"auto, (max-width: 1024px) 100vw, 1024px\" \/><figcaption class=\"wp-element-caption\">TQ Plaza, tr\u017eni centar u Budvi<\/figcaption><\/figure>\n\n<h2 class=\"wp-block-heading\">Stari grad u Budvi i druge shopping zone<\/h2>\n\n<p>Veliki dio prodavnica i butika koji nude \u0161irok spektar izbora garderobe ve\u0107inom svih svjetskih modnih dizajnera i kreatora, svih uzoraka, boja i stilova, mo\u017ee se na\u0107i u Starom gradu Budve. Lijepo ure\u0111eni butici i izlozi sli\u010dni su brojnim prodavnicama u svjetskim metropolama. Pored tih prodavnica tu su i parfimerije, koje nude proizvode uglednih kozmeti\u010dkih brendova, zlatare, fotografski saloni, knji\u017eare, biblioteke, de\u010dji butici, kafi\u0107i, pizzerije itd\u2026<\/p>\n\n<p>Ako se umorite od obilaska butika u Starom gradu Budve, ili du\u017e glavne \u0161etnice koja je pored obale, mo\u017eete kupovati i na ljetnom bazaru. Ljetni bazar se nalazi pored budvanske \u0161etnice, i nudi raznovrsnu robu, odje\u0107u, galanteriju, opremu za pla\u017eu, razne suvenire itd\u2026 Nedaleko od Starog grada nalaze se i nekoliko prodajnih objekata, te gradska pijaca.<\/p>\n","protected":false},"excerpt":{"rendered":"<p>Otkrijte najbolja mjesta za kupovinu u Budvi, od modernog tr\u017enog centra TQ Plaza do \u0161armantnih butika u Starom gradu i \u017eivopisnih ljetnih bazara. Ovaj vodi\u010d vam poma\u017ee da prona\u0111ete sve, od luksuznih brendova do jedinstvenih suvenira.<\/p>\n","protected":false},"author":1,"featured_media":134060,"parent":134172,"menu_order":0,"comment_status":"closed","ping_status":"closed","template":"","meta":{"_yoast_wpseo_focuskw":"Kupovina u Budvi","_yoast_wpseo_metadesc":"Istra\u017eite vrhunske shopping destinacije u Budvi, uklju\u010duju\u0107i TQ Plaza tr\u017eni centar, butike u Starom gradu i ljetne bazare. Prona\u0111ite luksuzne brendove, suvenire i vi\u0161e u ovom \u017eivopisnom primorskom gradu.","_kad_post_transparent":"","_kad_post_title":"","_kad_post_layout":"","_kad_post_sidebar_id":"","_kad_post_content_style":"","_kad_post_vertical_padding":"","_kad_post_feature":"","_kad_post_feature_position":"","_kad_post_header":false,"_kad_post_footer":false,"_kad_post_classname":"","iawp_total_views":13,"footnotes":""},"tags":[140,52,139,62,141,76],"class_list":["post-135126","page","type-page","status-publish","has-post-thumbnail","hentry","tag-crna-gora","tag-montenegro","tag-news","tag-tourism","tag-travel","tag-visit"],"yoast_head":"<!-- This site is optimized with the Yoast SEO plugin v27.3 - https:\/\/yoast.com\/product\/yoast-seo-wordpress\/ -->\n<title>Kupovina u Budvi - Visit Montenegro<\/title>\n<meta name=\"description\" content=\"Istra\u017eite vrhunske shopping destinacije u Budvi, uklju\u010duju\u0107i TQ Plaza tr\u017eni centar, butike u Starom gradu i ljetne bazare. Prona\u0111ite luksuzne brendove, suvenire i vi\u0161e u ovom \u017eivopisnom primorskom gradu.\" \/>\n<meta name=\"robots\" content=\"index, follow, max-snippet:-1, max-image-preview:large, max-video-preview:-1\" \/>\n<link rel=\"canonical\" href=\"https:\/\/www.visit-montenegro.com\/me\/destinacije\/budva\/info\/kupovina\/\" \/>\n<meta property=\"og:locale\" content=\"en_US\" \/>\n<meta property=\"og:type\" content=\"article\" \/>\n<meta property=\"og:title\" content=\"Kupovina u Budvi - Visit Montenegro\" \/>\n<meta property=\"og:description\" content=\"Istra\u017eite vrhunske shopping destinacije u Budvi, uklju\u010duju\u0107i TQ Plaza tr\u017eni centar, butike u Starom gradu i ljetne bazare. Prona\u0111ite luksuzne brendove, suvenire i vi\u0161e u ovom \u017eivopisnom primorskom gradu.\" \/>\n<meta property=\"og:url\" content=\"https:\/\/www.visit-montenegro.com\/me\/destinacije\/budva\/info\/kupovina\/\" \/>\n<meta property=\"og:site_name\" content=\"Visit Montenegro\" \/>\n<meta property=\"article:publisher\" content=\"https:\/\/www.facebook.com\/visitmontenegro\" \/>\n<meta property=\"article:modified_time\" content=\"2026-02-22T16:12:23+00:00\" \/>\n<meta property=\"og:image\" content=\"https:\/\/www.visit-montenegro.com\/wp-content\/uploads\/2026\/02\/Depositphotos_153048182_XL-scaled.jpg\" \/>\n\t<meta property=\"og:image:width\" content=\"1600\" \/>\n\t<meta property=\"og:image:height\" content=\"1067\" \/>\n\t<meta property=\"og:image:type\" content=\"image\/jpeg\" \/>\n<meta name=\"twitter:card\" content=\"summary_large_image\" \/>\n<meta name=\"twitter:site\" content=\"@visitmontenegro\" \/>\n<meta name=\"twitter:label1\" content=\"Est. reading time\" \/>\n\t<meta name=\"twitter:data1\" content=\"1 minute\" \/>\n<script type=\"application\/ld+json\" class=\"yoast-schema-graph\">{\"@context\":\"https:\\\/\\\/schema.org\",\"@graph\":[{\"@type\":\"WebPage\",\"@id\":\"https:\\\/\\\/www.visit-montenegro.com\\\/me\\\/destinacije\\\/budva\\\/info\\\/kupovina\\\/\",\"url\":\"https:\\\/\\\/www.visit-montenegro.com\\\/me\\\/destinacije\\\/budva\\\/info\\\/kupovina\\\/\",\"name\":\"Kupovina u Budvi - Visit Montenegro\",\"isPartOf\":{\"@id\":\"https:\\\/\\\/www.visit-montenegro.com\\\/me\\\/#website\"},\"primaryImageOfPage\":{\"@id\":\"https:\\\/\\\/www.visit-montenegro.com\\\/me\\\/destinacije\\\/budva\\\/info\\\/kupovina\\\/#primaryimage\"},\"image\":{\"@id\":\"https:\\\/\\\/www.visit-montenegro.com\\\/me\\\/destinacije\\\/budva\\\/info\\\/kupovina\\\/#primaryimage\"},\"thumbnailUrl\":\"https:\\\/\\\/www.visit-montenegro.com\\\/wp-content\\\/uploads\\\/2026\\\/02\\\/Depositphotos_153048182_XL-scaled.jpg\",\"datePublished\":\"2026-01-27T20:44:31+00:00\",\"dateModified\":\"2026-02-22T16:12:23+00:00\",\"description\":\"Istra\u017eite vrhunske shopping destinacije u Budvi, uklju\u010duju\u0107i TQ Plaza tr\u017eni centar, butike u Starom gradu i ljetne bazare. Prona\u0111ite luksuzne brendove, suvenire i vi\u0161e u ovom \u017eivopisnom primorskom gradu.\",\"breadcrumb\":{\"@id\":\"https:\\\/\\\/www.visit-montenegro.com\\\/me\\\/destinacije\\\/budva\\\/info\\\/kupovina\\\/#breadcrumb\"},\"inLanguage\":\"sr-Latn-ME\",\"potentialAction\":[{\"@type\":\"ReadAction\",\"target\":[\"https:\\\/\\\/www.visit-montenegro.com\\\/me\\\/destinacije\\\/budva\\\/info\\\/kupovina\\\/\"]}]},{\"@type\":\"ImageObject\",\"inLanguage\":\"sr-Latn-ME\",\"@id\":\"https:\\\/\\\/www.visit-montenegro.com\\\/me\\\/destinacije\\\/budva\\\/info\\\/kupovina\\\/#primaryimage\",\"url\":\"https:\\\/\\\/www.visit-montenegro.com\\\/wp-content\\\/uploads\\\/2026\\\/02\\\/Depositphotos_153048182_XL-scaled.jpg\",\"contentUrl\":\"https:\\\/\\\/www.visit-montenegro.com\\\/wp-content\\\/uploads\\\/2026\\\/02\\\/Depositphotos_153048182_XL-scaled.jpg\",\"width\":1600,\"height\":1067},{\"@type\":\"BreadcrumbList\",\"@id\":\"https:\\\/\\\/www.visit-montenegro.com\\\/me\\\/destinacije\\\/budva\\\/info\\\/kupovina\\\/#breadcrumb\",\"itemListElement\":[{\"@type\":\"ListItem\",\"position\":1,\"name\":\"Home\",\"item\":\"https:\\\/\\\/www.visit-montenegro.com\\\/me\\\/pocetna\\\/\"},{\"@type\":\"ListItem\",\"position\":2,\"name\":\"Turisti\u010dke destinacije u Crnoj Gori\",\"item\":\"https:\\\/\\\/www.visit-montenegro.com\\\/me\\\/destinacije\\\/\"},{\"@type\":\"ListItem\",\"position\":3,\"name\":\"Budva\",\"item\":\"https:\\\/\\\/www.visit-montenegro.com\\\/me\\\/destinacije\\\/budva\\\/\"},{\"@type\":\"ListItem\",\"position\":4,\"name\":\"Vi\u0161e o Budvi\",\"item\":\"https:\\\/\\\/www.visit-montenegro.com\\\/me\\\/destinacije\\\/budva\\\/info\\\/\"},{\"@type\":\"ListItem\",\"position\":5,\"name\":\"Kupovina u Budvi\"}]},{\"@type\":\"WebSite\",\"@id\":\"https:\\\/\\\/www.visit-montenegro.com\\\/me\\\/#website\",\"url\":\"https:\\\/\\\/www.visit-montenegro.com\\\/me\\\/\",\"name\":\"Visit Montenegro\",\"description\":\"Breathtaking beauty\",\"publisher\":{\"@id\":\"https:\\\/\\\/www.visit-montenegro.com\\\/me\\\/#organization\"},\"potentialAction\":[{\"@type\":\"SearchAction\",\"target\":{\"@type\":\"EntryPoint\",\"urlTemplate\":\"https:\\\/\\\/www.visit-montenegro.com\\\/me\\\/?s={search_term_string}\"},\"query-input\":{\"@type\":\"PropertyValueSpecification\",\"valueRequired\":true,\"valueName\":\"search_term_string\"}}],\"inLanguage\":\"sr-Latn-ME\"},{\"@type\":\"Organization\",\"@id\":\"https:\\\/\\\/www.visit-montenegro.com\\\/me\\\/#organization\",\"name\":\"Visit Montenegro\",\"url\":\"https:\\\/\\\/www.visit-montenegro.com\\\/me\\\/\",\"logo\":{\"@type\":\"ImageObject\",\"inLanguage\":\"sr-Latn-ME\",\"@id\":\"https:\\\/\\\/www.visit-montenegro.com\\\/me\\\/#\\\/schema\\\/logo\\\/image\\\/\",\"url\":\"https:\\\/\\\/www.visit-montenegro.com\\\/wp-content\\\/uploads\\\/2017\\\/10\\\/logo-amp.png\",\"contentUrl\":\"https:\\\/\\\/www.visit-montenegro.com\\\/wp-content\\\/uploads\\\/2017\\\/10\\\/logo-amp.png\",\"width\":190,\"height\":36,\"caption\":\"Visit Montenegro\"},\"image\":{\"@id\":\"https:\\\/\\\/www.visit-montenegro.com\\\/me\\\/#\\\/schema\\\/logo\\\/image\\\/\"},\"sameAs\":[\"https:\\\/\\\/www.facebook.com\\\/visitmontenegro\",\"https:\\\/\\\/x.com\\\/visitmontenegro\",\"https:\\\/\\\/www.instagram.com\\\/visit_montenegro\\\/\",\"https:\\\/\\\/www.youtube.com\\\/user\\\/VisitMontenegro\"]}]}<\/script>\n<!-- \/ Yoast SEO plugin. -->","yoast_head_json":{"title":"Kupovina u Budvi - Visit Montenegro","description":"Istra\u017eite vrhunske shopping destinacije u Budvi, uklju\u010duju\u0107i TQ Plaza tr\u017eni centar, butike u Starom gradu i ljetne bazare. Prona\u0111ite luksuzne brendove, suvenire i vi\u0161e u ovom \u017eivopisnom primorskom gradu.","robots":{"index":"index","follow":"follow","max-snippet":"max-snippet:-1","max-image-preview":"max-image-preview:large","max-video-preview":"max-video-preview:-1"},"canonical":"https:\/\/www.visit-montenegro.com\/me\/destinacije\/budva\/info\/kupovina\/","og_locale":"en_US","og_type":"article","og_title":"Kupovina u Budvi - Visit Montenegro","og_description":"Istra\u017eite vrhunske shopping destinacije u Budvi, uklju\u010duju\u0107i TQ Plaza tr\u017eni centar, butike u Starom gradu i ljetne bazare. Prona\u0111ite luksuzne brendove, suvenire i vi\u0161e u ovom \u017eivopisnom primorskom gradu.","og_url":"https:\/\/www.visit-montenegro.com\/me\/destinacije\/budva\/info\/kupovina\/","og_site_name":"Visit Montenegro","article_publisher":"https:\/\/www.facebook.com\/visitmontenegro","article_modified_time":"2026-02-22T16:12:23+00:00","og_image":[{"width":1600,"height":1067,"url":"https:\/\/www.visit-montenegro.com\/wp-content\/uploads\/2026\/02\/Depositphotos_153048182_XL-scaled.jpg","type":"image\/jpeg"}],"twitter_card":"summary_large_image","twitter_site":"@visitmontenegro","twitter_misc":{"Est. reading time":"1 minute"},"schema":{"@context":"https:\/\/schema.org","@graph":[{"@type":"WebPage","@id":"https:\/\/www.visit-montenegro.com\/me\/destinacije\/budva\/info\/kupovina\/","url":"https:\/\/www.visit-montenegro.com\/me\/destinacije\/budva\/info\/kupovina\/","name":"Kupovina u Budvi - Visit Montenegro","isPartOf":{"@id":"https:\/\/www.visit-montenegro.com\/me\/#website"},"primaryImageOfPage":{"@id":"https:\/\/www.visit-montenegro.com\/me\/destinacije\/budva\/info\/kupovina\/#primaryimage"},"image":{"@id":"https:\/\/www.visit-montenegro.com\/me\/destinacije\/budva\/info\/kupovina\/#primaryimage"},"thumbnailUrl":"https:\/\/www.visit-montenegro.com\/wp-content\/uploads\/2026\/02\/Depositphotos_153048182_XL-scaled.jpg","datePublished":"2026-01-27T20:44:31+00:00","dateModified":"2026-02-22T16:12:23+00:00","description":"Istra\u017eite vrhunske shopping destinacije u Budvi, uklju\u010duju\u0107i TQ Plaza tr\u017eni centar, butike u Starom gradu i ljetne bazare. Prona\u0111ite luksuzne brendove, suvenire i vi\u0161e u ovom \u017eivopisnom primorskom gradu.","breadcrumb":{"@id":"https:\/\/www.visit-montenegro.com\/me\/destinacije\/budva\/info\/kupovina\/#breadcrumb"},"inLanguage":"sr-Latn-ME","potentialAction":[{"@type":"ReadAction","target":["https:\/\/www.visit-montenegro.com\/me\/destinacije\/budva\/info\/kupovina\/"]}]},{"@type":"ImageObject","inLanguage":"sr-Latn-ME","@id":"https:\/\/www.visit-montenegro.com\/me\/destinacije\/budva\/info\/kupovina\/#primaryimage","url":"https:\/\/www.visit-montenegro.com\/wp-content\/uploads\/2026\/02\/Depositphotos_153048182_XL-scaled.jpg","contentUrl":"https:\/\/www.visit-montenegro.com\/wp-content\/uploads\/2026\/02\/Depositphotos_153048182_XL-scaled.jpg","width":1600,"height":1067},{"@type":"BreadcrumbList","@id":"https:\/\/www.visit-montenegro.com\/me\/destinacije\/budva\/info\/kupovina\/#breadcrumb","itemListElement":[{"@type":"ListItem","position":1,"name":"Home","item":"https:\/\/www.visit-montenegro.com\/me\/pocetna\/"},{"@type":"ListItem","position":2,"name":"Turisti\u010dke destinacije u Crnoj Gori","item":"https:\/\/www.visit-montenegro.com\/me\/destinacije\/"},{"@type":"ListItem","position":3,"name":"Budva","item":"https:\/\/www.visit-montenegro.com\/me\/destinacije\/budva\/"},{"@type":"ListItem","position":4,"name":"Vi\u0161e o Budvi","item":"https:\/\/www.visit-montenegro.com\/me\/destinacije\/budva\/info\/"},{"@type":"ListItem","position":5,"name":"Kupovina u Budvi"}]},{"@type":"WebSite","@id":"https:\/\/www.visit-montenegro.com\/me\/#website","url":"https:\/\/www.visit-montenegro.com\/me\/","name":"Visit Montenegro","description":"Breathtaking beauty","publisher":{"@id":"https:\/\/www.visit-montenegro.com\/me\/#organization"},"potentialAction":[{"@type":"SearchAction","target":{"@type":"EntryPoint","urlTemplate":"https:\/\/www.visit-montenegro.com\/me\/?s={search_term_string}"},"query-input":{"@type":"PropertyValueSpecification","valueRequired":true,"valueName":"search_term_string"}}],"inLanguage":"sr-Latn-ME"},{"@type":"Organization","@id":"https:\/\/www.visit-montenegro.com\/me\/#organization","name":"Visit Montenegro","url":"https:\/\/www.visit-montenegro.com\/me\/","logo":{"@type":"ImageObject","inLanguage":"sr-Latn-ME","@id":"https:\/\/www.visit-montenegro.com\/me\/#\/schema\/logo\/image\/","url":"https:\/\/www.visit-montenegro.com\/wp-content\/uploads\/2017\/10\/logo-amp.png","contentUrl":"https:\/\/www.visit-montenegro.com\/wp-content\/uploads\/2017\/10\/logo-amp.png","width":190,"height":36,"caption":"Visit Montenegro"},"image":{"@id":"https:\/\/www.visit-montenegro.com\/me\/#\/schema\/logo\/image\/"},"sameAs":["https:\/\/www.facebook.com\/visitmontenegro","https:\/\/x.com\/visitmontenegro","https:\/\/www.instagram.com\/visit_montenegro\/","https:\/\/www.youtube.com\/user\/VisitMontenegro"]}]}},"translations":[],"_links":{"self":[{"href":"https:\/\/www.visit-montenegro.com\/me\/wp-json\/wp\/v2\/pages\/135126","targetHints":{"allow":["GET"]}}],"collection":[{"href":"https:\/\/www.visit-montenegro.com\/me\/wp-json\/wp\/v2\/pages"}],"about":[{"href":"https:\/\/www.visit-montenegro.com\/me\/wp-json\/wp\/v2\/types\/page"}],"author":[{"embeddable":true,"href":"https:\/\/www.visit-montenegro.com\/me\/wp-json\/wp\/v2\/users\/1"}],"replies":[{"embeddable":true,"href":"https:\/\/www.visit-montenegro.com\/me\/wp-json\/wp\/v2\/comments?post=135126"}],"version-history":[{"count":0,"href":"https:\/\/www.visit-montenegro.com\/me\/wp-json\/wp\/v2\/pages\/135126\/revisions"}],"up":[{"embeddable":true,"href":"https:\/\/www.visit-montenegro.com\/me\/wp-json\/wp\/v2\/pages\/134172"}],"wp:featuredmedia":[{"embeddable":true,"href":"https:\/\/www.visit-montenegro.com\/me\/wp-json\/wp\/v2\/media\/134060"}],"wp:attachment":[{"href":"https:\/\/www.visit-montenegro.com\/me\/wp-json\/wp\/v2\/media?parent=135126"}],"wp:term":[{"taxonomy":"post_tag","embeddable":true,"href":"https:\/\/www.visit-montenegro.com\/me\/wp-json\/wp\/v2\/tags?post=135126"}],"curies":[{"name":"wp","href":"https:\/\/api.w.org\/{rel}","templated":true}]}}