{"id":135131,"date":"2026-01-27T21:44:31","date_gmt":"2026-01-27T20:44:31","guid":{"rendered":"https:\/\/new.visit-montenegro.com\/destinacije\/budva\/info\/hrana-i-pice\/"},"modified":"2026-02-22T17:12:23","modified_gmt":"2026-02-22T16:12:23","slug":"hrana-i-pice","status":"publish","type":"page","link":"https:\/\/www.visit-montenegro.com\/me\/destinacije\/budva\/info\/hrana-i-pice\/","title":{"rendered":"Budva Hrana i Pi\u0107e"},"content":{"rendered":"\n<p>U gotovo svim turisti\u010dkim restoranskim objektima du\u017e Budvanske rivijere, u bilo koje doba dana ili no\u0107i mo\u017eete u\u017eivati u brojnim specijalitetima doma\u0107e kuhinje.<\/p>\n\n<h2 class=\"wp-block-heading\">Tradicionalni crnogorski do\u010dek i predjela<\/h2>\n\n<p>Ako ste gost koji prvi put posje\u0107uje Crnu Goru ili Budvu, glavari ku\u0107e \u0107e vas do\u010dekati sa <strong>priganicama<\/strong> (slatkim malim okruglim kola\u010di\u0107ima) i doma\u0107im <strong>medom<\/strong> uz doma\u0107u rakiju, napravljenu od prvoklasnog gro\u017e\u0111a, \u010desto \u0107ete na stolu na\u0107i <strong>suhe smokve<\/strong>, koje su ubrane prethodnog ljeta, su\u0161ene na suncu i na vjetru, vrlo slatkog okusa i privla\u010dnog mirisa.<\/p>\n\n<figure class=\"wp-block-image size-large\"><img loading=\"lazy\" decoding=\"async\" width=\"1024\" height=\"696\" src=\"https:\/\/www.visit-montenegro.com\/wp-content\/uploads\/2026\/02\/dried-figs-1024x696.jpg\" alt=\"\" class=\"wp-image-133706\" srcset=\"https:\/\/www.visit-montenegro.com\/wp-content\/uploads\/2026\/02\/dried-figs-1024x696.jpg 1024w, https:\/\/www.visit-montenegro.com\/wp-content\/uploads\/2026\/02\/dried-figs-300x204.jpg 300w, https:\/\/www.visit-montenegro.com\/wp-content\/uploads\/2026\/02\/dried-figs-768x522.jpg 768w, https:\/\/www.visit-montenegro.com\/wp-content\/uploads\/2026\/02\/dried-figs-1536x1044.jpg 1536w, https:\/\/www.visit-montenegro.com\/wp-content\/uploads\/2026\/02\/dried-figs.jpg 1600w\" sizes=\"auto, (max-width: 1024px) 100vw, 1024px\" \/><figcaption class=\"wp-element-caption\">Suhe Smokve<\/figcaption><\/figure>\n\n<p>Ako je va\u0161 posjet Budvi du\u017ei od samo prolaska, sigurni smo da se ne\u0107ete vratiti u zemlju iz koje dolazite bez da probate doma\u0107e <strong>suho meso<\/strong> (su\u0161enu svinjetinu) ili doma\u0107i <strong>kozji ili kravlji sir<\/strong>, te poseban sir koji se \u010duva u maslinovom ulju. Spomenute zalihe su i ukusna hrana i zadovoljstvo za va\u0161e o\u010di, posebno kada se svi ti mirisi i okusi na\u0111u na jednom mjestu, lijepo poslu\u017eeni s listom zelene salate, per\u0161una, zelenim i crnim maslinama, okru\u017eeni bocama i \u010da\u0161ama originalnog crnog vina poput: \u201cKrstac\u201d, \u201cProkordena\u201d, ili bijelog vina \u201cKrstac\u201d.<\/p>\n\n<figure class=\"wp-block-image size-large\"><img loading=\"lazy\" decoding=\"async\" width=\"1024\" height=\"681\" src=\"https:\/\/www.visit-montenegro.com\/wp-content\/uploads\/2026\/02\/montenegrian-organic-food-1024x681.jpg\" alt=\"\" class=\"wp-image-133400\" srcset=\"https:\/\/www.visit-montenegro.com\/wp-content\/uploads\/2026\/02\/montenegrian-organic-food-1024x681.jpg 1024w, https:\/\/www.visit-montenegro.com\/wp-content\/uploads\/2026\/02\/montenegrian-organic-food-300x200.jpg 300w, https:\/\/www.visit-montenegro.com\/wp-content\/uploads\/2026\/02\/montenegrian-organic-food-768x511.jpg 768w, https:\/\/www.visit-montenegro.com\/wp-content\/uploads\/2026\/02\/montenegrian-organic-food-1536x1022.jpg 1536w, https:\/\/www.visit-montenegro.com\/wp-content\/uploads\/2026\/02\/montenegrian-organic-food-2048x1363.jpg 2048w, https:\/\/www.visit-montenegro.com\/wp-content\/uploads\/2026\/02\/montenegrian-organic-food-scaled.jpg 1600w\" sizes=\"auto, (max-width: 1024px) 100vw, 1024px\" \/><figcaption class=\"wp-element-caption\">Tradicionalni crnogorski predjelo<\/figcaption><\/figure>\n\n<h2 class=\"wp-block-heading\">Primorska kuhinja i u\u017eici od plodova mora<\/h2>\n\n<p>Ve\u0107 nakon nekoliko dana va\u0161eg boravka, ne smijete zaboraviti \u010dinjenicu da ste na Mediteranu, i da je kuhinja u Budvi tradicionalno i uglavnom primorska. Kako je morski akvatorij bogat ribom, neizbje\u017eno je da probate barem neke od plodova mora kao npr. <strong>salatu od hobotnice<\/strong>, <strong>crni ri\u017eoto<\/strong>, <strong>dagnje u umaku<\/strong>, <strong>zubatac<\/strong>, ili neku drugu <strong>ribu na ro\u0161tilju<\/strong>. Mirisne gran\u010dice ruzmarina, nasjeckani per\u0161un, \u010de\u0161njak, limun i velike koli\u010dine maslinovog ulja su osnovni sastojci za ukusnu pripremu tek ulovljene ribe.<\/p>\n\n<p>Izbor restorana, hotela ili drugih objekata u kojima \u0107ete u\u017eivati probaju\u0107i plodove mora prepu\u0161tamo vama.<\/p>\n\n<figure class=\"wp-block-image size-large\"><img loading=\"lazy\" decoding=\"async\" width=\"1024\" height=\"683\" src=\"https:\/\/www.visit-montenegro.com\/wp-content\/uploads\/2026\/01\/wine-and-couple-1024x683.jpg\" alt=\"\" class=\"wp-image-36339\" srcset=\"https:\/\/www.visit-montenegro.com\/wp-content\/uploads\/2026\/01\/wine-and-couple-1024x683.jpg 1024w, https:\/\/www.visit-montenegro.com\/wp-content\/uploads\/2026\/01\/wine-and-couple-300x200.jpg 300w, https:\/\/www.visit-montenegro.com\/wp-content\/uploads\/2026\/01\/wine-and-couple-768x512.jpg 768w, https:\/\/www.visit-montenegro.com\/wp-content\/uploads\/2026\/01\/wine-and-couple-1536x1024.jpg 1536w, https:\/\/www.visit-montenegro.com\/wp-content\/uploads\/2026\/01\/wine-and-couple-1200x800.jpg 1200w, https:\/\/www.visit-montenegro.com\/wp-content\/uploads\/2026\/01\/wine-and-couple-scaled.jpg 1600w\" sizes=\"auto, (max-width: 1024px) 100vw, 1024px\" \/><figcaption class=\"wp-element-caption\">par pije vino na pla\u017ei za vrijeme zalaska sunca. Crna Gora<\/figcaption><\/figure>\n\n<p>Ipak, na nama je da vas ukratko podsjetimo da riba pliva tri puta: prvi put u moru, zatim u ulju, i tek onda pliva u vinu. S raznim vrstama riba odgovaraju razna vina, ali to \u0107emo prepustiti vje\u0161tim gastronomima na Budvanskoj rivijeri. Koje god pi\u0107e odaberete, tradicionalno \u0107ete morati nazdraviti sebi i drugima, za dobro zdravlje, sre\u0107u, napredak u poslu, a mo\u017eda i za novi susret s Budvanskom rivijerom, tko zna\u2026<\/p>\n","protected":false},"excerpt":{"rendered":"<p>Otkrijte autenti\u010dne arome Budve, od tradicionalnih crnogorskih predjela poput priganica i suvog mesa do svje\u017eih plodova mora. Saznajte o primorskoj kuhinji i lokalnim vinima koja \u010dine ovdje\u0161nje objedovanje nezaboravnim iskustvom.<\/p>\n","protected":false},"author":1,"featured_media":135132,"parent":134172,"menu_order":0,"comment_status":"closed","ping_status":"closed","template":"","meta":{"_yoast_wpseo_focuskw":"Budva Hrana i Pi\u0107e","_yoast_wpseo_metadesc":"Istra\u017eite hranu i pi\u0107e u Budvi: tradicionalni crnogorski predjela, svje\u017ei plodovi mora i lokalna vina. Okusite autenti\u010dne arome du\u017e Budvanske rivijere.","_kad_post_transparent":"","_kad_post_title":"","_kad_post_layout":"","_kad_post_sidebar_id":"","_kad_post_content_style":"","_kad_post_vertical_padding":"","_kad_post_feature":"","_kad_post_feature_position":"","_kad_post_header":false,"_kad_post_footer":false,"_kad_post_classname":"","iawp_total_views":4,"footnotes":""},"tags":[140,52,139,62,141,76],"class_list":["post-135131","page","type-page","status-publish","has-post-thumbnail","hentry","tag-crna-gora","tag-montenegro","tag-news","tag-tourism","tag-travel","tag-visit"],"yoast_head":"<!-- This site is optimized with the Yoast SEO plugin v27.3 - https:\/\/yoast.com\/product\/yoast-seo-wordpress\/ -->\n<title>Budva Hrana i Pi\u0107e - Visit Montenegro<\/title>\n<meta name=\"description\" content=\"Istra\u017eite hranu i pi\u0107e u Budvi: tradicionalni crnogorski predjela, svje\u017ei plodovi mora i lokalna vina. Okusite autenti\u010dne arome du\u017e Budvanske rivijere.\" \/>\n<meta name=\"robots\" content=\"index, follow, max-snippet:-1, max-image-preview:large, max-video-preview:-1\" \/>\n<link rel=\"canonical\" href=\"https:\/\/www.visit-montenegro.com\/me\/destinacije\/budva\/info\/hrana-i-pice\/\" \/>\n<meta property=\"og:locale\" content=\"en_US\" \/>\n<meta property=\"og:type\" content=\"article\" \/>\n<meta property=\"og:title\" content=\"Budva Hrana i Pi\u0107e - Visit Montenegro\" \/>\n<meta property=\"og:description\" content=\"Istra\u017eite hranu i pi\u0107e u Budvi: tradicionalni crnogorski predjela, svje\u017ei plodovi mora i lokalna vina. Okusite autenti\u010dne arome du\u017e Budvanske rivijere.\" \/>\n<meta property=\"og:url\" content=\"https:\/\/www.visit-montenegro.com\/me\/destinacije\/budva\/info\/hrana-i-pice\/\" \/>\n<meta property=\"og:site_name\" content=\"Visit Montenegro\" \/>\n<meta property=\"article:publisher\" content=\"https:\/\/www.facebook.com\/visitmontenegro\" \/>\n<meta property=\"article:modified_time\" content=\"2026-02-22T16:12:23+00:00\" \/>\n<meta property=\"og:image\" content=\"https:\/\/www.visit-montenegro.com\/wp-content\/uploads\/2015\/02\/PHOTOS-PAGES-food.jpg\" \/>\n\t<meta property=\"og:image:width\" content=\"1280\" \/>\n\t<meta property=\"og:image:height\" content=\"843\" \/>\n\t<meta property=\"og:image:type\" content=\"image\/jpeg\" \/>\n<meta name=\"twitter:card\" content=\"summary_large_image\" \/>\n<meta name=\"twitter:site\" content=\"@visitmontenegro\" \/>\n<meta name=\"twitter:label1\" content=\"Est. reading time\" \/>\n\t<meta name=\"twitter:data1\" content=\"2 minutes\" \/>\n<script type=\"application\/ld+json\" class=\"yoast-schema-graph\">{\"@context\":\"https:\\\/\\\/schema.org\",\"@graph\":[{\"@type\":\"WebPage\",\"@id\":\"https:\\\/\\\/www.visit-montenegro.com\\\/me\\\/destinacije\\\/budva\\\/info\\\/hrana-i-pice\\\/\",\"url\":\"https:\\\/\\\/www.visit-montenegro.com\\\/me\\\/destinacije\\\/budva\\\/info\\\/hrana-i-pice\\\/\",\"name\":\"Budva Hrana i Pi\u0107e - Visit Montenegro\",\"isPartOf\":{\"@id\":\"https:\\\/\\\/www.visit-montenegro.com\\\/me\\\/#website\"},\"primaryImageOfPage\":{\"@id\":\"https:\\\/\\\/www.visit-montenegro.com\\\/me\\\/destinacije\\\/budva\\\/info\\\/hrana-i-pice\\\/#primaryimage\"},\"image\":{\"@id\":\"https:\\\/\\\/www.visit-montenegro.com\\\/me\\\/destinacije\\\/budva\\\/info\\\/hrana-i-pice\\\/#primaryimage\"},\"thumbnailUrl\":\"https:\\\/\\\/www.visit-montenegro.com\\\/wp-content\\\/uploads\\\/2015\\\/02\\\/PHOTOS-PAGES-food.jpg\",\"datePublished\":\"2026-01-27T20:44:31+00:00\",\"dateModified\":\"2026-02-22T16:12:23+00:00\",\"description\":\"Istra\u017eite hranu i pi\u0107e u Budvi: tradicionalni crnogorski predjela, svje\u017ei plodovi mora i lokalna vina. Okusite autenti\u010dne arome du\u017e Budvanske rivijere.\",\"breadcrumb\":{\"@id\":\"https:\\\/\\\/www.visit-montenegro.com\\\/me\\\/destinacije\\\/budva\\\/info\\\/hrana-i-pice\\\/#breadcrumb\"},\"inLanguage\":\"sr-Latn-ME\",\"potentialAction\":[{\"@type\":\"ReadAction\",\"target\":[\"https:\\\/\\\/www.visit-montenegro.com\\\/me\\\/destinacije\\\/budva\\\/info\\\/hrana-i-pice\\\/\"]}]},{\"@type\":\"ImageObject\",\"inLanguage\":\"sr-Latn-ME\",\"@id\":\"https:\\\/\\\/www.visit-montenegro.com\\\/me\\\/destinacije\\\/budva\\\/info\\\/hrana-i-pice\\\/#primaryimage\",\"url\":\"https:\\\/\\\/www.visit-montenegro.com\\\/wp-content\\\/uploads\\\/2015\\\/02\\\/PHOTOS-PAGES-food.jpg\",\"contentUrl\":\"https:\\\/\\\/www.visit-montenegro.com\\\/wp-content\\\/uploads\\\/2015\\\/02\\\/PHOTOS-PAGES-food.jpg\",\"width\":1280,\"height\":843},{\"@type\":\"BreadcrumbList\",\"@id\":\"https:\\\/\\\/www.visit-montenegro.com\\\/me\\\/destinacije\\\/budva\\\/info\\\/hrana-i-pice\\\/#breadcrumb\",\"itemListElement\":[{\"@type\":\"ListItem\",\"position\":1,\"name\":\"Home\",\"item\":\"https:\\\/\\\/www.visit-montenegro.com\\\/me\\\/pocetna\\\/\"},{\"@type\":\"ListItem\",\"position\":2,\"name\":\"Turisti\u010dke destinacije u Crnoj Gori\",\"item\":\"https:\\\/\\\/www.visit-montenegro.com\\\/me\\\/destinacije\\\/\"},{\"@type\":\"ListItem\",\"position\":3,\"name\":\"Budva\",\"item\":\"https:\\\/\\\/www.visit-montenegro.com\\\/me\\\/destinacije\\\/budva\\\/\"},{\"@type\":\"ListItem\",\"position\":4,\"name\":\"Vi\u0161e o Budvi\",\"item\":\"https:\\\/\\\/www.visit-montenegro.com\\\/me\\\/destinacije\\\/budva\\\/info\\\/\"},{\"@type\":\"ListItem\",\"position\":5,\"name\":\"Budva Hrana i Pi\u0107e\"}]},{\"@type\":\"WebSite\",\"@id\":\"https:\\\/\\\/www.visit-montenegro.com\\\/me\\\/#website\",\"url\":\"https:\\\/\\\/www.visit-montenegro.com\\\/me\\\/\",\"name\":\"Visit Montenegro\",\"description\":\"Breathtaking beauty\",\"publisher\":{\"@id\":\"https:\\\/\\\/www.visit-montenegro.com\\\/me\\\/#organization\"},\"potentialAction\":[{\"@type\":\"SearchAction\",\"target\":{\"@type\":\"EntryPoint\",\"urlTemplate\":\"https:\\\/\\\/www.visit-montenegro.com\\\/me\\\/?s={search_term_string}\"},\"query-input\":{\"@type\":\"PropertyValueSpecification\",\"valueRequired\":true,\"valueName\":\"search_term_string\"}}],\"inLanguage\":\"sr-Latn-ME\"},{\"@type\":\"Organization\",\"@id\":\"https:\\\/\\\/www.visit-montenegro.com\\\/me\\\/#organization\",\"name\":\"Visit Montenegro\",\"url\":\"https:\\\/\\\/www.visit-montenegro.com\\\/me\\\/\",\"logo\":{\"@type\":\"ImageObject\",\"inLanguage\":\"sr-Latn-ME\",\"@id\":\"https:\\\/\\\/www.visit-montenegro.com\\\/me\\\/#\\\/schema\\\/logo\\\/image\\\/\",\"url\":\"https:\\\/\\\/www.visit-montenegro.com\\\/wp-content\\\/uploads\\\/2017\\\/10\\\/logo-amp.png\",\"contentUrl\":\"https:\\\/\\\/www.visit-montenegro.com\\\/wp-content\\\/uploads\\\/2017\\\/10\\\/logo-amp.png\",\"width\":190,\"height\":36,\"caption\":\"Visit Montenegro\"},\"image\":{\"@id\":\"https:\\\/\\\/www.visit-montenegro.com\\\/me\\\/#\\\/schema\\\/logo\\\/image\\\/\"},\"sameAs\":[\"https:\\\/\\\/www.facebook.com\\\/visitmontenegro\",\"https:\\\/\\\/x.com\\\/visitmontenegro\",\"https:\\\/\\\/www.instagram.com\\\/visit_montenegro\\\/\",\"https:\\\/\\\/www.youtube.com\\\/user\\\/VisitMontenegro\"]}]}<\/script>\n<!-- \/ Yoast SEO plugin. -->","yoast_head_json":{"title":"Budva Hrana i Pi\u0107e - Visit Montenegro","description":"Istra\u017eite hranu i pi\u0107e u Budvi: tradicionalni crnogorski predjela, svje\u017ei plodovi mora i lokalna vina. Okusite autenti\u010dne arome du\u017e Budvanske rivijere.","robots":{"index":"index","follow":"follow","max-snippet":"max-snippet:-1","max-image-preview":"max-image-preview:large","max-video-preview":"max-video-preview:-1"},"canonical":"https:\/\/www.visit-montenegro.com\/me\/destinacije\/budva\/info\/hrana-i-pice\/","og_locale":"en_US","og_type":"article","og_title":"Budva Hrana i Pi\u0107e - Visit Montenegro","og_description":"Istra\u017eite hranu i pi\u0107e u Budvi: tradicionalni crnogorski predjela, svje\u017ei plodovi mora i lokalna vina. Okusite autenti\u010dne arome du\u017e Budvanske rivijere.","og_url":"https:\/\/www.visit-montenegro.com\/me\/destinacije\/budva\/info\/hrana-i-pice\/","og_site_name":"Visit Montenegro","article_publisher":"https:\/\/www.facebook.com\/visitmontenegro","article_modified_time":"2026-02-22T16:12:23+00:00","og_image":[{"width":1280,"height":843,"url":"https:\/\/www.visit-montenegro.com\/wp-content\/uploads\/2015\/02\/PHOTOS-PAGES-food.jpg","type":"image\/jpeg"}],"twitter_card":"summary_large_image","twitter_site":"@visitmontenegro","twitter_misc":{"Est. reading time":"2 minutes"},"schema":{"@context":"https:\/\/schema.org","@graph":[{"@type":"WebPage","@id":"https:\/\/www.visit-montenegro.com\/me\/destinacije\/budva\/info\/hrana-i-pice\/","url":"https:\/\/www.visit-montenegro.com\/me\/destinacije\/budva\/info\/hrana-i-pice\/","name":"Budva Hrana i Pi\u0107e - Visit Montenegro","isPartOf":{"@id":"https:\/\/www.visit-montenegro.com\/me\/#website"},"primaryImageOfPage":{"@id":"https:\/\/www.visit-montenegro.com\/me\/destinacije\/budva\/info\/hrana-i-pice\/#primaryimage"},"image":{"@id":"https:\/\/www.visit-montenegro.com\/me\/destinacije\/budva\/info\/hrana-i-pice\/#primaryimage"},"thumbnailUrl":"https:\/\/www.visit-montenegro.com\/wp-content\/uploads\/2015\/02\/PHOTOS-PAGES-food.jpg","datePublished":"2026-01-27T20:44:31+00:00","dateModified":"2026-02-22T16:12:23+00:00","description":"Istra\u017eite hranu i pi\u0107e u Budvi: tradicionalni crnogorski predjela, svje\u017ei plodovi mora i lokalna vina. Okusite autenti\u010dne arome du\u017e Budvanske rivijere.","breadcrumb":{"@id":"https:\/\/www.visit-montenegro.com\/me\/destinacije\/budva\/info\/hrana-i-pice\/#breadcrumb"},"inLanguage":"sr-Latn-ME","potentialAction":[{"@type":"ReadAction","target":["https:\/\/www.visit-montenegro.com\/me\/destinacije\/budva\/info\/hrana-i-pice\/"]}]},{"@type":"ImageObject","inLanguage":"sr-Latn-ME","@id":"https:\/\/www.visit-montenegro.com\/me\/destinacije\/budva\/info\/hrana-i-pice\/#primaryimage","url":"https:\/\/www.visit-montenegro.com\/wp-content\/uploads\/2015\/02\/PHOTOS-PAGES-food.jpg","contentUrl":"https:\/\/www.visit-montenegro.com\/wp-content\/uploads\/2015\/02\/PHOTOS-PAGES-food.jpg","width":1280,"height":843},{"@type":"BreadcrumbList","@id":"https:\/\/www.visit-montenegro.com\/me\/destinacije\/budva\/info\/hrana-i-pice\/#breadcrumb","itemListElement":[{"@type":"ListItem","position":1,"name":"Home","item":"https:\/\/www.visit-montenegro.com\/me\/pocetna\/"},{"@type":"ListItem","position":2,"name":"Turisti\u010dke destinacije u Crnoj Gori","item":"https:\/\/www.visit-montenegro.com\/me\/destinacije\/"},{"@type":"ListItem","position":3,"name":"Budva","item":"https:\/\/www.visit-montenegro.com\/me\/destinacije\/budva\/"},{"@type":"ListItem","position":4,"name":"Vi\u0161e o Budvi","item":"https:\/\/www.visit-montenegro.com\/me\/destinacije\/budva\/info\/"},{"@type":"ListItem","position":5,"name":"Budva Hrana i Pi\u0107e"}]},{"@type":"WebSite","@id":"https:\/\/www.visit-montenegro.com\/me\/#website","url":"https:\/\/www.visit-montenegro.com\/me\/","name":"Visit Montenegro","description":"Breathtaking beauty","publisher":{"@id":"https:\/\/www.visit-montenegro.com\/me\/#organization"},"potentialAction":[{"@type":"SearchAction","target":{"@type":"EntryPoint","urlTemplate":"https:\/\/www.visit-montenegro.com\/me\/?s={search_term_string}"},"query-input":{"@type":"PropertyValueSpecification","valueRequired":true,"valueName":"search_term_string"}}],"inLanguage":"sr-Latn-ME"},{"@type":"Organization","@id":"https:\/\/www.visit-montenegro.com\/me\/#organization","name":"Visit Montenegro","url":"https:\/\/www.visit-montenegro.com\/me\/","logo":{"@type":"ImageObject","inLanguage":"sr-Latn-ME","@id":"https:\/\/www.visit-montenegro.com\/me\/#\/schema\/logo\/image\/","url":"https:\/\/www.visit-montenegro.com\/wp-content\/uploads\/2017\/10\/logo-amp.png","contentUrl":"https:\/\/www.visit-montenegro.com\/wp-content\/uploads\/2017\/10\/logo-amp.png","width":190,"height":36,"caption":"Visit Montenegro"},"image":{"@id":"https:\/\/www.visit-montenegro.com\/me\/#\/schema\/logo\/image\/"},"sameAs":["https:\/\/www.facebook.com\/visitmontenegro","https:\/\/x.com\/visitmontenegro","https:\/\/www.instagram.com\/visit_montenegro\/","https:\/\/www.youtube.com\/user\/VisitMontenegro"]}]}},"translations":[],"_links":{"self":[{"href":"https:\/\/www.visit-montenegro.com\/me\/wp-json\/wp\/v2\/pages\/135131","targetHints":{"allow":["GET"]}}],"collection":[{"href":"https:\/\/www.visit-montenegro.com\/me\/wp-json\/wp\/v2\/pages"}],"about":[{"href":"https:\/\/www.visit-montenegro.com\/me\/wp-json\/wp\/v2\/types\/page"}],"author":[{"embeddable":true,"href":"https:\/\/www.visit-montenegro.com\/me\/wp-json\/wp\/v2\/users\/1"}],"replies":[{"embeddable":true,"href":"https:\/\/www.visit-montenegro.com\/me\/wp-json\/wp\/v2\/comments?post=135131"}],"version-history":[{"count":0,"href":"https:\/\/www.visit-montenegro.com\/me\/wp-json\/wp\/v2\/pages\/135131\/revisions"}],"up":[{"embeddable":true,"href":"https:\/\/www.visit-montenegro.com\/me\/wp-json\/wp\/v2\/pages\/134172"}],"wp:featuredmedia":[{"embeddable":true,"href":"https:\/\/www.visit-montenegro.com\/me\/wp-json\/wp\/v2\/media\/135132"}],"wp:attachment":[{"href":"https:\/\/www.visit-montenegro.com\/me\/wp-json\/wp\/v2\/media?parent=135131"}],"wp:term":[{"taxonomy":"post_tag","embeddable":true,"href":"https:\/\/www.visit-montenegro.com\/me\/wp-json\/wp\/v2\/tags?post=135131"}],"curies":[{"name":"wp","href":"https:\/\/api.w.org\/{rel}","templated":true}]}}