{"id":135137,"date":"2026-01-27T21:44:31","date_gmt":"2026-01-27T20:44:31","guid":{"rendered":"https:\/\/new.visit-montenegro.com\/destinacije\/budva\/info\/istorija\/"},"modified":"2026-02-22T17:12:23","modified_gmt":"2026-02-22T16:12:23","slug":"istorija","status":"publish","type":"page","link":"https:\/\/www.visit-montenegro.com\/me\/destinacije\/budva\/info\/istorija\/","title":{"rendered":"Istorija Budve"},"content":{"rendered":"\n<p><a href=\"https:\/\/www.visit-montenegro.com\/me\/destinacije\/budva\/\">Budva<\/a> \u2013 drevni grad uz samu obalu, krije bogatu istorijsku pro\u0161lost. Daleka pro\u0161lost se\u017ee u <strong>V vijek p.n.e<\/strong>. Prema brojnim legendama, Budva je prvo bila <strong>ilirski<\/strong> grad. Njeni prvi stanovnici bili su kralj istorijski poznate Tebe \u2013 Kadmo i kraljica Harmonija.<\/p>\n\n<p>Ve\u0107 u II vijeku p.n.e., Budva potpada pod <strong>Rimljane<\/strong>. Na njenoj teritoriji u to vrijeme trgovina je bila veoma razvijena. Gra\u0111ani su se bavili uzgojem gro\u017e\u0111a i maslina. Nakon pada Rimskog carstva, u Budvi je po\u010deo period vladavine <strong>Bizantije<\/strong>. Borba Budvjana protiv Bizantije zapo\u010dela je 535. godine. Pad bizantijske vladavine dogodio se nakon dolaska dinastije Nemanji\u0107a na teritoriju biv\u0161e crnogorske obale (1184\u20131186).<\/p>\n\n<figure class=\"wp-block-image size-large\"><img loading=\"lazy\" decoding=\"async\" width=\"1024\" height=\"683\" src=\"https:\/\/www.visit-montenegro.com\/wp-content\/uploads\/2026\/01\/budva-citadel-1024x683.jpg\" alt=\"\" class=\"wp-image-36000\" srcset=\"https:\/\/www.visit-montenegro.com\/wp-content\/uploads\/2026\/01\/budva-citadel-1024x683.jpg 1024w, https:\/\/www.visit-montenegro.com\/wp-content\/uploads\/2026\/01\/budva-citadel-300x200.jpg 300w, https:\/\/www.visit-montenegro.com\/wp-content\/uploads\/2026\/01\/budva-citadel-768x512.jpg 768w, https:\/\/www.visit-montenegro.com\/wp-content\/uploads\/2026\/01\/budva-citadel-1536x1024.jpg 1536w, https:\/\/www.visit-montenegro.com\/wp-content\/uploads\/2026\/01\/budva-citadel-1200x800.jpg 1200w, https:\/\/www.visit-montenegro.com\/wp-content\/uploads\/2026\/01\/budva-citadel-scaled.jpg 1600w\" sizes=\"auto, (max-width: 1024px) 100vw, 1024px\" \/><figcaption class=\"wp-element-caption\">Citadela u starom gradu u Budvi u prekrasan ljetni dan, Crna Gora<\/figcaption><\/figure>\n\n<p>Ipak, najve\u0107i procvat Budva je do\u017eivjela u srednjem vijeku tokom \u017eivota <strong>srpskog<\/strong> cara Du\u0161ana. U to vrijeme, Budva je dobila svoj statut, koji opisuje nove uslove \u017eivota u srednjem vijeku.<\/p>\n\n<p>Pod vladavinom <strong>Mleta\u010dke Republike<\/strong>, Budva potpada 1442. godine. Pored ugnjetavanja od strane Mle\u010dana, nevolje gra\u0111ana Budve dolazile su i od Turaka, koji su \u010desto napadali Budvu i okolna mjesta i tako\u0111er su se borili s Mle\u010danima. Budva podnosi teret izme\u0111u dve zara\u0107ene strane, sve do po\u010detka XVIII vijeka.<\/p>\n\n<p>1807. godine, Budvu preuzimaju <strong>Francuzi<\/strong>, a 1813. godine potpada pod austrougarsku vladavinu, koja upravlja Budvom narednih sto godina. Razorena i osiroma\u0161ena Budva, pod vladavinom <strong>Austrougarske<\/strong> \u010deka Prvi svjetski rat, odnosno 1914. godinu. Oslobo\u0111enje od austrougarske monarhije do\u0161lo je 1918. godine.<\/p>\n\n<p>Ipak, to je bila samo stanka do Drugog svjetskog rata, jer ve\u0107 1941. godine Budva i njena okolina su ponovo okupirane, ovaj put od strane Italije. Oslobo\u0111enje od nacisti\u010dke vladavine Budva je do\u010dekala 22. novembra 1944. godine.<\/p>\n\n<h2 class=\"wp-block-heading\">Istorija Budve: Klju\u010dne epohe i uticaji<\/h2>\n\n<p>Istorija Budve obuhvata drevne ilirske korene kroz rimske, bizantijske, srpske, mleta\u010dke, francuske, austrougarske i savremene okupacije, odra\u017eavaju\u0107i bogatu tapiseriju kulturnih i politi\u010dkih promjena tokom vijekova.<\/p>\n\n<hr class=\"wp-block-separator has-alpha-channel-opacity\"\/>\n\n<h3 class=\"wp-block-heading\">Legenda o osnivanju Budve<\/h3>\n\n<p>S posebnom pa\u017enjom, Budva i Budvani \u010duvaju mitsku legendu o osnivanju grada. BATHUA, BUTOBA, BUTUA \u2013 danas Budva \u2013 krije svoje ime iza najpoznatije autenti\u010dne pri\u010de o osnivanju grada iz vremena Stefana Bizantijca iz VI vijeka.<\/p>\n\n<p>Kako je zapisano u izvorima Filona iz Bilbosa iz II vijeka n.e., osnivanje Budve povezano je sa osniva\u010dem grada Tebe, mitskom li\u010dno\u0161\u0107u i sinom feni\u010danskog kralja Agemora \u2013 Kadmom.<\/p>\n\n<p>Naime, Kadmo i njegova \u017eena Harmonija u starosti su prognani iz Tebe i na kolima vu\u010denim volovima uputili su se u zemlju Enhelejaca \u2013 ljudi jegulja, (najstarijih stanovnika u podru\u010dju Budve), gdje su osnovali novi grad BOUTHOE \u2013 Budvu.<\/p>\n\n<p>Prema legendi, po volovima je Budva dobila svoje ime, (Bous \u2013 na gr\u010dkom Vol), koji su doveli supru\u017enike Kadmu i Harmoniju, biv\u0161e vladare Tebe, u Budvu. Prema nekim drugim izvorima, Harmonija je rodila sina Ilirijca.<\/p>\n\n<p>Ipak, zbog nekog ubistva koje je Kadmo po\u010dinio u mladosti, kazna bogova je pala na njega, pa su supru\u017enici (Kadmo i Harmonija), prema legendi, pretvoreni u zmije.<\/p>\n","protected":false},"excerpt":{"rendered":"<p>Istra\u017eite bogatu istoriju Budve, od njenih mitskih ilirskih po\u010detaka do savremenog oslobo\u0111enja. Pri\u010da ovog drevnog primorskog grada isprepletena je legendama o kraljevima, carstvima i kulturnim transformacijama.<\/p>\n","protected":false},"author":1,"featured_media":135138,"parent":134172,"menu_order":0,"comment_status":"closed","ping_status":"closed","template":"","meta":{"_yoast_wpseo_focuskw":"Istorija Budve","_yoast_wpseo_metadesc":"Otkrijte fascinantnu istoriju Budve, od ilirskih legendi do mleta\u010dke vladavine. Otkrijte drevne mitove i klju\u010dne istorijske doga\u0111aje u ovom primorskom dragulju.","_kad_post_transparent":"","_kad_post_title":"","_kad_post_layout":"","_kad_post_sidebar_id":"","_kad_post_content_style":"","_kad_post_vertical_padding":"","_kad_post_feature":"","_kad_post_feature_position":"","_kad_post_header":false,"_kad_post_footer":false,"_kad_post_classname":"","iawp_total_views":13,"footnotes":""},"tags":[140,52,139,62,141,76],"class_list":["post-135137","page","type-page","status-publish","has-post-thumbnail","hentry","tag-crna-gora","tag-montenegro","tag-news","tag-tourism","tag-travel","tag-visit"],"yoast_head":"<!-- This site is optimized with the Yoast SEO plugin v27.3 - https:\/\/yoast.com\/product\/yoast-seo-wordpress\/ -->\n<title>Istorija Budve - Visit Montenegro<\/title>\n<meta name=\"description\" content=\"Otkrijte fascinantnu istoriju Budve, od ilirskih legendi do mleta\u010dke vladavine. Otkrijte drevne mitove i klju\u010dne istorijske doga\u0111aje u ovom primorskom dragulju.\" \/>\n<meta name=\"robots\" content=\"index, follow, max-snippet:-1, max-image-preview:large, max-video-preview:-1\" \/>\n<link rel=\"canonical\" href=\"https:\/\/www.visit-montenegro.com\/me\/destinacije\/budva\/info\/istorija\/\" \/>\n<meta property=\"og:locale\" content=\"en_US\" \/>\n<meta property=\"og:type\" content=\"article\" \/>\n<meta property=\"og:title\" content=\"Istorija Budve - Visit Montenegro\" \/>\n<meta property=\"og:description\" content=\"Otkrijte fascinantnu istoriju Budve, od ilirskih legendi do mleta\u010dke vladavine. Otkrijte drevne mitove i klju\u010dne istorijske doga\u0111aje u ovom primorskom dragulju.\" \/>\n<meta property=\"og:url\" content=\"https:\/\/www.visit-montenegro.com\/me\/destinacije\/budva\/info\/istorija\/\" \/>\n<meta property=\"og:site_name\" content=\"Visit Montenegro\" \/>\n<meta property=\"article:publisher\" content=\"https:\/\/www.facebook.com\/visitmontenegro\" \/>\n<meta property=\"article:modified_time\" content=\"2026-02-22T16:12:23+00:00\" \/>\n<meta property=\"og:image\" content=\"https:\/\/www.visit-montenegro.com\/wp-content\/uploads\/2017\/08\/newsletter-budva.jpg\" \/>\n\t<meta property=\"og:image:width\" content=\"1280\" \/>\n\t<meta property=\"og:image:height\" content=\"640\" \/>\n\t<meta property=\"og:image:type\" content=\"image\/jpeg\" \/>\n<meta name=\"twitter:card\" content=\"summary_large_image\" \/>\n<meta name=\"twitter:site\" content=\"@visitmontenegro\" \/>\n<meta name=\"twitter:label1\" content=\"Est. reading time\" \/>\n\t<meta name=\"twitter:data1\" content=\"3 minutes\" \/>\n<script type=\"application\/ld+json\" class=\"yoast-schema-graph\">{\"@context\":\"https:\\\/\\\/schema.org\",\"@graph\":[{\"@type\":\"WebPage\",\"@id\":\"https:\\\/\\\/www.visit-montenegro.com\\\/me\\\/destinacije\\\/budva\\\/info\\\/istorija\\\/\",\"url\":\"https:\\\/\\\/www.visit-montenegro.com\\\/me\\\/destinacije\\\/budva\\\/info\\\/istorija\\\/\",\"name\":\"Istorija Budve - Visit Montenegro\",\"isPartOf\":{\"@id\":\"https:\\\/\\\/www.visit-montenegro.com\\\/me\\\/#website\"},\"primaryImageOfPage\":{\"@id\":\"https:\\\/\\\/www.visit-montenegro.com\\\/me\\\/destinacije\\\/budva\\\/info\\\/istorija\\\/#primaryimage\"},\"image\":{\"@id\":\"https:\\\/\\\/www.visit-montenegro.com\\\/me\\\/destinacije\\\/budva\\\/info\\\/istorija\\\/#primaryimage\"},\"thumbnailUrl\":\"https:\\\/\\\/www.visit-montenegro.com\\\/wp-content\\\/uploads\\\/2017\\\/08\\\/newsletter-budva.jpg\",\"datePublished\":\"2026-01-27T20:44:31+00:00\",\"dateModified\":\"2026-02-22T16:12:23+00:00\",\"description\":\"Otkrijte fascinantnu istoriju Budve, od ilirskih legendi do mleta\u010dke vladavine. Otkrijte drevne mitove i klju\u010dne istorijske doga\u0111aje u ovom primorskom dragulju.\",\"breadcrumb\":{\"@id\":\"https:\\\/\\\/www.visit-montenegro.com\\\/me\\\/destinacije\\\/budva\\\/info\\\/istorija\\\/#breadcrumb\"},\"inLanguage\":\"sr-Latn-ME\",\"potentialAction\":[{\"@type\":\"ReadAction\",\"target\":[\"https:\\\/\\\/www.visit-montenegro.com\\\/me\\\/destinacije\\\/budva\\\/info\\\/istorija\\\/\"]}]},{\"@type\":\"ImageObject\",\"inLanguage\":\"sr-Latn-ME\",\"@id\":\"https:\\\/\\\/www.visit-montenegro.com\\\/me\\\/destinacije\\\/budva\\\/info\\\/istorija\\\/#primaryimage\",\"url\":\"https:\\\/\\\/www.visit-montenegro.com\\\/wp-content\\\/uploads\\\/2017\\\/08\\\/newsletter-budva.jpg\",\"contentUrl\":\"https:\\\/\\\/www.visit-montenegro.com\\\/wp-content\\\/uploads\\\/2017\\\/08\\\/newsletter-budva.jpg\",\"width\":1280,\"height\":640},{\"@type\":\"BreadcrumbList\",\"@id\":\"https:\\\/\\\/www.visit-montenegro.com\\\/me\\\/destinacije\\\/budva\\\/info\\\/istorija\\\/#breadcrumb\",\"itemListElement\":[{\"@type\":\"ListItem\",\"position\":1,\"name\":\"Home\",\"item\":\"https:\\\/\\\/www.visit-montenegro.com\\\/me\\\/pocetna\\\/\"},{\"@type\":\"ListItem\",\"position\":2,\"name\":\"Turisti\u010dke destinacije u Crnoj Gori\",\"item\":\"https:\\\/\\\/www.visit-montenegro.com\\\/me\\\/destinacije\\\/\"},{\"@type\":\"ListItem\",\"position\":3,\"name\":\"Budva\",\"item\":\"https:\\\/\\\/www.visit-montenegro.com\\\/me\\\/destinacije\\\/budva\\\/\"},{\"@type\":\"ListItem\",\"position\":4,\"name\":\"Vi\u0161e o Budvi\",\"item\":\"https:\\\/\\\/www.visit-montenegro.com\\\/me\\\/destinacije\\\/budva\\\/info\\\/\"},{\"@type\":\"ListItem\",\"position\":5,\"name\":\"Istorija Budve\"}]},{\"@type\":\"WebSite\",\"@id\":\"https:\\\/\\\/www.visit-montenegro.com\\\/me\\\/#website\",\"url\":\"https:\\\/\\\/www.visit-montenegro.com\\\/me\\\/\",\"name\":\"Visit Montenegro\",\"description\":\"Breathtaking beauty\",\"publisher\":{\"@id\":\"https:\\\/\\\/www.visit-montenegro.com\\\/me\\\/#organization\"},\"potentialAction\":[{\"@type\":\"SearchAction\",\"target\":{\"@type\":\"EntryPoint\",\"urlTemplate\":\"https:\\\/\\\/www.visit-montenegro.com\\\/me\\\/?s={search_term_string}\"},\"query-input\":{\"@type\":\"PropertyValueSpecification\",\"valueRequired\":true,\"valueName\":\"search_term_string\"}}],\"inLanguage\":\"sr-Latn-ME\"},{\"@type\":\"Organization\",\"@id\":\"https:\\\/\\\/www.visit-montenegro.com\\\/me\\\/#organization\",\"name\":\"Visit Montenegro\",\"url\":\"https:\\\/\\\/www.visit-montenegro.com\\\/me\\\/\",\"logo\":{\"@type\":\"ImageObject\",\"inLanguage\":\"sr-Latn-ME\",\"@id\":\"https:\\\/\\\/www.visit-montenegro.com\\\/me\\\/#\\\/schema\\\/logo\\\/image\\\/\",\"url\":\"https:\\\/\\\/www.visit-montenegro.com\\\/wp-content\\\/uploads\\\/2017\\\/10\\\/logo-amp.png\",\"contentUrl\":\"https:\\\/\\\/www.visit-montenegro.com\\\/wp-content\\\/uploads\\\/2017\\\/10\\\/logo-amp.png\",\"width\":190,\"height\":36,\"caption\":\"Visit Montenegro\"},\"image\":{\"@id\":\"https:\\\/\\\/www.visit-montenegro.com\\\/me\\\/#\\\/schema\\\/logo\\\/image\\\/\"},\"sameAs\":[\"https:\\\/\\\/www.facebook.com\\\/visitmontenegro\",\"https:\\\/\\\/x.com\\\/visitmontenegro\",\"https:\\\/\\\/www.instagram.com\\\/visit_montenegro\\\/\",\"https:\\\/\\\/www.youtube.com\\\/user\\\/VisitMontenegro\"]}]}<\/script>\n<!-- \/ Yoast SEO plugin. -->","yoast_head_json":{"title":"Istorija Budve - Visit Montenegro","description":"Otkrijte fascinantnu istoriju Budve, od ilirskih legendi do mleta\u010dke vladavine. Otkrijte drevne mitove i klju\u010dne istorijske doga\u0111aje u ovom primorskom dragulju.","robots":{"index":"index","follow":"follow","max-snippet":"max-snippet:-1","max-image-preview":"max-image-preview:large","max-video-preview":"max-video-preview:-1"},"canonical":"https:\/\/www.visit-montenegro.com\/me\/destinacije\/budva\/info\/istorija\/","og_locale":"en_US","og_type":"article","og_title":"Istorija Budve - Visit Montenegro","og_description":"Otkrijte fascinantnu istoriju Budve, od ilirskih legendi do mleta\u010dke vladavine. Otkrijte drevne mitove i klju\u010dne istorijske doga\u0111aje u ovom primorskom dragulju.","og_url":"https:\/\/www.visit-montenegro.com\/me\/destinacije\/budva\/info\/istorija\/","og_site_name":"Visit Montenegro","article_publisher":"https:\/\/www.facebook.com\/visitmontenegro","article_modified_time":"2026-02-22T16:12:23+00:00","og_image":[{"width":1280,"height":640,"url":"https:\/\/www.visit-montenegro.com\/wp-content\/uploads\/2017\/08\/newsletter-budva.jpg","type":"image\/jpeg"}],"twitter_card":"summary_large_image","twitter_site":"@visitmontenegro","twitter_misc":{"Est. reading time":"3 minutes"},"schema":{"@context":"https:\/\/schema.org","@graph":[{"@type":"WebPage","@id":"https:\/\/www.visit-montenegro.com\/me\/destinacije\/budva\/info\/istorija\/","url":"https:\/\/www.visit-montenegro.com\/me\/destinacije\/budva\/info\/istorija\/","name":"Istorija Budve - Visit Montenegro","isPartOf":{"@id":"https:\/\/www.visit-montenegro.com\/me\/#website"},"primaryImageOfPage":{"@id":"https:\/\/www.visit-montenegro.com\/me\/destinacije\/budva\/info\/istorija\/#primaryimage"},"image":{"@id":"https:\/\/www.visit-montenegro.com\/me\/destinacije\/budva\/info\/istorija\/#primaryimage"},"thumbnailUrl":"https:\/\/www.visit-montenegro.com\/wp-content\/uploads\/2017\/08\/newsletter-budva.jpg","datePublished":"2026-01-27T20:44:31+00:00","dateModified":"2026-02-22T16:12:23+00:00","description":"Otkrijte fascinantnu istoriju Budve, od ilirskih legendi do mleta\u010dke vladavine. Otkrijte drevne mitove i klju\u010dne istorijske doga\u0111aje u ovom primorskom dragulju.","breadcrumb":{"@id":"https:\/\/www.visit-montenegro.com\/me\/destinacije\/budva\/info\/istorija\/#breadcrumb"},"inLanguage":"sr-Latn-ME","potentialAction":[{"@type":"ReadAction","target":["https:\/\/www.visit-montenegro.com\/me\/destinacije\/budva\/info\/istorija\/"]}]},{"@type":"ImageObject","inLanguage":"sr-Latn-ME","@id":"https:\/\/www.visit-montenegro.com\/me\/destinacije\/budva\/info\/istorija\/#primaryimage","url":"https:\/\/www.visit-montenegro.com\/wp-content\/uploads\/2017\/08\/newsletter-budva.jpg","contentUrl":"https:\/\/www.visit-montenegro.com\/wp-content\/uploads\/2017\/08\/newsletter-budva.jpg","width":1280,"height":640},{"@type":"BreadcrumbList","@id":"https:\/\/www.visit-montenegro.com\/me\/destinacije\/budva\/info\/istorija\/#breadcrumb","itemListElement":[{"@type":"ListItem","position":1,"name":"Home","item":"https:\/\/www.visit-montenegro.com\/me\/pocetna\/"},{"@type":"ListItem","position":2,"name":"Turisti\u010dke destinacije u Crnoj Gori","item":"https:\/\/www.visit-montenegro.com\/me\/destinacije\/"},{"@type":"ListItem","position":3,"name":"Budva","item":"https:\/\/www.visit-montenegro.com\/me\/destinacije\/budva\/"},{"@type":"ListItem","position":4,"name":"Vi\u0161e o Budvi","item":"https:\/\/www.visit-montenegro.com\/me\/destinacije\/budva\/info\/"},{"@type":"ListItem","position":5,"name":"Istorija Budve"}]},{"@type":"WebSite","@id":"https:\/\/www.visit-montenegro.com\/me\/#website","url":"https:\/\/www.visit-montenegro.com\/me\/","name":"Visit Montenegro","description":"Breathtaking beauty","publisher":{"@id":"https:\/\/www.visit-montenegro.com\/me\/#organization"},"potentialAction":[{"@type":"SearchAction","target":{"@type":"EntryPoint","urlTemplate":"https:\/\/www.visit-montenegro.com\/me\/?s={search_term_string}"},"query-input":{"@type":"PropertyValueSpecification","valueRequired":true,"valueName":"search_term_string"}}],"inLanguage":"sr-Latn-ME"},{"@type":"Organization","@id":"https:\/\/www.visit-montenegro.com\/me\/#organization","name":"Visit Montenegro","url":"https:\/\/www.visit-montenegro.com\/me\/","logo":{"@type":"ImageObject","inLanguage":"sr-Latn-ME","@id":"https:\/\/www.visit-montenegro.com\/me\/#\/schema\/logo\/image\/","url":"https:\/\/www.visit-montenegro.com\/wp-content\/uploads\/2017\/10\/logo-amp.png","contentUrl":"https:\/\/www.visit-montenegro.com\/wp-content\/uploads\/2017\/10\/logo-amp.png","width":190,"height":36,"caption":"Visit Montenegro"},"image":{"@id":"https:\/\/www.visit-montenegro.com\/me\/#\/schema\/logo\/image\/"},"sameAs":["https:\/\/www.facebook.com\/visitmontenegro","https:\/\/x.com\/visitmontenegro","https:\/\/www.instagram.com\/visit_montenegro\/","https:\/\/www.youtube.com\/user\/VisitMontenegro"]}]}},"translations":[],"_links":{"self":[{"href":"https:\/\/www.visit-montenegro.com\/me\/wp-json\/wp\/v2\/pages\/135137","targetHints":{"allow":["GET"]}}],"collection":[{"href":"https:\/\/www.visit-montenegro.com\/me\/wp-json\/wp\/v2\/pages"}],"about":[{"href":"https:\/\/www.visit-montenegro.com\/me\/wp-json\/wp\/v2\/types\/page"}],"author":[{"embeddable":true,"href":"https:\/\/www.visit-montenegro.com\/me\/wp-json\/wp\/v2\/users\/1"}],"replies":[{"embeddable":true,"href":"https:\/\/www.visit-montenegro.com\/me\/wp-json\/wp\/v2\/comments?post=135137"}],"version-history":[{"count":0,"href":"https:\/\/www.visit-montenegro.com\/me\/wp-json\/wp\/v2\/pages\/135137\/revisions"}],"up":[{"embeddable":true,"href":"https:\/\/www.visit-montenegro.com\/me\/wp-json\/wp\/v2\/pages\/134172"}],"wp:featuredmedia":[{"embeddable":true,"href":"https:\/\/www.visit-montenegro.com\/me\/wp-json\/wp\/v2\/media\/135138"}],"wp:attachment":[{"href":"https:\/\/www.visit-montenegro.com\/me\/wp-json\/wp\/v2\/media?parent=135137"}],"wp:term":[{"taxonomy":"post_tag","embeddable":true,"href":"https:\/\/www.visit-montenegro.com\/me\/wp-json\/wp\/v2\/tags?post=135137"}],"curies":[{"name":"wp","href":"https:\/\/api.w.org\/{rel}","templated":true}]}}