{"id":135143,"date":"2026-01-27T21:44:31","date_gmt":"2026-01-27T20:44:31","guid":{"rendered":"https:\/\/new.visit-montenegro.com\/destinacije\/budva\/info\/crkve\/"},"modified":"2026-02-22T17:12:23","modified_gmt":"2026-02-22T16:12:23","slug":"crkve","status":"publish","type":"page","link":"https:\/\/www.visit-montenegro.com\/me\/destinacije\/budva\/info\/crkve\/","title":{"rendered":"Crkve u Budvi"},"content":{"rendered":"\n<p>Burnu istoriju Budve \u017eivo dokumentuju brojni kulturni spomenici, posebno njeni crkve i manastiri. Ove gra\u0111evine pru\u017eaju opipljivu vezu s pro\u0161lo\u0161\u0107u, prikazuju\u0107i bogatu ba\u0161tinu regiona. Zaista, one slu\u017ee kao nijemi svjedoci istorijskih i dru\u0161tvenih doga\u0111aja koji su oblikovali Budvansku rivijeru tokom vijekova.<\/p>\n\n<p>Budvanska rivijera u Crnoj Gori je riznica istorijskih crkava i manastira, nude\u0107i posjetiocima duboko uranjanje u bogatu kulturnu i duhovnu ba\u0161tinu regiona, od drevnih lokaliteta do srednjovjekovnih arhitektonskih \u010duda.<\/p>\n\n<hr class=\"wp-block-separator has-alpha-channel-opacity\"\/>\n\n<h2 class=\"wp-block-heading\">Istaknute crkve u Budvi<\/h2>\n\n<p>Me\u0111u najpoznatijim kulturno-istorijskim spomenicima, mo\u017eemo ubrojati: <strong>crkvu Svetog Jovana<\/strong> (Sveti Ivan), koja je izgra\u0111ena u VII vijeku, <strong>crkvu Santa Maria iz Punte<\/strong> koja datira iz 840. godine n.e., i <strong>crkvu Svetog Trojstva<\/strong> (Sveto Trojstvo) koja datira iz 1804. godine.<\/p>\n<div class=\"wp-block-image is-resized\">\n<figure class=\"aligncenter size-large\"><img loading=\"lazy\" decoding=\"async\" width=\"1024\" height=\"682\" src=\"https:\/\/www.visit-montenegro.com\/wp-content\/uploads\/2026\/02\/Depositphotos_86851562_xl-2015-copy-1024x682.jpg\" alt=\"\" class=\"wp-image-133696\" srcset=\"https:\/\/www.visit-montenegro.com\/wp-content\/uploads\/2026\/02\/Depositphotos_86851562_xl-2015-copy-1024x682.jpg 1024w, https:\/\/www.visit-montenegro.com\/wp-content\/uploads\/2026\/02\/Depositphotos_86851562_xl-2015-copy-300x200.jpg 300w, https:\/\/www.visit-montenegro.com\/wp-content\/uploads\/2026\/02\/Depositphotos_86851562_xl-2015-copy-768x511.jpg 768w, https:\/\/www.visit-montenegro.com\/wp-content\/uploads\/2026\/02\/Depositphotos_86851562_xl-2015-copy-1536x1022.jpg 1536w, https:\/\/www.visit-montenegro.com\/wp-content\/uploads\/2026\/02\/Depositphotos_86851562_xl-2015-copy.jpg 1600w\" sizes=\"auto, (max-width: 1024px) 100vw, 1024px\" \/><figcaption class=\"wp-element-caption\">Crkve Svetog Trojstva (lijevo) i Svetog Jovana (desno) u Budvi<\/figcaption><\/figure>\n<\/div>\n<h2 class=\"wp-block-heading\">Manastiri oko Budve<\/h2>\n\n<p>Sjeverno od Budve nalazi se <strong>manastir Stanjevi\u0107i<\/strong>. U njemu je 1798. godine usvojen prvi crnogorski pravni zakonik. Najva\u017eniji i naj\u010de\u0161\u0107e pominjani manastir, knji\u017eevni centar Pa\u0161trovi\u0107a, plemena koje je dugo imalo autonomnu op\u0161tinu sastavljenu od 12 sela, i koje se borilo protiv svih osvaja\u010da: Turaka, Mle\u010dana, gusara, kasnije Austrijanaca i Talijana, nalazi se iznad grada \u2013 hotela <a href=\"https:\/\/www.visit-montenegro.com\/me\/destinacije\/budva\/atrakcije\/sveti-stefan\/\">Sveti Stefan<\/a>. Sastoji se od tri crkve u kojima se nalaze freske iz XVII vijeka.<\/p>\n<div class=\"wp-block-image is-resized\">\n<figure class=\"aligncenter size-large\"><img loading=\"lazy\" decoding=\"async\" width=\"1024\" height=\"680\" src=\"https:\/\/www.visit-montenegro.com\/wp-content\/uploads\/2026\/01\/budva-monastery-praskvica-1024x680.jpg\" alt=\"\" class=\"wp-image-36010\" srcset=\"https:\/\/www.visit-montenegro.com\/wp-content\/uploads\/2026\/01\/budva-monastery-praskvica-1024x680.jpg 1024w, https:\/\/www.visit-montenegro.com\/wp-content\/uploads\/2026\/01\/budva-monastery-praskvica-300x199.jpg 300w, https:\/\/www.visit-montenegro.com\/wp-content\/uploads\/2026\/01\/budva-monastery-praskvica-768x510.jpg 768w, https:\/\/www.visit-montenegro.com\/wp-content\/uploads\/2026\/01\/budva-monastery-praskvica-1536x1020.jpg 1536w, https:\/\/www.visit-montenegro.com\/wp-content\/uploads\/2026\/01\/budva-monastery-praskvica-1200x797.jpg 1200w, https:\/\/www.visit-montenegro.com\/wp-content\/uploads\/2026\/01\/budva-monastery-praskvica-scaled.jpg 1600w\" sizes=\"auto, (max-width: 1024px) 100vw, 1024px\" \/><figcaption class=\"wp-element-caption\">Crkva Svetog Trojstva manastira Praskvica okru\u017eena slikovitom ba\u0161tom, Celobrdo, Crna Gora.<\/figcaption><\/figure>\n<\/div>\n<p>Manastir Praskvica se nalazi na brdu iznad Milo\u010dera i nedaleko od poznatog Svetog Stefana (Sveti Stefan).<\/p>\n\n<p>Vrlo zanimljiv je i <strong><a href=\"https:\/\/www.visit-montenegro.com\/me\/destinacije\/petrovac\/atrakcije\/manastir-rezevici\/\">manastir Re\u017eevi\u0107i<\/a><\/strong> izme\u0111u Svetog Stefana i Petrovca, \u010dija arhitektura se\u017ee u XIII vijek. Nedaleko od Petrovca je <strong>manastir Gradi\u0161te<\/strong>, spomenik kasnog srednjeg vijeka.<\/p>\n<div class=\"wp-block-image is-resized\">\n<figure class=\"aligncenter size-large\"><img loading=\"lazy\" decoding=\"async\" width=\"1024\" height=\"681\" src=\"https:\/\/www.visit-montenegro.com\/wp-content\/uploads\/2026\/01\/petrovac-rezevici-monastery-1024x681.jpg\" alt=\"\" class=\"wp-image-36163\" srcset=\"https:\/\/www.visit-montenegro.com\/wp-content\/uploads\/2026\/01\/petrovac-rezevici-monastery-1024x681.jpg 1024w, https:\/\/www.visit-montenegro.com\/wp-content\/uploads\/2026\/01\/petrovac-rezevici-monastery-300x200.jpg 300w, https:\/\/www.visit-montenegro.com\/wp-content\/uploads\/2026\/01\/petrovac-rezevici-monastery-768x511.jpg 768w, https:\/\/www.visit-montenegro.com\/wp-content\/uploads\/2026\/01\/petrovac-rezevici-monastery-1536x1022.jpg 1536w, https:\/\/www.visit-montenegro.com\/wp-content\/uploads\/2026\/01\/petrovac-rezevici-monastery-1200x798.jpg 1200w, https:\/\/www.visit-montenegro.com\/wp-content\/uploads\/2026\/01\/petrovac-rezevici-monastery-scaled.jpg 1600w\" sizes=\"auto, (max-width: 1024px) 100vw, 1024px\" \/><figcaption class=\"wp-element-caption\">Srednjovjekovni srpski pravoslavni manastir Re\u017eevi\u0107i XII-XIII vijek smje\u0161ten u selu Katun Re\u017eevi\u0107i, izme\u0111u Budve i Petrovca. Istorijska i arhitektonska ba\u0161tina Crne Gore. Pogled sprijeda.<\/figcaption><\/figure>\n<\/div>\n<p>Ipak, veliki broj crkava i manastira koji se nalaze \u0161irom Budvanske rivijere, i koji \u010dekaju sve one turiste kojima je razgledanje kulturno-istorijskih spomenika mnogo vi\u0161e od pukog zadovoljstva.<\/p>\n","protected":false},"excerpt":{"rendered":"<p>Istra\u017eite bogatu kulturnu ba\u0161tinu Budve kroz njene istorijske crkve i manastire. Od drevnih lokaliteta do srednjovjekovnih \u010duda, ovi spomenici pru\u017eaju uvid u pro\u0161lost Crne Gore. Otkrijte klju\u010dne znamenitosti poput crkve Svetog Jovana i manastira Praskvica.<\/p>\n","protected":false},"author":1,"featured_media":135144,"parent":134172,"menu_order":0,"comment_status":"closed","ping_status":"closed","template":"","meta":{"_yoast_wpseo_focuskw":"Crkve u Budvi","_yoast_wpseo_metadesc":"Otkrijte istorijske crkve i manastire u Budvi, od drevne crkve Svetog Jovana do srednjovjekovnih manastira. Istra\u017eite kulturnu ba\u0161tinu Crne Gore i planirajte posjet ovim duhovnim znamenitostima.","_kad_post_transparent":"","_kad_post_title":"","_kad_post_layout":"","_kad_post_sidebar_id":"","_kad_post_content_style":"","_kad_post_vertical_padding":"","_kad_post_feature":"","_kad_post_feature_position":"","_kad_post_header":false,"_kad_post_footer":false,"_kad_post_classname":"","iawp_total_views":14,"footnotes":""},"tags":[140,52,139,62,141,76],"class_list":["post-135143","page","type-page","status-publish","has-post-thumbnail","hentry","tag-crna-gora","tag-montenegro","tag-news","tag-tourism","tag-travel","tag-visit"],"yoast_head":"<!-- This site is optimized with the Yoast SEO plugin v27.3 - https:\/\/yoast.com\/product\/yoast-seo-wordpress\/ -->\n<title>Crkve u Budvi - Visit Montenegro<\/title>\n<meta name=\"description\" content=\"Otkrijte istorijske crkve i manastire u Budvi, od drevne crkve Svetog Jovana do srednjovjekovnih manastira. Istra\u017eite kulturnu ba\u0161tinu Crne Gore i planirajte posjet ovim duhovnim znamenitostima.\" \/>\n<meta name=\"robots\" content=\"index, follow, max-snippet:-1, max-image-preview:large, max-video-preview:-1\" \/>\n<link rel=\"canonical\" href=\"https:\/\/www.visit-montenegro.com\/me\/destinacije\/budva\/info\/crkve\/\" \/>\n<meta property=\"og:locale\" content=\"en_US\" \/>\n<meta property=\"og:type\" content=\"article\" \/>\n<meta property=\"og:title\" content=\"Crkve u Budvi - Visit Montenegro\" \/>\n<meta property=\"og:description\" content=\"Otkrijte istorijske crkve i manastire u Budvi, od drevne crkve Svetog Jovana do srednjovjekovnih manastira. Istra\u017eite kulturnu ba\u0161tinu Crne Gore i planirajte posjet ovim duhovnim znamenitostima.\" \/>\n<meta property=\"og:url\" content=\"https:\/\/www.visit-montenegro.com\/me\/destinacije\/budva\/info\/crkve\/\" \/>\n<meta property=\"og:site_name\" content=\"Visit Montenegro\" \/>\n<meta property=\"article:publisher\" content=\"https:\/\/www.facebook.com\/visitmontenegro\" \/>\n<meta property=\"article:modified_time\" content=\"2026-02-22T16:12:23+00:00\" \/>\n<meta property=\"og:image\" content=\"https:\/\/www.visit-montenegro.com\/wp-content\/uploads\/2026\/01\/budva-church-svetog-save-scaled.jpg\" \/>\n\t<meta property=\"og:image:width\" content=\"1600\" \/>\n\t<meta property=\"og:image:height\" content=\"1067\" \/>\n\t<meta property=\"og:image:type\" content=\"image\/jpeg\" \/>\n<meta name=\"twitter:card\" content=\"summary_large_image\" \/>\n<meta name=\"twitter:site\" content=\"@visitmontenegro\" \/>\n<meta name=\"twitter:label1\" content=\"Est. reading time\" \/>\n\t<meta name=\"twitter:data1\" content=\"2 minutes\" \/>\n<script type=\"application\/ld+json\" class=\"yoast-schema-graph\">{\"@context\":\"https:\\\/\\\/schema.org\",\"@graph\":[{\"@type\":\"WebPage\",\"@id\":\"https:\\\/\\\/www.visit-montenegro.com\\\/me\\\/destinacije\\\/budva\\\/info\\\/crkve\\\/\",\"url\":\"https:\\\/\\\/www.visit-montenegro.com\\\/me\\\/destinacije\\\/budva\\\/info\\\/crkve\\\/\",\"name\":\"Crkve u Budvi - Visit Montenegro\",\"isPartOf\":{\"@id\":\"https:\\\/\\\/www.visit-montenegro.com\\\/me\\\/#website\"},\"primaryImageOfPage\":{\"@id\":\"https:\\\/\\\/www.visit-montenegro.com\\\/me\\\/destinacije\\\/budva\\\/info\\\/crkve\\\/#primaryimage\"},\"image\":{\"@id\":\"https:\\\/\\\/www.visit-montenegro.com\\\/me\\\/destinacije\\\/budva\\\/info\\\/crkve\\\/#primaryimage\"},\"thumbnailUrl\":\"https:\\\/\\\/www.visit-montenegro.com\\\/wp-content\\\/uploads\\\/2026\\\/01\\\/budva-church-svetog-save-scaled.jpg\",\"datePublished\":\"2026-01-27T20:44:31+00:00\",\"dateModified\":\"2026-02-22T16:12:23+00:00\",\"description\":\"Otkrijte istorijske crkve i manastire u Budvi, od drevne crkve Svetog Jovana do srednjovjekovnih manastira. Istra\u017eite kulturnu ba\u0161tinu Crne Gore i planirajte posjet ovim duhovnim znamenitostima.\",\"breadcrumb\":{\"@id\":\"https:\\\/\\\/www.visit-montenegro.com\\\/me\\\/destinacije\\\/budva\\\/info\\\/crkve\\\/#breadcrumb\"},\"inLanguage\":\"sr-Latn-ME\",\"potentialAction\":[{\"@type\":\"ReadAction\",\"target\":[\"https:\\\/\\\/www.visit-montenegro.com\\\/me\\\/destinacije\\\/budva\\\/info\\\/crkve\\\/\"]}]},{\"@type\":\"ImageObject\",\"inLanguage\":\"sr-Latn-ME\",\"@id\":\"https:\\\/\\\/www.visit-montenegro.com\\\/me\\\/destinacije\\\/budva\\\/info\\\/crkve\\\/#primaryimage\",\"url\":\"https:\\\/\\\/www.visit-montenegro.com\\\/wp-content\\\/uploads\\\/2026\\\/01\\\/budva-church-svetog-save-scaled.jpg\",\"contentUrl\":\"https:\\\/\\\/www.visit-montenegro.com\\\/wp-content\\\/uploads\\\/2026\\\/01\\\/budva-church-svetog-save-scaled.jpg\",\"width\":1600,\"height\":1067,\"caption\":\"Citadela u starom gradu u Budvi u prekrasan ljetni dan, Crna Gora\"},{\"@type\":\"BreadcrumbList\",\"@id\":\"https:\\\/\\\/www.visit-montenegro.com\\\/me\\\/destinacije\\\/budva\\\/info\\\/crkve\\\/#breadcrumb\",\"itemListElement\":[{\"@type\":\"ListItem\",\"position\":1,\"name\":\"Home\",\"item\":\"https:\\\/\\\/www.visit-montenegro.com\\\/me\\\/pocetna\\\/\"},{\"@type\":\"ListItem\",\"position\":2,\"name\":\"Turisti\u010dke destinacije u Crnoj Gori\",\"item\":\"https:\\\/\\\/www.visit-montenegro.com\\\/me\\\/destinacije\\\/\"},{\"@type\":\"ListItem\",\"position\":3,\"name\":\"Budva\",\"item\":\"https:\\\/\\\/www.visit-montenegro.com\\\/me\\\/destinacije\\\/budva\\\/\"},{\"@type\":\"ListItem\",\"position\":4,\"name\":\"Vi\u0161e o Budvi\",\"item\":\"https:\\\/\\\/www.visit-montenegro.com\\\/me\\\/destinacije\\\/budva\\\/info\\\/\"},{\"@type\":\"ListItem\",\"position\":5,\"name\":\"Crkve u Budvi\"}]},{\"@type\":\"WebSite\",\"@id\":\"https:\\\/\\\/www.visit-montenegro.com\\\/me\\\/#website\",\"url\":\"https:\\\/\\\/www.visit-montenegro.com\\\/me\\\/\",\"name\":\"Visit Montenegro\",\"description\":\"Breathtaking beauty\",\"publisher\":{\"@id\":\"https:\\\/\\\/www.visit-montenegro.com\\\/me\\\/#organization\"},\"potentialAction\":[{\"@type\":\"SearchAction\",\"target\":{\"@type\":\"EntryPoint\",\"urlTemplate\":\"https:\\\/\\\/www.visit-montenegro.com\\\/me\\\/?s={search_term_string}\"},\"query-input\":{\"@type\":\"PropertyValueSpecification\",\"valueRequired\":true,\"valueName\":\"search_term_string\"}}],\"inLanguage\":\"sr-Latn-ME\"},{\"@type\":\"Organization\",\"@id\":\"https:\\\/\\\/www.visit-montenegro.com\\\/me\\\/#organization\",\"name\":\"Visit Montenegro\",\"url\":\"https:\\\/\\\/www.visit-montenegro.com\\\/me\\\/\",\"logo\":{\"@type\":\"ImageObject\",\"inLanguage\":\"sr-Latn-ME\",\"@id\":\"https:\\\/\\\/www.visit-montenegro.com\\\/me\\\/#\\\/schema\\\/logo\\\/image\\\/\",\"url\":\"https:\\\/\\\/www.visit-montenegro.com\\\/wp-content\\\/uploads\\\/2017\\\/10\\\/logo-amp.png\",\"contentUrl\":\"https:\\\/\\\/www.visit-montenegro.com\\\/wp-content\\\/uploads\\\/2017\\\/10\\\/logo-amp.png\",\"width\":190,\"height\":36,\"caption\":\"Visit Montenegro\"},\"image\":{\"@id\":\"https:\\\/\\\/www.visit-montenegro.com\\\/me\\\/#\\\/schema\\\/logo\\\/image\\\/\"},\"sameAs\":[\"https:\\\/\\\/www.facebook.com\\\/visitmontenegro\",\"https:\\\/\\\/x.com\\\/visitmontenegro\",\"https:\\\/\\\/www.instagram.com\\\/visit_montenegro\\\/\",\"https:\\\/\\\/www.youtube.com\\\/user\\\/VisitMontenegro\"]}]}<\/script>\n<!-- \/ Yoast SEO plugin. -->","yoast_head_json":{"title":"Crkve u Budvi - Visit Montenegro","description":"Otkrijte istorijske crkve i manastire u Budvi, od drevne crkve Svetog Jovana do srednjovjekovnih manastira. Istra\u017eite kulturnu ba\u0161tinu Crne Gore i planirajte posjet ovim duhovnim znamenitostima.","robots":{"index":"index","follow":"follow","max-snippet":"max-snippet:-1","max-image-preview":"max-image-preview:large","max-video-preview":"max-video-preview:-1"},"canonical":"https:\/\/www.visit-montenegro.com\/me\/destinacije\/budva\/info\/crkve\/","og_locale":"en_US","og_type":"article","og_title":"Crkve u Budvi - Visit Montenegro","og_description":"Otkrijte istorijske crkve i manastire u Budvi, od drevne crkve Svetog Jovana do srednjovjekovnih manastira. Istra\u017eite kulturnu ba\u0161tinu Crne Gore i planirajte posjet ovim duhovnim znamenitostima.","og_url":"https:\/\/www.visit-montenegro.com\/me\/destinacije\/budva\/info\/crkve\/","og_site_name":"Visit Montenegro","article_publisher":"https:\/\/www.facebook.com\/visitmontenegro","article_modified_time":"2026-02-22T16:12:23+00:00","og_image":[{"width":1600,"height":1067,"url":"https:\/\/www.visit-montenegro.com\/wp-content\/uploads\/2026\/01\/budva-church-svetog-save-scaled.jpg","type":"image\/jpeg"}],"twitter_card":"summary_large_image","twitter_site":"@visitmontenegro","twitter_misc":{"Est. reading time":"2 minutes"},"schema":{"@context":"https:\/\/schema.org","@graph":[{"@type":"WebPage","@id":"https:\/\/www.visit-montenegro.com\/me\/destinacije\/budva\/info\/crkve\/","url":"https:\/\/www.visit-montenegro.com\/me\/destinacije\/budva\/info\/crkve\/","name":"Crkve u Budvi - Visit Montenegro","isPartOf":{"@id":"https:\/\/www.visit-montenegro.com\/me\/#website"},"primaryImageOfPage":{"@id":"https:\/\/www.visit-montenegro.com\/me\/destinacije\/budva\/info\/crkve\/#primaryimage"},"image":{"@id":"https:\/\/www.visit-montenegro.com\/me\/destinacije\/budva\/info\/crkve\/#primaryimage"},"thumbnailUrl":"https:\/\/www.visit-montenegro.com\/wp-content\/uploads\/2026\/01\/budva-church-svetog-save-scaled.jpg","datePublished":"2026-01-27T20:44:31+00:00","dateModified":"2026-02-22T16:12:23+00:00","description":"Otkrijte istorijske crkve i manastire u Budvi, od drevne crkve Svetog Jovana do srednjovjekovnih manastira. Istra\u017eite kulturnu ba\u0161tinu Crne Gore i planirajte posjet ovim duhovnim znamenitostima.","breadcrumb":{"@id":"https:\/\/www.visit-montenegro.com\/me\/destinacije\/budva\/info\/crkve\/#breadcrumb"},"inLanguage":"sr-Latn-ME","potentialAction":[{"@type":"ReadAction","target":["https:\/\/www.visit-montenegro.com\/me\/destinacije\/budva\/info\/crkve\/"]}]},{"@type":"ImageObject","inLanguage":"sr-Latn-ME","@id":"https:\/\/www.visit-montenegro.com\/me\/destinacije\/budva\/info\/crkve\/#primaryimage","url":"https:\/\/www.visit-montenegro.com\/wp-content\/uploads\/2026\/01\/budva-church-svetog-save-scaled.jpg","contentUrl":"https:\/\/www.visit-montenegro.com\/wp-content\/uploads\/2026\/01\/budva-church-svetog-save-scaled.jpg","width":1600,"height":1067,"caption":"Citadela u starom gradu u Budvi u prekrasan ljetni dan, Crna Gora"},{"@type":"BreadcrumbList","@id":"https:\/\/www.visit-montenegro.com\/me\/destinacije\/budva\/info\/crkve\/#breadcrumb","itemListElement":[{"@type":"ListItem","position":1,"name":"Home","item":"https:\/\/www.visit-montenegro.com\/me\/pocetna\/"},{"@type":"ListItem","position":2,"name":"Turisti\u010dke destinacije u Crnoj Gori","item":"https:\/\/www.visit-montenegro.com\/me\/destinacije\/"},{"@type":"ListItem","position":3,"name":"Budva","item":"https:\/\/www.visit-montenegro.com\/me\/destinacije\/budva\/"},{"@type":"ListItem","position":4,"name":"Vi\u0161e o Budvi","item":"https:\/\/www.visit-montenegro.com\/me\/destinacije\/budva\/info\/"},{"@type":"ListItem","position":5,"name":"Crkve u Budvi"}]},{"@type":"WebSite","@id":"https:\/\/www.visit-montenegro.com\/me\/#website","url":"https:\/\/www.visit-montenegro.com\/me\/","name":"Visit Montenegro","description":"Breathtaking beauty","publisher":{"@id":"https:\/\/www.visit-montenegro.com\/me\/#organization"},"potentialAction":[{"@type":"SearchAction","target":{"@type":"EntryPoint","urlTemplate":"https:\/\/www.visit-montenegro.com\/me\/?s={search_term_string}"},"query-input":{"@type":"PropertyValueSpecification","valueRequired":true,"valueName":"search_term_string"}}],"inLanguage":"sr-Latn-ME"},{"@type":"Organization","@id":"https:\/\/www.visit-montenegro.com\/me\/#organization","name":"Visit Montenegro","url":"https:\/\/www.visit-montenegro.com\/me\/","logo":{"@type":"ImageObject","inLanguage":"sr-Latn-ME","@id":"https:\/\/www.visit-montenegro.com\/me\/#\/schema\/logo\/image\/","url":"https:\/\/www.visit-montenegro.com\/wp-content\/uploads\/2017\/10\/logo-amp.png","contentUrl":"https:\/\/www.visit-montenegro.com\/wp-content\/uploads\/2017\/10\/logo-amp.png","width":190,"height":36,"caption":"Visit Montenegro"},"image":{"@id":"https:\/\/www.visit-montenegro.com\/me\/#\/schema\/logo\/image\/"},"sameAs":["https:\/\/www.facebook.com\/visitmontenegro","https:\/\/x.com\/visitmontenegro","https:\/\/www.instagram.com\/visit_montenegro\/","https:\/\/www.youtube.com\/user\/VisitMontenegro"]}]}},"translations":[],"_links":{"self":[{"href":"https:\/\/www.visit-montenegro.com\/me\/wp-json\/wp\/v2\/pages\/135143","targetHints":{"allow":["GET"]}}],"collection":[{"href":"https:\/\/www.visit-montenegro.com\/me\/wp-json\/wp\/v2\/pages"}],"about":[{"href":"https:\/\/www.visit-montenegro.com\/me\/wp-json\/wp\/v2\/types\/page"}],"author":[{"embeddable":true,"href":"https:\/\/www.visit-montenegro.com\/me\/wp-json\/wp\/v2\/users\/1"}],"replies":[{"embeddable":true,"href":"https:\/\/www.visit-montenegro.com\/me\/wp-json\/wp\/v2\/comments?post=135143"}],"version-history":[{"count":0,"href":"https:\/\/www.visit-montenegro.com\/me\/wp-json\/wp\/v2\/pages\/135143\/revisions"}],"up":[{"embeddable":true,"href":"https:\/\/www.visit-montenegro.com\/me\/wp-json\/wp\/v2\/pages\/134172"}],"wp:featuredmedia":[{"embeddable":true,"href":"https:\/\/www.visit-montenegro.com\/me\/wp-json\/wp\/v2\/media\/135144"}],"wp:attachment":[{"href":"https:\/\/www.visit-montenegro.com\/me\/wp-json\/wp\/v2\/media?parent=135143"}],"wp:term":[{"taxonomy":"post_tag","embeddable":true,"href":"https:\/\/www.visit-montenegro.com\/me\/wp-json\/wp\/v2\/tags?post=135143"}],"curies":[{"name":"wp","href":"https:\/\/api.w.org\/{rel}","templated":true}]}}