{"id":135159,"date":"2026-01-27T21:44:31","date_gmt":"2026-01-27T20:44:31","guid":{"rendered":"https:\/\/new.visit-montenegro.com\/destinacije\/tivat\/atrakcije\/porto-montenegro\/"},"modified":"2026-02-22T17:12:23","modified_gmt":"2026-02-22T16:12:23","slug":"porto-montenegro","status":"publish","type":"page","link":"https:\/\/www.visit-montenegro.com\/me\/destinacije\/tivat\/atrakcije\/porto-montenegro\/","title":{"rendered":"Porto Montenegro"},"content":{"rendered":"\n<p>Porto Montenegro je vrhunska luksuzna marina i turisti\u010dka destinacija na Jadranskom moru, koja spaja mediteransku eleganciju sa pristupa\u010dnim luksuzom za sve posjetioce.<\/p>\n\n<hr class=\"wp-block-separator has-alpha-channel-opacity\"\/>\n\n<h2 class=\"wp-block-heading\">Porto Montenegro: Vrhunska Turisti\u010dka Destinacija<\/h2>\n\n<p>Definitivno jedna od najboljih turisti\u010dkih investicija na crnogorskoj obali u posljednjih 25 godina, <strong>Porto Montenegro<\/strong> danas predstavlja pravi primjer jedne od najljep\u0161ih destinacija u Crnoj Gori. Luksuz upakovan u prekrasnom mediteranskom stilu, <strong>Porto Montenegro<\/strong> danas predstavlja jednu od najpresti\u017enijih marina na Jadranskom moru.<\/p>\n\n<figure class=\"wp-block-image size-large\"><img loading=\"lazy\" decoding=\"async\" width=\"1024\" height=\"684\" src=\"https:\/\/www.visit-montenegro.com\/wp-content\/uploads\/2019\/11\/porto-montenegro-marina-1024x684.jpg\" alt=\"\" class=\"wp-image-35487\" srcset=\"https:\/\/www.visit-montenegro.com\/wp-content\/uploads\/2019\/11\/porto-montenegro-marina-1024x684.jpg 1024w, https:\/\/www.visit-montenegro.com\/wp-content\/uploads\/2019\/11\/porto-montenegro-marina-300x200.jpg 300w, https:\/\/www.visit-montenegro.com\/wp-content\/uploads\/2019\/11\/porto-montenegro-marina-768x513.jpg 768w, https:\/\/www.visit-montenegro.com\/wp-content\/uploads\/2019\/11\/porto-montenegro-marina-90x60.jpg 90w, https:\/\/www.visit-montenegro.com\/wp-content\/uploads\/2019\/11\/porto-montenegro-marina-180x120.jpg 180w, https:\/\/www.visit-montenegro.com\/wp-content\/uploads\/2019\/11\/porto-montenegro-marina-95x64.jpg 95w, https:\/\/www.visit-montenegro.com\/wp-content\/uploads\/2019\/11\/porto-montenegro-marina.jpg 1600w\" sizes=\"auto, (max-width: 1024px) 100vw, 1024px\" \/><\/figure>\n\n<p>Prvenstveno napravljena za super jahte i bogate milijardere koji \u0107e imati novu destinaciju za u\u017eivanje u mirnoj atmosferi i velikoj prirodi. Danas, <strong>Porto Montenegro<\/strong> je glavna turisti\u010dka atrakcija, ne samo za bogate turiste, ve\u0107 za sve. Pristupa\u010dne cijene \u0107e vas iznenaditi u ovom luksuznom kompleksu. U\u017eiva\u0107ete u pristupa\u010dnim cijenama hrane i pi\u0107a, uz pogled na najluksuznije jahte.<\/p>\n\n<p>Zar nije san svakoga, da makar na trenutak, osjeti kako je \u017eivot za pravog bogata\u0161a? <strong>Porto Montenegro<\/strong> vam upravo taj osje\u0107aj daje, koji vas sigurno ne\u0107e ostaviti ravnodu\u0161nim.<\/p>\n","protected":false},"excerpt":{"rendered":"<p>Otkrijte Porto Montenegro, luksuznu marinu na jadranskoj obali koja nudi mediteransku eleganciju i iznena\u0111uju\u0107e pristupa\u010dna iskustva. To je vrhunska destinacija i za milijardere i za svakodnevne putnike koji tra\u017ee ukus luksuznog \u017eivota.<\/p>\n","protected":false},"author":1,"featured_media":135160,"parent":135154,"menu_order":0,"comment_status":"closed","ping_status":"closed","template":"","meta":{"_yoast_wpseo_focuskw":"Porto Montenegro","_yoast_wpseo_metadesc":"Istra\u017eite Porto Montenegro, vrhunsku luksuznu marinu u Crnoj Gori sa mediteranskim \u0161armom i pristupa\u010dnim cijenama. Do\u017eivite ljepotu i eleganciju Jadrana iz prve ruke.","_kad_post_transparent":"","_kad_post_title":"","_kad_post_layout":"","_kad_post_sidebar_id":"","_kad_post_content_style":"","_kad_post_vertical_padding":"","_kad_post_feature":"","_kad_post_feature_position":"","_kad_post_header":false,"_kad_post_footer":false,"_kad_post_classname":"","iawp_total_views":5,"footnotes":""},"tags":[],"class_list":["post-135159","page","type-page","status-publish","has-post-thumbnail","hentry"],"yoast_head":"<!-- This site is optimized with the Yoast SEO plugin v27.3 - https:\/\/yoast.com\/product\/yoast-seo-wordpress\/ -->\n<title>Porto Montenegro - Visit Montenegro<\/title>\n<meta name=\"description\" content=\"Istra\u017eite Porto Montenegro, vrhunsku luksuznu marinu u Crnoj Gori sa mediteranskim \u0161armom i pristupa\u010dnim cijenama. Do\u017eivite ljepotu i eleganciju Jadrana iz prve ruke.\" \/>\n<meta name=\"robots\" content=\"index, follow, max-snippet:-1, max-image-preview:large, max-video-preview:-1\" \/>\n<link rel=\"canonical\" href=\"https:\/\/www.visit-montenegro.com\/me\/destinacije\/tivat\/atrakcije\/porto-montenegro\/\" \/>\n<meta property=\"og:locale\" content=\"en_US\" \/>\n<meta property=\"og:type\" content=\"article\" \/>\n<meta property=\"og:title\" content=\"Porto Montenegro - Visit Montenegro\" \/>\n<meta property=\"og:description\" content=\"Istra\u017eite Porto Montenegro, vrhunsku luksuznu marinu u Crnoj Gori sa mediteranskim \u0161armom i pristupa\u010dnim cijenama. Do\u017eivite ljepotu i eleganciju Jadrana iz prve ruke.\" \/>\n<meta property=\"og:url\" content=\"https:\/\/www.visit-montenegro.com\/me\/destinacije\/tivat\/atrakcije\/porto-montenegro\/\" \/>\n<meta property=\"og:site_name\" content=\"Visit Montenegro\" \/>\n<meta property=\"article:publisher\" content=\"https:\/\/www.facebook.com\/visitmontenegro\" \/>\n<meta property=\"article:modified_time\" content=\"2026-02-22T16:12:23+00:00\" \/>\n<meta property=\"og:image\" content=\"https:\/\/www.visit-montenegro.com\/wp-content\/uploads\/2026\/01\/porto-montenegro-03-scaled.jpg\" \/>\n\t<meta property=\"og:image:width\" content=\"1600\" \/>\n\t<meta property=\"og:image:height\" content=\"1064\" \/>\n\t<meta property=\"og:image:type\" content=\"image\/jpeg\" \/>\n<meta name=\"twitter:card\" content=\"summary_large_image\" \/>\n<meta name=\"twitter:site\" content=\"@visitmontenegro\" \/>\n<meta name=\"twitter:label1\" content=\"Est. reading time\" \/>\n\t<meta name=\"twitter:data1\" content=\"1 minute\" \/>\n<script type=\"application\/ld+json\" class=\"yoast-schema-graph\">{\"@context\":\"https:\\\/\\\/schema.org\",\"@graph\":[{\"@type\":\"WebPage\",\"@id\":\"https:\\\/\\\/www.visit-montenegro.com\\\/me\\\/destinacije\\\/tivat\\\/atrakcije\\\/porto-montenegro\\\/\",\"url\":\"https:\\\/\\\/www.visit-montenegro.com\\\/me\\\/destinacije\\\/tivat\\\/atrakcije\\\/porto-montenegro\\\/\",\"name\":\"Porto Montenegro - Visit Montenegro\",\"isPartOf\":{\"@id\":\"https:\\\/\\\/www.visit-montenegro.com\\\/me\\\/#website\"},\"primaryImageOfPage\":{\"@id\":\"https:\\\/\\\/www.visit-montenegro.com\\\/me\\\/destinacije\\\/tivat\\\/atrakcije\\\/porto-montenegro\\\/#primaryimage\"},\"image\":{\"@id\":\"https:\\\/\\\/www.visit-montenegro.com\\\/me\\\/destinacije\\\/tivat\\\/atrakcije\\\/porto-montenegro\\\/#primaryimage\"},\"thumbnailUrl\":\"https:\\\/\\\/www.visit-montenegro.com\\\/wp-content\\\/uploads\\\/2026\\\/01\\\/porto-montenegro-03-scaled.jpg\",\"datePublished\":\"2026-01-27T20:44:31+00:00\",\"dateModified\":\"2026-02-22T16:12:23+00:00\",\"description\":\"Istra\u017eite Porto Montenegro, vrhunsku luksuznu marinu u Crnoj Gori sa mediteranskim \u0161armom i pristupa\u010dnim cijenama. Do\u017eivite ljepotu i eleganciju Jadrana iz prve ruke.\",\"breadcrumb\":{\"@id\":\"https:\\\/\\\/www.visit-montenegro.com\\\/me\\\/destinacije\\\/tivat\\\/atrakcije\\\/porto-montenegro\\\/#breadcrumb\"},\"inLanguage\":\"sr-Latn-ME\",\"potentialAction\":[{\"@type\":\"ReadAction\",\"target\":[\"https:\\\/\\\/www.visit-montenegro.com\\\/me\\\/destinacije\\\/tivat\\\/atrakcije\\\/porto-montenegro\\\/\"]}]},{\"@type\":\"ImageObject\",\"inLanguage\":\"sr-Latn-ME\",\"@id\":\"https:\\\/\\\/www.visit-montenegro.com\\\/me\\\/destinacije\\\/tivat\\\/atrakcije\\\/porto-montenegro\\\/#primaryimage\",\"url\":\"https:\\\/\\\/www.visit-montenegro.com\\\/wp-content\\\/uploads\\\/2026\\\/01\\\/porto-montenegro-03-scaled.jpg\",\"contentUrl\":\"https:\\\/\\\/www.visit-montenegro.com\\\/wp-content\\\/uploads\\\/2026\\\/01\\\/porto-montenegro-03-scaled.jpg\",\"width\":1600,\"height\":1064,\"caption\":\"Crna Gora. Kej grada Tivta. Pogled na Porto Montenegro Village\"},{\"@type\":\"BreadcrumbList\",\"@id\":\"https:\\\/\\\/www.visit-montenegro.com\\\/me\\\/destinacije\\\/tivat\\\/atrakcije\\\/porto-montenegro\\\/#breadcrumb\",\"itemListElement\":[{\"@type\":\"ListItem\",\"position\":1,\"name\":\"Home\",\"item\":\"https:\\\/\\\/www.visit-montenegro.com\\\/me\\\/pocetna\\\/\"},{\"@type\":\"ListItem\",\"position\":2,\"name\":\"Turisti\u010dke destinacije u Crnoj Gori\",\"item\":\"https:\\\/\\\/www.visit-montenegro.com\\\/me\\\/destinacije\\\/\"},{\"@type\":\"ListItem\",\"position\":3,\"name\":\"Tivat\",\"item\":\"https:\\\/\\\/www.visit-montenegro.com\\\/me\\\/destinacije\\\/tivat\\\/\"},{\"@type\":\"ListItem\",\"position\":4,\"name\":\"Atrakcije Tivta\",\"item\":\"https:\\\/\\\/www.visit-montenegro.com\\\/me\\\/destinacije\\\/tivat\\\/atrakcije\\\/\"},{\"@type\":\"ListItem\",\"position\":5,\"name\":\"Porto Montenegro\"}]},{\"@type\":\"WebSite\",\"@id\":\"https:\\\/\\\/www.visit-montenegro.com\\\/me\\\/#website\",\"url\":\"https:\\\/\\\/www.visit-montenegro.com\\\/me\\\/\",\"name\":\"Visit Montenegro\",\"description\":\"Breathtaking beauty\",\"publisher\":{\"@id\":\"https:\\\/\\\/www.visit-montenegro.com\\\/me\\\/#organization\"},\"potentialAction\":[{\"@type\":\"SearchAction\",\"target\":{\"@type\":\"EntryPoint\",\"urlTemplate\":\"https:\\\/\\\/www.visit-montenegro.com\\\/me\\\/?s={search_term_string}\"},\"query-input\":{\"@type\":\"PropertyValueSpecification\",\"valueRequired\":true,\"valueName\":\"search_term_string\"}}],\"inLanguage\":\"sr-Latn-ME\"},{\"@type\":\"Organization\",\"@id\":\"https:\\\/\\\/www.visit-montenegro.com\\\/me\\\/#organization\",\"name\":\"Visit Montenegro\",\"url\":\"https:\\\/\\\/www.visit-montenegro.com\\\/me\\\/\",\"logo\":{\"@type\":\"ImageObject\",\"inLanguage\":\"sr-Latn-ME\",\"@id\":\"https:\\\/\\\/www.visit-montenegro.com\\\/me\\\/#\\\/schema\\\/logo\\\/image\\\/\",\"url\":\"https:\\\/\\\/www.visit-montenegro.com\\\/wp-content\\\/uploads\\\/2017\\\/10\\\/logo-amp.png\",\"contentUrl\":\"https:\\\/\\\/www.visit-montenegro.com\\\/wp-content\\\/uploads\\\/2017\\\/10\\\/logo-amp.png\",\"width\":190,\"height\":36,\"caption\":\"Visit Montenegro\"},\"image\":{\"@id\":\"https:\\\/\\\/www.visit-montenegro.com\\\/me\\\/#\\\/schema\\\/logo\\\/image\\\/\"},\"sameAs\":[\"https:\\\/\\\/www.facebook.com\\\/visitmontenegro\",\"https:\\\/\\\/x.com\\\/visitmontenegro\",\"https:\\\/\\\/www.instagram.com\\\/visit_montenegro\\\/\",\"https:\\\/\\\/www.youtube.com\\\/user\\\/VisitMontenegro\"]}]}<\/script>\n<!-- \/ Yoast SEO plugin. -->","yoast_head_json":{"title":"Porto Montenegro - Visit Montenegro","description":"Istra\u017eite Porto Montenegro, vrhunsku luksuznu marinu u Crnoj Gori sa mediteranskim \u0161armom i pristupa\u010dnim cijenama. Do\u017eivite ljepotu i eleganciju Jadrana iz prve ruke.","robots":{"index":"index","follow":"follow","max-snippet":"max-snippet:-1","max-image-preview":"max-image-preview:large","max-video-preview":"max-video-preview:-1"},"canonical":"https:\/\/www.visit-montenegro.com\/me\/destinacije\/tivat\/atrakcije\/porto-montenegro\/","og_locale":"en_US","og_type":"article","og_title":"Porto Montenegro - Visit Montenegro","og_description":"Istra\u017eite Porto Montenegro, vrhunsku luksuznu marinu u Crnoj Gori sa mediteranskim \u0161armom i pristupa\u010dnim cijenama. Do\u017eivite ljepotu i eleganciju Jadrana iz prve ruke.","og_url":"https:\/\/www.visit-montenegro.com\/me\/destinacije\/tivat\/atrakcije\/porto-montenegro\/","og_site_name":"Visit Montenegro","article_publisher":"https:\/\/www.facebook.com\/visitmontenegro","article_modified_time":"2026-02-22T16:12:23+00:00","og_image":[{"width":1600,"height":1064,"url":"https:\/\/www.visit-montenegro.com\/wp-content\/uploads\/2026\/01\/porto-montenegro-03-scaled.jpg","type":"image\/jpeg"}],"twitter_card":"summary_large_image","twitter_site":"@visitmontenegro","twitter_misc":{"Est. reading time":"1 minute"},"schema":{"@context":"https:\/\/schema.org","@graph":[{"@type":"WebPage","@id":"https:\/\/www.visit-montenegro.com\/me\/destinacije\/tivat\/atrakcije\/porto-montenegro\/","url":"https:\/\/www.visit-montenegro.com\/me\/destinacije\/tivat\/atrakcije\/porto-montenegro\/","name":"Porto Montenegro - Visit Montenegro","isPartOf":{"@id":"https:\/\/www.visit-montenegro.com\/me\/#website"},"primaryImageOfPage":{"@id":"https:\/\/www.visit-montenegro.com\/me\/destinacije\/tivat\/atrakcije\/porto-montenegro\/#primaryimage"},"image":{"@id":"https:\/\/www.visit-montenegro.com\/me\/destinacije\/tivat\/atrakcije\/porto-montenegro\/#primaryimage"},"thumbnailUrl":"https:\/\/www.visit-montenegro.com\/wp-content\/uploads\/2026\/01\/porto-montenegro-03-scaled.jpg","datePublished":"2026-01-27T20:44:31+00:00","dateModified":"2026-02-22T16:12:23+00:00","description":"Istra\u017eite Porto Montenegro, vrhunsku luksuznu marinu u Crnoj Gori sa mediteranskim \u0161armom i pristupa\u010dnim cijenama. Do\u017eivite ljepotu i eleganciju Jadrana iz prve ruke.","breadcrumb":{"@id":"https:\/\/www.visit-montenegro.com\/me\/destinacije\/tivat\/atrakcije\/porto-montenegro\/#breadcrumb"},"inLanguage":"sr-Latn-ME","potentialAction":[{"@type":"ReadAction","target":["https:\/\/www.visit-montenegro.com\/me\/destinacije\/tivat\/atrakcije\/porto-montenegro\/"]}]},{"@type":"ImageObject","inLanguage":"sr-Latn-ME","@id":"https:\/\/www.visit-montenegro.com\/me\/destinacije\/tivat\/atrakcije\/porto-montenegro\/#primaryimage","url":"https:\/\/www.visit-montenegro.com\/wp-content\/uploads\/2026\/01\/porto-montenegro-03-scaled.jpg","contentUrl":"https:\/\/www.visit-montenegro.com\/wp-content\/uploads\/2026\/01\/porto-montenegro-03-scaled.jpg","width":1600,"height":1064,"caption":"Crna Gora. Kej grada Tivta. Pogled na Porto Montenegro Village"},{"@type":"BreadcrumbList","@id":"https:\/\/www.visit-montenegro.com\/me\/destinacije\/tivat\/atrakcije\/porto-montenegro\/#breadcrumb","itemListElement":[{"@type":"ListItem","position":1,"name":"Home","item":"https:\/\/www.visit-montenegro.com\/me\/pocetna\/"},{"@type":"ListItem","position":2,"name":"Turisti\u010dke destinacije u Crnoj Gori","item":"https:\/\/www.visit-montenegro.com\/me\/destinacije\/"},{"@type":"ListItem","position":3,"name":"Tivat","item":"https:\/\/www.visit-montenegro.com\/me\/destinacije\/tivat\/"},{"@type":"ListItem","position":4,"name":"Atrakcije Tivta","item":"https:\/\/www.visit-montenegro.com\/me\/destinacije\/tivat\/atrakcije\/"},{"@type":"ListItem","position":5,"name":"Porto Montenegro"}]},{"@type":"WebSite","@id":"https:\/\/www.visit-montenegro.com\/me\/#website","url":"https:\/\/www.visit-montenegro.com\/me\/","name":"Visit Montenegro","description":"Breathtaking beauty","publisher":{"@id":"https:\/\/www.visit-montenegro.com\/me\/#organization"},"potentialAction":[{"@type":"SearchAction","target":{"@type":"EntryPoint","urlTemplate":"https:\/\/www.visit-montenegro.com\/me\/?s={search_term_string}"},"query-input":{"@type":"PropertyValueSpecification","valueRequired":true,"valueName":"search_term_string"}}],"inLanguage":"sr-Latn-ME"},{"@type":"Organization","@id":"https:\/\/www.visit-montenegro.com\/me\/#organization","name":"Visit Montenegro","url":"https:\/\/www.visit-montenegro.com\/me\/","logo":{"@type":"ImageObject","inLanguage":"sr-Latn-ME","@id":"https:\/\/www.visit-montenegro.com\/me\/#\/schema\/logo\/image\/","url":"https:\/\/www.visit-montenegro.com\/wp-content\/uploads\/2017\/10\/logo-amp.png","contentUrl":"https:\/\/www.visit-montenegro.com\/wp-content\/uploads\/2017\/10\/logo-amp.png","width":190,"height":36,"caption":"Visit Montenegro"},"image":{"@id":"https:\/\/www.visit-montenegro.com\/me\/#\/schema\/logo\/image\/"},"sameAs":["https:\/\/www.facebook.com\/visitmontenegro","https:\/\/x.com\/visitmontenegro","https:\/\/www.instagram.com\/visit_montenegro\/","https:\/\/www.youtube.com\/user\/VisitMontenegro"]}]}},"translations":[],"_links":{"self":[{"href":"https:\/\/www.visit-montenegro.com\/me\/wp-json\/wp\/v2\/pages\/135159","targetHints":{"allow":["GET"]}}],"collection":[{"href":"https:\/\/www.visit-montenegro.com\/me\/wp-json\/wp\/v2\/pages"}],"about":[{"href":"https:\/\/www.visit-montenegro.com\/me\/wp-json\/wp\/v2\/types\/page"}],"author":[{"embeddable":true,"href":"https:\/\/www.visit-montenegro.com\/me\/wp-json\/wp\/v2\/users\/1"}],"replies":[{"embeddable":true,"href":"https:\/\/www.visit-montenegro.com\/me\/wp-json\/wp\/v2\/comments?post=135159"}],"version-history":[{"count":0,"href":"https:\/\/www.visit-montenegro.com\/me\/wp-json\/wp\/v2\/pages\/135159\/revisions"}],"up":[{"embeddable":true,"href":"https:\/\/www.visit-montenegro.com\/me\/wp-json\/wp\/v2\/pages\/135154"}],"wp:featuredmedia":[{"embeddable":true,"href":"https:\/\/www.visit-montenegro.com\/me\/wp-json\/wp\/v2\/media\/135160"}],"wp:attachment":[{"href":"https:\/\/www.visit-montenegro.com\/me\/wp-json\/wp\/v2\/media?parent=135159"}],"wp:term":[{"taxonomy":"post_tag","embeddable":true,"href":"https:\/\/www.visit-montenegro.com\/me\/wp-json\/wp\/v2\/tags?post=135159"}],"curies":[{"name":"wp","href":"https:\/\/api.w.org\/{rel}","templated":true}]}}