{"id":135165,"date":"2026-01-27T21:44:31","date_gmt":"2026-01-27T20:44:31","guid":{"rendered":"https:\/\/new.visit-montenegro.com\/destinacije\/tivat\/atrakcije\/ostrvo-sveti-marko\/"},"modified":"2026-02-22T17:12:24","modified_gmt":"2026-02-22T16:12:24","slug":"ostrvo-sveti-marko","status":"publish","type":"page","link":"https:\/\/www.visit-montenegro.com\/me\/destinacije\/tivat\/atrakcije\/ostrvo-sveti-marko\/","title":{"rendered":"Ostrvo Sveti Marko"},"content":{"rendered":"\n<p>Ostrvo Sveti Marko je misteriozno zeleno ostrvo u Crnoj Gori, zapadno od poluostrva Prevlaka kod Tivta. Nekada je imalo 500 turisti\u010dkih ku\u0107a u tahi\u0107anskom stilu i bilo je iznajmljeno francuskom klubu &#8220;Mediterranee&#8221;, ali danas le\u017ei napu\u0161teno, obraslo korovom i \u010deka novog vlasnika.<\/p>\n\n<hr class=\"wp-block-separator has-alpha-channel-opacity\"\/>\n\n<h2 class=\"wp-block-heading\">Lokacija i pristup ostrvu Sveti Marko<\/h2>\n\n<p>Ostrvo sa lepom pla\u017eom nalazi se zapadno od poluostrva Prevlaka (Coating) kod Tivta. Do ostrva mo\u017eete do\u0107i turisti\u010dkim taksi \u010damcima ili barkama, koje su obi\u010dno usidrene u tivatskoj luci. Ostrvo <strong>Sveti Marko<\/strong> danas je misteriozno zeleno ostrvo, na kojem je 1962. godine izgra\u0111en turisti\u010dki sme\u0161taj sa 500 tahi\u0107anskih ku\u0107a bez struje i vode. Ostrvo <strong>Sveti Marko<\/strong> decenijama je bilo ekskluzivni objekat pod zakupom francuskog kluba &#8220;Mediterranee&#8221;.<\/p>\n\n<h2 class=\"wp-block-heading\">Istorijsko i trenutno stanje ostrva Sveti Marko<\/h2>\n\n<p>Do rata na podru\u010dju SFRJ (do 1991. godine) gosti ostrva bili su uglavnom mladi ljudi \u2013 avanturisti, koji su pored sun\u010danja i kupanja provodili odmor u\u017eivaju\u0107i u raznim vodenim sportovima, dok su ih brojni animatori razveseljavali kulturno-zabavnim predstavama i spektaklima. Na ostrvu <strong>Sveti Marko<\/strong> nekada je bilo stotine posjetilaca dnevno. Danas je to potpuno druga pri\u010da. Napu\u0161teno je, a turisti\u010dki objekti koji su na njemu izgra\u0111eni obrasli su korovom i travom. Ostrvo je potpuno prepu\u0161teno zubu vremena i \u010deka da bude kupljeno.<\/p>\n\n<figure class=\"wp-block-image size-large\"><img loading=\"lazy\" decoding=\"async\" width=\"1024\" height=\"682\" src=\"https:\/\/www.visit-montenegro.com\/wp-content\/uploads\/2026\/01\/tivat-gospa-od-milosti-1024x682.jpg\" alt=\"\" class=\"wp-image-36220\" srcset=\"https:\/\/www.visit-montenegro.com\/wp-content\/uploads\/2026\/01\/tivat-gospa-od-milosti-1024x682.jpg 1024w, https:\/\/www.visit-montenegro.com\/wp-content\/uploads\/2026\/01\/tivat-gospa-od-milosti-300x200.jpg 300w, https:\/\/www.visit-montenegro.com\/wp-content\/uploads\/2026\/01\/tivat-gospa-od-milosti-768x512.jpg 768w, https:\/\/www.visit-montenegro.com\/wp-content\/uploads\/2026\/01\/tivat-gospa-od-milosti-1536x1023.jpg 1536w, https:\/\/www.visit-montenegro.com\/wp-content\/uploads\/2026\/01\/tivat-gospa-od-milosti-1200x799.jpg 1200w, https:\/\/www.visit-montenegro.com\/wp-content\/uploads\/2026\/01\/tivat-gospa-od-milosti-scaled.jpg 1600w\" sizes=\"auto, (max-width: 1024px) 100vw, 1024px\" \/><figcaption class=\"wp-element-caption\">Ostrvo u tivatskom zalivu Gospa od Milosti u Crnoj Gori<\/figcaption><\/figure>\n\n<p>Ipak, ako imate ambicije avanturiste, posjetite ovo ostrvo, makar zbog pla\u017ee, koja \u0107e vas o\u010darati svojim izgledom.<\/p>\n\n<h3 class=\"wp-block-heading\">Alternativni naziv i legenda<\/h3>\n\n<p>Ostrvo <strong>Sveti Marko<\/strong> se druga\u010dije zove Stradioti, jer prema legendi na ostrvu je nekada bio logor venecijanskih vojnika gr\u010dkog porekla, i odatle poti\u010de taj naziv (Stradiotes \u2013 vojnik).<\/p>\n","protected":false},"excerpt":{"rendered":"<p>Otkrijte ostrvo Sveti Marko, nekada\u0161nju \u017eivahnu turisti\u010dku destinaciju u Crnoj Gori koja je sada napu\u0161tena i obrasla. Saznajte o njegovoj istoriji, pristupu iz Tivta i za\u0161to je skriveni dragulj za avanturiste koji tra\u017ee jedinstveno pla\u017eno iskustvo.<\/p>\n","protected":false},"author":1,"featured_media":135166,"parent":135154,"menu_order":0,"comment_status":"closed","ping_status":"closed","template":"","meta":{"_yoast_wpseo_focuskw":"Ostrvo Sveti Marko","_yoast_wpseo_metadesc":"Istra\u017eite ostrvo Sveti Marko u Crnoj Gori: misteriozni, napu\u0161teni raj sa bogatom istorijom i predivnom pla\u017eom. Savr\u0161eno za avanturiste i ljubitelje istorije.","_kad_post_transparent":"","_kad_post_title":"","_kad_post_layout":"","_kad_post_sidebar_id":"","_kad_post_content_style":"","_kad_post_vertical_padding":"","_kad_post_feature":"","_kad_post_feature_position":"","_kad_post_header":false,"_kad_post_footer":false,"_kad_post_classname":"","iawp_total_views":5,"footnotes":""},"tags":[],"class_list":["post-135165","page","type-page","status-publish","has-post-thumbnail","hentry"],"yoast_head":"<!-- This site is optimized with the Yoast SEO plugin v27.3 - https:\/\/yoast.com\/product\/yoast-seo-wordpress\/ -->\n<title>Ostrvo Sveti Marko - Visit Montenegro<\/title>\n<meta name=\"description\" content=\"Istra\u017eite ostrvo Sveti Marko u Crnoj Gori: misteriozni, napu\u0161teni raj sa bogatom istorijom i predivnom pla\u017eom. Savr\u0161eno za avanturiste i ljubitelje istorije.\" \/>\n<meta name=\"robots\" content=\"index, follow, max-snippet:-1, max-image-preview:large, max-video-preview:-1\" \/>\n<link rel=\"canonical\" href=\"https:\/\/www.visit-montenegro.com\/me\/destinacije\/tivat\/atrakcije\/ostrvo-sveti-marko\/\" \/>\n<meta property=\"og:locale\" content=\"en_US\" \/>\n<meta property=\"og:type\" content=\"article\" \/>\n<meta property=\"og:title\" content=\"Ostrvo Sveti Marko - Visit Montenegro\" \/>\n<meta property=\"og:description\" content=\"Istra\u017eite ostrvo Sveti Marko u Crnoj Gori: misteriozni, napu\u0161teni raj sa bogatom istorijom i predivnom pla\u017eom. Savr\u0161eno za avanturiste i ljubitelje istorije.\" \/>\n<meta property=\"og:url\" content=\"https:\/\/www.visit-montenegro.com\/me\/destinacije\/tivat\/atrakcije\/ostrvo-sveti-marko\/\" \/>\n<meta property=\"og:site_name\" content=\"Visit Montenegro\" \/>\n<meta property=\"article:publisher\" content=\"https:\/\/www.facebook.com\/visitmontenegro\" \/>\n<meta property=\"article:modified_time\" content=\"2026-02-22T16:12:24+00:00\" \/>\n<meta property=\"og:image\" content=\"https:\/\/www.visit-montenegro.com\/wp-content\/uploads\/2026\/01\/tivat-gospa-od-milosti-ostrvo-cvijeca-scaled.jpg\" \/>\n\t<meta property=\"og:image:width\" content=\"1600\" \/>\n\t<meta property=\"og:image:height\" content=\"1066\" \/>\n\t<meta property=\"og:image:type\" content=\"image\/jpeg\" \/>\n<meta name=\"twitter:card\" content=\"summary_large_image\" \/>\n<meta name=\"twitter:site\" content=\"@visitmontenegro\" \/>\n<meta name=\"twitter:label1\" content=\"Est. reading time\" \/>\n\t<meta name=\"twitter:data1\" content=\"1 minute\" \/>\n<script type=\"application\/ld+json\" class=\"yoast-schema-graph\">{\"@context\":\"https:\\\/\\\/schema.org\",\"@graph\":[{\"@type\":\"WebPage\",\"@id\":\"https:\\\/\\\/www.visit-montenegro.com\\\/me\\\/destinacije\\\/tivat\\\/atrakcije\\\/ostrvo-sveti-marko\\\/\",\"url\":\"https:\\\/\\\/www.visit-montenegro.com\\\/me\\\/destinacije\\\/tivat\\\/atrakcije\\\/ostrvo-sveti-marko\\\/\",\"name\":\"Ostrvo Sveti Marko - Visit Montenegro\",\"isPartOf\":{\"@id\":\"https:\\\/\\\/www.visit-montenegro.com\\\/me\\\/#website\"},\"primaryImageOfPage\":{\"@id\":\"https:\\\/\\\/www.visit-montenegro.com\\\/me\\\/destinacije\\\/tivat\\\/atrakcije\\\/ostrvo-sveti-marko\\\/#primaryimage\"},\"image\":{\"@id\":\"https:\\\/\\\/www.visit-montenegro.com\\\/me\\\/destinacije\\\/tivat\\\/atrakcije\\\/ostrvo-sveti-marko\\\/#primaryimage\"},\"thumbnailUrl\":\"https:\\\/\\\/www.visit-montenegro.com\\\/wp-content\\\/uploads\\\/2026\\\/01\\\/tivat-gospa-od-milosti-ostrvo-cvijeca-scaled.jpg\",\"datePublished\":\"2026-01-27T20:44:31+00:00\",\"dateModified\":\"2026-02-22T16:12:24+00:00\",\"description\":\"Istra\u017eite ostrvo Sveti Marko u Crnoj Gori: misteriozni, napu\u0161teni raj sa bogatom istorijom i predivnom pla\u017eom. Savr\u0161eno za avanturiste i ljubitelje istorije.\",\"breadcrumb\":{\"@id\":\"https:\\\/\\\/www.visit-montenegro.com\\\/me\\\/destinacije\\\/tivat\\\/atrakcije\\\/ostrvo-sveti-marko\\\/#breadcrumb\"},\"inLanguage\":\"sr-Latn-ME\",\"potentialAction\":[{\"@type\":\"ReadAction\",\"target\":[\"https:\\\/\\\/www.visit-montenegro.com\\\/me\\\/destinacije\\\/tivat\\\/atrakcije\\\/ostrvo-sveti-marko\\\/\"]}]},{\"@type\":\"ImageObject\",\"inLanguage\":\"sr-Latn-ME\",\"@id\":\"https:\\\/\\\/www.visit-montenegro.com\\\/me\\\/destinacije\\\/tivat\\\/atrakcije\\\/ostrvo-sveti-marko\\\/#primaryimage\",\"url\":\"https:\\\/\\\/www.visit-montenegro.com\\\/wp-content\\\/uploads\\\/2026\\\/01\\\/tivat-gospa-od-milosti-ostrvo-cvijeca-scaled.jpg\",\"contentUrl\":\"https:\\\/\\\/www.visit-montenegro.com\\\/wp-content\\\/uploads\\\/2026\\\/01\\\/tivat-gospa-od-milosti-ostrvo-cvijeca-scaled.jpg\",\"width\":1600,\"height\":1066,\"caption\":\"Ostrvo u tivatskom zalivu Gospa od Milosti u Crnoj Gori\"},{\"@type\":\"BreadcrumbList\",\"@id\":\"https:\\\/\\\/www.visit-montenegro.com\\\/me\\\/destinacije\\\/tivat\\\/atrakcije\\\/ostrvo-sveti-marko\\\/#breadcrumb\",\"itemListElement\":[{\"@type\":\"ListItem\",\"position\":1,\"name\":\"Home\",\"item\":\"https:\\\/\\\/www.visit-montenegro.com\\\/me\\\/pocetna\\\/\"},{\"@type\":\"ListItem\",\"position\":2,\"name\":\"Turisti\u010dke destinacije u Crnoj Gori\",\"item\":\"https:\\\/\\\/www.visit-montenegro.com\\\/me\\\/destinacije\\\/\"},{\"@type\":\"ListItem\",\"position\":3,\"name\":\"Tivat\",\"item\":\"https:\\\/\\\/www.visit-montenegro.com\\\/me\\\/destinacije\\\/tivat\\\/\"},{\"@type\":\"ListItem\",\"position\":4,\"name\":\"Atrakcije Tivta\",\"item\":\"https:\\\/\\\/www.visit-montenegro.com\\\/me\\\/destinacije\\\/tivat\\\/atrakcije\\\/\"},{\"@type\":\"ListItem\",\"position\":5,\"name\":\"Ostrvo Sveti Marko\"}]},{\"@type\":\"WebSite\",\"@id\":\"https:\\\/\\\/www.visit-montenegro.com\\\/me\\\/#website\",\"url\":\"https:\\\/\\\/www.visit-montenegro.com\\\/me\\\/\",\"name\":\"Visit Montenegro\",\"description\":\"Breathtaking beauty\",\"publisher\":{\"@id\":\"https:\\\/\\\/www.visit-montenegro.com\\\/me\\\/#organization\"},\"potentialAction\":[{\"@type\":\"SearchAction\",\"target\":{\"@type\":\"EntryPoint\",\"urlTemplate\":\"https:\\\/\\\/www.visit-montenegro.com\\\/me\\\/?s={search_term_string}\"},\"query-input\":{\"@type\":\"PropertyValueSpecification\",\"valueRequired\":true,\"valueName\":\"search_term_string\"}}],\"inLanguage\":\"sr-Latn-ME\"},{\"@type\":\"Organization\",\"@id\":\"https:\\\/\\\/www.visit-montenegro.com\\\/me\\\/#organization\",\"name\":\"Visit Montenegro\",\"url\":\"https:\\\/\\\/www.visit-montenegro.com\\\/me\\\/\",\"logo\":{\"@type\":\"ImageObject\",\"inLanguage\":\"sr-Latn-ME\",\"@id\":\"https:\\\/\\\/www.visit-montenegro.com\\\/me\\\/#\\\/schema\\\/logo\\\/image\\\/\",\"url\":\"https:\\\/\\\/www.visit-montenegro.com\\\/wp-content\\\/uploads\\\/2017\\\/10\\\/logo-amp.png\",\"contentUrl\":\"https:\\\/\\\/www.visit-montenegro.com\\\/wp-content\\\/uploads\\\/2017\\\/10\\\/logo-amp.png\",\"width\":190,\"height\":36,\"caption\":\"Visit Montenegro\"},\"image\":{\"@id\":\"https:\\\/\\\/www.visit-montenegro.com\\\/me\\\/#\\\/schema\\\/logo\\\/image\\\/\"},\"sameAs\":[\"https:\\\/\\\/www.facebook.com\\\/visitmontenegro\",\"https:\\\/\\\/x.com\\\/visitmontenegro\",\"https:\\\/\\\/www.instagram.com\\\/visit_montenegro\\\/\",\"https:\\\/\\\/www.youtube.com\\\/user\\\/VisitMontenegro\"]}]}<\/script>\n<!-- \/ Yoast SEO plugin. -->","yoast_head_json":{"title":"Ostrvo Sveti Marko - Visit Montenegro","description":"Istra\u017eite ostrvo Sveti Marko u Crnoj Gori: misteriozni, napu\u0161teni raj sa bogatom istorijom i predivnom pla\u017eom. Savr\u0161eno za avanturiste i ljubitelje istorije.","robots":{"index":"index","follow":"follow","max-snippet":"max-snippet:-1","max-image-preview":"max-image-preview:large","max-video-preview":"max-video-preview:-1"},"canonical":"https:\/\/www.visit-montenegro.com\/me\/destinacije\/tivat\/atrakcije\/ostrvo-sveti-marko\/","og_locale":"en_US","og_type":"article","og_title":"Ostrvo Sveti Marko - Visit Montenegro","og_description":"Istra\u017eite ostrvo Sveti Marko u Crnoj Gori: misteriozni, napu\u0161teni raj sa bogatom istorijom i predivnom pla\u017eom. Savr\u0161eno za avanturiste i ljubitelje istorije.","og_url":"https:\/\/www.visit-montenegro.com\/me\/destinacije\/tivat\/atrakcije\/ostrvo-sveti-marko\/","og_site_name":"Visit Montenegro","article_publisher":"https:\/\/www.facebook.com\/visitmontenegro","article_modified_time":"2026-02-22T16:12:24+00:00","og_image":[{"width":1600,"height":1066,"url":"https:\/\/www.visit-montenegro.com\/wp-content\/uploads\/2026\/01\/tivat-gospa-od-milosti-ostrvo-cvijeca-scaled.jpg","type":"image\/jpeg"}],"twitter_card":"summary_large_image","twitter_site":"@visitmontenegro","twitter_misc":{"Est. reading time":"1 minute"},"schema":{"@context":"https:\/\/schema.org","@graph":[{"@type":"WebPage","@id":"https:\/\/www.visit-montenegro.com\/me\/destinacije\/tivat\/atrakcije\/ostrvo-sveti-marko\/","url":"https:\/\/www.visit-montenegro.com\/me\/destinacije\/tivat\/atrakcije\/ostrvo-sveti-marko\/","name":"Ostrvo Sveti Marko - Visit Montenegro","isPartOf":{"@id":"https:\/\/www.visit-montenegro.com\/me\/#website"},"primaryImageOfPage":{"@id":"https:\/\/www.visit-montenegro.com\/me\/destinacije\/tivat\/atrakcije\/ostrvo-sveti-marko\/#primaryimage"},"image":{"@id":"https:\/\/www.visit-montenegro.com\/me\/destinacije\/tivat\/atrakcije\/ostrvo-sveti-marko\/#primaryimage"},"thumbnailUrl":"https:\/\/www.visit-montenegro.com\/wp-content\/uploads\/2026\/01\/tivat-gospa-od-milosti-ostrvo-cvijeca-scaled.jpg","datePublished":"2026-01-27T20:44:31+00:00","dateModified":"2026-02-22T16:12:24+00:00","description":"Istra\u017eite ostrvo Sveti Marko u Crnoj Gori: misteriozni, napu\u0161teni raj sa bogatom istorijom i predivnom pla\u017eom. Savr\u0161eno za avanturiste i ljubitelje istorije.","breadcrumb":{"@id":"https:\/\/www.visit-montenegro.com\/me\/destinacije\/tivat\/atrakcije\/ostrvo-sveti-marko\/#breadcrumb"},"inLanguage":"sr-Latn-ME","potentialAction":[{"@type":"ReadAction","target":["https:\/\/www.visit-montenegro.com\/me\/destinacije\/tivat\/atrakcije\/ostrvo-sveti-marko\/"]}]},{"@type":"ImageObject","inLanguage":"sr-Latn-ME","@id":"https:\/\/www.visit-montenegro.com\/me\/destinacije\/tivat\/atrakcije\/ostrvo-sveti-marko\/#primaryimage","url":"https:\/\/www.visit-montenegro.com\/wp-content\/uploads\/2026\/01\/tivat-gospa-od-milosti-ostrvo-cvijeca-scaled.jpg","contentUrl":"https:\/\/www.visit-montenegro.com\/wp-content\/uploads\/2026\/01\/tivat-gospa-od-milosti-ostrvo-cvijeca-scaled.jpg","width":1600,"height":1066,"caption":"Ostrvo u tivatskom zalivu Gospa od Milosti u Crnoj Gori"},{"@type":"BreadcrumbList","@id":"https:\/\/www.visit-montenegro.com\/me\/destinacije\/tivat\/atrakcije\/ostrvo-sveti-marko\/#breadcrumb","itemListElement":[{"@type":"ListItem","position":1,"name":"Home","item":"https:\/\/www.visit-montenegro.com\/me\/pocetna\/"},{"@type":"ListItem","position":2,"name":"Turisti\u010dke destinacije u Crnoj Gori","item":"https:\/\/www.visit-montenegro.com\/me\/destinacije\/"},{"@type":"ListItem","position":3,"name":"Tivat","item":"https:\/\/www.visit-montenegro.com\/me\/destinacije\/tivat\/"},{"@type":"ListItem","position":4,"name":"Atrakcije Tivta","item":"https:\/\/www.visit-montenegro.com\/me\/destinacije\/tivat\/atrakcije\/"},{"@type":"ListItem","position":5,"name":"Ostrvo Sveti Marko"}]},{"@type":"WebSite","@id":"https:\/\/www.visit-montenegro.com\/me\/#website","url":"https:\/\/www.visit-montenegro.com\/me\/","name":"Visit Montenegro","description":"Breathtaking beauty","publisher":{"@id":"https:\/\/www.visit-montenegro.com\/me\/#organization"},"potentialAction":[{"@type":"SearchAction","target":{"@type":"EntryPoint","urlTemplate":"https:\/\/www.visit-montenegro.com\/me\/?s={search_term_string}"},"query-input":{"@type":"PropertyValueSpecification","valueRequired":true,"valueName":"search_term_string"}}],"inLanguage":"sr-Latn-ME"},{"@type":"Organization","@id":"https:\/\/www.visit-montenegro.com\/me\/#organization","name":"Visit Montenegro","url":"https:\/\/www.visit-montenegro.com\/me\/","logo":{"@type":"ImageObject","inLanguage":"sr-Latn-ME","@id":"https:\/\/www.visit-montenegro.com\/me\/#\/schema\/logo\/image\/","url":"https:\/\/www.visit-montenegro.com\/wp-content\/uploads\/2017\/10\/logo-amp.png","contentUrl":"https:\/\/www.visit-montenegro.com\/wp-content\/uploads\/2017\/10\/logo-amp.png","width":190,"height":36,"caption":"Visit Montenegro"},"image":{"@id":"https:\/\/www.visit-montenegro.com\/me\/#\/schema\/logo\/image\/"},"sameAs":["https:\/\/www.facebook.com\/visitmontenegro","https:\/\/x.com\/visitmontenegro","https:\/\/www.instagram.com\/visit_montenegro\/","https:\/\/www.youtube.com\/user\/VisitMontenegro"]}]}},"translations":[],"_links":{"self":[{"href":"https:\/\/www.visit-montenegro.com\/me\/wp-json\/wp\/v2\/pages\/135165","targetHints":{"allow":["GET"]}}],"collection":[{"href":"https:\/\/www.visit-montenegro.com\/me\/wp-json\/wp\/v2\/pages"}],"about":[{"href":"https:\/\/www.visit-montenegro.com\/me\/wp-json\/wp\/v2\/types\/page"}],"author":[{"embeddable":true,"href":"https:\/\/www.visit-montenegro.com\/me\/wp-json\/wp\/v2\/users\/1"}],"replies":[{"embeddable":true,"href":"https:\/\/www.visit-montenegro.com\/me\/wp-json\/wp\/v2\/comments?post=135165"}],"version-history":[{"count":0,"href":"https:\/\/www.visit-montenegro.com\/me\/wp-json\/wp\/v2\/pages\/135165\/revisions"}],"up":[{"embeddable":true,"href":"https:\/\/www.visit-montenegro.com\/me\/wp-json\/wp\/v2\/pages\/135154"}],"wp:featuredmedia":[{"embeddable":true,"href":"https:\/\/www.visit-montenegro.com\/me\/wp-json\/wp\/v2\/media\/135166"}],"wp:attachment":[{"href":"https:\/\/www.visit-montenegro.com\/me\/wp-json\/wp\/v2\/media?parent=135165"}],"wp:term":[{"taxonomy":"post_tag","embeddable":true,"href":"https:\/\/www.visit-montenegro.com\/me\/wp-json\/wp\/v2\/tags?post=135165"}],"curies":[{"name":"wp","href":"https:\/\/api.w.org\/{rel}","templated":true}]}}