{"id":135182,"date":"2026-01-27T21:44:31","date_gmt":"2026-01-27T20:44:31","guid":{"rendered":"https:\/\/new.visit-montenegro.com\/destinacije\/tivat\/atrakcije\/gornja-lastva\/"},"modified":"2026-02-22T17:15:04","modified_gmt":"2026-02-22T16:15:04","slug":"gornja-lastva","status":"publish","type":"page","link":"https:\/\/www.visit-montenegro.com\/me\/destinacije\/tivat\/atrakcije\/gornja-lastva\/","title":{"rendered":"Gornja Lastva"},"content":{"rendered":"\n<p>Gornja Lastva je slikovito selo u Tivtu, posebno privla\u010dno za posjetu tokom ljeta. Ovo ruralno podru\u010dje blizu Tivta ima zna\u010dajnu vrijednost. Smje\u0161teno na 300 metara nadmorske visine, nalazi se u zale\u0111u Tivta na padinama brda Vrmac.<\/p>\n\n<hr class=\"wp-block-separator has-alpha-channel-opacity\"\/>\n\n<h2 class=\"wp-block-heading\">Istorijski i arhitektonski zna\u010daj<\/h2>\n\n<p>Spomenuto u Statutu Kotora iz 16. vijeka kao dio njegovog distrikta, <strong>Gornja Lastva<\/strong> ima oko 20 jednostavno izgra\u0111enih kamenih ku\u0107a. Ve\u0107ina dvori\u0161ta pokazuje lozne sjenice, unutra\u0161nje vrtove, kamenite klupe i vodene cisterne. Barokna crkva posve\u0107ena Ro\u0111enju Presvete Bogorodice stoji ovdje, a seoski trg je istorijski kori\u0161ten za sve\u010danosti, zabave i trgovinu.<\/p>\n\n<p>Danas, selo i njegovi stanovnici privla\u010de istra\u017eiva\u010de tradicionalne primorske gradnje. Zaista, posljednjih godina, nevladina organizacija \u201cExpeditio\u201d organizuje me\u0111unarodne arhitektonske radionice u <strong>Gornjoj Lastvi<\/strong>, isti\u010du\u0107i njen kulturni zna\u010daj.<\/p>\n\n<h2 class=\"wp-block-heading\">Turizam i kulturni doga\u0111aji<\/h2>\n\n<p>Blizu Tivta, <strong>Gornja Lastva<\/strong> privla\u010di sve ve\u0107i broj turista i posjetilaca godi\u0161nje. Posljedi\u010dno, to je uglavnom zbog tradicionalnih \u201cLastvanskih sve\u010danosti\u201d koje se odr\u017eavaju u avgustu. Ova kulturno-umjetni\u010dka manifestacija ima za cilj da neguje kulturu, tradiciju i kuhinju Boke Kotorske.<\/p>\n\n<p>Posjetioci mogu u\u017eivati u autenti\u010dnoj bokeljskoj muzici, narodnim kolo igrama i igrama. \u0160tavi\u0161e, ljubitelji kulture imaju priliku da vide izlo\u017ebe slika likovnih stvaralaca iz Tivta, pove\u0107avaju\u0107i privla\u010dnost sela.<\/p>\n","protected":false},"excerpt":{"rendered":"<p>Otkrijte Gornju Lastvu, \u0161armantno selo u Tivtu bogato istorijom i kulturom. Istra\u017eite njegove kamenite ku\u0107e, baroknu crkvu i \u017eivopisne festivale koji slave tradicije Boke Kotorske. Savr\u0161eno za letnje posjete i ljubitelje arhitekture.<\/p>\n","protected":false},"author":1,"featured_media":135183,"parent":135154,"menu_order":0,"comment_status":"closed","ping_status":"closed","template":"","meta":{"_yoast_wpseo_focuskw":"Gornja Lastva","_yoast_wpseo_metadesc":"Istra\u017eite Gornju Lastvu, istorijsko selo u Tivtu sa kamenim ku\u0107ama, baroknom arhitekturom i \u017eivopisnim kulturnim festivalima. Planirajte svoje letnje putovanje u ovu slikovitu crnogorsku dragulj.","_kad_post_transparent":"","_kad_post_title":"","_kad_post_layout":"","_kad_post_sidebar_id":"","_kad_post_content_style":"","_kad_post_vertical_padding":"","_kad_post_feature":"","_kad_post_feature_position":"","_kad_post_header":false,"_kad_post_footer":false,"_kad_post_classname":"","iawp_total_views":5,"footnotes":""},"tags":[],"class_list":["post-135182","page","type-page","status-publish","has-post-thumbnail","hentry"],"yoast_head":"<!-- This site is optimized with the Yoast SEO plugin v27.3 - https:\/\/yoast.com\/product\/yoast-seo-wordpress\/ -->\n<title>Gornja Lastva - Visit Montenegro<\/title>\n<meta name=\"description\" content=\"Istra\u017eite Gornju Lastvu, istorijsko selo u Tivtu sa kamenim ku\u0107ama, baroknom arhitekturom i \u017eivopisnim kulturnim festivalima. Planirajte svoje letnje putovanje u ovu slikovitu crnogorsku dragulj.\" \/>\n<meta name=\"robots\" content=\"index, follow, max-snippet:-1, max-image-preview:large, max-video-preview:-1\" \/>\n<link rel=\"canonical\" href=\"https:\/\/www.visit-montenegro.com\/me\/destinacije\/tivat\/atrakcije\/gornja-lastva\/\" \/>\n<meta property=\"og:locale\" content=\"en_US\" \/>\n<meta property=\"og:type\" content=\"article\" \/>\n<meta property=\"og:title\" content=\"Gornja Lastva - Visit Montenegro\" \/>\n<meta property=\"og:description\" content=\"Istra\u017eite Gornju Lastvu, istorijsko selo u Tivtu sa kamenim ku\u0107ama, baroknom arhitekturom i \u017eivopisnim kulturnim festivalima. Planirajte svoje letnje putovanje u ovu slikovitu crnogorsku dragulj.\" \/>\n<meta property=\"og:url\" content=\"https:\/\/www.visit-montenegro.com\/me\/destinacije\/tivat\/atrakcije\/gornja-lastva\/\" \/>\n<meta property=\"og:site_name\" content=\"Visit Montenegro\" \/>\n<meta property=\"article:publisher\" content=\"https:\/\/www.facebook.com\/visitmontenegro\" \/>\n<meta property=\"article:modified_time\" content=\"2026-02-22T16:15:04+00:00\" \/>\n<meta property=\"og:image\" content=\"https:\/\/www.visit-montenegro.com\/wp-content\/uploads\/2026\/02\/tivat-lastva-copy.jpg\" \/>\n\t<meta property=\"og:image:width\" content=\"1600\" \/>\n\t<meta property=\"og:image:height\" content=\"1059\" \/>\n\t<meta property=\"og:image:type\" content=\"image\/jpeg\" \/>\n<meta name=\"twitter:card\" content=\"summary_large_image\" \/>\n<meta name=\"twitter:site\" content=\"@visitmontenegro\" \/>\n<meta name=\"twitter:label1\" content=\"Est. reading time\" \/>\n\t<meta name=\"twitter:data1\" content=\"1 minute\" \/>\n<script type=\"application\/ld+json\" class=\"yoast-schema-graph\">{\"@context\":\"https:\\\/\\\/schema.org\",\"@graph\":[{\"@type\":\"WebPage\",\"@id\":\"https:\\\/\\\/www.visit-montenegro.com\\\/me\\\/destinacije\\\/tivat\\\/atrakcije\\\/gornja-lastva\\\/\",\"url\":\"https:\\\/\\\/www.visit-montenegro.com\\\/me\\\/destinacije\\\/tivat\\\/atrakcije\\\/gornja-lastva\\\/\",\"name\":\"Gornja Lastva - Visit Montenegro\",\"isPartOf\":{\"@id\":\"https:\\\/\\\/www.visit-montenegro.com\\\/me\\\/#website\"},\"primaryImageOfPage\":{\"@id\":\"https:\\\/\\\/www.visit-montenegro.com\\\/me\\\/destinacije\\\/tivat\\\/atrakcije\\\/gornja-lastva\\\/#primaryimage\"},\"image\":{\"@id\":\"https:\\\/\\\/www.visit-montenegro.com\\\/me\\\/destinacije\\\/tivat\\\/atrakcije\\\/gornja-lastva\\\/#primaryimage\"},\"thumbnailUrl\":\"https:\\\/\\\/www.visit-montenegro.com\\\/wp-content\\\/uploads\\\/2026\\\/02\\\/tivat-lastva-copy.jpg\",\"datePublished\":\"2026-01-27T20:44:31+00:00\",\"dateModified\":\"2026-02-22T16:15:04+00:00\",\"description\":\"Istra\u017eite Gornju Lastvu, istorijsko selo u Tivtu sa kamenim ku\u0107ama, baroknom arhitekturom i \u017eivopisnim kulturnim festivalima. Planirajte svoje letnje putovanje u ovu slikovitu crnogorsku dragulj.\",\"breadcrumb\":{\"@id\":\"https:\\\/\\\/www.visit-montenegro.com\\\/me\\\/destinacije\\\/tivat\\\/atrakcije\\\/gornja-lastva\\\/#breadcrumb\"},\"inLanguage\":\"sr-Latn-ME\",\"potentialAction\":[{\"@type\":\"ReadAction\",\"target\":[\"https:\\\/\\\/www.visit-montenegro.com\\\/me\\\/destinacije\\\/tivat\\\/atrakcije\\\/gornja-lastva\\\/\"]}]},{\"@type\":\"ImageObject\",\"inLanguage\":\"sr-Latn-ME\",\"@id\":\"https:\\\/\\\/www.visit-montenegro.com\\\/me\\\/destinacije\\\/tivat\\\/atrakcije\\\/gornja-lastva\\\/#primaryimage\",\"url\":\"https:\\\/\\\/www.visit-montenegro.com\\\/wp-content\\\/uploads\\\/2026\\\/02\\\/tivat-lastva-copy.jpg\",\"contentUrl\":\"https:\\\/\\\/www.visit-montenegro.com\\\/wp-content\\\/uploads\\\/2026\\\/02\\\/tivat-lastva-copy.jpg\",\"width\":1600,\"height\":1059},{\"@type\":\"BreadcrumbList\",\"@id\":\"https:\\\/\\\/www.visit-montenegro.com\\\/me\\\/destinacije\\\/tivat\\\/atrakcije\\\/gornja-lastva\\\/#breadcrumb\",\"itemListElement\":[{\"@type\":\"ListItem\",\"position\":1,\"name\":\"Home\",\"item\":\"https:\\\/\\\/www.visit-montenegro.com\\\/me\\\/pocetna\\\/\"},{\"@type\":\"ListItem\",\"position\":2,\"name\":\"Turisti\u010dke destinacije u Crnoj Gori\",\"item\":\"https:\\\/\\\/www.visit-montenegro.com\\\/me\\\/destinacije\\\/\"},{\"@type\":\"ListItem\",\"position\":3,\"name\":\"Tivat\",\"item\":\"https:\\\/\\\/www.visit-montenegro.com\\\/me\\\/destinacije\\\/tivat\\\/\"},{\"@type\":\"ListItem\",\"position\":4,\"name\":\"Atrakcije Tivta\",\"item\":\"https:\\\/\\\/www.visit-montenegro.com\\\/me\\\/destinacije\\\/tivat\\\/atrakcije\\\/\"},{\"@type\":\"ListItem\",\"position\":5,\"name\":\"Gornja Lastva\"}]},{\"@type\":\"WebSite\",\"@id\":\"https:\\\/\\\/www.visit-montenegro.com\\\/me\\\/#website\",\"url\":\"https:\\\/\\\/www.visit-montenegro.com\\\/me\\\/\",\"name\":\"Visit Montenegro\",\"description\":\"Breathtaking beauty\",\"publisher\":{\"@id\":\"https:\\\/\\\/www.visit-montenegro.com\\\/me\\\/#organization\"},\"potentialAction\":[{\"@type\":\"SearchAction\",\"target\":{\"@type\":\"EntryPoint\",\"urlTemplate\":\"https:\\\/\\\/www.visit-montenegro.com\\\/me\\\/?s={search_term_string}\"},\"query-input\":{\"@type\":\"PropertyValueSpecification\",\"valueRequired\":true,\"valueName\":\"search_term_string\"}}],\"inLanguage\":\"sr-Latn-ME\"},{\"@type\":\"Organization\",\"@id\":\"https:\\\/\\\/www.visit-montenegro.com\\\/me\\\/#organization\",\"name\":\"Visit Montenegro\",\"url\":\"https:\\\/\\\/www.visit-montenegro.com\\\/me\\\/\",\"logo\":{\"@type\":\"ImageObject\",\"inLanguage\":\"sr-Latn-ME\",\"@id\":\"https:\\\/\\\/www.visit-montenegro.com\\\/me\\\/#\\\/schema\\\/logo\\\/image\\\/\",\"url\":\"https:\\\/\\\/www.visit-montenegro.com\\\/wp-content\\\/uploads\\\/2017\\\/10\\\/logo-amp.png\",\"contentUrl\":\"https:\\\/\\\/www.visit-montenegro.com\\\/wp-content\\\/uploads\\\/2017\\\/10\\\/logo-amp.png\",\"width\":190,\"height\":36,\"caption\":\"Visit Montenegro\"},\"image\":{\"@id\":\"https:\\\/\\\/www.visit-montenegro.com\\\/me\\\/#\\\/schema\\\/logo\\\/image\\\/\"},\"sameAs\":[\"https:\\\/\\\/www.facebook.com\\\/visitmontenegro\",\"https:\\\/\\\/x.com\\\/visitmontenegro\",\"https:\\\/\\\/www.instagram.com\\\/visit_montenegro\\\/\",\"https:\\\/\\\/www.youtube.com\\\/user\\\/VisitMontenegro\"]}]}<\/script>\n<!-- \/ Yoast SEO plugin. -->","yoast_head_json":{"title":"Gornja Lastva - Visit Montenegro","description":"Istra\u017eite Gornju Lastvu, istorijsko selo u Tivtu sa kamenim ku\u0107ama, baroknom arhitekturom i \u017eivopisnim kulturnim festivalima. Planirajte svoje letnje putovanje u ovu slikovitu crnogorsku dragulj.","robots":{"index":"index","follow":"follow","max-snippet":"max-snippet:-1","max-image-preview":"max-image-preview:large","max-video-preview":"max-video-preview:-1"},"canonical":"https:\/\/www.visit-montenegro.com\/me\/destinacije\/tivat\/atrakcije\/gornja-lastva\/","og_locale":"en_US","og_type":"article","og_title":"Gornja Lastva - Visit Montenegro","og_description":"Istra\u017eite Gornju Lastvu, istorijsko selo u Tivtu sa kamenim ku\u0107ama, baroknom arhitekturom i \u017eivopisnim kulturnim festivalima. Planirajte svoje letnje putovanje u ovu slikovitu crnogorsku dragulj.","og_url":"https:\/\/www.visit-montenegro.com\/me\/destinacije\/tivat\/atrakcije\/gornja-lastva\/","og_site_name":"Visit Montenegro","article_publisher":"https:\/\/www.facebook.com\/visitmontenegro","article_modified_time":"2026-02-22T16:15:04+00:00","og_image":[{"width":1600,"height":1059,"url":"https:\/\/www.visit-montenegro.com\/wp-content\/uploads\/2026\/02\/tivat-lastva-copy.jpg","type":"image\/jpeg"}],"twitter_card":"summary_large_image","twitter_site":"@visitmontenegro","twitter_misc":{"Est. reading time":"1 minute"},"schema":{"@context":"https:\/\/schema.org","@graph":[{"@type":"WebPage","@id":"https:\/\/www.visit-montenegro.com\/me\/destinacije\/tivat\/atrakcije\/gornja-lastva\/","url":"https:\/\/www.visit-montenegro.com\/me\/destinacije\/tivat\/atrakcije\/gornja-lastva\/","name":"Gornja Lastva - Visit Montenegro","isPartOf":{"@id":"https:\/\/www.visit-montenegro.com\/me\/#website"},"primaryImageOfPage":{"@id":"https:\/\/www.visit-montenegro.com\/me\/destinacije\/tivat\/atrakcije\/gornja-lastva\/#primaryimage"},"image":{"@id":"https:\/\/www.visit-montenegro.com\/me\/destinacije\/tivat\/atrakcije\/gornja-lastva\/#primaryimage"},"thumbnailUrl":"https:\/\/www.visit-montenegro.com\/wp-content\/uploads\/2026\/02\/tivat-lastva-copy.jpg","datePublished":"2026-01-27T20:44:31+00:00","dateModified":"2026-02-22T16:15:04+00:00","description":"Istra\u017eite Gornju Lastvu, istorijsko selo u Tivtu sa kamenim ku\u0107ama, baroknom arhitekturom i \u017eivopisnim kulturnim festivalima. Planirajte svoje letnje putovanje u ovu slikovitu crnogorsku dragulj.","breadcrumb":{"@id":"https:\/\/www.visit-montenegro.com\/me\/destinacije\/tivat\/atrakcije\/gornja-lastva\/#breadcrumb"},"inLanguage":"sr-Latn-ME","potentialAction":[{"@type":"ReadAction","target":["https:\/\/www.visit-montenegro.com\/me\/destinacije\/tivat\/atrakcije\/gornja-lastva\/"]}]},{"@type":"ImageObject","inLanguage":"sr-Latn-ME","@id":"https:\/\/www.visit-montenegro.com\/me\/destinacije\/tivat\/atrakcije\/gornja-lastva\/#primaryimage","url":"https:\/\/www.visit-montenegro.com\/wp-content\/uploads\/2026\/02\/tivat-lastva-copy.jpg","contentUrl":"https:\/\/www.visit-montenegro.com\/wp-content\/uploads\/2026\/02\/tivat-lastva-copy.jpg","width":1600,"height":1059},{"@type":"BreadcrumbList","@id":"https:\/\/www.visit-montenegro.com\/me\/destinacije\/tivat\/atrakcije\/gornja-lastva\/#breadcrumb","itemListElement":[{"@type":"ListItem","position":1,"name":"Home","item":"https:\/\/www.visit-montenegro.com\/me\/pocetna\/"},{"@type":"ListItem","position":2,"name":"Turisti\u010dke destinacije u Crnoj Gori","item":"https:\/\/www.visit-montenegro.com\/me\/destinacije\/"},{"@type":"ListItem","position":3,"name":"Tivat","item":"https:\/\/www.visit-montenegro.com\/me\/destinacije\/tivat\/"},{"@type":"ListItem","position":4,"name":"Atrakcije Tivta","item":"https:\/\/www.visit-montenegro.com\/me\/destinacije\/tivat\/atrakcije\/"},{"@type":"ListItem","position":5,"name":"Gornja Lastva"}]},{"@type":"WebSite","@id":"https:\/\/www.visit-montenegro.com\/me\/#website","url":"https:\/\/www.visit-montenegro.com\/me\/","name":"Visit Montenegro","description":"Breathtaking beauty","publisher":{"@id":"https:\/\/www.visit-montenegro.com\/me\/#organization"},"potentialAction":[{"@type":"SearchAction","target":{"@type":"EntryPoint","urlTemplate":"https:\/\/www.visit-montenegro.com\/me\/?s={search_term_string}"},"query-input":{"@type":"PropertyValueSpecification","valueRequired":true,"valueName":"search_term_string"}}],"inLanguage":"sr-Latn-ME"},{"@type":"Organization","@id":"https:\/\/www.visit-montenegro.com\/me\/#organization","name":"Visit Montenegro","url":"https:\/\/www.visit-montenegro.com\/me\/","logo":{"@type":"ImageObject","inLanguage":"sr-Latn-ME","@id":"https:\/\/www.visit-montenegro.com\/me\/#\/schema\/logo\/image\/","url":"https:\/\/www.visit-montenegro.com\/wp-content\/uploads\/2017\/10\/logo-amp.png","contentUrl":"https:\/\/www.visit-montenegro.com\/wp-content\/uploads\/2017\/10\/logo-amp.png","width":190,"height":36,"caption":"Visit Montenegro"},"image":{"@id":"https:\/\/www.visit-montenegro.com\/me\/#\/schema\/logo\/image\/"},"sameAs":["https:\/\/www.facebook.com\/visitmontenegro","https:\/\/x.com\/visitmontenegro","https:\/\/www.instagram.com\/visit_montenegro\/","https:\/\/www.youtube.com\/user\/VisitMontenegro"]}]}},"translations":[],"_links":{"self":[{"href":"https:\/\/www.visit-montenegro.com\/me\/wp-json\/wp\/v2\/pages\/135182","targetHints":{"allow":["GET"]}}],"collection":[{"href":"https:\/\/www.visit-montenegro.com\/me\/wp-json\/wp\/v2\/pages"}],"about":[{"href":"https:\/\/www.visit-montenegro.com\/me\/wp-json\/wp\/v2\/types\/page"}],"author":[{"embeddable":true,"href":"https:\/\/www.visit-montenegro.com\/me\/wp-json\/wp\/v2\/users\/1"}],"replies":[{"embeddable":true,"href":"https:\/\/www.visit-montenegro.com\/me\/wp-json\/wp\/v2\/comments?post=135182"}],"version-history":[{"count":0,"href":"https:\/\/www.visit-montenegro.com\/me\/wp-json\/wp\/v2\/pages\/135182\/revisions"}],"up":[{"embeddable":true,"href":"https:\/\/www.visit-montenegro.com\/me\/wp-json\/wp\/v2\/pages\/135154"}],"wp:featuredmedia":[{"embeddable":true,"href":"https:\/\/www.visit-montenegro.com\/me\/wp-json\/wp\/v2\/media\/135183"}],"wp:attachment":[{"href":"https:\/\/www.visit-montenegro.com\/me\/wp-json\/wp\/v2\/media?parent=135182"}],"wp:term":[{"taxonomy":"post_tag","embeddable":true,"href":"https:\/\/www.visit-montenegro.com\/me\/wp-json\/wp\/v2\/tags?post=135182"}],"curies":[{"name":"wp","href":"https:\/\/api.w.org\/{rel}","templated":true}]}}