{"id":135197,"date":"2026-01-27T21:44:31","date_gmt":"2026-01-27T20:44:31","guid":{"rendered":"https:\/\/new.visit-montenegro.com\/destinacije\/tivat\/atrakcije\/konzulat-jugoslavije\/"},"modified":"2026-02-22T17:15:04","modified_gmt":"2026-02-22T16:15:04","slug":"konzulat-jugoslavije","status":"publish","type":"page","link":"https:\/\/www.visit-montenegro.com\/me\/destinacije\/tivat\/atrakcije\/konzulat-jugoslavije\/","title":{"rendered":"Konzulat Jugoslavije u Tivtu"},"content":{"rendered":"\n<p>Crna Gora nudi jedinstveno istorijsko iskustvo u <strong>Konzulatu Jugoslavije<\/strong> <strong>u<\/strong> <strong>Tivtu<\/strong>, mjestu nalik muzeju koje \u010duva naslije\u0111e Socijalisti\u010dke Federativne Republike Jugoslavije od 1945. do 1989. godine.<\/p>\n\n<hr class=\"wp-block-separator has-alpha-channel-opacity\"\/>\n\n<h2 class=\"wp-block-heading\">Otkri\u0107e Konzulata Jugoslavije u Tivtu<\/h2>\n\n<p>Mo\u017eda zvu\u010di neobi\u010dno za druge destinacije, ali u Tivtu, izuzetno zanimljivo i turisti\u010dki atraktivno mjesto je konzulat biv\u0161e dr\u017eave. Ovo mjesto, Konzulat Socijalisti\u010dke Federativne Republike Jugoslavije, vi\u0161e slu\u017ei kao muzejska uspomena na pro\u0161li period (1945\u20131989) i nalazi se nedaleko od Borove \u0161etnice u Tivtu.<\/p>\n\n<p>Otvoren prije skoro tri godine, po\u010dasni konzul Marko Perkovi\u0107 u\u010dinio je ovo mjesto privla\u010dnim kako ljudima nostalgi\u010dnim za Jugoslavijom, tako i mladima sa malo znanja o biv\u0161oj komunisti\u010dkoj tvorevini. Kao rezultat, od maja do oktobra, <strong>Konzulat Jugoslavije<\/strong> <strong>u Tivtu<\/strong> postao je popularna turisti\u010dka atrakcija.<\/p>\n\n<h2 class=\"wp-block-heading\">\u0160ta vidjeti i iskusiti u Konzulatu<\/h2>\n\n<p>Unutar konzulata, posjetioci mogu vidjeti zastave i uniforme biv\u0161eg predsjednika SFRJ, Josipa Broza Tita. Pored toga, ispred zgrade nalazi se jedno od presti\u017enijih vozila iz 1960-ih, dr\u017eavna limuzina kori\u0161tena za prevoz Tita.<\/p>\n\n<p>Zgrada je ispunjena brojnim simbolima koji budu uspomene na biv\u0161u Jugoslaviju. Zaista, mo\u017eete \u010duti himnu \u201cHej Sloveni\u201d, potpisati knjigu posjetilaca i kao uspomenu dobiti crveni paso\u0161 sa simbolima SFRJ, koji je u pro\u0161losti bio visoko cijenjen.<\/p>\n","protected":false},"excerpt":{"rendered":"<p>Istra\u017eite jedinstveni Konzulat Jugoslavije u Tivtu, mjesto nalik muzeju koje \u010duva naslije\u0111e Socijalisti\u010dke Federativne Republike Jugoslavije. Otkrijte istorijske artefakte, \u010dujte himnu i ponesite simboli\u010dki crveni paso\u0161.<\/p>\n","protected":false},"author":1,"featured_media":135198,"parent":135154,"menu_order":0,"comment_status":"closed","ping_status":"closed","template":"","meta":{"_yoast_wpseo_focuskw":"Konzulat Jugoslavije u Tivtu","_yoast_wpseo_metadesc":"Posjetite Konzulat Jugoslavije u Tivtu za nostalgi\u010dno putovanje kroz istoriju. Pogledajte Titove uniforme, dr\u017eavnu limuzinu i nabavite simboli\u010dki paso\u0161. Planirajte svoj put odmah!","_kad_post_transparent":"","_kad_post_title":"","_kad_post_layout":"","_kad_post_sidebar_id":"","_kad_post_content_style":"","_kad_post_vertical_padding":"","_kad_post_feature":"","_kad_post_feature_position":"","_kad_post_header":false,"_kad_post_footer":false,"_kad_post_classname":"","iawp_total_views":2,"footnotes":""},"tags":[],"class_list":["post-135197","page","type-page","status-publish","has-post-thumbnail","hentry"],"yoast_head":"<!-- This site is optimized with the Yoast SEO plugin v27.3 - https:\/\/yoast.com\/product\/yoast-seo-wordpress\/ -->\n<title>Konzulat Jugoslavije u Tivtu - Visit Montenegro<\/title>\n<meta name=\"description\" content=\"Posjetite Konzulat Jugoslavije u Tivtu za nostalgi\u010dno putovanje kroz istoriju. Pogledajte Titove uniforme, dr\u017eavnu limuzinu i nabavite simboli\u010dki paso\u0161. Planirajte svoj put odmah!\" \/>\n<meta name=\"robots\" content=\"index, follow, max-snippet:-1, max-image-preview:large, max-video-preview:-1\" \/>\n<link rel=\"canonical\" href=\"https:\/\/www.visit-montenegro.com\/me\/destinacije\/tivat\/atrakcije\/konzulat-jugoslavije\/\" \/>\n<meta property=\"og:locale\" content=\"en_US\" \/>\n<meta property=\"og:type\" content=\"article\" \/>\n<meta property=\"og:title\" content=\"Konzulat Jugoslavije u Tivtu - Visit Montenegro\" \/>\n<meta property=\"og:description\" content=\"Posjetite Konzulat Jugoslavije u Tivtu za nostalgi\u010dno putovanje kroz istoriju. Pogledajte Titove uniforme, dr\u017eavnu limuzinu i nabavite simboli\u010dki paso\u0161. Planirajte svoj put odmah!\" \/>\n<meta property=\"og:url\" content=\"https:\/\/www.visit-montenegro.com\/me\/destinacije\/tivat\/atrakcije\/konzulat-jugoslavije\/\" \/>\n<meta property=\"og:site_name\" content=\"Visit Montenegro\" \/>\n<meta property=\"article:publisher\" content=\"https:\/\/www.facebook.com\/visitmontenegro\" \/>\n<meta property=\"article:modified_time\" content=\"2026-02-22T16:15:04+00:00\" \/>\n<meta property=\"og:image\" content=\"https:\/\/www.visit-montenegro.com\/wp-content\/uploads\/2026\/02\/yugoslavia-flag-copy.jpg\" \/>\n\t<meta property=\"og:image:width\" content=\"1600\" \/>\n\t<meta property=\"og:image:height\" content=\"1067\" \/>\n\t<meta property=\"og:image:type\" content=\"image\/jpeg\" \/>\n<meta name=\"twitter:card\" content=\"summary_large_image\" \/>\n<meta name=\"twitter:site\" content=\"@visitmontenegro\" \/>\n<meta name=\"twitter:label1\" content=\"Est. reading time\" \/>\n\t<meta name=\"twitter:data1\" content=\"1 minute\" \/>\n<script type=\"application\/ld+json\" class=\"yoast-schema-graph\">{\"@context\":\"https:\\\/\\\/schema.org\",\"@graph\":[{\"@type\":\"WebPage\",\"@id\":\"https:\\\/\\\/www.visit-montenegro.com\\\/me\\\/destinacije\\\/tivat\\\/atrakcije\\\/konzulat-jugoslavije\\\/\",\"url\":\"https:\\\/\\\/www.visit-montenegro.com\\\/me\\\/destinacije\\\/tivat\\\/atrakcije\\\/konzulat-jugoslavije\\\/\",\"name\":\"Konzulat Jugoslavije u Tivtu - Visit Montenegro\",\"isPartOf\":{\"@id\":\"https:\\\/\\\/www.visit-montenegro.com\\\/me\\\/#website\"},\"primaryImageOfPage\":{\"@id\":\"https:\\\/\\\/www.visit-montenegro.com\\\/me\\\/destinacije\\\/tivat\\\/atrakcije\\\/konzulat-jugoslavije\\\/#primaryimage\"},\"image\":{\"@id\":\"https:\\\/\\\/www.visit-montenegro.com\\\/me\\\/destinacije\\\/tivat\\\/atrakcije\\\/konzulat-jugoslavije\\\/#primaryimage\"},\"thumbnailUrl\":\"https:\\\/\\\/www.visit-montenegro.com\\\/wp-content\\\/uploads\\\/2026\\\/02\\\/yugoslavia-flag-copy.jpg\",\"datePublished\":\"2026-01-27T20:44:31+00:00\",\"dateModified\":\"2026-02-22T16:15:04+00:00\",\"description\":\"Posjetite Konzulat Jugoslavije u Tivtu za nostalgi\u010dno putovanje kroz istoriju. Pogledajte Titove uniforme, dr\u017eavnu limuzinu i nabavite simboli\u010dki paso\u0161. Planirajte svoj put odmah!\",\"breadcrumb\":{\"@id\":\"https:\\\/\\\/www.visit-montenegro.com\\\/me\\\/destinacije\\\/tivat\\\/atrakcije\\\/konzulat-jugoslavije\\\/#breadcrumb\"},\"inLanguage\":\"sr-Latn-ME\",\"potentialAction\":[{\"@type\":\"ReadAction\",\"target\":[\"https:\\\/\\\/www.visit-montenegro.com\\\/me\\\/destinacije\\\/tivat\\\/atrakcije\\\/konzulat-jugoslavije\\\/\"]}]},{\"@type\":\"ImageObject\",\"inLanguage\":\"sr-Latn-ME\",\"@id\":\"https:\\\/\\\/www.visit-montenegro.com\\\/me\\\/destinacije\\\/tivat\\\/atrakcije\\\/konzulat-jugoslavije\\\/#primaryimage\",\"url\":\"https:\\\/\\\/www.visit-montenegro.com\\\/wp-content\\\/uploads\\\/2026\\\/02\\\/yugoslavia-flag-copy.jpg\",\"contentUrl\":\"https:\\\/\\\/www.visit-montenegro.com\\\/wp-content\\\/uploads\\\/2026\\\/02\\\/yugoslavia-flag-copy.jpg\",\"width\":1600,\"height\":1067},{\"@type\":\"BreadcrumbList\",\"@id\":\"https:\\\/\\\/www.visit-montenegro.com\\\/me\\\/destinacije\\\/tivat\\\/atrakcije\\\/konzulat-jugoslavije\\\/#breadcrumb\",\"itemListElement\":[{\"@type\":\"ListItem\",\"position\":1,\"name\":\"Home\",\"item\":\"https:\\\/\\\/www.visit-montenegro.com\\\/me\\\/pocetna\\\/\"},{\"@type\":\"ListItem\",\"position\":2,\"name\":\"Turisti\u010dke destinacije u Crnoj Gori\",\"item\":\"https:\\\/\\\/www.visit-montenegro.com\\\/me\\\/destinacije\\\/\"},{\"@type\":\"ListItem\",\"position\":3,\"name\":\"Tivat\",\"item\":\"https:\\\/\\\/www.visit-montenegro.com\\\/me\\\/destinacije\\\/tivat\\\/\"},{\"@type\":\"ListItem\",\"position\":4,\"name\":\"Atrakcije Tivta\",\"item\":\"https:\\\/\\\/www.visit-montenegro.com\\\/me\\\/destinacije\\\/tivat\\\/atrakcije\\\/\"},{\"@type\":\"ListItem\",\"position\":5,\"name\":\"Konzulat Jugoslavije u Tivtu\"}]},{\"@type\":\"WebSite\",\"@id\":\"https:\\\/\\\/www.visit-montenegro.com\\\/me\\\/#website\",\"url\":\"https:\\\/\\\/www.visit-montenegro.com\\\/me\\\/\",\"name\":\"Visit Montenegro\",\"description\":\"Breathtaking beauty\",\"publisher\":{\"@id\":\"https:\\\/\\\/www.visit-montenegro.com\\\/me\\\/#organization\"},\"potentialAction\":[{\"@type\":\"SearchAction\",\"target\":{\"@type\":\"EntryPoint\",\"urlTemplate\":\"https:\\\/\\\/www.visit-montenegro.com\\\/me\\\/?s={search_term_string}\"},\"query-input\":{\"@type\":\"PropertyValueSpecification\",\"valueRequired\":true,\"valueName\":\"search_term_string\"}}],\"inLanguage\":\"sr-Latn-ME\"},{\"@type\":\"Organization\",\"@id\":\"https:\\\/\\\/www.visit-montenegro.com\\\/me\\\/#organization\",\"name\":\"Visit Montenegro\",\"url\":\"https:\\\/\\\/www.visit-montenegro.com\\\/me\\\/\",\"logo\":{\"@type\":\"ImageObject\",\"inLanguage\":\"sr-Latn-ME\",\"@id\":\"https:\\\/\\\/www.visit-montenegro.com\\\/me\\\/#\\\/schema\\\/logo\\\/image\\\/\",\"url\":\"https:\\\/\\\/www.visit-montenegro.com\\\/wp-content\\\/uploads\\\/2017\\\/10\\\/logo-amp.png\",\"contentUrl\":\"https:\\\/\\\/www.visit-montenegro.com\\\/wp-content\\\/uploads\\\/2017\\\/10\\\/logo-amp.png\",\"width\":190,\"height\":36,\"caption\":\"Visit Montenegro\"},\"image\":{\"@id\":\"https:\\\/\\\/www.visit-montenegro.com\\\/me\\\/#\\\/schema\\\/logo\\\/image\\\/\"},\"sameAs\":[\"https:\\\/\\\/www.facebook.com\\\/visitmontenegro\",\"https:\\\/\\\/x.com\\\/visitmontenegro\",\"https:\\\/\\\/www.instagram.com\\\/visit_montenegro\\\/\",\"https:\\\/\\\/www.youtube.com\\\/user\\\/VisitMontenegro\"]}]}<\/script>\n<!-- \/ Yoast SEO plugin. -->","yoast_head_json":{"title":"Konzulat Jugoslavije u Tivtu - Visit Montenegro","description":"Posjetite Konzulat Jugoslavije u Tivtu za nostalgi\u010dno putovanje kroz istoriju. Pogledajte Titove uniforme, dr\u017eavnu limuzinu i nabavite simboli\u010dki paso\u0161. Planirajte svoj put odmah!","robots":{"index":"index","follow":"follow","max-snippet":"max-snippet:-1","max-image-preview":"max-image-preview:large","max-video-preview":"max-video-preview:-1"},"canonical":"https:\/\/www.visit-montenegro.com\/me\/destinacije\/tivat\/atrakcije\/konzulat-jugoslavije\/","og_locale":"en_US","og_type":"article","og_title":"Konzulat Jugoslavije u Tivtu - Visit Montenegro","og_description":"Posjetite Konzulat Jugoslavije u Tivtu za nostalgi\u010dno putovanje kroz istoriju. Pogledajte Titove uniforme, dr\u017eavnu limuzinu i nabavite simboli\u010dki paso\u0161. Planirajte svoj put odmah!","og_url":"https:\/\/www.visit-montenegro.com\/me\/destinacije\/tivat\/atrakcije\/konzulat-jugoslavije\/","og_site_name":"Visit Montenegro","article_publisher":"https:\/\/www.facebook.com\/visitmontenegro","article_modified_time":"2026-02-22T16:15:04+00:00","og_image":[{"width":1600,"height":1067,"url":"https:\/\/www.visit-montenegro.com\/wp-content\/uploads\/2026\/02\/yugoslavia-flag-copy.jpg","type":"image\/jpeg"}],"twitter_card":"summary_large_image","twitter_site":"@visitmontenegro","twitter_misc":{"Est. reading time":"1 minute"},"schema":{"@context":"https:\/\/schema.org","@graph":[{"@type":"WebPage","@id":"https:\/\/www.visit-montenegro.com\/me\/destinacije\/tivat\/atrakcije\/konzulat-jugoslavije\/","url":"https:\/\/www.visit-montenegro.com\/me\/destinacije\/tivat\/atrakcije\/konzulat-jugoslavije\/","name":"Konzulat Jugoslavije u Tivtu - Visit Montenegro","isPartOf":{"@id":"https:\/\/www.visit-montenegro.com\/me\/#website"},"primaryImageOfPage":{"@id":"https:\/\/www.visit-montenegro.com\/me\/destinacije\/tivat\/atrakcije\/konzulat-jugoslavije\/#primaryimage"},"image":{"@id":"https:\/\/www.visit-montenegro.com\/me\/destinacije\/tivat\/atrakcije\/konzulat-jugoslavije\/#primaryimage"},"thumbnailUrl":"https:\/\/www.visit-montenegro.com\/wp-content\/uploads\/2026\/02\/yugoslavia-flag-copy.jpg","datePublished":"2026-01-27T20:44:31+00:00","dateModified":"2026-02-22T16:15:04+00:00","description":"Posjetite Konzulat Jugoslavije u Tivtu za nostalgi\u010dno putovanje kroz istoriju. Pogledajte Titove uniforme, dr\u017eavnu limuzinu i nabavite simboli\u010dki paso\u0161. Planirajte svoj put odmah!","breadcrumb":{"@id":"https:\/\/www.visit-montenegro.com\/me\/destinacije\/tivat\/atrakcije\/konzulat-jugoslavije\/#breadcrumb"},"inLanguage":"sr-Latn-ME","potentialAction":[{"@type":"ReadAction","target":["https:\/\/www.visit-montenegro.com\/me\/destinacije\/tivat\/atrakcije\/konzulat-jugoslavije\/"]}]},{"@type":"ImageObject","inLanguage":"sr-Latn-ME","@id":"https:\/\/www.visit-montenegro.com\/me\/destinacije\/tivat\/atrakcije\/konzulat-jugoslavije\/#primaryimage","url":"https:\/\/www.visit-montenegro.com\/wp-content\/uploads\/2026\/02\/yugoslavia-flag-copy.jpg","contentUrl":"https:\/\/www.visit-montenegro.com\/wp-content\/uploads\/2026\/02\/yugoslavia-flag-copy.jpg","width":1600,"height":1067},{"@type":"BreadcrumbList","@id":"https:\/\/www.visit-montenegro.com\/me\/destinacije\/tivat\/atrakcije\/konzulat-jugoslavije\/#breadcrumb","itemListElement":[{"@type":"ListItem","position":1,"name":"Home","item":"https:\/\/www.visit-montenegro.com\/me\/pocetna\/"},{"@type":"ListItem","position":2,"name":"Turisti\u010dke destinacije u Crnoj Gori","item":"https:\/\/www.visit-montenegro.com\/me\/destinacije\/"},{"@type":"ListItem","position":3,"name":"Tivat","item":"https:\/\/www.visit-montenegro.com\/me\/destinacije\/tivat\/"},{"@type":"ListItem","position":4,"name":"Atrakcije Tivta","item":"https:\/\/www.visit-montenegro.com\/me\/destinacije\/tivat\/atrakcije\/"},{"@type":"ListItem","position":5,"name":"Konzulat Jugoslavije u Tivtu"}]},{"@type":"WebSite","@id":"https:\/\/www.visit-montenegro.com\/me\/#website","url":"https:\/\/www.visit-montenegro.com\/me\/","name":"Visit Montenegro","description":"Breathtaking beauty","publisher":{"@id":"https:\/\/www.visit-montenegro.com\/me\/#organization"},"potentialAction":[{"@type":"SearchAction","target":{"@type":"EntryPoint","urlTemplate":"https:\/\/www.visit-montenegro.com\/me\/?s={search_term_string}"},"query-input":{"@type":"PropertyValueSpecification","valueRequired":true,"valueName":"search_term_string"}}],"inLanguage":"sr-Latn-ME"},{"@type":"Organization","@id":"https:\/\/www.visit-montenegro.com\/me\/#organization","name":"Visit Montenegro","url":"https:\/\/www.visit-montenegro.com\/me\/","logo":{"@type":"ImageObject","inLanguage":"sr-Latn-ME","@id":"https:\/\/www.visit-montenegro.com\/me\/#\/schema\/logo\/image\/","url":"https:\/\/www.visit-montenegro.com\/wp-content\/uploads\/2017\/10\/logo-amp.png","contentUrl":"https:\/\/www.visit-montenegro.com\/wp-content\/uploads\/2017\/10\/logo-amp.png","width":190,"height":36,"caption":"Visit Montenegro"},"image":{"@id":"https:\/\/www.visit-montenegro.com\/me\/#\/schema\/logo\/image\/"},"sameAs":["https:\/\/www.facebook.com\/visitmontenegro","https:\/\/x.com\/visitmontenegro","https:\/\/www.instagram.com\/visit_montenegro\/","https:\/\/www.youtube.com\/user\/VisitMontenegro"]}]}},"translations":[],"_links":{"self":[{"href":"https:\/\/www.visit-montenegro.com\/me\/wp-json\/wp\/v2\/pages\/135197","targetHints":{"allow":["GET"]}}],"collection":[{"href":"https:\/\/www.visit-montenegro.com\/me\/wp-json\/wp\/v2\/pages"}],"about":[{"href":"https:\/\/www.visit-montenegro.com\/me\/wp-json\/wp\/v2\/types\/page"}],"author":[{"embeddable":true,"href":"https:\/\/www.visit-montenegro.com\/me\/wp-json\/wp\/v2\/users\/1"}],"replies":[{"embeddable":true,"href":"https:\/\/www.visit-montenegro.com\/me\/wp-json\/wp\/v2\/comments?post=135197"}],"version-history":[{"count":0,"href":"https:\/\/www.visit-montenegro.com\/me\/wp-json\/wp\/v2\/pages\/135197\/revisions"}],"up":[{"embeddable":true,"href":"https:\/\/www.visit-montenegro.com\/me\/wp-json\/wp\/v2\/pages\/135154"}],"wp:featuredmedia":[{"embeddable":true,"href":"https:\/\/www.visit-montenegro.com\/me\/wp-json\/wp\/v2\/media\/135198"}],"wp:attachment":[{"href":"https:\/\/www.visit-montenegro.com\/me\/wp-json\/wp\/v2\/media?parent=135197"}],"wp:term":[{"taxonomy":"post_tag","embeddable":true,"href":"https:\/\/www.visit-montenegro.com\/me\/wp-json\/wp\/v2\/tags?post=135197"}],"curies":[{"name":"wp","href":"https:\/\/api.w.org\/{rel}","templated":true}]}}