{"id":135204,"date":"2026-01-27T21:44:31","date_gmt":"2026-01-27T20:44:31","guid":{"rendered":"https:\/\/new.visit-montenegro.com\/destinacije\/tivat\/info\/plaze\/"},"modified":"2026-02-22T17:15:05","modified_gmt":"2026-02-22T16:15:05","slug":"plaze","status":"publish","type":"page","link":"https:\/\/www.visit-montenegro.com\/me\/destinacije\/tivat\/info\/plaze\/","title":{"rendered":"Pla\u017ee Tivta"},"content":{"rendered":"\n<p><a href=\"https:\/\/www.visit-montenegro.com\/me\/destinacije\/tivat\/\">Tivat<\/a> u Crnoj Gori je primorski dragulj poznat po mediteranskoj klimi, koja nudi blaga, topla ljeta idealna za posjetioce pla\u017ea. Sa 115 sun\u010danih dana godi\u0161nje i 180-dnevnom sezonom kupanja, njegovo tamnoplavo more i mirni talasi \u010dine ga savr\u0161enim za opu\u0161tanje i vodene sportove. Stoga, 17 pla\u017ea Tivta, koje se prote\u017eu na preko 31.200 m\u00b2, zadovoljavaju sve ukuse, od pje\u0161\u010danih obala do \u017eivahnih sadr\u017eaja resorta.<\/p>\n\n<hr class=\"wp-block-separator has-alpha-channel-opacity\"\/>\n\n<h2 class=\"wp-block-heading\">Klima i uslovi za kupanje u Tivtu<\/h2>\n\n<p>Tivat ima tipi\u010dno mediteransku klimu sa blagim, ki\u0161ovitim i toplim letima. Prosje\u010dna godi\u0161nja temperatura vazduha je 15\u00b0C, a ima 115 dana godi\u0161nje sa temperaturama iznad 30\u00b0C. Sezona kupanja traje 180 dana, sa morem tamnoplave boje i salinitetom od 28%. \u0160tavi\u0161e, prosje\u010dna visina talasa je 0,5m, a talasi vi\u0161i od 2m su veoma rijetki, osiguravaju\u0107i mirne vode za posjetioce.<\/p>\n\n<p>Turisti su privu\u010deni <strong>Pla\u017eama Tivta<\/strong> zbog prijatnog odmora, sun\u010danja i plivanja. Mirno i toplo more Tivta pogodno je za vodene sportove kao \u0161to su skijanje, jedrenje i kanu. Zaista, i doma\u0107i i strani gosti, uklju\u010duju\u0107i susjede iz Kotora, u\u017eivaju u \u0161etnji sun\u010danim \u0161etali\u0161tima i opu\u0161tanju na brojnim <strong>Pla\u017eama Tivta<\/strong>.<\/p>\n\n<h2 class=\"wp-block-heading\">Pregled pla\u017ea Tivta<\/h2>\n\n<p>Na Tivatskoj rivijeri nalazi se 17 uredno ure\u0111enih pla\u017ea koje pokrivaju ukupnu povr\u0161inu od 31.200 m\u00b2. Ove <strong>Pla\u017ee Tivta<\/strong> mogu zadovoljiti i najzahtjevnije goste svojim pje\u0161\u010danim obalama, zelenom vegetacijom i sun\u010danim zracima. Oboga\u0107ene su turisti\u010dkim sadr\u017eajima resorta kao \u0161to su pla\u017eni barovi, terase, restorani, mini odmori\u0161ta, oprema za pla\u017eu i dje\u010dija igrali\u0161ta.<\/p>\n\n<p>Ako planirate posjetiti Tivat, preporu\u010dujemo da istra\u017eite njegove prekrasne pla\u017ee, koje se isti\u010du ljepotom i uskladeno\u0161\u0107u. <strong>Pla\u017ee Tivta<\/strong> uklju\u010duju: Opatovo (500 m\u00b2), Donja Lastva (1.000 m\u00b2), pla\u017ea ispred hotela \u201cKamelija\u201d (2.000 m\u00b2), rt Seljanovo (1.700 m\u00b2), pla\u017ea hotela \u201cMimoza\u201d (350 m\u00b2), pla\u017ea hotela \u201cPalma\u201d (2.400 m\u00b2), Belane (1.200 m\u00b2), Bonici (250 m\u00b2), \u017dupa (500 m\u00b2), Mulo oko (200 m\u00b2), Ostrvo cvije\u0107a (1.200 m\u00b2), Kaladrovo (4.200 m\u00b2), Sveti Marko (4.000 m\u00b2), St. Ciglana (500 m\u00b2), Plavi horizonti (8.500 m\u00b2), Kra\u0161i\u0107i (1.500 m\u00b2) i pla\u017ea Oblatno (1.200 m\u00b2).<\/p>\n\n<h2 class=\"wp-block-heading\">Zna\u010dajne pla\u017ee Tivta za istra\u017eivanje<\/h2>\n\n<p>Hotelske pla\u017ee obi\u010dno se nalaze pored hotela u gradu, dok su ostale <strong>Pla\u017ee Tivta<\/strong> nazvane po rtovima ili ostrvima nekoliko kilometara dalje. Za pravu avanturu, posjetite pla\u017ee kao \u0161to su \u201cPlavi horizonti\u201d ili pla\u017eu na ostrvu Sveti Marko.<\/p>\n\n<h3 class=\"wp-block-heading\">Pla\u017ea Plavi horizonti<\/h3>\n\n<p>\u201cPlavi horizonti\u201d se smatra najatraktivnijom pla\u017eom na crnogorskoj obali. Nalazi se u ju\u017enom dijelu Tivatskog zaliva, u otvorenom moru pored hotela \u201cPlavi horizonti\u201d. Njegov vrlo sitan pijesak pogodan je za lije\u010denje reumatskih poreme\u0107aja. Prote\u017ee se na 8.500 m\u00b2, nudi opremu za pla\u017eu, posebne platoe na stijenama za diskretnu atmosferu i prirodno je za\u0161ti\u0107ena od vjetrova. Stoga, okru\u017eena parkovima i borovom \u0161umom idealnom za kampovanje, stekla je me\u0111unarodno priznanje kvaliteta sa \u201cPlavom zastavom\u201d.<\/p>\n\n<figure class=\"wp-block-image size-large\"><img loading=\"lazy\" decoding=\"async\" width=\"1024\" height=\"682\" src=\"https:\/\/www.visit-montenegro.com\/wp-content\/uploads\/2026\/01\/tivat-gospa-od-milosti-ostrvo-cvijeca-1024x682.jpg\" alt=\"\" class=\"wp-image-36221\" srcset=\"https:\/\/www.visit-montenegro.com\/wp-content\/uploads\/2026\/01\/tivat-gospa-od-milosti-ostrvo-cvijeca-1024x682.jpg 1024w, https:\/\/www.visit-montenegro.com\/wp-content\/uploads\/2026\/01\/tivat-gospa-od-milosti-ostrvo-cvijeca-300x200.jpg 300w, https:\/\/www.visit-montenegro.com\/wp-content\/uploads\/2026\/01\/tivat-gospa-od-milosti-ostrvo-cvijeca-768x512.jpg 768w, https:\/\/www.visit-montenegro.com\/wp-content\/uploads\/2026\/01\/tivat-gospa-od-milosti-ostrvo-cvijeca-1536x1023.jpg 1536w, https:\/\/www.visit-montenegro.com\/wp-content\/uploads\/2026\/01\/tivat-gospa-od-milosti-ostrvo-cvijeca-1200x799.jpg 1200w, https:\/\/www.visit-montenegro.com\/wp-content\/uploads\/2026\/01\/tivat-gospa-od-milosti-ostrvo-cvijeca-scaled.jpg 1600w\" sizes=\"auto, (max-width: 1024px) 100vw, 1024px\" \/><figcaption class=\"wp-element-caption\">Ostrvo Gospa od Milosti u Tivatskom zalivu u Crnoj Gori<\/figcaption><\/figure>\n\n<h3 class=\"wp-block-heading\">Pla\u017ea na ostrvu Sveti Marko<\/h3>\n\n<p>Pla\u017ea na ostrvu Sveti Marko, nekada zvana Stradioti, je misteriozno zeleno ostrvo u ju\u017enom kanalu Tivatskog zaliva. Godine 1962. izgra\u0111eni su turisti\u010dki smje\u0161taji sa 500 Tahiti ku\u0107a, ali danas je napu\u0161ten i obrasao. Za avanturisti\u010dku potragu, koristite turisti\u010dke taksi \u010damce ili teglenice iz luke Tivat. \u0160tavi\u0161e, dodatne informacije mogu se dobiti od Turisti\u010dke organizacije Tivat ili lokalnih agencija.<\/p>\n\n<p>Gostoljubivi ljudi iz Tivta mogu pru\u017eiti detalje o najsigurnijem na\u010dinu da stignete do Svetog Marka. Ako produ\u017eite odmor, razmotrite dnevne izlete do pla\u017ea u Herceg Novom, Budvi, Baru ili Ulcinju putem turisti\u010dkih \u010damaca. Gdje god da odete, Tivat vas \u010deka na povratku.<\/p>\n","protected":false},"excerpt":{"rendered":"<p>Otkrijte predivne pla\u017ee Tivta, od \u010duvenih Plavih horizonta sa Plavom zastavom do avanturisti\u010dkog ostrva Sveti Marko. Sa mediteranskom klimom i 17 pje\u0161\u010danih obala, savr\u0161ene su za sun\u010danje, plivanje i vodene sportove.<\/p>\n","protected":false},"author":1,"featured_media":135205,"parent":135202,"menu_order":0,"comment_status":"closed","ping_status":"closed","template":"","meta":{"_yoast_wpseo_focuskw":"Pla\u017ee Tivta","_yoast_wpseo_metadesc":"Istra\u017eite vrhunske pla\u017ee Tivta, uklju\u010duju\u0107i Plavi horizonti i ostrvo Sveti Marko. U\u017eivajte u sun\u010danim danima, mirnom moru i \u017eivahnim sadr\u017eajima resorta u primorskom raju Crne Gore.","_kad_post_transparent":"","_kad_post_title":"","_kad_post_layout":"","_kad_post_sidebar_id":"","_kad_post_content_style":"","_kad_post_vertical_padding":"","_kad_post_feature":"","_kad_post_feature_position":"","_kad_post_header":false,"_kad_post_footer":false,"_kad_post_classname":"","iawp_total_views":10,"footnotes":""},"tags":[],"class_list":["post-135204","page","type-page","status-publish","has-post-thumbnail","hentry"],"yoast_head":"<!-- This site is optimized with the Yoast SEO plugin v27.3 - https:\/\/yoast.com\/product\/yoast-seo-wordpress\/ -->\n<title>Pla\u017ee Tivta - Visit Montenegro<\/title>\n<meta name=\"description\" content=\"Istra\u017eite vrhunske pla\u017ee Tivta, uklju\u010duju\u0107i Plavi horizonti i ostrvo Sveti Marko. U\u017eivajte u sun\u010danim danima, mirnom moru i \u017eivahnim sadr\u017eajima resorta u primorskom raju Crne Gore.\" \/>\n<meta name=\"robots\" content=\"index, follow, max-snippet:-1, max-image-preview:large, max-video-preview:-1\" \/>\n<link rel=\"canonical\" href=\"https:\/\/www.visit-montenegro.com\/me\/destinacije\/tivat\/info\/plaze\/\" \/>\n<meta property=\"og:locale\" content=\"en_US\" \/>\n<meta property=\"og:type\" content=\"article\" \/>\n<meta property=\"og:title\" content=\"Pla\u017ee Tivta - Visit Montenegro\" \/>\n<meta property=\"og:description\" content=\"Istra\u017eite vrhunske pla\u017ee Tivta, uklju\u010duju\u0107i Plavi horizonti i ostrvo Sveti Marko. U\u017eivajte u sun\u010danim danima, mirnom moru i \u017eivahnim sadr\u017eajima resorta u primorskom raju Crne Gore.\" \/>\n<meta property=\"og:url\" content=\"https:\/\/www.visit-montenegro.com\/me\/destinacije\/tivat\/info\/plaze\/\" \/>\n<meta property=\"og:site_name\" content=\"Visit Montenegro\" \/>\n<meta property=\"article:publisher\" content=\"https:\/\/www.facebook.com\/visitmontenegro\" \/>\n<meta property=\"article:modified_time\" content=\"2026-02-22T16:15:05+00:00\" \/>\n<meta property=\"og:image\" content=\"https:\/\/www.visit-montenegro.com\/wp-content\/uploads\/2026\/01\/tivat-aerial02-scaled.jpg\" \/>\n\t<meta property=\"og:image:width\" content=\"1600\" \/>\n\t<meta property=\"og:image:height\" content=\"1093\" \/>\n\t<meta property=\"og:image:type\" content=\"image\/jpeg\" \/>\n<meta name=\"twitter:card\" content=\"summary_large_image\" \/>\n<meta name=\"twitter:site\" content=\"@visitmontenegro\" \/>\n<meta name=\"twitter:label1\" content=\"Est. reading time\" \/>\n\t<meta name=\"twitter:data1\" content=\"3 minutes\" \/>\n<script type=\"application\/ld+json\" class=\"yoast-schema-graph\">{\"@context\":\"https:\\\/\\\/schema.org\",\"@graph\":[{\"@type\":\"WebPage\",\"@id\":\"https:\\\/\\\/www.visit-montenegro.com\\\/me\\\/destinacije\\\/tivat\\\/info\\\/plaze\\\/\",\"url\":\"https:\\\/\\\/www.visit-montenegro.com\\\/me\\\/destinacije\\\/tivat\\\/info\\\/plaze\\\/\",\"name\":\"Pla\u017ee Tivta - Visit Montenegro\",\"isPartOf\":{\"@id\":\"https:\\\/\\\/www.visit-montenegro.com\\\/me\\\/#website\"},\"primaryImageOfPage\":{\"@id\":\"https:\\\/\\\/www.visit-montenegro.com\\\/me\\\/destinacije\\\/tivat\\\/info\\\/plaze\\\/#primaryimage\"},\"image\":{\"@id\":\"https:\\\/\\\/www.visit-montenegro.com\\\/me\\\/destinacije\\\/tivat\\\/info\\\/plaze\\\/#primaryimage\"},\"thumbnailUrl\":\"https:\\\/\\\/www.visit-montenegro.com\\\/wp-content\\\/uploads\\\/2026\\\/01\\\/tivat-aerial02-scaled.jpg\",\"datePublished\":\"2026-01-27T20:44:31+00:00\",\"dateModified\":\"2026-02-22T16:15:05+00:00\",\"description\":\"Istra\u017eite vrhunske pla\u017ee Tivta, uklju\u010duju\u0107i Plavi horizonti i ostrvo Sveti Marko. U\u017eivajte u sun\u010danim danima, mirnom moru i \u017eivahnim sadr\u017eajima resorta u primorskom raju Crne Gore.\",\"breadcrumb\":{\"@id\":\"https:\\\/\\\/www.visit-montenegro.com\\\/me\\\/destinacije\\\/tivat\\\/info\\\/plaze\\\/#breadcrumb\"},\"inLanguage\":\"sr-Latn-ME\",\"potentialAction\":[{\"@type\":\"ReadAction\",\"target\":[\"https:\\\/\\\/www.visit-montenegro.com\\\/me\\\/destinacije\\\/tivat\\\/info\\\/plaze\\\/\"]}]},{\"@type\":\"ImageObject\",\"inLanguage\":\"sr-Latn-ME\",\"@id\":\"https:\\\/\\\/www.visit-montenegro.com\\\/me\\\/destinacije\\\/tivat\\\/info\\\/plaze\\\/#primaryimage\",\"url\":\"https:\\\/\\\/www.visit-montenegro.com\\\/wp-content\\\/uploads\\\/2026\\\/01\\\/tivat-aerial02-scaled.jpg\",\"contentUrl\":\"https:\\\/\\\/www.visit-montenegro.com\\\/wp-content\\\/uploads\\\/2026\\\/01\\\/tivat-aerial02-scaled.jpg\",\"width\":1600,\"height\":1093,\"caption\":\"Pogled iz vazduha na grad Tivat i Porto Montenegro\"},{\"@type\":\"BreadcrumbList\",\"@id\":\"https:\\\/\\\/www.visit-montenegro.com\\\/me\\\/destinacije\\\/tivat\\\/info\\\/plaze\\\/#breadcrumb\",\"itemListElement\":[{\"@type\":\"ListItem\",\"position\":1,\"name\":\"Home\",\"item\":\"https:\\\/\\\/www.visit-montenegro.com\\\/me\\\/pocetna\\\/\"},{\"@type\":\"ListItem\",\"position\":2,\"name\":\"Turisti\u010dke destinacije u Crnoj Gori\",\"item\":\"https:\\\/\\\/www.visit-montenegro.com\\\/me\\\/destinacije\\\/\"},{\"@type\":\"ListItem\",\"position\":3,\"name\":\"Tivat\",\"item\":\"https:\\\/\\\/www.visit-montenegro.com\\\/me\\\/destinacije\\\/tivat\\\/\"},{\"@type\":\"ListItem\",\"position\":4,\"name\":\"Vi\u0161e o Tivtu\",\"item\":\"https:\\\/\\\/www.visit-montenegro.com\\\/me\\\/destinacije\\\/tivat\\\/info\\\/\"},{\"@type\":\"ListItem\",\"position\":5,\"name\":\"Pla\u017ee Tivta\"}]},{\"@type\":\"WebSite\",\"@id\":\"https:\\\/\\\/www.visit-montenegro.com\\\/me\\\/#website\",\"url\":\"https:\\\/\\\/www.visit-montenegro.com\\\/me\\\/\",\"name\":\"Visit Montenegro\",\"description\":\"Breathtaking beauty\",\"publisher\":{\"@id\":\"https:\\\/\\\/www.visit-montenegro.com\\\/me\\\/#organization\"},\"potentialAction\":[{\"@type\":\"SearchAction\",\"target\":{\"@type\":\"EntryPoint\",\"urlTemplate\":\"https:\\\/\\\/www.visit-montenegro.com\\\/me\\\/?s={search_term_string}\"},\"query-input\":{\"@type\":\"PropertyValueSpecification\",\"valueRequired\":true,\"valueName\":\"search_term_string\"}}],\"inLanguage\":\"sr-Latn-ME\"},{\"@type\":\"Organization\",\"@id\":\"https:\\\/\\\/www.visit-montenegro.com\\\/me\\\/#organization\",\"name\":\"Visit Montenegro\",\"url\":\"https:\\\/\\\/www.visit-montenegro.com\\\/me\\\/\",\"logo\":{\"@type\":\"ImageObject\",\"inLanguage\":\"sr-Latn-ME\",\"@id\":\"https:\\\/\\\/www.visit-montenegro.com\\\/me\\\/#\\\/schema\\\/logo\\\/image\\\/\",\"url\":\"https:\\\/\\\/www.visit-montenegro.com\\\/wp-content\\\/uploads\\\/2017\\\/10\\\/logo-amp.png\",\"contentUrl\":\"https:\\\/\\\/www.visit-montenegro.com\\\/wp-content\\\/uploads\\\/2017\\\/10\\\/logo-amp.png\",\"width\":190,\"height\":36,\"caption\":\"Visit Montenegro\"},\"image\":{\"@id\":\"https:\\\/\\\/www.visit-montenegro.com\\\/me\\\/#\\\/schema\\\/logo\\\/image\\\/\"},\"sameAs\":[\"https:\\\/\\\/www.facebook.com\\\/visitmontenegro\",\"https:\\\/\\\/x.com\\\/visitmontenegro\",\"https:\\\/\\\/www.instagram.com\\\/visit_montenegro\\\/\",\"https:\\\/\\\/www.youtube.com\\\/user\\\/VisitMontenegro\"]}]}<\/script>\n<!-- \/ Yoast SEO plugin. -->","yoast_head_json":{"title":"Pla\u017ee Tivta - Visit Montenegro","description":"Istra\u017eite vrhunske pla\u017ee Tivta, uklju\u010duju\u0107i Plavi horizonti i ostrvo Sveti Marko. U\u017eivajte u sun\u010danim danima, mirnom moru i \u017eivahnim sadr\u017eajima resorta u primorskom raju Crne Gore.","robots":{"index":"index","follow":"follow","max-snippet":"max-snippet:-1","max-image-preview":"max-image-preview:large","max-video-preview":"max-video-preview:-1"},"canonical":"https:\/\/www.visit-montenegro.com\/me\/destinacije\/tivat\/info\/plaze\/","og_locale":"en_US","og_type":"article","og_title":"Pla\u017ee Tivta - Visit Montenegro","og_description":"Istra\u017eite vrhunske pla\u017ee Tivta, uklju\u010duju\u0107i Plavi horizonti i ostrvo Sveti Marko. U\u017eivajte u sun\u010danim danima, mirnom moru i \u017eivahnim sadr\u017eajima resorta u primorskom raju Crne Gore.","og_url":"https:\/\/www.visit-montenegro.com\/me\/destinacije\/tivat\/info\/plaze\/","og_site_name":"Visit Montenegro","article_publisher":"https:\/\/www.facebook.com\/visitmontenegro","article_modified_time":"2026-02-22T16:15:05+00:00","og_image":[{"width":1600,"height":1093,"url":"https:\/\/www.visit-montenegro.com\/wp-content\/uploads\/2026\/01\/tivat-aerial02-scaled.jpg","type":"image\/jpeg"}],"twitter_card":"summary_large_image","twitter_site":"@visitmontenegro","twitter_misc":{"Est. reading time":"3 minutes"},"schema":{"@context":"https:\/\/schema.org","@graph":[{"@type":"WebPage","@id":"https:\/\/www.visit-montenegro.com\/me\/destinacije\/tivat\/info\/plaze\/","url":"https:\/\/www.visit-montenegro.com\/me\/destinacije\/tivat\/info\/plaze\/","name":"Pla\u017ee Tivta - Visit Montenegro","isPartOf":{"@id":"https:\/\/www.visit-montenegro.com\/me\/#website"},"primaryImageOfPage":{"@id":"https:\/\/www.visit-montenegro.com\/me\/destinacije\/tivat\/info\/plaze\/#primaryimage"},"image":{"@id":"https:\/\/www.visit-montenegro.com\/me\/destinacije\/tivat\/info\/plaze\/#primaryimage"},"thumbnailUrl":"https:\/\/www.visit-montenegro.com\/wp-content\/uploads\/2026\/01\/tivat-aerial02-scaled.jpg","datePublished":"2026-01-27T20:44:31+00:00","dateModified":"2026-02-22T16:15:05+00:00","description":"Istra\u017eite vrhunske pla\u017ee Tivta, uklju\u010duju\u0107i Plavi horizonti i ostrvo Sveti Marko. U\u017eivajte u sun\u010danim danima, mirnom moru i \u017eivahnim sadr\u017eajima resorta u primorskom raju Crne Gore.","breadcrumb":{"@id":"https:\/\/www.visit-montenegro.com\/me\/destinacije\/tivat\/info\/plaze\/#breadcrumb"},"inLanguage":"sr-Latn-ME","potentialAction":[{"@type":"ReadAction","target":["https:\/\/www.visit-montenegro.com\/me\/destinacije\/tivat\/info\/plaze\/"]}]},{"@type":"ImageObject","inLanguage":"sr-Latn-ME","@id":"https:\/\/www.visit-montenegro.com\/me\/destinacije\/tivat\/info\/plaze\/#primaryimage","url":"https:\/\/www.visit-montenegro.com\/wp-content\/uploads\/2026\/01\/tivat-aerial02-scaled.jpg","contentUrl":"https:\/\/www.visit-montenegro.com\/wp-content\/uploads\/2026\/01\/tivat-aerial02-scaled.jpg","width":1600,"height":1093,"caption":"Pogled iz vazduha na grad Tivat i Porto Montenegro"},{"@type":"BreadcrumbList","@id":"https:\/\/www.visit-montenegro.com\/me\/destinacije\/tivat\/info\/plaze\/#breadcrumb","itemListElement":[{"@type":"ListItem","position":1,"name":"Home","item":"https:\/\/www.visit-montenegro.com\/me\/pocetna\/"},{"@type":"ListItem","position":2,"name":"Turisti\u010dke destinacije u Crnoj Gori","item":"https:\/\/www.visit-montenegro.com\/me\/destinacije\/"},{"@type":"ListItem","position":3,"name":"Tivat","item":"https:\/\/www.visit-montenegro.com\/me\/destinacije\/tivat\/"},{"@type":"ListItem","position":4,"name":"Vi\u0161e o Tivtu","item":"https:\/\/www.visit-montenegro.com\/me\/destinacije\/tivat\/info\/"},{"@type":"ListItem","position":5,"name":"Pla\u017ee Tivta"}]},{"@type":"WebSite","@id":"https:\/\/www.visit-montenegro.com\/me\/#website","url":"https:\/\/www.visit-montenegro.com\/me\/","name":"Visit Montenegro","description":"Breathtaking beauty","publisher":{"@id":"https:\/\/www.visit-montenegro.com\/me\/#organization"},"potentialAction":[{"@type":"SearchAction","target":{"@type":"EntryPoint","urlTemplate":"https:\/\/www.visit-montenegro.com\/me\/?s={search_term_string}"},"query-input":{"@type":"PropertyValueSpecification","valueRequired":true,"valueName":"search_term_string"}}],"inLanguage":"sr-Latn-ME"},{"@type":"Organization","@id":"https:\/\/www.visit-montenegro.com\/me\/#organization","name":"Visit Montenegro","url":"https:\/\/www.visit-montenegro.com\/me\/","logo":{"@type":"ImageObject","inLanguage":"sr-Latn-ME","@id":"https:\/\/www.visit-montenegro.com\/me\/#\/schema\/logo\/image\/","url":"https:\/\/www.visit-montenegro.com\/wp-content\/uploads\/2017\/10\/logo-amp.png","contentUrl":"https:\/\/www.visit-montenegro.com\/wp-content\/uploads\/2017\/10\/logo-amp.png","width":190,"height":36,"caption":"Visit Montenegro"},"image":{"@id":"https:\/\/www.visit-montenegro.com\/me\/#\/schema\/logo\/image\/"},"sameAs":["https:\/\/www.facebook.com\/visitmontenegro","https:\/\/x.com\/visitmontenegro","https:\/\/www.instagram.com\/visit_montenegro\/","https:\/\/www.youtube.com\/user\/VisitMontenegro"]}]}},"translations":[],"_links":{"self":[{"href":"https:\/\/www.visit-montenegro.com\/me\/wp-json\/wp\/v2\/pages\/135204","targetHints":{"allow":["GET"]}}],"collection":[{"href":"https:\/\/www.visit-montenegro.com\/me\/wp-json\/wp\/v2\/pages"}],"about":[{"href":"https:\/\/www.visit-montenegro.com\/me\/wp-json\/wp\/v2\/types\/page"}],"author":[{"embeddable":true,"href":"https:\/\/www.visit-montenegro.com\/me\/wp-json\/wp\/v2\/users\/1"}],"replies":[{"embeddable":true,"href":"https:\/\/www.visit-montenegro.com\/me\/wp-json\/wp\/v2\/comments?post=135204"}],"version-history":[{"count":0,"href":"https:\/\/www.visit-montenegro.com\/me\/wp-json\/wp\/v2\/pages\/135204\/revisions"}],"up":[{"embeddable":true,"href":"https:\/\/www.visit-montenegro.com\/me\/wp-json\/wp\/v2\/pages\/135202"}],"wp:featuredmedia":[{"embeddable":true,"href":"https:\/\/www.visit-montenegro.com\/me\/wp-json\/wp\/v2\/media\/135205"}],"wp:attachment":[{"href":"https:\/\/www.visit-montenegro.com\/me\/wp-json\/wp\/v2\/media?parent=135204"}],"wp:term":[{"taxonomy":"post_tag","embeddable":true,"href":"https:\/\/www.visit-montenegro.com\/me\/wp-json\/wp\/v2\/tags?post=135204"}],"curies":[{"name":"wp","href":"https:\/\/api.w.org\/{rel}","templated":true}]}}