{"id":139603,"date":"2026-04-15T19:16:42","date_gmt":"2026-04-15T18:16:42","guid":{"rendered":"https:\/\/www.visit-montenegro.com\/crna-gora\/old-towns\/"},"modified":"2026-04-15T19:53:30","modified_gmt":"2026-04-15T18:53:30","slug":"old-towns","status":"publish","type":"page","link":"https:\/\/www.visit-montenegro.com\/me\/crna-gora\/old-towns\/","title":{"rendered":"Stari gradovi Crne Gore"},"content":{"rendered":"\n<p>U\u0107i u <strong>stare gradove Crne Gore<\/strong> je kao hodati kroz \u017eivi muzej. Ovi drevni urbani centri, karakteristi\u010dni po svojim vapnena\u010dkim zidovima, uskim krivudavim uli\u010dicama i venecijanskoj arhitekturi, predstavljaju srce i du\u0161u jadranske obale. Svaki grad pri\u010da jedinstvenu pri\u010du o pomorskoj mo\u0107i, kulturnoj razmjeni i otpornosti.<\/p>\n\n<p>Bilo da tra\u017eite UNESCO-ovu za\u0161ti\u0107enu ba\u0161tinu Kotora ili \u017eivahne, suncem obasjane trgove Budve, <strong>stari gradovi Crne Gore<\/strong> nude neuporedivu atmosferu za ljubitelje istorije i povremene \u0161eta\u010de. Istra\u017eite na\u0161 sveobuhvatni vodi\u010d da prona\u0111ete savr\u0161eno istorijsko odredi\u0161te za va\u0161u sljede\u0107u posjetu.<\/p>\n\n<hr class=\"wp-block-separator has-alpha-channel-opacity\"\/>\n\n<div class=\"wp-block-query is-layout-flow wp-block-query-is-layout-flow\"><ul class=\"wp-block-post-template is-layout-flow wp-block-post-template-is-layout-flow\"><li class=\"wp-block-post post-135048 page type-page status-publish has-post-thumbnail hentry tag-attraction-old-town\">\n<h2 class=\"wp-block-post-title\"><a href=\"https:\/\/www.visit-montenegro.com\/me\/destinacije\/ulcinj\/atrakcije\/stari-grad\/\" target=\"_self\" >Stari grad Ulcinj<\/a><\/h2>\n\n<figure class=\"alignwide wp-block-post-featured-image\"><a href=\"https:\/\/www.visit-montenegro.com\/me\/destinacije\/ulcinj\/atrakcije\/stari-grad\/\" target=\"_self\"  ><img loading=\"lazy\" decoding=\"async\" width=\"1200\" height=\"709\" src=\"https:\/\/www.visit-montenegro.com\/wp-content\/uploads\/2026\/01\/ulcinj-old-town-1200x709.jpg\" class=\"attachment-post-thumbnail size-post-thumbnail wp-post-image\" alt=\"Stari grad Ulcinj\" style=\"object-fit:cover;\" srcset=\"https:\/\/www.visit-montenegro.com\/wp-content\/uploads\/2026\/01\/ulcinj-old-town-1200x709.jpg 1200w, https:\/\/www.visit-montenegro.com\/wp-content\/uploads\/2026\/01\/ulcinj-old-town-300x177.jpg 300w, https:\/\/www.visit-montenegro.com\/wp-content\/uploads\/2026\/01\/ulcinj-old-town-1024x605.jpg 1024w, https:\/\/www.visit-montenegro.com\/wp-content\/uploads\/2026\/01\/ulcinj-old-town-768x454.jpg 768w, https:\/\/www.visit-montenegro.com\/wp-content\/uploads\/2026\/01\/ulcinj-old-town-1536x907.jpg 1536w, https:\/\/www.visit-montenegro.com\/wp-content\/uploads\/2026\/01\/ulcinj-old-town-scaled.jpg 1600w\" sizes=\"auto, (max-width: 1200px) 100vw, 1200px\" \/><\/a><\/figure>\n\n<div class=\"wp-block-post-excerpt\"><p class=\"wp-block-post-excerpt__excerpt\">Istra\u017eite Stari grad Ulcinj, srednjovjekovnu tvr\u0111avu na crnogorskoj obali s bogatom historijom, gusarskim pri\u010dama i kulturnim blagom. Otkrijte njegovo gr\u010dko i rimsko porijeklo, legende i status kandidata za UNESCO. <\/p><\/div>\n\n\n<hr class=\"wp-block-separator has-css-opacity\" style=\"margin-top:var(--wp--preset--spacing--60);margin-bottom:var(--wp--preset--spacing--60)\"\/>\n\n<\/li><li class=\"wp-block-post post-134969 page type-page status-publish has-post-thumbnail hentry tag-attraction-old-town\">\n<h2 class=\"wp-block-post-title\"><a href=\"https:\/\/www.visit-montenegro.com\/me\/destinacije\/bar\/atrakcije\/stari-bar\/\" target=\"_self\" >Stari Bar<\/a><\/h2>\n\n<figure class=\"alignwide wp-block-post-featured-image\"><a href=\"https:\/\/www.visit-montenegro.com\/me\/destinacije\/bar\/atrakcije\/stari-bar\/\" target=\"_self\"  ><img loading=\"lazy\" decoding=\"async\" width=\"1200\" height=\"801\" src=\"https:\/\/www.visit-montenegro.com\/wp-content\/uploads\/2026\/01\/bar-old-town-01-1200x801.jpg\" class=\"attachment-post-thumbnail size-post-thumbnail wp-post-image\" alt=\"Stari Bar\" style=\"object-fit:cover;\" srcset=\"https:\/\/www.visit-montenegro.com\/wp-content\/uploads\/2026\/01\/bar-old-town-01-1200x801.jpg 1200w, https:\/\/www.visit-montenegro.com\/wp-content\/uploads\/2026\/01\/bar-old-town-01-300x200.jpg 300w, https:\/\/www.visit-montenegro.com\/wp-content\/uploads\/2026\/01\/bar-old-town-01-1024x684.jpg 1024w, https:\/\/www.visit-montenegro.com\/wp-content\/uploads\/2026\/01\/bar-old-town-01-768x513.jpg 768w, https:\/\/www.visit-montenegro.com\/wp-content\/uploads\/2026\/01\/bar-old-town-01-1536x1026.jpg 1536w, https:\/\/www.visit-montenegro.com\/wp-content\/uploads\/2026\/01\/bar-old-town-01-scaled.jpg 1600w\" sizes=\"auto, (max-width: 1200px) 100vw, 1200px\" \/><\/a><\/figure>\n\n<div class=\"wp-block-post-excerpt\"><p class=\"wp-block-post-excerpt__excerpt\">Istra\u017eite istorijski Stari Bar u Crnoj Gori, utvr\u0111eno naselje sa drevnim zidinama, crkvama i ru\u0161evinama. Saznajte o njegovoj bogatoj istoriji, teku\u0107im naporima revitalizacije i obli\u017enjim atrakcijama poput 2000-godi\u0161njeg stabla masline. <\/p><\/div>\n\n\n<hr class=\"wp-block-separator has-css-opacity\" style=\"margin-top:var(--wp--preset--spacing--60);margin-bottom:var(--wp--preset--spacing--60)\"\/>\n\n<\/li><li class=\"wp-block-post post-135089 page type-page status-publish has-post-thumbnail hentry tag-attraction-old-town tag-crna-gora tag-montenegro tag-news tag-tourism tag-travel tag-visit\">\n<h2 class=\"wp-block-post-title\"><a href=\"https:\/\/www.visit-montenegro.com\/me\/destinacije\/budva\/atrakcije\/stari-grad\/\" target=\"_self\" >Stari grad Budva<\/a><\/h2>\n\n<figure class=\"alignwide wp-block-post-featured-image\"><a href=\"https:\/\/www.visit-montenegro.com\/me\/destinacije\/budva\/atrakcije\/stari-grad\/\" target=\"_self\"  ><img loading=\"lazy\" decoding=\"async\" width=\"1200\" height=\"799\" src=\"https:\/\/www.visit-montenegro.com\/wp-content\/uploads\/2026\/01\/budva-drone-01-1200x799.jpg\" class=\"attachment-post-thumbnail size-post-thumbnail wp-post-image\" alt=\"Stari grad Budva\" style=\"object-fit:cover;\" srcset=\"https:\/\/www.visit-montenegro.com\/wp-content\/uploads\/2026\/01\/budva-drone-01-1200x799.jpg 1200w, https:\/\/www.visit-montenegro.com\/wp-content\/uploads\/2026\/01\/budva-drone-01-300x200.jpg 300w, https:\/\/www.visit-montenegro.com\/wp-content\/uploads\/2026\/01\/budva-drone-01-1024x682.jpg 1024w, https:\/\/www.visit-montenegro.com\/wp-content\/uploads\/2026\/01\/budva-drone-01-768x512.jpg 768w, https:\/\/www.visit-montenegro.com\/wp-content\/uploads\/2026\/01\/budva-drone-01-1536x1023.jpg 1536w, https:\/\/www.visit-montenegro.com\/wp-content\/uploads\/2026\/01\/budva-drone-01-scaled.jpg 1600w\" sizes=\"auto, (max-width: 1200px) 100vw, 1200px\" \/><\/a><\/figure>\n\n<div class=\"wp-block-post-excerpt\"><p class=\"wp-block-post-excerpt__excerpt\">Otkrijte o\u010daravaju\u0107i Stari grad Budva, istorijski dragulj u Crnoj Gori sa preko 2500 godina istorije. Istra\u017eite njegove srednjovjekovne mleta\u010dke zidine, labirintske ulice i drevne znamenitosti poput Citadele i crkava, nude\u0107i jedinstvenu me\u0161avinu kulture i arhitekture za svakog putnika. <\/p><\/div>\n\n\n<hr class=\"wp-block-separator has-css-opacity\" style=\"margin-top:var(--wp--preset--spacing--60);margin-bottom:var(--wp--preset--spacing--60)\"\/>\n\n<\/li><li class=\"wp-block-post post-134107 page type-page status-publish has-post-thumbnail hentry tag-attraction tag-attraction-old-town\">\n<h2 class=\"wp-block-post-title\"><a href=\"https:\/\/www.visit-montenegro.com\/me\/destinacije\/kotor\/atrakcije\/stari-grad-kotor\/\" target=\"_self\" >Stari grad Kotor<\/a><\/h2>\n\n<figure class=\"alignwide wp-block-post-featured-image\"><a href=\"https:\/\/www.visit-montenegro.com\/me\/destinacije\/kotor\/atrakcije\/stari-grad-kotor\/\" target=\"_self\"  ><img loading=\"lazy\" decoding=\"async\" width=\"1200\" height=\"800\" src=\"https:\/\/www.visit-montenegro.com\/wp-content\/uploads\/2026\/01\/kotor-old-town-aerial-1200x800.jpg\" class=\"attachment-post-thumbnail size-post-thumbnail wp-post-image\" alt=\"Stari grad Kotor\" style=\"object-fit:cover;\" srcset=\"https:\/\/www.visit-montenegro.com\/wp-content\/uploads\/2026\/01\/kotor-old-town-aerial-1200x800.jpg 1200w, https:\/\/www.visit-montenegro.com\/wp-content\/uploads\/2026\/01\/kotor-old-town-aerial-300x200.jpg 300w, https:\/\/www.visit-montenegro.com\/wp-content\/uploads\/2026\/01\/kotor-old-town-aerial-1024x683.jpg 1024w, https:\/\/www.visit-montenegro.com\/wp-content\/uploads\/2026\/01\/kotor-old-town-aerial-768x512.jpg 768w, https:\/\/www.visit-montenegro.com\/wp-content\/uploads\/2026\/01\/kotor-old-town-aerial-1536x1024.jpg 1536w, https:\/\/www.visit-montenegro.com\/wp-content\/uploads\/2026\/01\/kotor-old-town-aerial-scaled.jpg 1600w\" sizes=\"auto, (max-width: 1200px) 100vw, 1200px\" \/><\/a><\/figure>\n\n<div class=\"wp-block-post-excerpt\"><p class=\"wp-block-post-excerpt__excerpt\">Otkrijte Stari grad Kotor, UNESCO svjetsku ba\u0161tinu i najbolje o\u010duvani srednjovjekovni urbani entitet na Mediteranu. Istra\u017eite njegove istorijske zidine, katedrale i \u017eivahne trgove, koji spajaju bogatu kulturu sa modernim pogodnostima za nezaboravan posjet. <\/p><\/div>\n\n\n<hr class=\"wp-block-separator has-css-opacity\" style=\"margin-top:var(--wp--preset--spacing--60);margin-bottom:var(--wp--preset--spacing--60)\"\/>\n\n<\/li><\/ul><\/div>\n\n<p><\/p>\n","protected":false},"excerpt":{"rendered":"<p>U\u0107i u stare gradove Crne Gore je kao hodati kroz \u017eivi muzej. Ovi drevni urbani centri, karakteristi\u010dni po svojim vapnena\u010dkim zidovima, uskim krivudavim uli\u010dicama i venecijanskoj arhitekturi, predstavljaju srce i du\u0161u jadranske obale. Svaki grad pri\u010da jedinstvenu pri\u010du o pomorskoj mo\u0107i, kulturnoj razmjeni i otpornosti. Bilo da tra\u017eite UNESCO-ovu za\u0161ti\u0107enu ba\u0161tinu Kotora ili \u017eivahne, suncem&#8230;<\/p>\n","protected":false},"author":1,"featured_media":138179,"parent":133962,"menu_order":0,"comment_status":"closed","ping_status":"closed","template":"","meta":{"_yoast_wpseo_focuskw":"Stari gradovi Crne Gore","_yoast_wpseo_metadesc":"Istra\u017eite najbolje stare gradove Crne Gore, od srednjovjekovnih zidina Kotora do obalnog \u0161arma Budve i Ulcinja.","_kad_post_transparent":"","_kad_post_title":"","_kad_post_layout":"","_kad_post_sidebar_id":"","_kad_post_content_style":"","_kad_post_vertical_padding":"","_kad_post_feature":"","_kad_post_feature_position":"","_kad_post_header":false,"_kad_post_footer":false,"_kad_post_classname":"","iawp_total_views":0,"footnotes":""},"tags":[],"class_list":["post-139603","page","type-page","status-publish","has-post-thumbnail","hentry"],"yoast_head":"<!-- This site is optimized with the Yoast SEO plugin v27.4 - https:\/\/yoast.com\/product\/yoast-seo-wordpress\/ -->\n<title>Stari gradovi Crne Gore - Visit Montenegro<\/title>\n<meta name=\"description\" content=\"Istra\u017eite najbolje stare gradove Crne Gore, od srednjovjekovnih zidina Kotora do obalnog \u0161arma Budve i Ulcinja.\" \/>\n<meta name=\"robots\" content=\"index, follow, max-snippet:-1, max-image-preview:large, max-video-preview:-1\" \/>\n<link rel=\"canonical\" href=\"https:\/\/www.visit-montenegro.com\/me\/crna-gora\/old-towns\/\" \/>\n<meta property=\"og:locale\" content=\"en_US\" \/>\n<meta property=\"og:type\" content=\"article\" \/>\n<meta property=\"og:title\" content=\"Stari gradovi Crne Gore - Visit Montenegro\" \/>\n<meta property=\"og:description\" content=\"Istra\u017eite najbolje stare gradove Crne Gore, od srednjovjekovnih zidina Kotora do obalnog \u0161arma Budve i Ulcinja.\" \/>\n<meta property=\"og:url\" content=\"https:\/\/www.visit-montenegro.com\/me\/crna-gora\/old-towns\/\" \/>\n<meta property=\"og:site_name\" content=\"Visit Montenegro\" \/>\n<meta property=\"article:publisher\" content=\"https:\/\/www.facebook.com\/visitmontenegro\" \/>\n<meta property=\"article:modified_time\" content=\"2026-04-15T18:53:30+00:00\" \/>\n<meta property=\"og:image\" content=\"https:\/\/www.visit-montenegro.com\/wp-content\/uploads\/2026\/01\/budva-old-town-streets-scaled.jpg\" \/>\n\t<meta property=\"og:image:width\" content=\"1600\" \/>\n\t<meta property=\"og:image:height\" content=\"1067\" \/>\n\t<meta property=\"og:image:type\" content=\"image\/jpeg\" \/>\n<meta name=\"twitter:card\" content=\"summary_large_image\" \/>\n<meta name=\"twitter:site\" content=\"@visitmontenegro\" \/>\n<meta name=\"twitter:label1\" content=\"Est. reading time\" \/>\n\t<meta name=\"twitter:data1\" content=\"1 minute\" \/>\n<script type=\"application\/ld+json\" class=\"yoast-schema-graph\">{\"@context\":\"https:\\\/\\\/schema.org\",\"@graph\":[{\"@type\":\"WebPage\",\"@id\":\"https:\\\/\\\/www.visit-montenegro.com\\\/me\\\/crna-gora\\\/old-towns\\\/\",\"url\":\"https:\\\/\\\/www.visit-montenegro.com\\\/me\\\/crna-gora\\\/old-towns\\\/\",\"name\":\"Stari gradovi Crne Gore - Visit Montenegro\",\"isPartOf\":{\"@id\":\"https:\\\/\\\/www.visit-montenegro.com\\\/me\\\/#website\"},\"primaryImageOfPage\":{\"@id\":\"https:\\\/\\\/www.visit-montenegro.com\\\/me\\\/crna-gora\\\/old-towns\\\/#primaryimage\"},\"image\":{\"@id\":\"https:\\\/\\\/www.visit-montenegro.com\\\/me\\\/crna-gora\\\/old-towns\\\/#primaryimage\"},\"thumbnailUrl\":\"https:\\\/\\\/www.visit-montenegro.com\\\/wp-content\\\/uploads\\\/2026\\\/01\\\/budva-old-town-streets-scaled.jpg\",\"datePublished\":\"2026-04-15T18:16:42+00:00\",\"dateModified\":\"2026-04-15T18:53:30+00:00\",\"description\":\"Istra\u017eite najbolje stare gradove Crne Gore, od srednjovjekovnih zidina Kotora do obalnog \u0161arma Budve i Ulcinja.\",\"breadcrumb\":{\"@id\":\"https:\\\/\\\/www.visit-montenegro.com\\\/me\\\/crna-gora\\\/old-towns\\\/#breadcrumb\"},\"inLanguage\":\"sr-Latn-ME\",\"potentialAction\":[{\"@type\":\"ReadAction\",\"target\":[\"https:\\\/\\\/www.visit-montenegro.com\\\/me\\\/crna-gora\\\/old-towns\\\/\"]}]},{\"@type\":\"ImageObject\",\"inLanguage\":\"sr-Latn-ME\",\"@id\":\"https:\\\/\\\/www.visit-montenegro.com\\\/me\\\/crna-gora\\\/old-towns\\\/#primaryimage\",\"url\":\"https:\\\/\\\/www.visit-montenegro.com\\\/wp-content\\\/uploads\\\/2026\\\/01\\\/budva-old-town-streets-scaled.jpg\",\"contentUrl\":\"https:\\\/\\\/www.visit-montenegro.com\\\/wp-content\\\/uploads\\\/2026\\\/01\\\/budva-old-town-streets-scaled.jpg\",\"width\":1600,\"height\":1067,\"caption\":\"Uska ulica u starom gradu u Budvi u prekrasan ljetni dan, Crna Gora\"},{\"@type\":\"BreadcrumbList\",\"@id\":\"https:\\\/\\\/www.visit-montenegro.com\\\/me\\\/crna-gora\\\/old-towns\\\/#breadcrumb\",\"itemListElement\":[{\"@type\":\"ListItem\",\"position\":1,\"name\":\"Home\",\"item\":\"https:\\\/\\\/www.visit-montenegro.com\\\/me\\\/\"},{\"@type\":\"ListItem\",\"position\":2,\"name\":\"Vi\u0161e o Crnoj Gori\",\"item\":\"https:\\\/\\\/www.visit-montenegro.com\\\/me\\\/crna-gora\\\/\"},{\"@type\":\"ListItem\",\"position\":3,\"name\":\"Stari gradovi Crne Gore\"}]},{\"@type\":\"WebSite\",\"@id\":\"https:\\\/\\\/www.visit-montenegro.com\\\/me\\\/#website\",\"url\":\"https:\\\/\\\/www.visit-montenegro.com\\\/me\\\/\",\"name\":\"Visit Montenegro\",\"description\":\"Breathtaking beauty\",\"publisher\":{\"@id\":\"https:\\\/\\\/www.visit-montenegro.com\\\/me\\\/#organization\"},\"potentialAction\":[{\"@type\":\"SearchAction\",\"target\":{\"@type\":\"EntryPoint\",\"urlTemplate\":\"https:\\\/\\\/www.visit-montenegro.com\\\/me\\\/?s={search_term_string}\"},\"query-input\":{\"@type\":\"PropertyValueSpecification\",\"valueRequired\":true,\"valueName\":\"search_term_string\"}}],\"inLanguage\":\"sr-Latn-ME\"},{\"@type\":\"Organization\",\"@id\":\"https:\\\/\\\/www.visit-montenegro.com\\\/me\\\/#organization\",\"name\":\"Visit Montenegro\",\"url\":\"https:\\\/\\\/www.visit-montenegro.com\\\/me\\\/\",\"logo\":{\"@type\":\"ImageObject\",\"inLanguage\":\"sr-Latn-ME\",\"@id\":\"https:\\\/\\\/www.visit-montenegro.com\\\/me\\\/#\\\/schema\\\/logo\\\/image\\\/\",\"url\":\"https:\\\/\\\/www.visit-montenegro.com\\\/wp-content\\\/uploads\\\/2017\\\/10\\\/logo-amp.png\",\"contentUrl\":\"https:\\\/\\\/www.visit-montenegro.com\\\/wp-content\\\/uploads\\\/2017\\\/10\\\/logo-amp.png\",\"width\":190,\"height\":36,\"caption\":\"Visit Montenegro\"},\"image\":{\"@id\":\"https:\\\/\\\/www.visit-montenegro.com\\\/me\\\/#\\\/schema\\\/logo\\\/image\\\/\"},\"sameAs\":[\"https:\\\/\\\/www.facebook.com\\\/visitmontenegro\",\"https:\\\/\\\/x.com\\\/visitmontenegro\",\"https:\\\/\\\/www.instagram.com\\\/visit_montenegro\\\/\",\"https:\\\/\\\/www.youtube.com\\\/user\\\/VisitMontenegro\"]}]}<\/script>\n<!-- \/ Yoast SEO plugin. -->","yoast_head_json":{"title":"Stari gradovi Crne Gore - Visit Montenegro","description":"Istra\u017eite najbolje stare gradove Crne Gore, od srednjovjekovnih zidina Kotora do obalnog \u0161arma Budve i Ulcinja.","robots":{"index":"index","follow":"follow","max-snippet":"max-snippet:-1","max-image-preview":"max-image-preview:large","max-video-preview":"max-video-preview:-1"},"canonical":"https:\/\/www.visit-montenegro.com\/me\/crna-gora\/old-towns\/","og_locale":"en_US","og_type":"article","og_title":"Stari gradovi Crne Gore - Visit Montenegro","og_description":"Istra\u017eite najbolje stare gradove Crne Gore, od srednjovjekovnih zidina Kotora do obalnog \u0161arma Budve i Ulcinja.","og_url":"https:\/\/www.visit-montenegro.com\/me\/crna-gora\/old-towns\/","og_site_name":"Visit Montenegro","article_publisher":"https:\/\/www.facebook.com\/visitmontenegro","article_modified_time":"2026-04-15T18:53:30+00:00","og_image":[{"width":1600,"height":1067,"url":"https:\/\/www.visit-montenegro.com\/wp-content\/uploads\/2026\/01\/budva-old-town-streets-scaled.jpg","type":"image\/jpeg"}],"twitter_card":"summary_large_image","twitter_site":"@visitmontenegro","twitter_misc":{"Est. reading time":"1 minute"},"schema":{"@context":"https:\/\/schema.org","@graph":[{"@type":"WebPage","@id":"https:\/\/www.visit-montenegro.com\/me\/crna-gora\/old-towns\/","url":"https:\/\/www.visit-montenegro.com\/me\/crna-gora\/old-towns\/","name":"Stari gradovi Crne Gore - Visit Montenegro","isPartOf":{"@id":"https:\/\/www.visit-montenegro.com\/me\/#website"},"primaryImageOfPage":{"@id":"https:\/\/www.visit-montenegro.com\/me\/crna-gora\/old-towns\/#primaryimage"},"image":{"@id":"https:\/\/www.visit-montenegro.com\/me\/crna-gora\/old-towns\/#primaryimage"},"thumbnailUrl":"https:\/\/www.visit-montenegro.com\/wp-content\/uploads\/2026\/01\/budva-old-town-streets-scaled.jpg","datePublished":"2026-04-15T18:16:42+00:00","dateModified":"2026-04-15T18:53:30+00:00","description":"Istra\u017eite najbolje stare gradove Crne Gore, od srednjovjekovnih zidina Kotora do obalnog \u0161arma Budve i Ulcinja.","breadcrumb":{"@id":"https:\/\/www.visit-montenegro.com\/me\/crna-gora\/old-towns\/#breadcrumb"},"inLanguage":"sr-Latn-ME","potentialAction":[{"@type":"ReadAction","target":["https:\/\/www.visit-montenegro.com\/me\/crna-gora\/old-towns\/"]}]},{"@type":"ImageObject","inLanguage":"sr-Latn-ME","@id":"https:\/\/www.visit-montenegro.com\/me\/crna-gora\/old-towns\/#primaryimage","url":"https:\/\/www.visit-montenegro.com\/wp-content\/uploads\/2026\/01\/budva-old-town-streets-scaled.jpg","contentUrl":"https:\/\/www.visit-montenegro.com\/wp-content\/uploads\/2026\/01\/budva-old-town-streets-scaled.jpg","width":1600,"height":1067,"caption":"Uska ulica u starom gradu u Budvi u prekrasan ljetni dan, Crna Gora"},{"@type":"BreadcrumbList","@id":"https:\/\/www.visit-montenegro.com\/me\/crna-gora\/old-towns\/#breadcrumb","itemListElement":[{"@type":"ListItem","position":1,"name":"Home","item":"https:\/\/www.visit-montenegro.com\/me\/"},{"@type":"ListItem","position":2,"name":"Vi\u0161e o Crnoj Gori","item":"https:\/\/www.visit-montenegro.com\/me\/crna-gora\/"},{"@type":"ListItem","position":3,"name":"Stari gradovi Crne Gore"}]},{"@type":"WebSite","@id":"https:\/\/www.visit-montenegro.com\/me\/#website","url":"https:\/\/www.visit-montenegro.com\/me\/","name":"Visit Montenegro","description":"Breathtaking beauty","publisher":{"@id":"https:\/\/www.visit-montenegro.com\/me\/#organization"},"potentialAction":[{"@type":"SearchAction","target":{"@type":"EntryPoint","urlTemplate":"https:\/\/www.visit-montenegro.com\/me\/?s={search_term_string}"},"query-input":{"@type":"PropertyValueSpecification","valueRequired":true,"valueName":"search_term_string"}}],"inLanguage":"sr-Latn-ME"},{"@type":"Organization","@id":"https:\/\/www.visit-montenegro.com\/me\/#organization","name":"Visit Montenegro","url":"https:\/\/www.visit-montenegro.com\/me\/","logo":{"@type":"ImageObject","inLanguage":"sr-Latn-ME","@id":"https:\/\/www.visit-montenegro.com\/me\/#\/schema\/logo\/image\/","url":"https:\/\/www.visit-montenegro.com\/wp-content\/uploads\/2017\/10\/logo-amp.png","contentUrl":"https:\/\/www.visit-montenegro.com\/wp-content\/uploads\/2017\/10\/logo-amp.png","width":190,"height":36,"caption":"Visit Montenegro"},"image":{"@id":"https:\/\/www.visit-montenegro.com\/me\/#\/schema\/logo\/image\/"},"sameAs":["https:\/\/www.facebook.com\/visitmontenegro","https:\/\/x.com\/visitmontenegro","https:\/\/www.instagram.com\/visit_montenegro\/","https:\/\/www.youtube.com\/user\/VisitMontenegro"]}]}},"_links":{"self":[{"href":"https:\/\/www.visit-montenegro.com\/me\/wp-json\/wp\/v2\/pages\/139603","targetHints":{"allow":["GET"]}}],"collection":[{"href":"https:\/\/www.visit-montenegro.com\/me\/wp-json\/wp\/v2\/pages"}],"about":[{"href":"https:\/\/www.visit-montenegro.com\/me\/wp-json\/wp\/v2\/types\/page"}],"author":[{"embeddable":true,"href":"https:\/\/www.visit-montenegro.com\/me\/wp-json\/wp\/v2\/users\/1"}],"replies":[{"embeddable":true,"href":"https:\/\/www.visit-montenegro.com\/me\/wp-json\/wp\/v2\/comments?post=139603"}],"version-history":[{"count":0,"href":"https:\/\/www.visit-montenegro.com\/me\/wp-json\/wp\/v2\/pages\/139603\/revisions"}],"up":[{"embeddable":true,"href":"https:\/\/www.visit-montenegro.com\/me\/wp-json\/wp\/v2\/pages\/133962"}],"wp:featuredmedia":[{"embeddable":true,"href":"https:\/\/www.visit-montenegro.com\/me\/wp-json\/wp\/v2\/media\/138179"}],"wp:attachment":[{"href":"https:\/\/www.visit-montenegro.com\/me\/wp-json\/wp\/v2\/media?parent=139603"}],"wp:term":[{"taxonomy":"post_tag","embeddable":true,"href":"https:\/\/www.visit-montenegro.com\/me\/wp-json\/wp\/v2\/tags?post=139603"}],"curies":[{"name":"wp","href":"https:\/\/api.w.org\/{rel}","templated":true}]}}