{"id":139619,"date":"2026-04-15T19:30:43","date_gmt":"2026-04-15T18:30:43","guid":{"rendered":"https:\/\/www.visit-montenegro.com\/crna-gora\/montenegro-hidden-gems\/"},"modified":"2026-04-15T19:53:31","modified_gmt":"2026-04-15T18:53:31","slug":"montenegro-hidden-gems","status":"publish","type":"page","link":"https:\/\/www.visit-montenegro.com\/me\/crna-gora\/montenegro-hidden-gems\/","title":{"rendered":"Skriveni dragulji Crne Gore"},"content":{"rendered":"\n<p>Za putnike koji \u017eele da izbjegnu tipi\u010dne turisti\u010dke staze, <strong>skriveni dragulji Crne Gore<\/strong> nude autenti\u010dnu i mirnu alternativu. Ove lokacije uklju\u010duju tihe ribarske sela, udaljena planinska zaseoka i istorijske lokalitete koji ostaju uglavnom neotkriveni od strane mase.<\/p>\n\n<p>Otkri\u0107e ovih <strong>skrivenih dragulja Crne Gore<\/strong> omogu\u0107ava vam da iskusite legendarnu lokalnu gostoljubivost i tradicionalni na\u010din \u017eivota u njegovom naj\u010distijem obliku. Pogledajte na\u0161e tajne preporuke ispod da dodate jedinstveni dodir otkri\u0107a va\u0161em putovanju po Crnoj Gori.<\/p>\n\n<hr class=\"wp-block-separator has-alpha-channel-opacity\"\/>\n\n<div class=\"wp-block-query is-layout-flow wp-block-query-is-layout-flow\"><ul class=\"wp-block-post-template is-layout-flow wp-block-post-template-is-layout-flow\"><li class=\"wp-block-post post-134791 page type-page status-publish has-post-thumbnail hentry tag-attraction-hidden-gem\">\n<h2 class=\"wp-block-post-title\"><a href=\"https:\/\/www.visit-montenegro.com\/me\/destinacije\/cetinje\/atrakcije\/rijeka-crnojevica\/\" target=\"_self\" >Rijeka Crnojevi\u0107a<\/a><\/h2>\n\n<figure class=\"alignwide wp-block-post-featured-image\"><a href=\"https:\/\/www.visit-montenegro.com\/me\/destinacije\/cetinje\/atrakcije\/rijeka-crnojevica\/\" target=\"_self\"  ><img loading=\"lazy\" decoding=\"async\" width=\"1600\" height=\"1067\" src=\"https:\/\/www.visit-montenegro.com\/wp-content\/uploads\/2026\/02\/rijeka-crnojevica-03-copy.jpg\" class=\"attachment-post-thumbnail size-post-thumbnail wp-post-image\" alt=\"Rijeka Crnojevi\u0107a\" style=\"object-fit:cover;\" srcset=\"https:\/\/www.visit-montenegro.com\/wp-content\/uploads\/2026\/02\/rijeka-crnojevica-03-copy.jpg 1600w, https:\/\/www.visit-montenegro.com\/wp-content\/uploads\/2026\/02\/rijeka-crnojevica-03-copy-300x200.jpg 300w, https:\/\/www.visit-montenegro.com\/wp-content\/uploads\/2026\/02\/rijeka-crnojevica-03-copy-1024x683.jpg 1024w, https:\/\/www.visit-montenegro.com\/wp-content\/uploads\/2026\/02\/rijeka-crnojevica-03-copy-768x512.jpg 768w, https:\/\/www.visit-montenegro.com\/wp-content\/uploads\/2026\/02\/rijeka-crnojevica-03-copy-1536x1024.jpg 1536w\" sizes=\"auto, (max-width: 1600px) 100vw, 1600px\" \/><\/a><\/figure>\n\n<div class=\"wp-block-post-excerpt\"><p class=\"wp-block-post-excerpt__excerpt\">Otkrijte Rijeku Crnojevi\u0107a, crnogorsku &#8220;Malu Veneciju&#8221;, istorijsko selo na Skadarskom jezeru. Istra\u017eite njenu bogatu pro\u0161lost, zadivljuju\u0107u prirodnu ljepotu i mirnu atmosferu. Planirajte svoj posjet ovom slikovitom odredi\u0161tu za jedinstveno putni\u010dko iskustvo. <\/p><\/div>\n\n\n<hr class=\"wp-block-separator has-css-opacity\" style=\"margin-top:var(--wp--preset--spacing--60);margin-bottom:var(--wp--preset--spacing--60)\"\/>\n\n<\/li><li class=\"wp-block-post post-134981 page type-page status-publish has-post-thumbnail hentry tag-attraction-hidden-gem\">\n<h2 class=\"wp-block-post-title\"><a href=\"https:\/\/www.visit-montenegro.com\/me\/destinacije\/bar\/atrakcije\/virpazar\/\" target=\"_self\" >Virpazar<\/a><\/h2>\n\n<figure class=\"alignwide wp-block-post-featured-image\"><a href=\"https:\/\/www.visit-montenegro.com\/me\/destinacije\/bar\/atrakcije\/virpazar\/\" target=\"_self\"  ><img loading=\"lazy\" decoding=\"async\" width=\"1200\" height=\"800\" src=\"https:\/\/www.visit-montenegro.com\/wp-content\/uploads\/2026\/01\/virpazar-01-1200x800.jpg\" class=\"attachment-post-thumbnail size-post-thumbnail wp-post-image\" alt=\"Virpazar\" style=\"object-fit:cover;\" srcset=\"https:\/\/www.visit-montenegro.com\/wp-content\/uploads\/2026\/01\/virpazar-01-1200x800.jpg 1200w, https:\/\/www.visit-montenegro.com\/wp-content\/uploads\/2026\/01\/virpazar-01-300x200.jpg 300w, https:\/\/www.visit-montenegro.com\/wp-content\/uploads\/2026\/01\/virpazar-01-1024x683.jpg 1024w, https:\/\/www.visit-montenegro.com\/wp-content\/uploads\/2026\/01\/virpazar-01-768x512.jpg 768w, https:\/\/www.visit-montenegro.com\/wp-content\/uploads\/2026\/01\/virpazar-01-1536x1024.jpg 1536w, https:\/\/www.visit-montenegro.com\/wp-content\/uploads\/2026\/01\/virpazar-01-scaled.jpg 1600w\" sizes=\"auto, (max-width: 1200px) 100vw, 1200px\" \/><\/a><\/figure>\n\n<div class=\"wp-block-post-excerpt\"><p class=\"wp-block-post-excerpt__excerpt\">Pobegnite u Virpazar, \u0161armantni crnogorski grad na Skadarskom jezeru. Otkrijte njegovu slikovitu lepotu, brodske obilaske i bogatu istoriju. Do\u017eivite lokalnu kulturu i kuhinju za savr\u0161eno povla\u010denje. <\/p><\/div>\n\n\n<hr class=\"wp-block-separator has-css-opacity\" style=\"margin-top:var(--wp--preset--spacing--60);margin-bottom:var(--wp--preset--spacing--60)\"\/>\n\n<\/li><li class=\"wp-block-post post-135182 page type-page status-publish has-post-thumbnail hentry tag-attraction-hidden-gem\">\n<h2 class=\"wp-block-post-title\"><a href=\"https:\/\/www.visit-montenegro.com\/me\/destinacije\/tivat\/atrakcije\/gornja-lastva\/\" target=\"_self\" >Gornja Lastva<\/a><\/h2>\n\n<figure class=\"alignwide wp-block-post-featured-image\"><a href=\"https:\/\/www.visit-montenegro.com\/me\/destinacije\/tivat\/atrakcije\/gornja-lastva\/\" target=\"_self\"  ><img loading=\"lazy\" decoding=\"async\" width=\"1600\" height=\"1059\" src=\"https:\/\/www.visit-montenegro.com\/wp-content\/uploads\/2026\/02\/tivat-lastva-copy.jpg\" class=\"attachment-post-thumbnail size-post-thumbnail wp-post-image\" alt=\"Gornja Lastva\" style=\"object-fit:cover;\" srcset=\"https:\/\/www.visit-montenegro.com\/wp-content\/uploads\/2026\/02\/tivat-lastva-copy.jpg 1600w, https:\/\/www.visit-montenegro.com\/wp-content\/uploads\/2026\/02\/tivat-lastva-copy-300x199.jpg 300w, https:\/\/www.visit-montenegro.com\/wp-content\/uploads\/2026\/02\/tivat-lastva-copy-1024x678.jpg 1024w, https:\/\/www.visit-montenegro.com\/wp-content\/uploads\/2026\/02\/tivat-lastva-copy-768x508.jpg 768w, https:\/\/www.visit-montenegro.com\/wp-content\/uploads\/2026\/02\/tivat-lastva-copy-1536x1017.jpg 1536w\" sizes=\"auto, (max-width: 1600px) 100vw, 1600px\" \/><\/a><\/figure>\n\n<div class=\"wp-block-post-excerpt\"><p class=\"wp-block-post-excerpt__excerpt\">Otkrijte Gornju Lastvu, \u0161armantno selo u Tivtu bogato istorijom i kulturom. Istra\u017eite njegove kamenite ku\u0107e, baroknu crkvu i \u017eivopisne festivale koji slave tradicije Boke Kotorske. Savr\u0161eno za letnje posjete i ljubitelje arhitekture. <\/p><\/div>\n\n\n<hr class=\"wp-block-separator has-css-opacity\" style=\"margin-top:var(--wp--preset--spacing--60);margin-bottom:var(--wp--preset--spacing--60)\"\/>\n\n<\/li><li class=\"wp-block-post post-134115 page type-page status-publish has-post-thumbnail hentry tag-attraction-hidden-gem tag-crna-gora tag-montenegro tag-news tag-tourism tag-travel tag-visit\">\n<h2 class=\"wp-block-post-title\"><a href=\"https:\/\/www.visit-montenegro.com\/me\/destinacije\/kotor\/atrakcije\/perast\/\" target=\"_self\" >Perast<\/a><\/h2>\n\n<figure class=\"alignwide wp-block-post-featured-image\"><a href=\"https:\/\/www.visit-montenegro.com\/me\/destinacije\/kotor\/atrakcije\/perast\/\" target=\"_self\"  ><img loading=\"lazy\" decoding=\"async\" width=\"1200\" height=\"824\" src=\"https:\/\/www.visit-montenegro.com\/wp-content\/uploads\/2026\/01\/perast-02-1200x824.jpg\" class=\"attachment-post-thumbnail size-post-thumbnail wp-post-image\" alt=\"Perast\" style=\"object-fit:cover;\" srcset=\"https:\/\/www.visit-montenegro.com\/wp-content\/uploads\/2026\/01\/perast-02-1200x824.jpg 1200w, https:\/\/www.visit-montenegro.com\/wp-content\/uploads\/2026\/01\/perast-02-300x206.jpg 300w, https:\/\/www.visit-montenegro.com\/wp-content\/uploads\/2026\/01\/perast-02-1024x703.jpg 1024w, https:\/\/www.visit-montenegro.com\/wp-content\/uploads\/2026\/01\/perast-02-768x528.jpg 768w, https:\/\/www.visit-montenegro.com\/wp-content\/uploads\/2026\/01\/perast-02-1536x1055.jpg 1536w, https:\/\/www.visit-montenegro.com\/wp-content\/uploads\/2026\/01\/perast-02-scaled.jpg 1600w\" sizes=\"auto, (max-width: 1200px) 100vw, 1200px\" \/><\/a><\/figure>\n\n<div class=\"wp-block-post-excerpt\"><p class=\"wp-block-post-excerpt__excerpt\">Otkrijte Perast, mirni istorijski grad u Kotorskom zalivu Crne Gore. Istra\u017eite njegove renesansne i barokne palate, bogatu pomorsku ba\u0161tinu i jedinstvene ljetne doga\u0111aje poput Fasinade. Do\u017eivite \u0161arm ovog uglavnom napu\u0161tenog dragulja s \u017eivopisnom pro\u0161lo\u0161\u0107u. <\/p><\/div>\n\n\n<hr class=\"wp-block-separator has-css-opacity\" style=\"margin-top:var(--wp--preset--spacing--60);margin-bottom:var(--wp--preset--spacing--60)\"\/>\n\n<\/li><\/ul><\/div>\n\n<p><\/p>\n","protected":false},"excerpt":{"rendered":"<p>Za putnike koji \u017eele da izbjegnu tipi\u010dne turisti\u010dke staze, skriveni dragulji Crne Gore nude autenti\u010dnu i mirnu alternativu. Ove lokacije uklju\u010duju tihe ribarske sela, udaljena planinska zaseoka i istorijske lokalitete koji ostaju uglavnom neotkriveni od strane mase. Otkri\u0107e ovih skrivenih dragulja Crne Gore omogu\u0107ava vam da iskusite legendarnu lokalnu gostoljubivost i tradicionalni na\u010din \u017eivota u&#8230;<\/p>\n","protected":false},"author":1,"featured_media":138355,"parent":133962,"menu_order":0,"comment_status":"closed","ping_status":"closed","template":"","meta":{"_yoast_wpseo_focuskw":"Skriveni dragulji Crne Gore","_yoast_wpseo_metadesc":"Skrenite s utabanih staza da otkrijete skrivene dragulje Crne Gore. Istra\u017eite autenti\u010dna sela i tajna mjesta daleko od gu\u017eve.","_kad_post_transparent":"","_kad_post_title":"","_kad_post_layout":"","_kad_post_sidebar_id":"","_kad_post_content_style":"","_kad_post_vertical_padding":"","_kad_post_feature":"","_kad_post_feature_position":"","_kad_post_header":false,"_kad_post_footer":false,"_kad_post_classname":"","iawp_total_views":0,"footnotes":""},"tags":[],"class_list":["post-139619","page","type-page","status-publish","has-post-thumbnail","hentry"],"yoast_head":"<!-- This site is optimized with the Yoast SEO plugin v27.4 - https:\/\/yoast.com\/product\/yoast-seo-wordpress\/ -->\n<title>Skriveni dragulji Crne Gore - Visit Montenegro<\/title>\n<meta name=\"description\" content=\"Skrenite s utabanih staza da otkrijete skrivene dragulje Crne Gore. Istra\u017eite autenti\u010dna sela i tajna mjesta daleko od gu\u017eve.\" \/>\n<meta name=\"robots\" content=\"index, follow, max-snippet:-1, max-image-preview:large, max-video-preview:-1\" \/>\n<link rel=\"canonical\" href=\"https:\/\/www.visit-montenegro.com\/me\/crna-gora\/montenegro-hidden-gems\/\" \/>\n<meta property=\"og:locale\" content=\"en_US\" \/>\n<meta property=\"og:type\" content=\"article\" \/>\n<meta property=\"og:title\" content=\"Skriveni dragulji Crne Gore - Visit Montenegro\" \/>\n<meta property=\"og:description\" content=\"Skrenite s utabanih staza da otkrijete skrivene dragulje Crne Gore. Istra\u017eite autenti\u010dna sela i tajna mjesta daleko od gu\u017eve.\" \/>\n<meta property=\"og:url\" content=\"https:\/\/www.visit-montenegro.com\/me\/crna-gora\/montenegro-hidden-gems\/\" \/>\n<meta property=\"og:site_name\" content=\"Visit Montenegro\" \/>\n<meta property=\"article:publisher\" content=\"https:\/\/www.facebook.com\/visitmontenegro\" \/>\n<meta property=\"article:modified_time\" content=\"2026-04-15T18:53:31+00:00\" \/>\n<meta property=\"og:image\" content=\"https:\/\/www.visit-montenegro.com\/wp-content\/uploads\/2026\/01\/lake-skadar-pavlova-strana-scaled.jpg\" \/>\n\t<meta property=\"og:image:width\" content=\"1600\" \/>\n\t<meta property=\"og:image:height\" content=\"1068\" \/>\n\t<meta property=\"og:image:type\" content=\"image\/jpeg\" \/>\n<meta name=\"twitter:card\" content=\"summary_large_image\" \/>\n<meta name=\"twitter:site\" content=\"@visitmontenegro\" \/>\n<script type=\"application\/ld+json\" class=\"yoast-schema-graph\">{\"@context\":\"https:\\\/\\\/schema.org\",\"@graph\":[{\"@type\":\"WebPage\",\"@id\":\"https:\\\/\\\/www.visit-montenegro.com\\\/me\\\/crna-gora\\\/montenegro-hidden-gems\\\/\",\"url\":\"https:\\\/\\\/www.visit-montenegro.com\\\/me\\\/crna-gora\\\/montenegro-hidden-gems\\\/\",\"name\":\"Skriveni dragulji Crne Gore - Visit Montenegro\",\"isPartOf\":{\"@id\":\"https:\\\/\\\/www.visit-montenegro.com\\\/me\\\/#website\"},\"primaryImageOfPage\":{\"@id\":\"https:\\\/\\\/www.visit-montenegro.com\\\/me\\\/crna-gora\\\/montenegro-hidden-gems\\\/#primaryimage\"},\"image\":{\"@id\":\"https:\\\/\\\/www.visit-montenegro.com\\\/me\\\/crna-gora\\\/montenegro-hidden-gems\\\/#primaryimage\"},\"thumbnailUrl\":\"https:\\\/\\\/www.visit-montenegro.com\\\/wp-content\\\/uploads\\\/2026\\\/01\\\/lake-skadar-pavlova-strana-scaled.jpg\",\"datePublished\":\"2026-04-15T18:30:43+00:00\",\"dateModified\":\"2026-04-15T18:53:31+00:00\",\"description\":\"Skrenite s utabanih staza da otkrijete skrivene dragulje Crne Gore. Istra\u017eite autenti\u010dna sela i tajna mjesta daleko od gu\u017eve.\",\"breadcrumb\":{\"@id\":\"https:\\\/\\\/www.visit-montenegro.com\\\/me\\\/crna-gora\\\/montenegro-hidden-gems\\\/#breadcrumb\"},\"inLanguage\":\"sr-Latn-ME\",\"potentialAction\":[{\"@type\":\"ReadAction\",\"target\":[\"https:\\\/\\\/www.visit-montenegro.com\\\/me\\\/crna-gora\\\/montenegro-hidden-gems\\\/\"]}]},{\"@type\":\"ImageObject\",\"inLanguage\":\"sr-Latn-ME\",\"@id\":\"https:\\\/\\\/www.visit-montenegro.com\\\/me\\\/crna-gora\\\/montenegro-hidden-gems\\\/#primaryimage\",\"url\":\"https:\\\/\\\/www.visit-montenegro.com\\\/wp-content\\\/uploads\\\/2026\\\/01\\\/lake-skadar-pavlova-strana-scaled.jpg\",\"contentUrl\":\"https:\\\/\\\/www.visit-montenegro.com\\\/wp-content\\\/uploads\\\/2026\\\/01\\\/lake-skadar-pavlova-strana-scaled.jpg\",\"width\":1600,\"height\":1068,\"caption\":\"Kanjon rijeke Crnojevi\u0107a u Nacionalnom parku Skadarsko jezero. Jedan od najpoznatijih prizora Crne Gore. Zelena piramida i zavoj rijeke izme\u0111u planina.\"},{\"@type\":\"BreadcrumbList\",\"@id\":\"https:\\\/\\\/www.visit-montenegro.com\\\/me\\\/crna-gora\\\/montenegro-hidden-gems\\\/#breadcrumb\",\"itemListElement\":[{\"@type\":\"ListItem\",\"position\":1,\"name\":\"Home\",\"item\":\"https:\\\/\\\/www.visit-montenegro.com\\\/me\\\/\"},{\"@type\":\"ListItem\",\"position\":2,\"name\":\"Vi\u0161e o Crnoj Gori\",\"item\":\"https:\\\/\\\/www.visit-montenegro.com\\\/me\\\/crna-gora\\\/\"},{\"@type\":\"ListItem\",\"position\":3,\"name\":\"Skriveni dragulji Crne Gore\"}]},{\"@type\":\"WebSite\",\"@id\":\"https:\\\/\\\/www.visit-montenegro.com\\\/me\\\/#website\",\"url\":\"https:\\\/\\\/www.visit-montenegro.com\\\/me\\\/\",\"name\":\"Visit Montenegro\",\"description\":\"Breathtaking beauty\",\"publisher\":{\"@id\":\"https:\\\/\\\/www.visit-montenegro.com\\\/me\\\/#organization\"},\"potentialAction\":[{\"@type\":\"SearchAction\",\"target\":{\"@type\":\"EntryPoint\",\"urlTemplate\":\"https:\\\/\\\/www.visit-montenegro.com\\\/me\\\/?s={search_term_string}\"},\"query-input\":{\"@type\":\"PropertyValueSpecification\",\"valueRequired\":true,\"valueName\":\"search_term_string\"}}],\"inLanguage\":\"sr-Latn-ME\"},{\"@type\":\"Organization\",\"@id\":\"https:\\\/\\\/www.visit-montenegro.com\\\/me\\\/#organization\",\"name\":\"Visit Montenegro\",\"url\":\"https:\\\/\\\/www.visit-montenegro.com\\\/me\\\/\",\"logo\":{\"@type\":\"ImageObject\",\"inLanguage\":\"sr-Latn-ME\",\"@id\":\"https:\\\/\\\/www.visit-montenegro.com\\\/me\\\/#\\\/schema\\\/logo\\\/image\\\/\",\"url\":\"https:\\\/\\\/www.visit-montenegro.com\\\/wp-content\\\/uploads\\\/2017\\\/10\\\/logo-amp.png\",\"contentUrl\":\"https:\\\/\\\/www.visit-montenegro.com\\\/wp-content\\\/uploads\\\/2017\\\/10\\\/logo-amp.png\",\"width\":190,\"height\":36,\"caption\":\"Visit Montenegro\"},\"image\":{\"@id\":\"https:\\\/\\\/www.visit-montenegro.com\\\/me\\\/#\\\/schema\\\/logo\\\/image\\\/\"},\"sameAs\":[\"https:\\\/\\\/www.facebook.com\\\/visitmontenegro\",\"https:\\\/\\\/x.com\\\/visitmontenegro\",\"https:\\\/\\\/www.instagram.com\\\/visit_montenegro\\\/\",\"https:\\\/\\\/www.youtube.com\\\/user\\\/VisitMontenegro\"]}]}<\/script>\n<!-- \/ Yoast SEO plugin. -->","yoast_head_json":{"title":"Skriveni dragulji Crne Gore - Visit Montenegro","description":"Skrenite s utabanih staza da otkrijete skrivene dragulje Crne Gore. Istra\u017eite autenti\u010dna sela i tajna mjesta daleko od gu\u017eve.","robots":{"index":"index","follow":"follow","max-snippet":"max-snippet:-1","max-image-preview":"max-image-preview:large","max-video-preview":"max-video-preview:-1"},"canonical":"https:\/\/www.visit-montenegro.com\/me\/crna-gora\/montenegro-hidden-gems\/","og_locale":"en_US","og_type":"article","og_title":"Skriveni dragulji Crne Gore - Visit Montenegro","og_description":"Skrenite s utabanih staza da otkrijete skrivene dragulje Crne Gore. Istra\u017eite autenti\u010dna sela i tajna mjesta daleko od gu\u017eve.","og_url":"https:\/\/www.visit-montenegro.com\/me\/crna-gora\/montenegro-hidden-gems\/","og_site_name":"Visit Montenegro","article_publisher":"https:\/\/www.facebook.com\/visitmontenegro","article_modified_time":"2026-04-15T18:53:31+00:00","og_image":[{"width":1600,"height":1068,"url":"https:\/\/www.visit-montenegro.com\/wp-content\/uploads\/2026\/01\/lake-skadar-pavlova-strana-scaled.jpg","type":"image\/jpeg"}],"twitter_card":"summary_large_image","twitter_site":"@visitmontenegro","schema":{"@context":"https:\/\/schema.org","@graph":[{"@type":"WebPage","@id":"https:\/\/www.visit-montenegro.com\/me\/crna-gora\/montenegro-hidden-gems\/","url":"https:\/\/www.visit-montenegro.com\/me\/crna-gora\/montenegro-hidden-gems\/","name":"Skriveni dragulji Crne Gore - Visit Montenegro","isPartOf":{"@id":"https:\/\/www.visit-montenegro.com\/me\/#website"},"primaryImageOfPage":{"@id":"https:\/\/www.visit-montenegro.com\/me\/crna-gora\/montenegro-hidden-gems\/#primaryimage"},"image":{"@id":"https:\/\/www.visit-montenegro.com\/me\/crna-gora\/montenegro-hidden-gems\/#primaryimage"},"thumbnailUrl":"https:\/\/www.visit-montenegro.com\/wp-content\/uploads\/2026\/01\/lake-skadar-pavlova-strana-scaled.jpg","datePublished":"2026-04-15T18:30:43+00:00","dateModified":"2026-04-15T18:53:31+00:00","description":"Skrenite s utabanih staza da otkrijete skrivene dragulje Crne Gore. Istra\u017eite autenti\u010dna sela i tajna mjesta daleko od gu\u017eve.","breadcrumb":{"@id":"https:\/\/www.visit-montenegro.com\/me\/crna-gora\/montenegro-hidden-gems\/#breadcrumb"},"inLanguage":"sr-Latn-ME","potentialAction":[{"@type":"ReadAction","target":["https:\/\/www.visit-montenegro.com\/me\/crna-gora\/montenegro-hidden-gems\/"]}]},{"@type":"ImageObject","inLanguage":"sr-Latn-ME","@id":"https:\/\/www.visit-montenegro.com\/me\/crna-gora\/montenegro-hidden-gems\/#primaryimage","url":"https:\/\/www.visit-montenegro.com\/wp-content\/uploads\/2026\/01\/lake-skadar-pavlova-strana-scaled.jpg","contentUrl":"https:\/\/www.visit-montenegro.com\/wp-content\/uploads\/2026\/01\/lake-skadar-pavlova-strana-scaled.jpg","width":1600,"height":1068,"caption":"Kanjon rijeke Crnojevi\u0107a u Nacionalnom parku Skadarsko jezero. Jedan od najpoznatijih prizora Crne Gore. Zelena piramida i zavoj rijeke izme\u0111u planina."},{"@type":"BreadcrumbList","@id":"https:\/\/www.visit-montenegro.com\/me\/crna-gora\/montenegro-hidden-gems\/#breadcrumb","itemListElement":[{"@type":"ListItem","position":1,"name":"Home","item":"https:\/\/www.visit-montenegro.com\/me\/"},{"@type":"ListItem","position":2,"name":"Vi\u0161e o Crnoj Gori","item":"https:\/\/www.visit-montenegro.com\/me\/crna-gora\/"},{"@type":"ListItem","position":3,"name":"Skriveni dragulji Crne Gore"}]},{"@type":"WebSite","@id":"https:\/\/www.visit-montenegro.com\/me\/#website","url":"https:\/\/www.visit-montenegro.com\/me\/","name":"Visit Montenegro","description":"Breathtaking beauty","publisher":{"@id":"https:\/\/www.visit-montenegro.com\/me\/#organization"},"potentialAction":[{"@type":"SearchAction","target":{"@type":"EntryPoint","urlTemplate":"https:\/\/www.visit-montenegro.com\/me\/?s={search_term_string}"},"query-input":{"@type":"PropertyValueSpecification","valueRequired":true,"valueName":"search_term_string"}}],"inLanguage":"sr-Latn-ME"},{"@type":"Organization","@id":"https:\/\/www.visit-montenegro.com\/me\/#organization","name":"Visit Montenegro","url":"https:\/\/www.visit-montenegro.com\/me\/","logo":{"@type":"ImageObject","inLanguage":"sr-Latn-ME","@id":"https:\/\/www.visit-montenegro.com\/me\/#\/schema\/logo\/image\/","url":"https:\/\/www.visit-montenegro.com\/wp-content\/uploads\/2017\/10\/logo-amp.png","contentUrl":"https:\/\/www.visit-montenegro.com\/wp-content\/uploads\/2017\/10\/logo-amp.png","width":190,"height":36,"caption":"Visit Montenegro"},"image":{"@id":"https:\/\/www.visit-montenegro.com\/me\/#\/schema\/logo\/image\/"},"sameAs":["https:\/\/www.facebook.com\/visitmontenegro","https:\/\/x.com\/visitmontenegro","https:\/\/www.instagram.com\/visit_montenegro\/","https:\/\/www.youtube.com\/user\/VisitMontenegro"]}]}},"_links":{"self":[{"href":"https:\/\/www.visit-montenegro.com\/me\/wp-json\/wp\/v2\/pages\/139619","targetHints":{"allow":["GET"]}}],"collection":[{"href":"https:\/\/www.visit-montenegro.com\/me\/wp-json\/wp\/v2\/pages"}],"about":[{"href":"https:\/\/www.visit-montenegro.com\/me\/wp-json\/wp\/v2\/types\/page"}],"author":[{"embeddable":true,"href":"https:\/\/www.visit-montenegro.com\/me\/wp-json\/wp\/v2\/users\/1"}],"replies":[{"embeddable":true,"href":"https:\/\/www.visit-montenegro.com\/me\/wp-json\/wp\/v2\/comments?post=139619"}],"version-history":[{"count":0,"href":"https:\/\/www.visit-montenegro.com\/me\/wp-json\/wp\/v2\/pages\/139619\/revisions"}],"up":[{"embeddable":true,"href":"https:\/\/www.visit-montenegro.com\/me\/wp-json\/wp\/v2\/pages\/133962"}],"wp:featuredmedia":[{"embeddable":true,"href":"https:\/\/www.visit-montenegro.com\/me\/wp-json\/wp\/v2\/media\/138355"}],"wp:attachment":[{"href":"https:\/\/www.visit-montenegro.com\/me\/wp-json\/wp\/v2\/media?parent=139619"}],"wp:term":[{"taxonomy":"post_tag","embeddable":true,"href":"https:\/\/www.visit-montenegro.com\/me\/wp-json\/wp\/v2\/tags?post=139619"}],"curies":[{"name":"wp","href":"https:\/\/api.w.org\/{rel}","templated":true}]}}